{"id":22697,"date":"2021-12-27T10:11:01","date_gmt":"2021-12-27T16:11:01","guid":{"rendered":"https:\/\/dev.airchecklab.com\/servicios-de-analisis-de-aire-comprimido\/"},"modified":"2021-12-27T10:11:01","modified_gmt":"2021-12-27T16:11:01","slug":"servicios-de-analisis-de-aire-comprimido","status":"publish","type":"page","link":"https:\/\/www.airchecklab.com\/es\/servicos\/servicios-de-analisis-de-aire-comprimido\/","title":{"rendered":"Servicios de An\u00e1lisis de Aire Comprimido"},"content":{"rendered":"<p>[lightbg]<\/p>\n<h1 class=\"center uppercase\">Servicios de An\u00e1lisis de Aire Comprimido<\/h1>\n<p>Trace Analytics, LLC es un laboratorio acreditado por A2LA que se especializa en el an\u00e1lisis de aire comprimido y gas usado en fabricaci\u00f3n, dispositivos m\u00e9dicos y aire respirable. Nuestro Equipo de Expertos[aircheck][\/aircheck] est\u00e1 certificado por la HACCP y est\u00e1 disponible para ayudarte con el an\u00e1lisis de aire comprimido. Nuestros kits de recolecci\u00f3n de muestra de aire &#8211; los [aircheck]Kits[\/aircheck] &#8211; est\u00e1n dise\u00f1ados para tomar muestras de aire comprimido y gas para ser analizados por nuestro laboratorio. Analizamos en base a normas como ISO 8573, NFPA 1989, NFPA 99, OSHA, CGA, CSA y muchas m\u00e1s. Cont\u00e1ctanos para hablar del an\u00e1lisis de aire comprimido que necesitas.<\/p>\n<p>[\/lightbg]<\/p>\n<p>[blackbg]<\/p>\n<h1 class=\"center uppercase\">Recolecci\u00f3n de Muestra de una Manera F\u00e1cil<\/h1>\n<p>Nuestros <a href=\"https:\/\/www.airchecklab.com\/?page_id=8699\">[aircheck]Kits[\/aircheck]<\/a> son f\u00e1ciles de usar, pero dise\u00f1ados cient\u00edficamente para obtener muestras de aire representativas. La compra del kit (equipo de toma de muestra) elimina la necesidad de regresar el equipo al laboratorio cada vez que tomas una muestra. Esto te permite simplemente devolver el frasco ligero con la muestra de aire por medio del servicio de paqueter\u00eda de tu elecci\u00f3n. No hay necesidad de enviar cilindros presurizados y abultados al laboratorio. Los kits tambi\u00e9n est\u00e1n disponibles para rentar &#8211; <a href=\"https:\/\/www.airchecklab.com\/?page_id=9991\">cont\u00e1ctanos<\/a> para saber m\u00e1s.<\/p>\n<p>[\/blackbg]<\/p>\n<p>[lightbg]<\/p>\n<h1 class=\"center uppercase\">An\u00e1lisis de Aire Respirable<\/h1>\n<p>Trace Analytics ha certificado aire comprimido con diferentes normas desde 1989. Los modelos K201 y K901 del AirCheck Kit son f\u00e1ciles de usar. Las muestras pueden ser recolectadas en 10 minutos. Todos los resultados se reportan al siguiente d\u00eda h\u00e1bil de recibir las muestras en el laboratorio. Si necesitas una respuesta m\u00e1s r\u00e1pido, ofrecemos an\u00e1lisis apresurados con entrega de resultados el mismo d\u00eda. Los an\u00e1lisis apresurados deben ser programados con anticipaci\u00f3n y est\u00e1n sujetos a disponibilidad del personal del laboratorio. Si tu muestra no cumple con las especificaciones, te contactaremos por tel\u00e9fono, fax y \/ o correo electr\u00f3nico al siguiente d\u00eda de recibir tu muestra. Cuando una muestra no cumple con las especificaciones de la norma, tienes hasta 30 d\u00edas para volver a tomar una muestra y envi\u00e1rnosla para ser analizada sin costo.<\/p>\n<p>Muchos de nuestros clientes necesitan an\u00e1lisis peri\u00f3dico. Nosotros te mandamos recordatorios cuando sea tiempo de analizar.<\/p>\n<p>Tenemos una gran red de distribuidores independientes <span class=\"aircheck\">AirCheck <span class=\"tracecheck\">\u2713<\/span> &#x2122;<\/span> que se especializan en aire respirable de alta presi\u00f3n y ofrecen servicios para el an\u00e1lisis de aire respirable. Muchos de ellos tambi\u00e9n ofrecen, mejoras, contratos de servicio y consultor\u00eda.<\/p>\n<p>Ve a la p\u00e1gina de <a href=\"https:\/\/www.airchecklab.com\/?page_id=8717\">Aire Respirable<\/a> correspondiente a tu industria.<\/p>\n<p>[\/lightbg]<\/p>\n<p>[blackbg]<\/p>\n<h1 class=\"center uppercase\">An\u00e1lisis de Aire &amp; Gas Industrial<\/h1>\n<p>Trace Analytics ha dise\u00f1ado los modelos K8573NB &amp; NX del AirCheck Kit para satisfacer la demanda del an\u00e1lisis de la pureza del aire comprimido y gas usado en los sectores industriales y de manufactura. El aire limpio, seco y libre de aceite es necesario para evitar la contaminaci\u00f3n durante la fabricaci\u00f3n de alimentos, medicinas y equipo usado en procesos cr\u00edticos. La recolecci\u00f3n de muestras est\u00e1 basada en los protocolos de ISO 8573. En ciertos casos, se usa un m\u00e9todo diferente. P\u00eddenos el Libro Blanco para m\u00e1s detalles. La recolecci\u00f3n de muestras es f\u00e1cil con nuestros manuales que tienen instrucciones paso por paso y nuestros videos en internet. Todas las muestras de aire y gas industrial son analizadas y reportadas a los 5 d\u00edas h\u00e1biles de ser recibidas en nuestro laboratorio. Te enviaremos tus resultados certificados por correo electr\u00f3nico. Si necesitas tus resultados m\u00e1s r\u00e1pido, ofrecemos servicios de an\u00e1lisis apresurado con entrega de resultados al siguiente d\u00eda h\u00e1bil. Los an\u00e1lisis apresurados deben ser programados con anticipaci\u00f3n y est\u00e1n sujetos a disponibilidad del personal del laboratorio.<\/p>\n<p>Muchos de nuestros clientes necesitan an\u00e1lisis peri\u00f3dico. Nosotros te mandamos recordatorios cuando sea tiempo de analizar.<\/p>\n<p>Tenemos una gran red de distribuidores independientes[aircheck][\/aircheck] que se especializan en aire de baja presi\u00f3n y ofrecen servicios para el an\u00e1lisis de aire. Muchos de ellos tambi\u00e9n ofrecen, mejoras, contratos de servicio y consultor\u00eda.<\/p>\n<p>Ve a la p\u00e1gina de <a href=\"\/services\/industrial-air-iso-8573-1\/\">Aire Industrial \/ ISO 8573-1<\/a> correspondiente a tu industria.<\/p>\n<p>[\/blackbg]<\/p>\n<p>[lightbg]<\/p>\n<h1>Trabajando con Trace<\/h1>\n<p><strong>Soluci\u00f3n de Problemas:<\/strong> Nuestro personal te ayudar\u00e1 a identificar la fuente de tus problemas de calidad de aire comprimido. Tambi\u00e9n tenemos una gran red de distribuidores independientes <a href=\"https:\/\/www.airchecklab.com\/?page_id=9991\"><span class=\"aircheck\">AirCheck <span class=\"tracecheck\">\u2713<\/span> &#x2122;<\/span><\/a> se servicio, fabricantes de compresores y profesionales que podemos contactar para que tengas las mejores respuestas r\u00e1pidamente. \u00a1Nuestro <a href=\"https:\/\/www.airchecklab.com\/?page_id=8676\">Equipo de Expertos<\/a> es el mejor en la industria!<\/p>\n<p><strong>Confidencialidad:<\/strong> Solamente contactos pre-autorizados en nuestra base de datos recibir\u00e1n informes o informaci\u00f3n acerca de los resultados.<\/p>\n<p><strong>Recordatorios:<\/strong> \u00a1Sabemos que est\u00e1s ocupado! Te recordaremos por correo electr\u00f3nico cuando sea tiempo de tu pr\u00f3ximo an\u00e1lisis.<\/p>\n<p><strong>Nuestra Garant\u00eda:<\/strong> El &#8220;hardware&#8221; del <a href=\"https:\/\/www.airchecklab.com\/?page_id=8699\"><i class=\"aircheck\">AirCheck <i class=\"tracecheck\">\u2713<\/i> Kit &#x2122;<\/i><\/a> tiene garant\u00eda de por vida o te devolvemos tu dinero. Si cualquier parte del hardware no funciona correctamente, reemplazaremos esa parte sin ning\u00fan costo. <em>Las agujas para el sostenedor de frascos son consumibles y no est\u00e1n cubiertos por la garant\u00eda.<\/em> Si no est\u00e1s satisfecho con el kit y \/ o nuestros servicios, te compramos el kit de forma prorrateada y te reembolsaremos las muestras sin usar pre-pagadas.<\/p>\n<p>[\/lightbg]<\/p>\n<p>[blackbg]<\/p>\n<h1 class=\"center uppercase\">Art\u00edculos<\/h1>\n<h2 class=\"marb0\" id=\"Trace-Analytics-Overview\">Trace Analytics en Resumen: <small>informaci\u00f3n detallada de; una filosof\u00eda, las instalaciones del laboratorio, t\u00e9cnicas anal\u00edticas y procedimientos de control de calidad.<\/small><\/h2>\n<p>\t[DisplayPDF pdf=&#8221;Trace-Analytics-Overview.pdf&#8221; description=&#8221;Trace Analytics Overview&#8221;]<\/p>\n<hr>\n<h2 class=\"marb0 mart20\" id=\"Why-A2LA-Accreditation\">\u00bfPor qu\u00e9 la acreditaci\u00f3n de A2LA? <small> Un resumen acerca de lo que una acreditaci\u00f3n de A2LA significa y c\u00f3mo te beneficia siendo cliente.<\/small><\/h2>\n<p>\t[DisplayPDF pdf=&#8221;Why-A2LA-Accreditation.pdf&#8221; description=&#8221;Why A2LA Accreditation?&#8221;]<br \/>\n[\/blackbg]<\/p>\n<p>[lightbg]<br \/>\n\t<!--[if lte IE 8]>\n\t\t<script charset=\"utf-8\" type=\"text\/javascript\" src=\"\/\/js.hsforms.net\/forms\/v2-legacy.js\"><\/script>\n\t<![endif]--><br \/>\n\t<script charset=\"utf-8\" type=\"text\/javascript\" src=\"\/\/js.hsforms.net\/forms\/v2.js\"><\/script><br \/>\n\t<script>\n\t\thbspt.forms.create({\n\t\t\tportalId: \"4558619\",\n\t\t\tformId: \"03e1782a-aa51-461e-b5d8-40699379c04b\"\n\t\t\t});\n\t<\/script><br \/>\n[\/lightbg]<\/p>\n","protected":false},"excerpt":{"rendered":"<p>[lightbg] Servicios de An\u00e1lisis de Aire Comprimido Trace Analytics, LLC es un laboratorio acreditado por A2LA que se especializa en el an\u00e1lisis de aire comprimido y gas usado en fabricaci\u00f3n, dispositivos m\u00e9dicos y aire respirable. Nuestro Equipo de Expertos[aircheck][\/aircheck] est\u00e1 certificado por la HACCP y est\u00e1 disponible para ayudarte con el an\u00e1lisis de aire comprimido. Nuestros kits de recolecci\u00f3n de muestra de aire &#8211; los [aircheck]Kits[\/aircheck] &#8211; est\u00e1n dise\u00f1ados para tomar muestras de aire comprimido y gas para ser analizados [&hellip;]<\/p>\n","protected":false},"author":1,"featured_media":19713,"parent":22706,"menu_order":0,"comment_status":"closed","ping_status":"open","template":"100-width.php","meta":{"content-type":""},"yoast_head":"<!-- This site is optimized with the Yoast SEO Premium plugin v20.0 (Yoast SEO v20.0) - https:\/\/yoast.com\/wordpress\/plugins\/seo\/ -->\n<title>Servicios de An\u00e1lisis de Aire Comprimido - Trace Analytics, the AirCheck Lab<\/title>\n<meta name=\"description\" content=\"Analiza aire comprimido con nuestros AirCheck Kits, los cuales est\u00e1n dise\u00f1ados cient\u00edficamente. An\u00e1lisis de aire comprimido para una gran variedad de industrias desde 1989.\" \/>\n<meta name=\"robots\" content=\"index, follow, max-snippet:-1, max-image-preview:large, max-video-preview:-1\" \/>\n<link rel=\"canonical\" href=\"https:\/\/www.airchecklab.com\/es\/servicos\/servicios-de-analisis-de-aire-comprimido\/\" \/>\n<meta property=\"og:locale\" content=\"es_ES\" \/>\n<meta property=\"og:type\" content=\"article\" \/>\n<meta property=\"og:title\" content=\"Servicios de An\u00e1lisis de Aire Comprimido\" \/>\n<meta property=\"og:description\" content=\"Analiza aire comprimido con nuestros AirCheck Kits, los cuales est\u00e1n dise\u00f1ados cient\u00edficamente. An\u00e1lisis de aire comprimido para una gran variedad de industrias desde 1989.\" \/>\n<meta property=\"og:url\" content=\"https:\/\/www.airchecklab.com\/es\/servicos\/servicios-de-analisis-de-aire-comprimido\/\" \/>\n<meta property=\"og:site_name\" content=\"Trace Analytics, the AirCheck Lab\" \/>\n<meta property=\"og:image\" content=\"https:\/\/www.airchecklab.com\/wp-content\/uploads\/2018\/02\/breathing-air-blue.jpg\" \/>\n\t<meta property=\"og:image:width\" content=\"1600\" \/>\n\t<meta property=\"og:image:height\" content=\"300\" \/>\n\t<meta property=\"og:image:type\" content=\"image\/jpeg\" \/>\n<meta name=\"twitter:card\" content=\"summary_large_image\" \/>\n<meta name=\"twitter:label1\" content=\"Tiempo de lectura\" \/>\n\t<meta name=\"twitter:data1\" content=\"5 minutos\" \/>\n<script type=\"application\/ld+json\" class=\"yoast-schema-graph\">{\"@context\":\"https:\/\/schema.org\",\"@graph\":[{\"@type\":\"WebPage\",\"@id\":\"https:\/\/www.airchecklab.com\/es\/servicos\/servicios-de-analisis-de-aire-comprimido\/\",\"url\":\"https:\/\/www.airchecklab.com\/es\/servicos\/servicios-de-analisis-de-aire-comprimido\/\",\"name\":\"Servicios de An\u00e1lisis de Aire Comprimido - Trace Analytics, the AirCheck Lab\",\"isPartOf\":{\"@id\":\"\/#website\"},\"datePublished\":\"2021-12-27T16:11:01+00:00\",\"dateModified\":\"2021-12-27T16:11:01+00:00\",\"description\":\"Analiza aire comprimido con nuestros AirCheck Kits, los cuales est\u00e1n dise\u00f1ados cient\u00edficamente. An\u00e1lisis de aire comprimido para una gran variedad de industrias desde 1989.\",\"breadcrumb\":{\"@id\":\"https:\/\/www.airchecklab.com\/es\/servicos\/servicios-de-analisis-de-aire-comprimido\/#breadcrumb\"},\"inLanguage\":\"es\",\"potentialAction\":[{\"@type\":\"ReadAction\",\"target\":[\"https:\/\/www.airchecklab.com\/es\/servicos\/servicios-de-analisis-de-aire-comprimido\/\"]}]},{\"@type\":\"BreadcrumbList\",\"@id\":\"https:\/\/www.airchecklab.com\/es\/servicos\/servicios-de-analisis-de-aire-comprimido\/#breadcrumb\",\"itemListElement\":[{\"@type\":\"ListItem\",\"position\":1,\"name\":\"Home\",\"item\":\"https:\/\/www.airchecklab.com\/es\/analisis-de-seguimiento-pruebas-ambientales-y-de-aire-comprimido\/\"},{\"@type\":\"ListItem\",\"position\":2,\"name\":\"Servicos\",\"item\":\"https:\/\/www.airchecklab.com\/es\/servicos\/\"},{\"@type\":\"ListItem\",\"position\":3,\"name\":\"Servicios de An\u00e1lisis de Aire Comprimido\"}]},{\"@type\":\"WebSite\",\"@id\":\"\/#website\",\"url\":\"\/\",\"name\":\"Trace Analytics, the AirCheck Lab\",\"description\":\"Compressed Air Testing for ISO 8573, Microbial, SQF, Breathing Air\",\"publisher\":{\"@id\":\"\/#organization\"},\"potentialAction\":[{\"@type\":\"SearchAction\",\"target\":{\"@type\":\"EntryPoint\",\"urlTemplate\":\"\/?s={search_term_string}\"},\"query-input\":\"required name=search_term_string\"}],\"inLanguage\":\"es\"},{\"@type\":\"Organization\",\"@id\":\"\/#organization\",\"name\":\"Trace Analytics, LLC\",\"url\":\"\/\",\"logo\":{\"@type\":\"ImageObject\",\"inLanguage\":\"es\",\"@id\":\"\/#\/schema\/logo\/image\/\",\"url\":\"https:\/\/www.airchecklab.com\/wp-content\/uploads\/2021\/08\/Blue-01.png\",\"contentUrl\":\"https:\/\/www.airchecklab.com\/wp-content\/uploads\/2021\/08\/Blue-01.png\",\"width\":1600,\"height\":301,\"caption\":\"Trace Analytics, LLC\"},\"image\":{\"@id\":\"\/#\/schema\/logo\/image\/\"}}]}<\/script>\n<!-- \/ Yoast SEO Premium plugin. -->","yoast_head_json":{"title":"Servicios de An\u00e1lisis de Aire Comprimido - Trace Analytics, the AirCheck Lab","description":"Analiza aire comprimido con nuestros AirCheck Kits, los cuales est\u00e1n dise\u00f1ados cient\u00edficamente. An\u00e1lisis de aire comprimido para una gran variedad de industrias desde 1989.","robots":{"index":"index","follow":"follow","max-snippet":"max-snippet:-1","max-image-preview":"max-image-preview:large","max-video-preview":"max-video-preview:-1"},"canonical":"https:\/\/www.airchecklab.com\/es\/servicos\/servicios-de-analisis-de-aire-comprimido\/","og_locale":"es_ES","og_type":"article","og_title":"Servicios de An\u00e1lisis de Aire Comprimido","og_description":"Analiza aire comprimido con nuestros AirCheck Kits, los cuales est\u00e1n dise\u00f1ados cient\u00edficamente. An\u00e1lisis de aire comprimido para una gran variedad de industrias desde 1989.","og_url":"https:\/\/www.airchecklab.com\/es\/servicos\/servicios-de-analisis-de-aire-comprimido\/","og_site_name":"Trace Analytics, the AirCheck Lab","og_image":[{"width":1600,"height":300,"url":"https:\/\/www.airchecklab.com\/wp-content\/uploads\/2018\/02\/breathing-air-blue.jpg","type":"image\/jpeg"}],"twitter_card":"summary_large_image","twitter_misc":{"Tiempo de lectura":"5 minutos"},"schema":{"@context":"https:\/\/schema.org","@graph":[{"@type":"WebPage","@id":"https:\/\/www.airchecklab.com\/es\/servicos\/servicios-de-analisis-de-aire-comprimido\/","url":"https:\/\/www.airchecklab.com\/es\/servicos\/servicios-de-analisis-de-aire-comprimido\/","name":"Servicios de An\u00e1lisis de Aire Comprimido - Trace Analytics, the AirCheck Lab","isPartOf":{"@id":"\/#website"},"datePublished":"2021-12-27T16:11:01+00:00","dateModified":"2021-12-27T16:11:01+00:00","description":"Analiza aire comprimido con nuestros AirCheck Kits, los cuales est\u00e1n dise\u00f1ados cient\u00edficamente. An\u00e1lisis de aire comprimido para una gran variedad de industrias desde 1989.","breadcrumb":{"@id":"https:\/\/www.airchecklab.com\/es\/servicos\/servicios-de-analisis-de-aire-comprimido\/#breadcrumb"},"inLanguage":"es","potentialAction":[{"@type":"ReadAction","target":["https:\/\/www.airchecklab.com\/es\/servicos\/servicios-de-analisis-de-aire-comprimido\/"]}]},{"@type":"BreadcrumbList","@id":"https:\/\/www.airchecklab.com\/es\/servicos\/servicios-de-analisis-de-aire-comprimido\/#breadcrumb","itemListElement":[{"@type":"ListItem","position":1,"name":"Home","item":"https:\/\/www.airchecklab.com\/es\/analisis-de-seguimiento-pruebas-ambientales-y-de-aire-comprimido\/"},{"@type":"ListItem","position":2,"name":"Servicos","item":"https:\/\/www.airchecklab.com\/es\/servicos\/"},{"@type":"ListItem","position":3,"name":"Servicios de An\u00e1lisis de Aire Comprimido"}]},{"@type":"WebSite","@id":"\/#website","url":"\/","name":"Trace Analytics, the AirCheck Lab","description":"Compressed Air Testing for ISO 8573, Microbial, SQF, Breathing Air","publisher":{"@id":"\/#organization"},"potentialAction":[{"@type":"SearchAction","target":{"@type":"EntryPoint","urlTemplate":"\/?s={search_term_string}"},"query-input":"required name=search_term_string"}],"inLanguage":"es"},{"@type":"Organization","@id":"\/#organization","name":"Trace Analytics, LLC","url":"\/","logo":{"@type":"ImageObject","inLanguage":"es","@id":"\/#\/schema\/logo\/image\/","url":"https:\/\/www.airchecklab.com\/wp-content\/uploads\/2021\/08\/Blue-01.png","contentUrl":"https:\/\/www.airchecklab.com\/wp-content\/uploads\/2021\/08\/Blue-01.png","width":1600,"height":301,"caption":"Trace Analytics, LLC"},"image":{"@id":"\/#\/schema\/logo\/image\/"}}]}},"_links":{"self":[{"href":"https:\/\/www.airchecklab.com\/es\/wp-json\/wp\/v2\/pages\/22697"}],"collection":[{"href":"https:\/\/www.airchecklab.com\/es\/wp-json\/wp\/v2\/pages"}],"about":[{"href":"https:\/\/www.airchecklab.com\/es\/wp-json\/wp\/v2\/types\/page"}],"author":[{"embeddable":true,"href":"https:\/\/www.airchecklab.com\/es\/wp-json\/wp\/v2\/users\/1"}],"replies":[{"embeddable":true,"href":"https:\/\/www.airchecklab.com\/es\/wp-json\/wp\/v2\/comments?post=22697"}],"version-history":[{"count":0,"href":"https:\/\/www.airchecklab.com\/es\/wp-json\/wp\/v2\/pages\/22697\/revisions"}],"up":[{"embeddable":true,"href":"https:\/\/www.airchecklab.com\/es\/wp-json\/wp\/v2\/pages\/22706"}],"wp:featuredmedia":[{"embeddable":true,"href":"https:\/\/www.airchecklab.com\/es\/wp-json\/wp\/v2\/media\/19713"}],"wp:attachment":[{"href":"https:\/\/www.airchecklab.com\/es\/wp-json\/wp\/v2\/media?parent=22697"}],"curies":[{"name":"wp","href":"https:\/\/api.w.org\/{rel}","templated":true}]}}