{"id":22698,"date":"2021-12-27T10:11:01","date_gmt":"2021-12-27T16:11:01","guid":{"rendered":"https:\/\/dev.airchecklab.com\/dispositivos-medicos\/"},"modified":"2021-12-27T10:11:01","modified_gmt":"2021-12-27T16:11:01","slug":"dispositivos-medicos","status":"publish","type":"page","link":"https:\/\/www.airchecklab.com\/es\/servicos\/fabricacion-iso-8573-1\/dispositivos-medicos\/","title":{"rendered":"Dispositivos M\u00e9dicos"},"content":{"rendered":"<p>[lightbg]<\/p>\n<h1>An\u00e1lisis de Aire Comprimido &amp; Gas para Fabricantes de Dispositivos M\u00e9dicos<\/h1>\n<p>Las instalaciones fabricantes de dispositivos m\u00e9dicos son sometidas a inspecciones de la <a target=\"_blank\" href=\"http:\/\/www.fda.gov\" rel=\"noopener\">FDA<\/a> para asegurar el cumplimiento de <a target=\"_blank\" href=\"http:\/\/www.fda.gov\/MedicalDevices\/DeviceRegulationandGuidance\/PostmarketRequirements\/QualitySystemsRegulations\/\" rel=\"noopener\">Regulaci\u00f3n del Sistema de Calidad (QS)<\/a> (Regulaci\u00f3n de Sistemas de Calidad). [FDA-Quality System Regulation Guidance Document 21 CFR 820] Cada fabricante debe establecer y llevar a cabo procedimientos de cabo que prevengan la contaminaci\u00f3n del equipo o del producto debido a sustancias que se espera que tengan efectos adversos en la calidad del producto. [CFR 21 820.70 (e)] Los compresores pueden fomentar la reproducci\u00f3n de contaminantes si no se les da mantenimiento ni son monitoreados continuamente.<\/p>\n<p>Estas reglas son aplicables a la calidad del aire comprimido usado en tu producto. Cuando un producto que es colocado dentro del cuerpo humano es expuesto a aire comprimido contaminado, pueden surgir muchos problemas. A diferencia de la industria alimentaria, la industria de dispositivos m\u00e9dicos no tiene reglas claras dirigidas espec\u00edficamente a la calidad del aire comprimido, frecuencia de an\u00e1lisis o n\u00famero de muestras. Cada fabricante es responsable por determinar el riesgo y las consecuencias que una fuente de aire contaminada puede tener en el producto final. Un est\u00e1ndar internacional de gran importancia es <a href=\"https:\/\/www.airchecklab.com\/servicos\/manufacturing-iso-8573-1\/\">ISO 8573-1<\/a> , el cual ofrece una gran variedad de clases de pureza que pueden ser incorporadas en un plan de garant\u00eda de calidad para esta industria cr\u00edtica. El an\u00e1lisis y control del aire comprimido y otros gases de proceso tales como nitr\u00f3geno, ox\u00edgeno, arg\u00f3n y di\u00f3xido de carbono que entran en contacto directo con el producto, son vitales para garantizar la calidad y seguridad del producto.<\/p>\n<p>Las fuentes de contaminaci\u00f3n principales en un suministro de aire comprimido incluyen el aire de admisi\u00f3n y el compresor. Da clic aqu\u00ed para aprender m\u00e1s acerca de <a href=\"https:\/\/www.airchecklab.com\/aircheck-academy\/compressed-air-in-manufacturing\/sources-of-contamination\/sources-of-contamination-in-manufacturing\/\">Fuentes de Contaminaci\u00f3n de Compresores<\/a> .<\/p>\n<p>[\/lightbg]<\/p>\n<p>[blackbg]<\/p>\n<h1>An\u00e1lisis F\u00e1cil y Exacto con el [aircheck]Kit[\/aircheck]<\/h1>\n<p>El <a href=\"https:\/\/www.airchecklab.com\/aircheck-kits\/k810\/#K811\"><span class=\"aircheck\">AirCheck <span class=\"tracecheck\">\u2713<\/span> Kit &#x2122; K811<\/span><\/a> de Trace est\u00e1 dise\u00f1ado para recolectar muestras de los puntos de uso del sistema. La recolecci\u00f3n de muestras incluye part\u00edculas, agua, aerosol y vapor de aceite y gases opcionales. ISO 8573-1 es uno de los pocos est\u00e1ndares disponibles para aire no respirable que incluye una gran variedad de caracter\u00edsticas necesarias para el aire usado en fabricaci\u00f3n. El <span class=\"aircheck\">AirCheck <span class=\"tracecheck\">\u2713<\/span> Kit &#x2122;<\/span> tambi\u00e9n puede ser usado para tomar muestras con los mismos par\u00e1metros para ox\u00edgeno, nitr\u00f3geno, arg\u00f3n y di\u00f3xido de carbono.<\/p>\n<p>Ofrecemos an\u00e1lisis de diagn\u00f3stico cuando no est\u00e1s seguro de a que clases de pureza puede llegar a tu sistema, an\u00e1lisis para cualquier clase de pureza que tu necesites o an\u00e1lisis de acuerdo a las especificaciones y normas que tu quieras. Otras <a href=\"https:\/\/www.airchecklab.com\/?page_id=9089\">Normas de Aire Comprimido y Gas<\/a> disponibles incluyen CGA, USP, NFPA, ANSI y muchas m\u00e1s.<\/p>\n<p>[\/blackbg]<\/p>\n<p>[lightbg]<\/p>\n<h1>Expertos en el An\u00e1lisis de Aire Comprimido por [YearsSince]1989[\/YearsSince] A\u00f1os<\/h1>\n<p>Trace Analytics es un <a href=\"https:\/\/www.airchecklab.com\/?page_id=8635\">laboratorio acreditado por A2LA<\/a> establecido en 1989. Hacemos solamente una cosa: \u00a1Analizar aire comprimido! Tenemos un gran <a href=\"https:\/\/www.airchecklab.com\/?page_id=8676\">Equipo de expertos<\/a> que est\u00e1 listo para contestar tus preguntas y ayudarte a empezar tu programa de garant\u00eda de calidad.<\/p>\n<p>Para recibir m\u00e1s informaci\u00f3n sobre el an\u00e1lisis de aire de proceso y gases puros para la industria de dispositivos m\u00e9dicos, ISO 8573-1 y nuestro an\u00e1lisis de l\u00ednea base con el [aircheck]Kit[\/aircheck] , <a href=\"https:\/\/www.airchecklab.com\/?page_id=7408\">Cont\u00e1ctanos<\/a> por correo electr\u00f3nico o tel\u00e9fono 1-800-247-1024 x3.<\/p>\n<div class=\"center\"><a class=\"medium blue button\" href=\"https:\/\/buy.airchecklab.com\/manufacturing\/\">Obt\u00e9n An\u00e1lisis de Aire Comprimido<\/a><\/div>\n<p>[\/lightbg]<\/p>\n<p>[blackbg]<\/p>\n<h1>Normas para el An\u00e1lisis de Aire &amp; Gas para Dispositivos M\u00e9dicos<\/h1>\n<p>Trace Analytics, LLC puede hacer un an\u00e1lisis de acuerdo a una gran variedad de normas y especificaciones. Algunas de las normas m\u00e1s usadas con dispositivos m\u00e9dicos son las siguientes:<\/p>\n<p>\t[IncludeSpec spec=&#8221;ISO&#8221;]<br \/>\n[\/blackbg]<\/p>\n<p>[lightbg]<br \/>\n\t<!--[if lte IE 8]>\n\t\t<script charset=\"utf-8\" type=\"text\/javascript\" src=\"\/\/js.hsforms.net\/forms\/v2-legacy.js\"><\/script>\n\t<![endif]--><br \/>\n\t<script charset=\"utf-8\" type=\"text\/javascript\" src=\"\/\/js.hsforms.net\/forms\/v2.js\"><\/script><br \/>\n\t<script>\n\t\thbspt.forms.create({\n\t\t\tportalId: \"4558619\",\n\t\t\tformId: \"03e1782a-aa51-461e-b5d8-40699379c04b\"\n\t\t\t});\n\t<\/script><br \/>\n\t[ShowAllSiblings title=&#8221;Otros Servicios de An\u00e1lisis:&#8221;]<\/p>\n<p>[\/lightbg]<\/p>\n","protected":false},"excerpt":{"rendered":"<p>[lightbg] An\u00e1lisis de Aire Comprimido &amp; Gas para Fabricantes de Dispositivos M\u00e9dicos Las instalaciones fabricantes de dispositivos m\u00e9dicos son sometidas a inspecciones de la FDA para asegurar el cumplimiento de Regulaci\u00f3n del Sistema de Calidad (QS) (Regulaci\u00f3n de Sistemas de Calidad). [FDA-Quality System Regulation Guidance Document 21 CFR 820] Cada fabricante debe establecer y llevar a cabo procedimientos de cabo que prevengan la contaminaci\u00f3n del equipo o del producto debido a sustancias que se espera que tengan efectos adversos en [&hellip;]<\/p>\n","protected":false},"author":1,"featured_media":19699,"parent":22708,"menu_order":0,"comment_status":"closed","ping_status":"open","template":"100-width.php","meta":{"content-type":""},"yoast_head":"<!-- This site is optimized with the Yoast SEO Premium plugin v20.0 (Yoast SEO v20.0) - https:\/\/yoast.com\/wordpress\/plugins\/seo\/ -->\n<title>Dispositivos M\u00e9dicos - Trace Analytics, the AirCheck Lab<\/title>\n<meta name=\"description\" content=\"Las instalaciones fabricantes de dispositivos m\u00e9dicos necesitan analizar su aire comprimido. Encuentra m\u00e1s informaci\u00f3n acerca del an\u00e1lisis de aire y gas comprimido.\" \/>\n<meta name=\"robots\" content=\"index, follow, max-snippet:-1, max-image-preview:large, max-video-preview:-1\" \/>\n<link rel=\"canonical\" href=\"https:\/\/www.airchecklab.com\/es\/servicos\/fabricacion-iso-8573-1\/dispositivos-medicos\/\" \/>\n<meta property=\"og:locale\" content=\"es_ES\" \/>\n<meta property=\"og:type\" content=\"article\" \/>\n<meta property=\"og:title\" content=\"Dispositivos M\u00e9dicos\" \/>\n<meta property=\"og:description\" content=\"Las instalaciones fabricantes de dispositivos m\u00e9dicos necesitan analizar su aire comprimido. Encuentra m\u00e1s informaci\u00f3n acerca del an\u00e1lisis de aire y gas comprimido.\" \/>\n<meta property=\"og:url\" content=\"https:\/\/www.airchecklab.com\/es\/servicos\/fabricacion-iso-8573-1\/dispositivos-medicos\/\" \/>\n<meta property=\"og:site_name\" content=\"Trace Analytics, the AirCheck Lab\" \/>\n<meta property=\"og:image\" content=\"https:\/\/www.airchecklab.com\/wp-content\/uploads\/2018\/02\/banners-dive-01.jpg\" \/>\n\t<meta property=\"og:image:width\" content=\"1600\" \/>\n\t<meta property=\"og:image:height\" content=\"300\" \/>\n\t<meta property=\"og:image:type\" content=\"image\/jpeg\" \/>\n<meta name=\"twitter:card\" content=\"summary_large_image\" \/>\n<meta name=\"twitter:label1\" content=\"Tiempo de lectura\" \/>\n\t<meta name=\"twitter:data1\" content=\"3 minutos\" \/>\n<script type=\"application\/ld+json\" class=\"yoast-schema-graph\">{\"@context\":\"https:\/\/schema.org\",\"@graph\":[{\"@type\":\"WebPage\",\"@id\":\"https:\/\/www.airchecklab.com\/es\/servicos\/fabricacion-iso-8573-1\/dispositivos-medicos\/\",\"url\":\"https:\/\/www.airchecklab.com\/es\/servicos\/fabricacion-iso-8573-1\/dispositivos-medicos\/\",\"name\":\"Dispositivos M\u00e9dicos - Trace Analytics, the AirCheck Lab\",\"isPartOf\":{\"@id\":\"\/#website\"},\"datePublished\":\"2021-12-27T16:11:01+00:00\",\"dateModified\":\"2021-12-27T16:11:01+00:00\",\"description\":\"Las instalaciones fabricantes de dispositivos m\u00e9dicos necesitan analizar su aire comprimido. Encuentra m\u00e1s informaci\u00f3n acerca del an\u00e1lisis de aire y gas comprimido.\",\"breadcrumb\":{\"@id\":\"https:\/\/www.airchecklab.com\/es\/servicos\/fabricacion-iso-8573-1\/dispositivos-medicos\/#breadcrumb\"},\"inLanguage\":\"es\",\"potentialAction\":[{\"@type\":\"ReadAction\",\"target\":[\"https:\/\/www.airchecklab.com\/es\/servicos\/fabricacion-iso-8573-1\/dispositivos-medicos\/\"]}]},{\"@type\":\"BreadcrumbList\",\"@id\":\"https:\/\/www.airchecklab.com\/es\/servicos\/fabricacion-iso-8573-1\/dispositivos-medicos\/#breadcrumb\",\"itemListElement\":[{\"@type\":\"ListItem\",\"position\":1,\"name\":\"Home\",\"item\":\"https:\/\/www.airchecklab.com\/es\/analisis-de-seguimiento-pruebas-ambientales-y-de-aire-comprimido\/\"},{\"@type\":\"ListItem\",\"position\":2,\"name\":\"Servicos\",\"item\":\"https:\/\/www.airchecklab.com\/es\/servicos\/\"},{\"@type\":\"ListItem\",\"position\":3,\"name\":\"Fabricaci\u00f3n \/ ISO 8573-1\",\"item\":\"https:\/\/www.airchecklab.com\/es\/servicos\/fabricacion-iso-8573-1\/\"},{\"@type\":\"ListItem\",\"position\":4,\"name\":\"Dispositivos M\u00e9dicos\"}]},{\"@type\":\"WebSite\",\"@id\":\"\/#website\",\"url\":\"\/\",\"name\":\"Trace Analytics, the AirCheck Lab\",\"description\":\"Compressed Air Testing for ISO 8573, Microbial, SQF, Breathing Air\",\"publisher\":{\"@id\":\"\/#organization\"},\"potentialAction\":[{\"@type\":\"SearchAction\",\"target\":{\"@type\":\"EntryPoint\",\"urlTemplate\":\"\/?s={search_term_string}\"},\"query-input\":\"required name=search_term_string\"}],\"inLanguage\":\"es\"},{\"@type\":\"Organization\",\"@id\":\"\/#organization\",\"name\":\"Trace Analytics, LLC\",\"url\":\"\/\",\"logo\":{\"@type\":\"ImageObject\",\"inLanguage\":\"es\",\"@id\":\"\/#\/schema\/logo\/image\/\",\"url\":\"https:\/\/www.airchecklab.com\/wp-content\/uploads\/2021\/08\/Blue-01.png\",\"contentUrl\":\"https:\/\/www.airchecklab.com\/wp-content\/uploads\/2021\/08\/Blue-01.png\",\"width\":1600,\"height\":301,\"caption\":\"Trace Analytics, LLC\"},\"image\":{\"@id\":\"\/#\/schema\/logo\/image\/\"}}]}<\/script>\n<!-- \/ Yoast SEO Premium plugin. -->","yoast_head_json":{"title":"Dispositivos M\u00e9dicos - Trace Analytics, the AirCheck Lab","description":"Las instalaciones fabricantes de dispositivos m\u00e9dicos necesitan analizar su aire comprimido. Encuentra m\u00e1s informaci\u00f3n acerca del an\u00e1lisis de aire y gas comprimido.","robots":{"index":"index","follow":"follow","max-snippet":"max-snippet:-1","max-image-preview":"max-image-preview:large","max-video-preview":"max-video-preview:-1"},"canonical":"https:\/\/www.airchecklab.com\/es\/servicos\/fabricacion-iso-8573-1\/dispositivos-medicos\/","og_locale":"es_ES","og_type":"article","og_title":"Dispositivos M\u00e9dicos","og_description":"Las instalaciones fabricantes de dispositivos m\u00e9dicos necesitan analizar su aire comprimido. Encuentra m\u00e1s informaci\u00f3n acerca del an\u00e1lisis de aire y gas comprimido.","og_url":"https:\/\/www.airchecklab.com\/es\/servicos\/fabricacion-iso-8573-1\/dispositivos-medicos\/","og_site_name":"Trace Analytics, the AirCheck Lab","og_image":[{"width":1600,"height":300,"url":"https:\/\/www.airchecklab.com\/wp-content\/uploads\/2018\/02\/banners-dive-01.jpg","type":"image\/jpeg"}],"twitter_card":"summary_large_image","twitter_misc":{"Tiempo de lectura":"3 minutos"},"schema":{"@context":"https:\/\/schema.org","@graph":[{"@type":"WebPage","@id":"https:\/\/www.airchecklab.com\/es\/servicos\/fabricacion-iso-8573-1\/dispositivos-medicos\/","url":"https:\/\/www.airchecklab.com\/es\/servicos\/fabricacion-iso-8573-1\/dispositivos-medicos\/","name":"Dispositivos M\u00e9dicos - Trace Analytics, the AirCheck Lab","isPartOf":{"@id":"\/#website"},"datePublished":"2021-12-27T16:11:01+00:00","dateModified":"2021-12-27T16:11:01+00:00","description":"Las instalaciones fabricantes de dispositivos m\u00e9dicos necesitan analizar su aire comprimido. Encuentra m\u00e1s informaci\u00f3n acerca del an\u00e1lisis de aire y gas comprimido.","breadcrumb":{"@id":"https:\/\/www.airchecklab.com\/es\/servicos\/fabricacion-iso-8573-1\/dispositivos-medicos\/#breadcrumb"},"inLanguage":"es","potentialAction":[{"@type":"ReadAction","target":["https:\/\/www.airchecklab.com\/es\/servicos\/fabricacion-iso-8573-1\/dispositivos-medicos\/"]}]},{"@type":"BreadcrumbList","@id":"https:\/\/www.airchecklab.com\/es\/servicos\/fabricacion-iso-8573-1\/dispositivos-medicos\/#breadcrumb","itemListElement":[{"@type":"ListItem","position":1,"name":"Home","item":"https:\/\/www.airchecklab.com\/es\/analisis-de-seguimiento-pruebas-ambientales-y-de-aire-comprimido\/"},{"@type":"ListItem","position":2,"name":"Servicos","item":"https:\/\/www.airchecklab.com\/es\/servicos\/"},{"@type":"ListItem","position":3,"name":"Fabricaci\u00f3n \/ ISO 8573-1","item":"https:\/\/www.airchecklab.com\/es\/servicos\/fabricacion-iso-8573-1\/"},{"@type":"ListItem","position":4,"name":"Dispositivos M\u00e9dicos"}]},{"@type":"WebSite","@id":"\/#website","url":"\/","name":"Trace Analytics, the AirCheck Lab","description":"Compressed Air Testing for ISO 8573, Microbial, SQF, Breathing Air","publisher":{"@id":"\/#organization"},"potentialAction":[{"@type":"SearchAction","target":{"@type":"EntryPoint","urlTemplate":"\/?s={search_term_string}"},"query-input":"required name=search_term_string"}],"inLanguage":"es"},{"@type":"Organization","@id":"\/#organization","name":"Trace Analytics, LLC","url":"\/","logo":{"@type":"ImageObject","inLanguage":"es","@id":"\/#\/schema\/logo\/image\/","url":"https:\/\/www.airchecklab.com\/wp-content\/uploads\/2021\/08\/Blue-01.png","contentUrl":"https:\/\/www.airchecklab.com\/wp-content\/uploads\/2021\/08\/Blue-01.png","width":1600,"height":301,"caption":"Trace Analytics, LLC"},"image":{"@id":"\/#\/schema\/logo\/image\/"}}]}},"_links":{"self":[{"href":"https:\/\/www.airchecklab.com\/es\/wp-json\/wp\/v2\/pages\/22698"}],"collection":[{"href":"https:\/\/www.airchecklab.com\/es\/wp-json\/wp\/v2\/pages"}],"about":[{"href":"https:\/\/www.airchecklab.com\/es\/wp-json\/wp\/v2\/types\/page"}],"author":[{"embeddable":true,"href":"https:\/\/www.airchecklab.com\/es\/wp-json\/wp\/v2\/users\/1"}],"replies":[{"embeddable":true,"href":"https:\/\/www.airchecklab.com\/es\/wp-json\/wp\/v2\/comments?post=22698"}],"version-history":[{"count":0,"href":"https:\/\/www.airchecklab.com\/es\/wp-json\/wp\/v2\/pages\/22698\/revisions"}],"up":[{"embeddable":true,"href":"https:\/\/www.airchecklab.com\/es\/wp-json\/wp\/v2\/pages\/22708"}],"wp:featuredmedia":[{"embeddable":true,"href":"https:\/\/www.airchecklab.com\/es\/wp-json\/wp\/v2\/media\/19699"}],"wp:attachment":[{"href":"https:\/\/www.airchecklab.com\/es\/wp-json\/wp\/v2\/media?parent=22698"}],"curies":[{"name":"wp","href":"https:\/\/api.w.org\/{rel}","templated":true}]}}