{"id":22699,"date":"2021-12-27T10:11:01","date_gmt":"2021-12-27T16:11:01","guid":{"rendered":"https:\/\/dev.airchecklab.com\/inicio\/"},"modified":"2021-12-27T10:11:01","modified_gmt":"2021-12-27T16:11:01","slug":"inicio","status":"publish","type":"page","link":"https:\/\/www.airchecklab.com\/es\/inicio\/","title":{"rendered":"Inicio"},"content":{"rendered":"<div class=\"sixteen columns fullwidth blackbg\">\n<h1 class=\"center uppercase\">Acerca de Nuestro Laboratorio<\/h1>\n<p class=\"justify\">Trace Analytics, LLC es un laboratorio acreditado por A2LA que se especializa en el an\u00e1lisis de aire comprimido y otros gases usados en el sector industrial, instalaciones m\u00e9dicas y como aire respirable. Nuestro equipo de expertos [aircheck] [\/aircheck] est\u00e1 certificado por HACCP y est\u00e1 disponible para ayudarte con todas tus necesidades de an\u00e1lisis de aire comprimido. <br class=\"mobileOnly mart15\">Nuestros kits &#8211; [aircheck]Kits[\/aircheck] &#8211; est\u00e1n dise\u00f1ados para capturar muestras de aire comprimido y otros gases para ser analizados por nuestro laboratorio. Nos adaptamos a normas para an\u00e1lisis de aire comprimido y gases como ISO 8573, NFPA 1989, NFPA 99, OSHA, CGA, CSA y muchas m\u00e1s. Cont\u00e1ctanos para hablar de tus necesidades de aire comprimido.<\/p>\n<div class=\"textalignright\">\n\t\t<a class=\"medium blue button\" href=\"https:\/\/www.airchecklab.com\/?page_id=8635\">Acerca del Laboratorio<\/a><br \/>\n\t\t<a class=\"medium blue button marl20\" href=\"https:\/\/www.airchecklab.com\/?page_id=8676\">Nuestro Equipo<\/a><br \/>\n\t\t<a class=\"medium blue button marl20\" href=\"https:\/\/www.airchecklab.com\/?page_id=9089\">Normas<\/a>\n\t<\/div>\n<\/div>\n<div class=\"sixteen columns fullwidth lightbg navCircles\">\n<h1 class=\"center uppercase marb0\">Industrias a las que Servimos<\/h1>\n<div class=\"twelve columns offset-by-two\">\n<hr><\/div>\n<div class=\"eight columns alpha\">\n<h1 class=\"center uppercase mart10\"><a href=\"https:\/\/www.airchecklab.com\/?page_id=8717\">Aire respirable<\/a><\/h1>\n<div class=\"four columns mar0 mobileTiny\"><a href=\"https:\/\/www.airchecklab.com\/?page_id=8742\"><img decoding=\"async\" class=\"lazyload hover-full-opacity\" src=\"data:image\/gif;base64,R0lGODlhAQABAAAAACH5BAEKAAEALAAAAAABAAEAAAICTAEAOw==\" data-orig-src=\"\/wp-content\/uploads\/2018\/07\/BA-Spanish-Fire-Proteccion-contra-incendios.png\" alt=\"Compressed Air Testing for Fire &amp; NFPA 1989\"><\/a><\/div>\n<div class=\"four columns mar0 mobileTiny\"><a href=\"https:\/\/www.airchecklab.com\/servicos\/aire-respirable\/agencias-gubernamentales-militares\/\"><img decoding=\"async\" class=\"lazyload hover-full-opacity\" src=\"data:image\/gif;base64,R0lGODlhAQABAAAAACH5BAEKAAEALAAAAAABAAEAAAICTAEAOw==\" data-orig-src=\"\/wp-content\/uploads\/2018\/07\/BA-Spanish-Government-Gubernamental.png\" alt=\"Compressed Air Testing for Government &amp; Military\"><\/a><\/div>\n<div class=\"clear\"><\/div>\n<div class=\"four columns mar0 mobileTiny\"><a href=\"https:\/\/www.airchecklab.com\/?page_id=8720\"><img decoding=\"async\" class=\"lazyload hover-full-opacity\" src=\"data:image\/gif;base64,R0lGODlhAQABAAAAACH5BAEKAAEALAAAAAABAAEAAAICTAEAOw==\" data-orig-src=\"\/wp-content\/uploads\/2018\/07\/BA-Spanish-Dive-Buceo-1.png\" alt=\"Compressed Air Testing for Sport &amp; Commercial Diving\"><\/a><\/div>\n<div class=\"four columns mar0 mobileTiny\"><a href=\"https:\/\/www.airchecklab.com\/?page_id=8750\"><img decoding=\"async\" class=\"lazyload hover-full-opacity\" src=\"data:image\/gif;base64,R0lGODlhAQABAAAAACH5BAEKAAEALAAAAAABAAEAAAICTAEAOw==\" data-orig-src=\"\/wp-content\/uploads\/2018\/07\/BA-Spanish-Industrial-1.png\" alt=\"Compressed Air Testing for OHSA &amp; General Industry\"><\/a><\/div>\n<\/p><\/div>\n<div class=\"eight columns omega\">\n<h1 class=\"center uppercase mart10\"><a href=\"https:\/\/www.airchecklab.com\/servicos\/manufacturing-iso-8573-1\/\">Manufactura<\/a><\/h1>\n<div class=\"four columns mar0 mobileTiny\"><a href=\"https:\/\/www.airchecklab.com\/?page_id=8756\"><img decoding=\"async\" class=\"lazyload hover-full-opacity\" src=\"data:image\/gif;base64,R0lGODlhAQABAAAAACH5BAEKAAEALAAAAAABAAEAAAICTAEAOw==\" data-orig-src=\"\/wp-content\/uploads\/2018\/07\/ISO-Spanish-Food-Bev-Alimentos-Bebidas.png\" alt=\"Compressed Air Testing for Food Manufacturers\"><\/a><\/div>\n<div class=\"four columns mar0 mobileTiny\"><a href=\"https:\/\/www.airchecklab.com\/?page_id=8798\"><img decoding=\"async\" class=\"lazyload hover-full-opacity\" src=\"data:image\/gif;base64,R0lGODlhAQABAAAAACH5BAEKAAEALAAAAAABAAEAAAICTAEAOw==\" data-orig-src=\"\/wp-content\/uploads\/2018\/07\/ISO-Spanish-Pharma-Farmaceutica-1.png\" alt=\"Compressed Air Testing for Pharmaceutical Manufacturers\"><\/a><\/div>\n<div class=\"clear\"><\/div>\n<div class=\"four columns mar0 mobileTiny\"><a href=\"\/?page_id=8912\"><img decoding=\"async\" class=\"lazyload hover-full-opacity\" src=\"data:image\/gif;base64,R0lGODlhAQABAAAAACH5BAEKAAEALAAAAAABAAEAAAICTAEAOw==\" data-orig-src=\"\/wp-content\/uploads\/2018\/07\/ISO-Spanish-Nuclear-1.png\" alt=\"Compressed Air Testing for Nuclear Power Production and Pneumatic Instrument Use\"><\/a><\/div>\n<div class=\"four columns mar0 mobileTiny\"><a href=\"https:\/\/www.airchecklab.com\/?page_id=9063\"><img decoding=\"async\" class=\"lazyload hover-full-opacity\" src=\"data:image\/gif;base64,R0lGODlhAQABAAAAACH5BAEKAAEALAAAAAABAAEAAAICTAEAOw==\" data-orig-src=\"\/wp-content\/uploads\/2018\/07\/ISO-Spanish-Med-Device-Dispositivos-Medicos.png\" alt=\"Compressed Air Testing for Medical Device Manufacturers\"><\/a><\/div>\n<\/p><\/div>\n<\/div>\n<div class=\"sixteen columns fullwidth blackbg\">\n<h1 class=\"center uppercase\">Distribuidores<\/h1>\n<p class=\"justify\">Proporcionamos an\u00e1lisis de calidad de aire a millas de clientes alrededor del mundo. Tu puedes tomar tus propias muestras usando el [aircheck]Kit[\/aircheck] correcto, o usar los servicios de un distribuidor de nuestra red de mas de 100 distrubuidores independientes &#8211; [aircheck]Service Distributors[\/aircheck] . <br class=\"mobileOnly mart15\">Muchos de estos distribuidores tambi\u00e9n pueden proporcionar mantenimiento a los compresores, cambios de filtros y asesor\u00eda. Trace Analytics se enorgullece de ser el laboratorio de an\u00e1lisis de aire a quien los principales fabricantes de compresores prefieren enviar sus muestras de aire.<\/p>\n<div class=\"textalignright\">\n\t\t<a class=\"medium blue button\" href=\"https:\/\/www.airchecklab.com\/?page_id=8713\">Encuentra un Distribuidor<\/a><br \/>\n\t\t<a class=\"medium blue button marl20\" href=\"https:\/\/www.airchecklab.com\/?page_id=8623\">Convi\u00e9rtete en un Distribuidor<\/a>\n\t<\/div>\n<\/div>\n<div class=\"sixteen columns fullwidth lightbg\">\n<h1 class=\"center uppercase\">Lo que Dicen Nuestros Clientes<\/h1>\n<blockquote>\n<p>Tambi\u00e9n quiero aprovechar esta oportunidad para agradecer a cada uno en Trace (incluyendo al fan de los Green Bay Packers en el departamento de env\u00edos) por ser grandes socios. Su servicio de atenci\u00f3n al cliente es excelente. Cada vez que me he puesto en contacto con ustedes, sin importar con quien hable, he sido tratado a un nivel que est\u00e1 m\u00e1s all\u00e1 de mis expectativas. \u00a1Son los mejores! Gracias otra vez.<\/p>\n<p class=\"right align-right small marb20\">\n Patrick J. Lejman<br \/>\n\t\t\t<a target=\"_blank\" href=\"http:\/\/www.aoe.net\" rel=\"noopener\">Air One Equipment, Inc.<\/a>\n\t\t<\/p>\n<\/blockquote>\n<p>\t<br class=\"clearfix\"><\/p>\n<div class=\"textalignright\">\n\t\t<a class=\"medium blue button\" href=\"https:\/\/www.airchecklab.com\/?page_id=8710\">Comp\u00e1rtenos tu Experiencia<\/a><br \/>\n\t\t<a class=\"medium blue button marl20\" href=\"https:\/\/www.airchecklab.com\/contactanos\/testimonios\/\">Testimonios<\/a>\n\t<\/div>\n<\/div>\n<div class=\"sixteen columns fullwidth blackbg\">\n<h1 class=\"center uppercase\">V\u00eddeos de Recolecci\u00f3n de Muestras<\/h1>\n<div class=\"one-third column alpha\">\n\t\t[video_youtube video_id=&#8221;U3S1OtYD5CI&#8221; width=&#8221;460&#8243; height=&#8221;259&#8243; noyoutube=&#8221;&#8221; title=&#8221;An\u00e1lisis de Aire Respirable&#8221;]<\/p>\n<p class=\"small justify\">\u00bfNecesitas una prueba de compresor, an\u00e1lisis de aire de acuerdo a NFPA 1989 para bomberos, an\u00e1lisis de calidad de aire de acuerdo a CGA Grado D o OSHA 1910.134? Nuestro equipo de expertos est\u00e1 disponible para ayudarte con tus necesidades de an\u00e1lisis de aire respirable. <a class=\"nowrap\" href=\"https:\/\/www.airchecklab.com\/?page_id=8717\">Lee m\u00e1s &#8230;<\/a><\/p>\n<\/p><\/div>\n<div class=\"one-third column\">\n\t\t[video_youtube video_id=&#8221;S0V0eJDQ1tU&#8221; width=&#8221;460&#8243; height=&#8221;259&#8243; noyoutube=&#8221;&#8221; title=&#8221;An\u00e1lisis de Aire de Grado Alimenticio&#8221;]<\/p>\n<p class=\"small justify\">\u00bfNecesitas an\u00e1lisis de pureza de aire para SQF, an\u00e1lisis de aire de grado alimenticio, an\u00e1lisis de microbios en el aire, an\u00e1lisis de nitr\u00f3geno de grado alimenticio, monitoreo de acuerdo a BRC, an\u00e1lisis de acuedo a las normas BCAS, ISO 8573-1, ISO 8573-7 o an\u00e1lisis con l\u00edmites de componentes personalizados? Contacta a los expertos de Trace Analytics para tus necesidades de an\u00e1lisis de aire de grado alimenticio y an\u00e1lisis para SQF. <a class=\"nowrap\" href=\"https:\/\/www.airchecklab.com\/?page_id=8756\">Lee m\u00e1s &#8230;<\/a><\/p>\n<\/p><\/div>\n<div class=\"one-third column omega\">\n\t\t[video_youtube video_id=&#8221;WX2vnywqhBg&#8221; width=&#8221;460&#8243; height=&#8221;259&#8243; noyoutube=&#8221;&#8221; title=&#8221;An\u00e1lisis Microbiol\u00f3gico de Aire&#8221;]<\/p>\n<p class=\"small justify\">El an\u00e1lisis de aire comprimido para evaluar la contaminaci\u00f3n microbiol\u00f3gica de acuerdo a ISO 8573-7 es f\u00e1cil con nuestro equipo de an\u00e1lisis microbiol\u00f3gico, instrucciones paso a paso &amp; videos. <a class=\"nowrap\" href=\"https:\/\/www.airchecklab.com\/?page_id=8916\">Lee m\u00e1s &#8230;<\/a><\/p>\n<\/p><\/div>\n<\/div>\n<div class=\"sixteen columns fullwidth lightbg\">\n\t<!--[if lte IE 8]>\n\t\t<script charset=\"utf-8\" type=\"text\/javascript\" src=\"\/\/js.hsforms.net\/forms\/v2-legacy.js\"><\/script>\n\t<![endif]--><br \/>\n\t<script charset=\"utf-8\" type=\"text\/javascript\" src=\"\/\/js.hsforms.net\/forms\/v2.js\"><\/script><br \/>\n\t<script>\n\t\thbspt.forms.create({\n\t\t\tportalId: \"4558619\",\n\t\t\tformId: \"03e1782a-aa51-461e-b5d8-40699379c04b\"\n\t\t\t});\n\t<\/script>\n<\/div>\n","protected":false},"excerpt":{"rendered":"<p>Acerca de Nuestro Laboratorio Trace Analytics, LLC es un laboratorio acreditado por A2LA que se especializa en el an\u00e1lisis de aire comprimido y otros gases usados en el sector industrial, instalaciones m\u00e9dicas y como aire respirable. Nuestro equipo de expertos [aircheck] [\/aircheck] est\u00e1 certificado por HACCP y est\u00e1 disponible para ayudarte con todas tus necesidades de an\u00e1lisis de aire comprimido. Nuestros kits &#8211; [aircheck]Kits[\/aircheck] &#8211; est\u00e1n dise\u00f1ados para capturar muestras de aire comprimido y otros gases para ser analizados por [&hellip;]<\/p>\n","protected":false},"author":1,"featured_media":19789,"parent":0,"menu_order":0,"comment_status":"closed","ping_status":"open","template":"","meta":{"content-type":""},"yoast_head":"<!-- This site is optimized with the Yoast SEO Premium plugin v20.0 (Yoast SEO v20.0) - https:\/\/yoast.com\/wordpress\/plugins\/seo\/ -->\n<title>Inicio - Trace Analytics, the AirCheck Lab<\/title>\n<meta name=\"description\" content=\"Proporcionamos soluciones para el an\u00e1lisis de aire comprimido a clientes alrededor del mundo. Si necesitas ISO 8573, SQF, NFPA 1989, NFPA 99, OSHA, CGA, CSA o l\u00edmites personalizados, te podemos ayudar.\" \/>\n<meta name=\"robots\" content=\"index, follow, max-snippet:-1, max-image-preview:large, max-video-preview:-1\" \/>\n<link rel=\"canonical\" href=\"https:\/\/www.airchecklab.com\/es\/inicio\/\" \/>\n<meta property=\"og:locale\" content=\"es_ES\" \/>\n<meta property=\"og:type\" content=\"article\" \/>\n<meta property=\"og:title\" content=\"Inicio\" \/>\n<meta property=\"og:description\" content=\"Proporcionamos soluciones para el an\u00e1lisis de aire comprimido a clientes alrededor del mundo. Si necesitas ISO 8573, SQF, NFPA 1989, NFPA 99, OSHA, CGA, CSA o l\u00edmites personalizados, te podemos ayudar.\" \/>\n<meta property=\"og:url\" content=\"https:\/\/www.airchecklab.com\/es\/inicio\/\" \/>\n<meta property=\"og:site_name\" content=\"Trace Analytics, the AirCheck Lab\" \/>\n<meta property=\"og:image\" content=\"https:\/\/www.airchecklab.com\/wp-content\/uploads\/2018\/02\/Trace-Analytics-Main-Banner.jpg\" \/>\n\t<meta property=\"og:image:width\" content=\"1600\" \/>\n\t<meta property=\"og:image:height\" content=\"300\" \/>\n\t<meta property=\"og:image:type\" content=\"image\/jpeg\" \/>\n<meta name=\"twitter:card\" content=\"summary_large_image\" \/>\n<meta name=\"twitter:label1\" content=\"Tiempo de lectura\" \/>\n\t<meta name=\"twitter:data1\" content=\"3 minutos\" \/>\n<script type=\"application\/ld+json\" class=\"yoast-schema-graph\">{\"@context\":\"https:\/\/schema.org\",\"@graph\":[{\"@type\":\"WebPage\",\"@id\":\"https:\/\/www.airchecklab.com\/es\/inicio\/\",\"url\":\"https:\/\/www.airchecklab.com\/es\/inicio\/\",\"name\":\"Inicio - Trace Analytics, the AirCheck Lab\",\"isPartOf\":{\"@id\":\"\/#website\"},\"datePublished\":\"2021-12-27T16:11:01+00:00\",\"dateModified\":\"2021-12-27T16:11:01+00:00\",\"description\":\"Proporcionamos soluciones para el an\u00e1lisis de aire comprimido a clientes alrededor del mundo. Si necesitas ISO 8573, SQF, NFPA 1989, NFPA 99, OSHA, CGA, CSA o l\u00edmites personalizados, te podemos ayudar.\",\"breadcrumb\":{\"@id\":\"https:\/\/www.airchecklab.com\/es\/inicio\/#breadcrumb\"},\"inLanguage\":\"es\",\"potentialAction\":[{\"@type\":\"ReadAction\",\"target\":[\"https:\/\/www.airchecklab.com\/es\/inicio\/\"]}]},{\"@type\":\"BreadcrumbList\",\"@id\":\"https:\/\/www.airchecklab.com\/es\/inicio\/#breadcrumb\",\"itemListElement\":[{\"@type\":\"ListItem\",\"position\":1,\"name\":\"Home\",\"item\":\"https:\/\/www.airchecklab.com\/es\/analisis-de-seguimiento-pruebas-ambientales-y-de-aire-comprimido\/\"},{\"@type\":\"ListItem\",\"position\":2,\"name\":\"Inicio\"}]},{\"@type\":\"WebSite\",\"@id\":\"\/#website\",\"url\":\"\/\",\"name\":\"Trace Analytics, the AirCheck Lab\",\"description\":\"Compressed Air Testing for ISO 8573, Microbial, SQF, Breathing Air\",\"publisher\":{\"@id\":\"\/#organization\"},\"potentialAction\":[{\"@type\":\"SearchAction\",\"target\":{\"@type\":\"EntryPoint\",\"urlTemplate\":\"\/?s={search_term_string}\"},\"query-input\":\"required name=search_term_string\"}],\"inLanguage\":\"es\"},{\"@type\":\"Organization\",\"@id\":\"\/#organization\",\"name\":\"Trace Analytics, LLC\",\"url\":\"\/\",\"logo\":{\"@type\":\"ImageObject\",\"inLanguage\":\"es\",\"@id\":\"\/#\/schema\/logo\/image\/\",\"url\":\"https:\/\/www.airchecklab.com\/wp-content\/uploads\/2021\/08\/Blue-01.png\",\"contentUrl\":\"https:\/\/www.airchecklab.com\/wp-content\/uploads\/2021\/08\/Blue-01.png\",\"width\":1600,\"height\":301,\"caption\":\"Trace Analytics, LLC\"},\"image\":{\"@id\":\"\/#\/schema\/logo\/image\/\"}}]}<\/script>\n<!-- \/ Yoast SEO Premium plugin. -->","yoast_head_json":{"title":"Inicio - Trace Analytics, the AirCheck Lab","description":"Proporcionamos soluciones para el an\u00e1lisis de aire comprimido a clientes alrededor del mundo. Si necesitas ISO 8573, SQF, NFPA 1989, NFPA 99, OSHA, CGA, CSA o l\u00edmites personalizados, te podemos ayudar.","robots":{"index":"index","follow":"follow","max-snippet":"max-snippet:-1","max-image-preview":"max-image-preview:large","max-video-preview":"max-video-preview:-1"},"canonical":"https:\/\/www.airchecklab.com\/es\/inicio\/","og_locale":"es_ES","og_type":"article","og_title":"Inicio","og_description":"Proporcionamos soluciones para el an\u00e1lisis de aire comprimido a clientes alrededor del mundo. Si necesitas ISO 8573, SQF, NFPA 1989, NFPA 99, OSHA, CGA, CSA o l\u00edmites personalizados, te podemos ayudar.","og_url":"https:\/\/www.airchecklab.com\/es\/inicio\/","og_site_name":"Trace Analytics, the AirCheck Lab","og_image":[{"width":1600,"height":300,"url":"https:\/\/www.airchecklab.com\/wp-content\/uploads\/2018\/02\/Trace-Analytics-Main-Banner.jpg","type":"image\/jpeg"}],"twitter_card":"summary_large_image","twitter_misc":{"Tiempo de lectura":"3 minutos"},"schema":{"@context":"https:\/\/schema.org","@graph":[{"@type":"WebPage","@id":"https:\/\/www.airchecklab.com\/es\/inicio\/","url":"https:\/\/www.airchecklab.com\/es\/inicio\/","name":"Inicio - Trace Analytics, the AirCheck Lab","isPartOf":{"@id":"\/#website"},"datePublished":"2021-12-27T16:11:01+00:00","dateModified":"2021-12-27T16:11:01+00:00","description":"Proporcionamos soluciones para el an\u00e1lisis de aire comprimido a clientes alrededor del mundo. Si necesitas ISO 8573, SQF, NFPA 1989, NFPA 99, OSHA, CGA, CSA o l\u00edmites personalizados, te podemos ayudar.","breadcrumb":{"@id":"https:\/\/www.airchecklab.com\/es\/inicio\/#breadcrumb"},"inLanguage":"es","potentialAction":[{"@type":"ReadAction","target":["https:\/\/www.airchecklab.com\/es\/inicio\/"]}]},{"@type":"BreadcrumbList","@id":"https:\/\/www.airchecklab.com\/es\/inicio\/#breadcrumb","itemListElement":[{"@type":"ListItem","position":1,"name":"Home","item":"https:\/\/www.airchecklab.com\/es\/analisis-de-seguimiento-pruebas-ambientales-y-de-aire-comprimido\/"},{"@type":"ListItem","position":2,"name":"Inicio"}]},{"@type":"WebSite","@id":"\/#website","url":"\/","name":"Trace Analytics, the AirCheck Lab","description":"Compressed Air Testing for ISO 8573, Microbial, SQF, Breathing Air","publisher":{"@id":"\/#organization"},"potentialAction":[{"@type":"SearchAction","target":{"@type":"EntryPoint","urlTemplate":"\/?s={search_term_string}"},"query-input":"required name=search_term_string"}],"inLanguage":"es"},{"@type":"Organization","@id":"\/#organization","name":"Trace Analytics, LLC","url":"\/","logo":{"@type":"ImageObject","inLanguage":"es","@id":"\/#\/schema\/logo\/image\/","url":"https:\/\/www.airchecklab.com\/wp-content\/uploads\/2021\/08\/Blue-01.png","contentUrl":"https:\/\/www.airchecklab.com\/wp-content\/uploads\/2021\/08\/Blue-01.png","width":1600,"height":301,"caption":"Trace Analytics, LLC"},"image":{"@id":"\/#\/schema\/logo\/image\/"}}]}},"_links":{"self":[{"href":"https:\/\/www.airchecklab.com\/es\/wp-json\/wp\/v2\/pages\/22699"}],"collection":[{"href":"https:\/\/www.airchecklab.com\/es\/wp-json\/wp\/v2\/pages"}],"about":[{"href":"https:\/\/www.airchecklab.com\/es\/wp-json\/wp\/v2\/types\/page"}],"author":[{"embeddable":true,"href":"https:\/\/www.airchecklab.com\/es\/wp-json\/wp\/v2\/users\/1"}],"replies":[{"embeddable":true,"href":"https:\/\/www.airchecklab.com\/es\/wp-json\/wp\/v2\/comments?post=22699"}],"version-history":[{"count":0,"href":"https:\/\/www.airchecklab.com\/es\/wp-json\/wp\/v2\/pages\/22699\/revisions"}],"wp:featuredmedia":[{"embeddable":true,"href":"https:\/\/www.airchecklab.com\/es\/wp-json\/wp\/v2\/media\/19789"}],"wp:attachment":[{"href":"https:\/\/www.airchecklab.com\/es\/wp-json\/wp\/v2\/media?parent=22699"}],"curies":[{"name":"wp","href":"https:\/\/api.w.org\/{rel}","templated":true}]}}