{"id":22702,"date":"2021-12-27T10:11:02","date_gmt":"2021-12-27T16:11:02","guid":{"rendered":"https:\/\/dev.airchecklab.com\/certificado-de-acreditacion\/"},"modified":"2021-12-27T10:11:02","modified_gmt":"2021-12-27T16:11:02","slug":"certificado-de-acreditacion","status":"publish","type":"page","link":"https:\/\/www.airchecklab.com\/es\/referencias\/certificado-de-acreditacion\/","title":{"rendered":"Certificado de Acreditaci\u00f3n"},"content":{"rendered":"<h1>Laboratorio Acreditado por A2LA<\/h1>\n<p>Trace Analytics, LLC pasa por una evaluaci\u00f3n rigurosa sobre sus aptitudes t\u00e9cnicas realizadas por la <a href=\"http:\/\/www.a2la.org\" target=\"_blank\" rel=\"noopener\">Asociaci\u00f3n<\/a> Americana para la Acreditaci\u00f3n de Laboratorios. El criterio de evaluaci\u00f3n est\u00e1 basado en la norma ISO \/ IEC 17025 la cual es aceptada internacionalmente y usada para la evaluaci\u00f3n de laboratorios en todo el mundo. ISO \/ IEC 17025 cubre los mismos principios del sistema de calidad que en el registro de ISO 9001.<\/p>\n<p>Al elegir un Trace Analytics, puedes estar seguro de que est\u00e1s usando un laboratorio t\u00e9cnicamente competente con un sistema de calidad riguroso. Nuestro laboratorio participa en un programa trimestral de capacidad anal\u00edtica como una prueba continua de nuestra competencia.<br \/>\n[DisplayPDF pdf=&#8221;Trace-Analytics-A2LA-ISO-17025-Accreditation.pdf&#8221; description=&#8221;Certificado de Acreditaci\u00f3n por A2LA de Trace Analytics&#8221;]<\/p>\n","protected":false},"excerpt":{"rendered":"<p>Laboratorio Acreditado por A2LA Trace Analytics, LLC pasa por una evaluaci\u00f3n rigurosa sobre sus aptitudes t\u00e9cnicas realizadas por la Asociaci\u00f3n Americana para la Acreditaci\u00f3n de Laboratorios. El criterio de evaluaci\u00f3n est\u00e1 basado en la norma ISO \/ IEC 17025 la cual es aceptada internacionalmente y usada para la evaluaci\u00f3n de laboratorios en todo el mundo. ISO \/ IEC 17025 cubre los mismos principios del sistema de calidad que en el registro de ISO 9001. Al elegir un Trace Analytics, puedes [&hellip;]<\/p>\n","protected":false},"author":1,"featured_media":0,"parent":22717,"menu_order":0,"comment_status":"closed","ping_status":"closed","template":"100-width.php","meta":{"content-type":""},"yoast_head":"<!-- This site is optimized with the Yoast SEO Premium plugin v20.0 (Yoast SEO v20.0) - https:\/\/yoast.com\/wordpress\/plugins\/seo\/ -->\n<title>Certificado de Acreditaci\u00f3n - Trace Analytics, the AirCheck Lab<\/title>\n<meta name=\"robots\" content=\"index, follow, max-snippet:-1, max-image-preview:large, max-video-preview:-1\" \/>\n<link rel=\"canonical\" href=\"https:\/\/www.airchecklab.com\/es\/referencias\/certificado-de-acreditacion\/\" \/>\n<meta property=\"og:locale\" content=\"es_ES\" \/>\n<meta property=\"og:type\" content=\"article\" \/>\n<meta property=\"og:title\" content=\"Certificado de Acreditaci\u00f3n\" \/>\n<meta property=\"og:description\" content=\"Laboratorio Acreditado por A2LA Trace Analytics, LLC pasa por una evaluaci\u00f3n rigurosa sobre sus aptitudes t\u00e9cnicas realizadas por la Asociaci\u00f3n Americana para la Acreditaci\u00f3n de Laboratorios. El criterio de evaluaci\u00f3n est\u00e1 basado en la norma ISO \/ IEC 17025 la cual es aceptada internacionalmente y usada para la evaluaci\u00f3n de laboratorios en todo el mundo. ISO \/ IEC 17025 cubre los mismos principios del sistema de calidad que en el registro de ISO 9001. Al elegir un Trace Analytics, puedes [&hellip;]\" \/>\n<meta property=\"og:url\" content=\"https:\/\/www.airchecklab.com\/es\/referencias\/certificado-de-acreditacion\/\" \/>\n<meta property=\"og:site_name\" content=\"Trace Analytics, the AirCheck Lab\" \/>\n<meta name=\"twitter:card\" content=\"summary_large_image\" \/>\n<meta name=\"twitter:label1\" content=\"Tiempo de lectura\" \/>\n\t<meta name=\"twitter:data1\" content=\"1 minuto\" \/>\n<script type=\"application\/ld+json\" class=\"yoast-schema-graph\">{\"@context\":\"https:\/\/schema.org\",\"@graph\":[{\"@type\":\"WebPage\",\"@id\":\"https:\/\/www.airchecklab.com\/es\/referencias\/certificado-de-acreditacion\/\",\"url\":\"https:\/\/www.airchecklab.com\/es\/referencias\/certificado-de-acreditacion\/\",\"name\":\"Certificado de Acreditaci\u00f3n - Trace Analytics, the AirCheck Lab\",\"isPartOf\":{\"@id\":\"\/#website\"},\"datePublished\":\"2021-12-27T16:11:02+00:00\",\"dateModified\":\"2021-12-27T16:11:02+00:00\",\"breadcrumb\":{\"@id\":\"https:\/\/www.airchecklab.com\/es\/referencias\/certificado-de-acreditacion\/#breadcrumb\"},\"inLanguage\":\"es\",\"potentialAction\":[{\"@type\":\"ReadAction\",\"target\":[\"https:\/\/www.airchecklab.com\/es\/referencias\/certificado-de-acreditacion\/\"]}]},{\"@type\":\"BreadcrumbList\",\"@id\":\"https:\/\/www.airchecklab.com\/es\/referencias\/certificado-de-acreditacion\/#breadcrumb\",\"itemListElement\":[{\"@type\":\"ListItem\",\"position\":1,\"name\":\"Home\",\"item\":\"https:\/\/www.airchecklab.com\/es\/analisis-de-seguimiento-pruebas-ambientales-y-de-aire-comprimido\/\"},{\"@type\":\"ListItem\",\"position\":2,\"name\":\"Referencias\",\"item\":\"https:\/\/www.airchecklab.com\/es\/referencias\/\"},{\"@type\":\"ListItem\",\"position\":3,\"name\":\"Certificado de Acreditaci\u00f3n\"}]},{\"@type\":\"WebSite\",\"@id\":\"\/#website\",\"url\":\"\/\",\"name\":\"Trace Analytics, the AirCheck Lab\",\"description\":\"Compressed Air Testing for ISO 8573, Microbial, SQF, Breathing Air\",\"publisher\":{\"@id\":\"\/#organization\"},\"potentialAction\":[{\"@type\":\"SearchAction\",\"target\":{\"@type\":\"EntryPoint\",\"urlTemplate\":\"\/?s={search_term_string}\"},\"query-input\":\"required name=search_term_string\"}],\"inLanguage\":\"es\"},{\"@type\":\"Organization\",\"@id\":\"\/#organization\",\"name\":\"Trace Analytics, LLC\",\"url\":\"\/\",\"logo\":{\"@type\":\"ImageObject\",\"inLanguage\":\"es\",\"@id\":\"\/#\/schema\/logo\/image\/\",\"url\":\"https:\/\/www.airchecklab.com\/wp-content\/uploads\/2021\/08\/Blue-01.png\",\"contentUrl\":\"https:\/\/www.airchecklab.com\/wp-content\/uploads\/2021\/08\/Blue-01.png\",\"width\":1600,\"height\":301,\"caption\":\"Trace Analytics, LLC\"},\"image\":{\"@id\":\"\/#\/schema\/logo\/image\/\"}}]}<\/script>\n<!-- \/ Yoast SEO Premium plugin. -->","yoast_head_json":{"title":"Certificado de Acreditaci\u00f3n - Trace Analytics, the AirCheck Lab","robots":{"index":"index","follow":"follow","max-snippet":"max-snippet:-1","max-image-preview":"max-image-preview:large","max-video-preview":"max-video-preview:-1"},"canonical":"https:\/\/www.airchecklab.com\/es\/referencias\/certificado-de-acreditacion\/","og_locale":"es_ES","og_type":"article","og_title":"Certificado de Acreditaci\u00f3n","og_description":"Laboratorio Acreditado por A2LA Trace Analytics, LLC pasa por una evaluaci\u00f3n rigurosa sobre sus aptitudes t\u00e9cnicas realizadas por la Asociaci\u00f3n Americana para la Acreditaci\u00f3n de Laboratorios. El criterio de evaluaci\u00f3n est\u00e1 basado en la norma ISO \/ IEC 17025 la cual es aceptada internacionalmente y usada para la evaluaci\u00f3n de laboratorios en todo el mundo. ISO \/ IEC 17025 cubre los mismos principios del sistema de calidad que en el registro de ISO 9001. Al elegir un Trace Analytics, puedes [&hellip;]","og_url":"https:\/\/www.airchecklab.com\/es\/referencias\/certificado-de-acreditacion\/","og_site_name":"Trace Analytics, the AirCheck Lab","twitter_card":"summary_large_image","twitter_misc":{"Tiempo de lectura":"1 minuto"},"schema":{"@context":"https:\/\/schema.org","@graph":[{"@type":"WebPage","@id":"https:\/\/www.airchecklab.com\/es\/referencias\/certificado-de-acreditacion\/","url":"https:\/\/www.airchecklab.com\/es\/referencias\/certificado-de-acreditacion\/","name":"Certificado de Acreditaci\u00f3n - Trace Analytics, the AirCheck Lab","isPartOf":{"@id":"\/#website"},"datePublished":"2021-12-27T16:11:02+00:00","dateModified":"2021-12-27T16:11:02+00:00","breadcrumb":{"@id":"https:\/\/www.airchecklab.com\/es\/referencias\/certificado-de-acreditacion\/#breadcrumb"},"inLanguage":"es","potentialAction":[{"@type":"ReadAction","target":["https:\/\/www.airchecklab.com\/es\/referencias\/certificado-de-acreditacion\/"]}]},{"@type":"BreadcrumbList","@id":"https:\/\/www.airchecklab.com\/es\/referencias\/certificado-de-acreditacion\/#breadcrumb","itemListElement":[{"@type":"ListItem","position":1,"name":"Home","item":"https:\/\/www.airchecklab.com\/es\/analisis-de-seguimiento-pruebas-ambientales-y-de-aire-comprimido\/"},{"@type":"ListItem","position":2,"name":"Referencias","item":"https:\/\/www.airchecklab.com\/es\/referencias\/"},{"@type":"ListItem","position":3,"name":"Certificado de Acreditaci\u00f3n"}]},{"@type":"WebSite","@id":"\/#website","url":"\/","name":"Trace Analytics, the AirCheck Lab","description":"Compressed Air Testing for ISO 8573, Microbial, SQF, Breathing Air","publisher":{"@id":"\/#organization"},"potentialAction":[{"@type":"SearchAction","target":{"@type":"EntryPoint","urlTemplate":"\/?s={search_term_string}"},"query-input":"required name=search_term_string"}],"inLanguage":"es"},{"@type":"Organization","@id":"\/#organization","name":"Trace Analytics, LLC","url":"\/","logo":{"@type":"ImageObject","inLanguage":"es","@id":"\/#\/schema\/logo\/image\/","url":"https:\/\/www.airchecklab.com\/wp-content\/uploads\/2021\/08\/Blue-01.png","contentUrl":"https:\/\/www.airchecklab.com\/wp-content\/uploads\/2021\/08\/Blue-01.png","width":1600,"height":301,"caption":"Trace Analytics, LLC"},"image":{"@id":"\/#\/schema\/logo\/image\/"}}]}},"_links":{"self":[{"href":"https:\/\/www.airchecklab.com\/es\/wp-json\/wp\/v2\/pages\/22702"}],"collection":[{"href":"https:\/\/www.airchecklab.com\/es\/wp-json\/wp\/v2\/pages"}],"about":[{"href":"https:\/\/www.airchecklab.com\/es\/wp-json\/wp\/v2\/types\/page"}],"author":[{"embeddable":true,"href":"https:\/\/www.airchecklab.com\/es\/wp-json\/wp\/v2\/users\/1"}],"replies":[{"embeddable":true,"href":"https:\/\/www.airchecklab.com\/es\/wp-json\/wp\/v2\/comments?post=22702"}],"version-history":[{"count":0,"href":"https:\/\/www.airchecklab.com\/es\/wp-json\/wp\/v2\/pages\/22702\/revisions"}],"up":[{"embeddable":true,"href":"https:\/\/www.airchecklab.com\/es\/wp-json\/wp\/v2\/pages\/22717"}],"wp:attachment":[{"href":"https:\/\/www.airchecklab.com\/es\/wp-json\/wp\/v2\/media?parent=22702"}],"curies":[{"name":"wp","href":"https:\/\/api.w.org\/{rel}","templated":true}]}}