{"id":22711,"date":"2021-12-27T10:11:04","date_gmt":"2021-12-27T16:11:04","guid":{"rendered":"https:\/\/dev.airchecklab.com\/contactanos\/nuestro-equipo-de-expertos\/"},"modified":"2021-12-27T10:11:04","modified_gmt":"2021-12-27T16:11:04","slug":"nuestro-equipo-de-expertos","status":"publish","type":"page","link":"https:\/\/www.airchecklab.com\/es\/contactanos\/nuestro-equipo-de-expertos\/","title":{"rendered":"Nuestro Equipo de Expertos"},"content":{"rendered":"<h1 class=\"center uppercase\">Nuestro Equipo de Expertos<\/h1>\n<p>En Trace Analytics, tenemos al equipo m\u00e1s dedicado y con m\u00e1s conocimiento en el \u00e1rea de an\u00e1lisis de aire comprimido y gases. Nuestro negocio est\u00e1 fundado en base a nuestra experiencia y dedicaci\u00f3n nuestros a la comprensi\u00f3n de las necesidades de clientes. El deseo de proporcionar un servicio al cliente excelente al igual que una experiencia de an\u00e1lisis eficiente y exacta, ha sido la base de nuestra empresa desde 1989 &#8211; y lo sigue siendo hoy.<\/p>\n<p>Nos enorgullecemos del servicio a cliente que ofrecemos &#8211; es el n\u00facleo de nuestra relaci\u00f3n con todos los clientes. Los miembros de nuestro equipo pueden proporcionar asistencia t\u00e9cnica a trav\u00e9s de una llamada telef\u00f3nica o un correo electr\u00f3nico, incluso despu\u00e9s de horas h\u00e1biles. <a href=\"https:\/\/www.airchecklab.com\/?page_id=9991\">Cont\u00e1ctanos<\/a> para hablar de tus necesidades de an\u00e1lisis de aire y gas &#8211; estaremos encantados de ayudarte.<\/p>\n<p>[Employee first=&#8221;Adrienne&#8221; last=&#8221;Abatie&#8221; extension=&#8221;  ext. 229&#8243; title=&#8221;Sales Representative&#8221;]<br \/>\n[Employee first=&#8221;Erin&#8221; last=&#8221;Zimmerman&#8221; extension=&#8221;  ext. 210&#8243; title=&#8221;Customer Service Manager&#8221;]<br \/>\n[Employee first=&#8221;Michael&#8221; last=&#8221;Van Winkle&#8221; extension=&#8221;  ext. 231&#8243; title=&#8221;Customer Service Representative&#8221;]<br \/>\n[Employee first=&#8221;Ruby&#8221; last=&#8221;Ochoa&#8221; extension=&#8221;  ext. 211&#8243; title=&#8221;President \/ Owner&#8221;]<br \/>\n[Employee first=&#8221;Jessica&#8221; last=&#8221;Battcher&#8221; extension=&#8221;  ext. 224&#8243; title=&#8221;Customer Service Representative&#8221;]<br \/>\n[Employee first=&#8221;Tehreem&#8221; last=&#8221;Bilal&#8221; extension=&#8221;237&#8243; title=&#8221;Customer Service Representative&#8221;]<\/p>\n","protected":false},"excerpt":{"rendered":"<p>Nuestro Equipo de Expertos En Trace Analytics, tenemos al equipo m\u00e1s dedicado y con m\u00e1s conocimiento en el \u00e1rea de an\u00e1lisis de aire comprimido y gases. Nuestro negocio est\u00e1 fundado en base a nuestra experiencia y dedicaci\u00f3n nuestros a la comprensi\u00f3n de las necesidades de clientes. El deseo de proporcionar un servicio al cliente excelente al igual que una experiencia de an\u00e1lisis eficiente y exacta, ha sido la base de nuestra empresa desde 1989 &#8211; y lo sigue siendo hoy. [&hellip;]<\/p>\n","protected":false},"author":1,"featured_media":0,"parent":22710,"menu_order":0,"comment_status":"closed","ping_status":"open","template":"100-width.php","meta":{"content-type":""},"yoast_head":"<!-- This site is optimized with the Yoast SEO Premium plugin v20.0 (Yoast SEO v20.0) - https:\/\/yoast.com\/wordpress\/plugins\/seo\/ -->\n<title>Nuestro Equipo de Expertos - Trace Analytics, the AirCheck Lab<\/title>\n<meta name=\"description\" content=\"\u00a1Conoce al Equipo de Expertos de Trace Analytics!\" \/>\n<meta name=\"robots\" content=\"index, follow, max-snippet:-1, max-image-preview:large, max-video-preview:-1\" \/>\n<link rel=\"canonical\" href=\"https:\/\/www.airchecklab.com\/es\/contactanos\/nuestro-equipo-de-expertos\/\" \/>\n<meta property=\"og:locale\" content=\"es_ES\" \/>\n<meta property=\"og:type\" content=\"article\" \/>\n<meta property=\"og:title\" content=\"Nuestro Equipo de Expertos\" \/>\n<meta property=\"og:description\" content=\"\u00a1Conoce al Equipo de Expertos de Trace Analytics!\" \/>\n<meta property=\"og:url\" content=\"https:\/\/www.airchecklab.com\/es\/contactanos\/nuestro-equipo-de-expertos\/\" \/>\n<meta property=\"og:site_name\" content=\"Trace Analytics, the AirCheck Lab\" \/>\n<meta name=\"twitter:card\" content=\"summary_large_image\" \/>\n<meta name=\"twitter:label1\" content=\"Tiempo de lectura\" \/>\n\t<meta name=\"twitter:data1\" content=\"1 minuto\" \/>\n<script type=\"application\/ld+json\" class=\"yoast-schema-graph\">{\"@context\":\"https:\/\/schema.org\",\"@graph\":[{\"@type\":\"WebPage\",\"@id\":\"https:\/\/www.airchecklab.com\/es\/contactanos\/nuestro-equipo-de-expertos\/\",\"url\":\"https:\/\/www.airchecklab.com\/es\/contactanos\/nuestro-equipo-de-expertos\/\",\"name\":\"Nuestro Equipo de Expertos - Trace Analytics, the AirCheck Lab\",\"isPartOf\":{\"@id\":\"\/#website\"},\"datePublished\":\"2021-12-27T16:11:04+00:00\",\"dateModified\":\"2021-12-27T16:11:04+00:00\",\"description\":\"\u00a1Conoce al Equipo de Expertos de Trace Analytics!\",\"breadcrumb\":{\"@id\":\"https:\/\/www.airchecklab.com\/es\/contactanos\/nuestro-equipo-de-expertos\/#breadcrumb\"},\"inLanguage\":\"es\",\"potentialAction\":[{\"@type\":\"ReadAction\",\"target\":[\"https:\/\/www.airchecklab.com\/es\/contactanos\/nuestro-equipo-de-expertos\/\"]}]},{\"@type\":\"BreadcrumbList\",\"@id\":\"https:\/\/www.airchecklab.com\/es\/contactanos\/nuestro-equipo-de-expertos\/#breadcrumb\",\"itemListElement\":[{\"@type\":\"ListItem\",\"position\":1,\"name\":\"Home\",\"item\":\"https:\/\/www.airchecklab.com\/es\/analisis-de-seguimiento-pruebas-ambientales-y-de-aire-comprimido\/\"},{\"@type\":\"ListItem\",\"position\":2,\"name\":\"Cont\u00e1ctanos\",\"item\":\"https:\/\/www.airchecklab.com\/es\/contactanos\/\"},{\"@type\":\"ListItem\",\"position\":3,\"name\":\"Nuestro Equipo de Expertos\"}]},{\"@type\":\"WebSite\",\"@id\":\"\/#website\",\"url\":\"\/\",\"name\":\"Trace Analytics, the AirCheck Lab\",\"description\":\"Compressed Air Testing for ISO 8573, Microbial, SQF, Breathing Air\",\"publisher\":{\"@id\":\"\/#organization\"},\"potentialAction\":[{\"@type\":\"SearchAction\",\"target\":{\"@type\":\"EntryPoint\",\"urlTemplate\":\"\/?s={search_term_string}\"},\"query-input\":\"required name=search_term_string\"}],\"inLanguage\":\"es\"},{\"@type\":\"Organization\",\"@id\":\"\/#organization\",\"name\":\"Trace Analytics, LLC\",\"url\":\"\/\",\"logo\":{\"@type\":\"ImageObject\",\"inLanguage\":\"es\",\"@id\":\"\/#\/schema\/logo\/image\/\",\"url\":\"https:\/\/www.airchecklab.com\/wp-content\/uploads\/2021\/08\/Blue-01.png\",\"contentUrl\":\"https:\/\/www.airchecklab.com\/wp-content\/uploads\/2021\/08\/Blue-01.png\",\"width\":1600,\"height\":301,\"caption\":\"Trace Analytics, LLC\"},\"image\":{\"@id\":\"\/#\/schema\/logo\/image\/\"}}]}<\/script>\n<!-- \/ Yoast SEO Premium plugin. -->","yoast_head_json":{"title":"Nuestro Equipo de Expertos - Trace Analytics, the AirCheck Lab","description":"\u00a1Conoce al Equipo de Expertos de Trace Analytics!","robots":{"index":"index","follow":"follow","max-snippet":"max-snippet:-1","max-image-preview":"max-image-preview:large","max-video-preview":"max-video-preview:-1"},"canonical":"https:\/\/www.airchecklab.com\/es\/contactanos\/nuestro-equipo-de-expertos\/","og_locale":"es_ES","og_type":"article","og_title":"Nuestro Equipo de Expertos","og_description":"\u00a1Conoce al Equipo de Expertos de Trace Analytics!","og_url":"https:\/\/www.airchecklab.com\/es\/contactanos\/nuestro-equipo-de-expertos\/","og_site_name":"Trace Analytics, the AirCheck Lab","twitter_card":"summary_large_image","twitter_misc":{"Tiempo de lectura":"1 minuto"},"schema":{"@context":"https:\/\/schema.org","@graph":[{"@type":"WebPage","@id":"https:\/\/www.airchecklab.com\/es\/contactanos\/nuestro-equipo-de-expertos\/","url":"https:\/\/www.airchecklab.com\/es\/contactanos\/nuestro-equipo-de-expertos\/","name":"Nuestro Equipo de Expertos - Trace Analytics, the AirCheck Lab","isPartOf":{"@id":"\/#website"},"datePublished":"2021-12-27T16:11:04+00:00","dateModified":"2021-12-27T16:11:04+00:00","description":"\u00a1Conoce al Equipo de Expertos de Trace Analytics!","breadcrumb":{"@id":"https:\/\/www.airchecklab.com\/es\/contactanos\/nuestro-equipo-de-expertos\/#breadcrumb"},"inLanguage":"es","potentialAction":[{"@type":"ReadAction","target":["https:\/\/www.airchecklab.com\/es\/contactanos\/nuestro-equipo-de-expertos\/"]}]},{"@type":"BreadcrumbList","@id":"https:\/\/www.airchecklab.com\/es\/contactanos\/nuestro-equipo-de-expertos\/#breadcrumb","itemListElement":[{"@type":"ListItem","position":1,"name":"Home","item":"https:\/\/www.airchecklab.com\/es\/analisis-de-seguimiento-pruebas-ambientales-y-de-aire-comprimido\/"},{"@type":"ListItem","position":2,"name":"Cont\u00e1ctanos","item":"https:\/\/www.airchecklab.com\/es\/contactanos\/"},{"@type":"ListItem","position":3,"name":"Nuestro Equipo de Expertos"}]},{"@type":"WebSite","@id":"\/#website","url":"\/","name":"Trace Analytics, the AirCheck Lab","description":"Compressed Air Testing for ISO 8573, Microbial, SQF, Breathing Air","publisher":{"@id":"\/#organization"},"potentialAction":[{"@type":"SearchAction","target":{"@type":"EntryPoint","urlTemplate":"\/?s={search_term_string}"},"query-input":"required name=search_term_string"}],"inLanguage":"es"},{"@type":"Organization","@id":"\/#organization","name":"Trace Analytics, LLC","url":"\/","logo":{"@type":"ImageObject","inLanguage":"es","@id":"\/#\/schema\/logo\/image\/","url":"https:\/\/www.airchecklab.com\/wp-content\/uploads\/2021\/08\/Blue-01.png","contentUrl":"https:\/\/www.airchecklab.com\/wp-content\/uploads\/2021\/08\/Blue-01.png","width":1600,"height":301,"caption":"Trace Analytics, LLC"},"image":{"@id":"\/#\/schema\/logo\/image\/"}}]}},"_links":{"self":[{"href":"https:\/\/www.airchecklab.com\/es\/wp-json\/wp\/v2\/pages\/22711"}],"collection":[{"href":"https:\/\/www.airchecklab.com\/es\/wp-json\/wp\/v2\/pages"}],"about":[{"href":"https:\/\/www.airchecklab.com\/es\/wp-json\/wp\/v2\/types\/page"}],"author":[{"embeddable":true,"href":"https:\/\/www.airchecklab.com\/es\/wp-json\/wp\/v2\/users\/1"}],"replies":[{"embeddable":true,"href":"https:\/\/www.airchecklab.com\/es\/wp-json\/wp\/v2\/comments?post=22711"}],"version-history":[{"count":0,"href":"https:\/\/www.airchecklab.com\/es\/wp-json\/wp\/v2\/pages\/22711\/revisions"}],"up":[{"embeddable":true,"href":"https:\/\/www.airchecklab.com\/es\/wp-json\/wp\/v2\/pages\/22710"}],"wp:attachment":[{"href":"https:\/\/www.airchecklab.com\/es\/wp-json\/wp\/v2\/media?parent=22711"}],"curies":[{"name":"wp","href":"https:\/\/api.w.org\/{rel}","templated":true}]}}