{"id":22712,"date":"2021-12-27T10:11:04","date_gmt":"2021-12-27T16:11:04","guid":{"rendered":"https:\/\/dev.airchecklab.com\/recursos\/metodos-de-muestreo-y-prueba-iso-8573\/"},"modified":"2021-12-27T10:11:04","modified_gmt":"2021-12-27T16:11:04","slug":"metodos-de-muestreo-y-prueba-iso-8573","status":"publish","type":"page","link":"https:\/\/www.airchecklab.com\/es\/recursos\/metodos-de-muestreo-y-prueba-iso-8573\/","title":{"rendered":"M\u00e9todos de muestreo y prueba ISO 8573"},"content":{"rendered":"<h1>M\u00e9todos de muestreo y prueba ISO 8573<\/h1>\n<p>ISO 8573 se compone de nueve documentos que describen los contaminantes del aire comprimido y las clases de pureza, adem\u00e1s de las t\u00e9cnicas de muestreo y an\u00e1lisis que se utilizar\u00e1n. El est\u00e1ndar se usa ampliamente en las industrias de aire para instrumentos, dispositivos m\u00e9dicos, alimentos y farmac\u00e9utica. Para obtener m\u00e1s informaci\u00f3n, lea nuestro informe t\u00e9cnico ISO 8573 a continuaci\u00f3n:<\/p>\n<p>[DisplayPDF pdf=&#8221;ISO-8573-White-Paper.pdf&#8221; description=&#8221;White Paper: ISO 8573 Compressed Air Contaminants, Purity Classes, &amp; Methods&#8221;]<\/p>\n","protected":false},"excerpt":{"rendered":"<p>M\u00e9todos de muestreo y prueba ISO 8573 ISO 8573 se compone de nueve documentos que describen los contaminantes del aire comprimido y las clases de pureza, adem\u00e1s de las t\u00e9cnicas de muestreo y an\u00e1lisis que se utilizar\u00e1n. El est\u00e1ndar se usa ampliamente en las industrias de aire para instrumentos, dispositivos m\u00e9dicos, alimentos y farmac\u00e9utica. Para obtener m\u00e1s informaci\u00f3n, lea nuestro informe t\u00e9cnico ISO 8573 a continuaci\u00f3n: [DisplayPDF pdf=&#8221;ISO-8573-White-Paper.pdf&#8221; description=&#8221;White Paper: ISO 8573 Compressed Air Contaminants, Purity Classes, &amp; Methods&#8221;]<\/p>\n","protected":false},"author":1,"featured_media":0,"parent":22340,"menu_order":0,"comment_status":"closed","ping_status":"closed","template":"index.php","meta":{"content-type":""},"yoast_head":"<!-- This site is optimized with the Yoast SEO Premium plugin v20.0 (Yoast SEO v20.0) - https:\/\/yoast.com\/wordpress\/plugins\/seo\/ -->\n<title>M\u00e9todos de muestreo y prueba ISO 8573 - Trace Analytics, the AirCheck Lab<\/title>\n<meta name=\"robots\" content=\"index, follow, max-snippet:-1, max-image-preview:large, max-video-preview:-1\" \/>\n<link rel=\"canonical\" href=\"https:\/\/www.airchecklab.com\/es\/recursos\/metodos-de-muestreo-y-prueba-iso-8573\/\" \/>\n<meta property=\"og:locale\" content=\"es_ES\" \/>\n<meta property=\"og:type\" content=\"article\" \/>\n<meta property=\"og:title\" content=\"M\u00e9todos de muestreo y prueba ISO 8573\" \/>\n<meta property=\"og:description\" content=\"M\u00e9todos de muestreo y prueba ISO 8573 ISO 8573 se compone de nueve documentos que describen los contaminantes del aire comprimido y las clases de pureza, adem\u00e1s de las t\u00e9cnicas de muestreo y an\u00e1lisis que se utilizar\u00e1n. El est\u00e1ndar se usa ampliamente en las industrias de aire para instrumentos, dispositivos m\u00e9dicos, alimentos y farmac\u00e9utica. Para obtener m\u00e1s informaci\u00f3n, lea nuestro informe t\u00e9cnico ISO 8573 a continuaci\u00f3n: [DisplayPDF pdf=&#8221;ISO-8573-White-Paper.pdf&#8221; description=&#8221;White Paper: ISO 8573 Compressed Air Contaminants, Purity Classes, &amp; Methods&#8221;]\" \/>\n<meta property=\"og:url\" content=\"https:\/\/www.airchecklab.com\/es\/recursos\/metodos-de-muestreo-y-prueba-iso-8573\/\" \/>\n<meta property=\"og:site_name\" content=\"Trace Analytics, the AirCheck Lab\" \/>\n<meta name=\"twitter:card\" content=\"summary_large_image\" \/>\n<script type=\"application\/ld+json\" class=\"yoast-schema-graph\">{\"@context\":\"https:\/\/schema.org\",\"@graph\":[{\"@type\":\"WebPage\",\"@id\":\"https:\/\/www.airchecklab.com\/es\/recursos\/metodos-de-muestreo-y-prueba-iso-8573\/\",\"url\":\"https:\/\/www.airchecklab.com\/es\/recursos\/metodos-de-muestreo-y-prueba-iso-8573\/\",\"name\":\"M\u00e9todos de muestreo y prueba ISO 8573 - Trace Analytics, the AirCheck Lab\",\"isPartOf\":{\"@id\":\"\/#website\"},\"datePublished\":\"2021-12-27T16:11:04+00:00\",\"dateModified\":\"2021-12-27T16:11:04+00:00\",\"breadcrumb\":{\"@id\":\"https:\/\/www.airchecklab.com\/es\/recursos\/metodos-de-muestreo-y-prueba-iso-8573\/#breadcrumb\"},\"inLanguage\":\"es\",\"potentialAction\":[{\"@type\":\"ReadAction\",\"target\":[\"https:\/\/www.airchecklab.com\/es\/recursos\/metodos-de-muestreo-y-prueba-iso-8573\/\"]}]},{\"@type\":\"BreadcrumbList\",\"@id\":\"https:\/\/www.airchecklab.com\/es\/recursos\/metodos-de-muestreo-y-prueba-iso-8573\/#breadcrumb\",\"itemListElement\":[{\"@type\":\"ListItem\",\"position\":1,\"name\":\"Home\",\"item\":\"https:\/\/www.airchecklab.com\/es\/analisis-de-seguimiento-pruebas-ambientales-y-de-aire-comprimido\/\"},{\"@type\":\"ListItem\",\"position\":2,\"name\":\"Recursos\",\"item\":\"https:\/\/www.airchecklab.com\/es\/recursos\/\"},{\"@type\":\"ListItem\",\"position\":3,\"name\":\"M\u00e9todos de muestreo y prueba ISO 8573\"}]},{\"@type\":\"WebSite\",\"@id\":\"\/#website\",\"url\":\"\/\",\"name\":\"Trace Analytics, the AirCheck Lab\",\"description\":\"Compressed Air Testing for ISO 8573, Microbial, SQF, Breathing Air\",\"publisher\":{\"@id\":\"\/#organization\"},\"potentialAction\":[{\"@type\":\"SearchAction\",\"target\":{\"@type\":\"EntryPoint\",\"urlTemplate\":\"\/?s={search_term_string}\"},\"query-input\":\"required name=search_term_string\"}],\"inLanguage\":\"es\"},{\"@type\":\"Organization\",\"@id\":\"\/#organization\",\"name\":\"Trace Analytics, LLC\",\"url\":\"\/\",\"logo\":{\"@type\":\"ImageObject\",\"inLanguage\":\"es\",\"@id\":\"\/#\/schema\/logo\/image\/\",\"url\":\"https:\/\/www.airchecklab.com\/wp-content\/uploads\/2021\/08\/Blue-01.png\",\"contentUrl\":\"https:\/\/www.airchecklab.com\/wp-content\/uploads\/2021\/08\/Blue-01.png\",\"width\":1600,\"height\":301,\"caption\":\"Trace Analytics, LLC\"},\"image\":{\"@id\":\"\/#\/schema\/logo\/image\/\"}}]}<\/script>\n<!-- \/ Yoast SEO Premium plugin. -->","yoast_head_json":{"title":"M\u00e9todos de muestreo y prueba ISO 8573 - Trace Analytics, the AirCheck Lab","robots":{"index":"index","follow":"follow","max-snippet":"max-snippet:-1","max-image-preview":"max-image-preview:large","max-video-preview":"max-video-preview:-1"},"canonical":"https:\/\/www.airchecklab.com\/es\/recursos\/metodos-de-muestreo-y-prueba-iso-8573\/","og_locale":"es_ES","og_type":"article","og_title":"M\u00e9todos de muestreo y prueba ISO 8573","og_description":"M\u00e9todos de muestreo y prueba ISO 8573 ISO 8573 se compone de nueve documentos que describen los contaminantes del aire comprimido y las clases de pureza, adem\u00e1s de las t\u00e9cnicas de muestreo y an\u00e1lisis que se utilizar\u00e1n. El est\u00e1ndar se usa ampliamente en las industrias de aire para instrumentos, dispositivos m\u00e9dicos, alimentos y farmac\u00e9utica. Para obtener m\u00e1s informaci\u00f3n, lea nuestro informe t\u00e9cnico ISO 8573 a continuaci\u00f3n: [DisplayPDF pdf=&#8221;ISO-8573-White-Paper.pdf&#8221; description=&#8221;White Paper: ISO 8573 Compressed Air Contaminants, Purity Classes, &amp; Methods&#8221;]","og_url":"https:\/\/www.airchecklab.com\/es\/recursos\/metodos-de-muestreo-y-prueba-iso-8573\/","og_site_name":"Trace Analytics, the AirCheck Lab","twitter_card":"summary_large_image","schema":{"@context":"https:\/\/schema.org","@graph":[{"@type":"WebPage","@id":"https:\/\/www.airchecklab.com\/es\/recursos\/metodos-de-muestreo-y-prueba-iso-8573\/","url":"https:\/\/www.airchecklab.com\/es\/recursos\/metodos-de-muestreo-y-prueba-iso-8573\/","name":"M\u00e9todos de muestreo y prueba ISO 8573 - Trace Analytics, the AirCheck Lab","isPartOf":{"@id":"\/#website"},"datePublished":"2021-12-27T16:11:04+00:00","dateModified":"2021-12-27T16:11:04+00:00","breadcrumb":{"@id":"https:\/\/www.airchecklab.com\/es\/recursos\/metodos-de-muestreo-y-prueba-iso-8573\/#breadcrumb"},"inLanguage":"es","potentialAction":[{"@type":"ReadAction","target":["https:\/\/www.airchecklab.com\/es\/recursos\/metodos-de-muestreo-y-prueba-iso-8573\/"]}]},{"@type":"BreadcrumbList","@id":"https:\/\/www.airchecklab.com\/es\/recursos\/metodos-de-muestreo-y-prueba-iso-8573\/#breadcrumb","itemListElement":[{"@type":"ListItem","position":1,"name":"Home","item":"https:\/\/www.airchecklab.com\/es\/analisis-de-seguimiento-pruebas-ambientales-y-de-aire-comprimido\/"},{"@type":"ListItem","position":2,"name":"Recursos","item":"https:\/\/www.airchecklab.com\/es\/recursos\/"},{"@type":"ListItem","position":3,"name":"M\u00e9todos de muestreo y prueba ISO 8573"}]},{"@type":"WebSite","@id":"\/#website","url":"\/","name":"Trace Analytics, the AirCheck Lab","description":"Compressed Air Testing for ISO 8573, Microbial, SQF, Breathing Air","publisher":{"@id":"\/#organization"},"potentialAction":[{"@type":"SearchAction","target":{"@type":"EntryPoint","urlTemplate":"\/?s={search_term_string}"},"query-input":"required name=search_term_string"}],"inLanguage":"es"},{"@type":"Organization","@id":"\/#organization","name":"Trace Analytics, LLC","url":"\/","logo":{"@type":"ImageObject","inLanguage":"es","@id":"\/#\/schema\/logo\/image\/","url":"https:\/\/www.airchecklab.com\/wp-content\/uploads\/2021\/08\/Blue-01.png","contentUrl":"https:\/\/www.airchecklab.com\/wp-content\/uploads\/2021\/08\/Blue-01.png","width":1600,"height":301,"caption":"Trace Analytics, LLC"},"image":{"@id":"\/#\/schema\/logo\/image\/"}}]}},"_links":{"self":[{"href":"https:\/\/www.airchecklab.com\/es\/wp-json\/wp\/v2\/pages\/22712"}],"collection":[{"href":"https:\/\/www.airchecklab.com\/es\/wp-json\/wp\/v2\/pages"}],"about":[{"href":"https:\/\/www.airchecklab.com\/es\/wp-json\/wp\/v2\/types\/page"}],"author":[{"embeddable":true,"href":"https:\/\/www.airchecklab.com\/es\/wp-json\/wp\/v2\/users\/1"}],"replies":[{"embeddable":true,"href":"https:\/\/www.airchecklab.com\/es\/wp-json\/wp\/v2\/comments?post=22712"}],"version-history":[{"count":0,"href":"https:\/\/www.airchecklab.com\/es\/wp-json\/wp\/v2\/pages\/22712\/revisions"}],"up":[{"embeddable":true,"href":"https:\/\/www.airchecklab.com\/es\/wp-json\/wp\/v2\/pages\/22340"}],"wp:attachment":[{"href":"https:\/\/www.airchecklab.com\/es\/wp-json\/wp\/v2\/media?parent=22712"}],"curies":[{"name":"wp","href":"https:\/\/api.w.org\/{rel}","templated":true}]}}