{"id":22716,"date":"2021-12-27T10:11:04","date_gmt":"2021-12-27T16:11:04","guid":{"rendered":"https:\/\/dev.airchecklab.com\/contactanos\/testimonios\/"},"modified":"2021-12-27T10:11:04","modified_gmt":"2021-12-27T16:11:04","slug":"testimonios","status":"publish","type":"page","link":"https:\/\/www.airchecklab.com\/es\/contactanos\/testimonios\/","title":{"rendered":"Testimonios"},"content":{"rendered":"<div class=\"sixteen columns alpha omega\">\n<h1>Testimonios<\/h1>\n<p>En Trace Analytics, nuestra mayor fuente de nuevos negocios son las recomendaciones de clientes. Nuestra compa\u00f1\u00eda est\u00e1 fundada en base a nuestra experiencia, comprensi\u00f3n de las necesidades de nuestros clientes, excelente servicio al cliente y el deseo de proporcionar una experiencia de an\u00e1lisis de aire comprimido eficiente y exacta. Estos atributos han sido la base de nuestra compa\u00f1\u00eda desde 1989 y lo siguen siendo el d\u00eda de hoy.<\/p>\n<\/div>\n<hr>\n<div class=\"sixteen columns alpha omega\">\n<h2>Testimonios de Servicios de Compresores<\/h2>\n<\/div>\n<div class=\"sixteen columns alpha omega\">\n<blockquote>\n<p>Tambi\u00e9n quiero aprovechar esta oportunidad para agradecer a cada uno en Trace (incluyendo al fan de los Green Bay Packers en el departamento de env\u00edos) por ser grandes socios. Su servicio de atenci\u00f3n al cliente es excelente. Cada vez que me he puesto en contacto con ustedes, sin importar con quien hable, he sido tratado a un nivel que est\u00e1 m\u00e1s all\u00e1 de mis expectativas. \u00a1Son los mejores! Gracias otra vez.<\/p>\n<p class=\"right align-right small marb20\">\n Patrick J. Lejman<br \/>\n\t\t\t<a target=\"_blank\" href=\"http:\/\/www.aoe.net\" rel=\"noopener\"><\/a>Air One Equipment, Inc.<\/a>\n\t\t<\/p>\n<\/blockquote>\n<\/div>\n<hr>\n<div class=\"sixteen columns alpha omega\">\n<h2>Testimonios de Departamentos de Bomberos<\/h2>\n<\/div>\n<div class=\"sixteen columns alpha omega\">\n<blockquote>\n<p>Gracias. Creo que su empresa hace de la toma de muestras y el enviado algo muy simple. Cualquier persona lo puede hacer siguiendo sus instrucciones. Le ped\u00ed a Doug Hall de Wayest Safety que nos ense\u00f1ara como tomar las muestras la primera vez. El los recomend\u00f3 mucho y eso fue suficiente para m\u00ed. Su compa\u00f1\u00eda demostr\u00f3 su capacidad al entregar resultados con rapidez. La se\u00f1orita Lindsey fue de gran ayuda para m\u00ed.<\/p>\n<p class=\"right align-right small marb20\">\n Pruitt polvoriento, CHMM<br \/>\n Especialista s\u00e9nior en seguridad<br \/>\n\t\t\t<a target=\"_blank\" href=\"http:\/\/www.targaresources.com\/\" rel=\"noopener\">Oleoducto Atlas<\/a>\n\t\t<\/p>\n<\/blockquote>\n<\/div>\n<div class=\"eight columns alpha\">\n<blockquote>\n<p>Quiero que sepan la simplicidad con la que conduje la toma de muestra. Las instrucciones fueron f\u00e1ciles de entender y el procedimiento pudo ser completado sin ning\u00fan problema. No tengo dudas acerca del equipo o el proceso. Gracias por el gran producto.<\/p>\n<p class=\"right align-right small marb20\">\n Scott L. Schneider<br \/>\n Subjefe de Operaciones Especiales<br \/>\n\t\t\t<a target=\"_blank\" href=\"http:\/\/www.two-rivers.org\/fire\/fire-department.php\" rel=\"noopener\">Departamento de Bomberos de Two Rivers<\/a>\n\t\t<\/p>\n<\/blockquote>\n<\/div>\n<div class=\"eight columns omega\">\n<blockquote>\n<p>Solamente quiero decir que hemos disfrutado nuestra relaci\u00f3n con su empresa y que todos ustedes nos han tratado de la mejor manera &#8230; \u00a1Es por eso que seguimos haciendo negocios con ustedes! Cualquier pregunta, problema o preocupaci\u00f3n que hemos tenido siempre ha sido resuelta con rapidez y de manera profesional. \u00a1Sigan as\u00ed!<\/p>\n<p class=\"right align-right small marb20\">\n Harold A. Bean<br \/>\n Jefe de bomberos<br \/>\n\t\t\t<a target=\"_blank\" href=\"http:\/\/www.cityofdelrio.com\/432\/Fire-Department\" rel=\"noopener\">Departamento de Bomberos y Rescate de Del Rio<\/a>\n\t\t<\/p>\n<\/blockquote>\n<\/div>\n<div class=\"sixteen columns alpha omega\">\n<blockquote>\n<p>Gracias por apresurar el an\u00e1lisis de mi muestra y enviarme los resultados hoy. El supervisor del departamento a\u00e9reo en la f\u00e1brica de camiones estaba preocupado porque necesitaba los resultados en su unidad antes de que el departamento de bomberos se llevara su cami\u00f3n ma\u00f1ana en la ma\u00f1ana. Gracias por venir a nuestro rescate otra vez, su servicio al cliente siempre ha sido excepcional.<\/p>\n<p class=\"right align-right small marb20\">\n George Burghardt<br \/>\n Especialista de campo senior<br \/>\n \u00c1rea Central de Servicios de Equipos contra Incendios<br \/>\n ASNT NDT Nivel III &#8211; N\u00famero de certificado 57479<br \/>\n\t\t\t<a target=\"_blank\" href=\"http:\/\/www.ul.com\" rel=\"noopener\">Underwriters Laboratories Inc.<\/a>\n\t\t<\/p>\n<\/blockquote>\n<\/div>\n<div class=\"clearfix\"><\/div>\n<hr class=\"mart15\">\n<div class=\"sixteen columns alpha omega\">\n<h2>Testimonios de Buceo<\/h2>\n<\/div>\n<div class=\"sixteen columns alpha omega\">\n<blockquote>\n<p>Si, ya recibimos nuestro reporte &#8211; gracias. Es la segunda vez que trabajamos con su compa\u00f1\u00eda (la primera vez fue en Roat\u00e1n, Honduras) y hemos estado muy contentos con la calidad de su servicio al cliente en ambas ocasiones. Usamos el AirCheck Kit sin ning\u00fan problema y recibimos los resultados r\u00e1pidamente. Recomendar\u00eda a su compa\u00f1\u00eda a cualquiera que me pregunte. Gracias otra vez por toda su ayuda.<\/p>\n<p class=\"right align-right small marb20\">\n Audrey Schlaff<br \/>\n IDCS # 185438<br \/>\n Gerente, <a target=\"_blank\" href=\"http:\/\/www.divelittlecorn.net\/cms\/\" rel=\"noopener\">Dive Little Corn<\/a>\n\t\t<\/p>\n<\/blockquote>\n<\/div>\n<div class=\"eight columns alpha\">\n<blockquote>\n<p>\u00a1Gracias por el servicio que fue INCRE\u00cdBLEMENTE R\u00c1PIDO! \u00a1Estoy completamente impresionado y lo aprecio MUCH\u00cdSIMO! Son los mejores.<\/p>\n<p class=\"right align-right small marb20\">\n Paul Pelletier<br \/>\n\t\t\t<a target=\"_blank\" href=\"http:\/\/www.watersportsscuba.com\" rel=\"noopener\">Deportes acu\u00e1ticos<\/a><br \/>\n Toronto Canada\n\t\t<\/p>\n<\/blockquote>\n<\/div>\n<div class=\"eight columns omega\">\n<blockquote>\n<p>GUAU. Estoy impresionado con su cumplimiento. \u00a1GRACIAS! Es un muy buen negocio.<\/p>\n<p class=\"right align-right small marb20\">\n Bill Barnes<br \/>\n Mountain Harbour Resort<br \/>\n\t\t\t<a target=\"_blank\" href=\"http:\/\/www.mountainharborresort.com\" rel=\"noopener\">Mountain Harbour Resort<\/a>\n\t\t<\/p>\n<\/blockquote>\n<\/div>\n<div class=\"sixteen columns alpha omega\">\n<blockquote>\n<p>Su compa\u00f1\u00eda &amp; personal son extremadamente serviciales. El kit est\u00e1 muy bien hecho &amp; es muy f\u00e1cil de usar. Estoy muy contento por haber usado su compa\u00f1\u00eda para este an\u00e1lisis tan importante para mi empresa y mis clientes.<\/p>\n<p class=\"right align-right small marb20\">\n Scott Andrejeski <br \/> Servicio Divemaster, Inc.\n\t\t<\/p>\n<\/blockquote>\n<\/div>\n<div class=\"clearfix\"><\/div>\n<hr class=\"mart15\">\n<div class=\"eight columns alpha\">\n<h2>Testimonios de la Industria Automotriz<\/h2>\n<blockquote>\n<p>Desde que vi el kit para la toma de muestra, me di cuenta que en Trace Analytics son muy buenos para pensar en los detalles, y es realmente alentador trabajar con gente as\u00ed.<\/p>\n<p class=\"right align-right small marb20\">\n Bob N.<br \/>\n\t\t\t<a target=\"_blank\" href=\"http:\/\/www.bendix.com\" rel=\"noopener\">Bendix Commercial Vehicle Systems, LLC<\/a>\n\t\t<\/p>\n<\/blockquote>\n<\/div>\n<div class=\"eight columns omega\">\n<h2>Testimonios del Gobierno<\/h2>\n<blockquote>\n<p>Veo que el apoyo hacia los Marines es de tan alta calidad como era para el Army cuando estuve en Iraq de Octubre 2004 a November 2006 en el programa de TICPDE. Gracias otra vez.<\/p>\n<p class=\"right align-right small marb20\">\n Dwane E. James<br \/>\n Cable de mantenimiento QBRN<br \/>\n\t\t\t<a target=\"_blank\" href=\"http:\/\/www.marines.com\/operating-forces\/structure\" rel=\"noopener\">Grupo de trabajo marino aire-tierra<\/a>\n\t\t<\/p>\n<\/blockquote>\n<\/div>\n<div class=\"clearfix\"><\/div>\n<hr class=\"mart15\">\n<div class=\"sixteen columns alpha omega\">\n<h2>Testimonios de la Industria<\/h2>\n<blockquote>\n<p>Todas mis experiencias han sido muy profesionales y de mucha ayuda. El folleto incluido con el kit fue muy informativo y detallado. Creo que este proceso va a funcionar muy bien con nosotros. Gracias por su ayuda en iniciar este programa para nosotros.<\/p>\n<p class=\"right align-right small marb20\">\n Brian K. Fischer<br \/>\n Nebraska\n\t\t<\/p>\n<\/blockquote>\n<\/div>\n<div class=\"clearfix\"><\/div>\n<hr class=\"mart15\">\n<div class=\"sixteen columns alpha omega\">\n<h2>Testimonios de la Industria Alimenticia<\/h2>\n<blockquote>\n<p>Cualquiera que busque analizar su aire, este es el camino indicado. Utilic\u00e9 Trace, y el proceso de inicio a fin fue muy simple. La toma de muestras puede parecer un poco intimidante, pero ya que empiezas a hacerlo, te das cuenta que es muy f\u00e1cil.<\/p>\n<p class=\"right align-right small marb20\">\n Brian Weber<br \/>\n Misuri\n\t\t<\/p>\n<\/blockquote>\n<\/div>\n<hr class=\"mart15\">\n<a class=\"medium blue button\" href=\"https:\/\/www.airchecklab.com\/?page_id=8710\">Enviar Testimonio<\/a><\/p>\n","protected":false},"excerpt":{"rendered":"<p>Testimonios En Trace Analytics, nuestra mayor fuente de nuevos negocios son las recomendaciones de clientes. Nuestra compa\u00f1\u00eda est\u00e1 fundada en base a nuestra experiencia, comprensi\u00f3n de las necesidades de nuestros clientes, excelente servicio al cliente y el deseo de proporcionar una experiencia de an\u00e1lisis de aire comprimido eficiente y exacta. Estos atributos han sido la base de nuestra compa\u00f1\u00eda desde 1989 y lo siguen siendo el d\u00eda de hoy. Testimonios de Servicios de Compresores Tambi\u00e9n quiero aprovechar esta oportunidad para [&hellip;]<\/p>\n","protected":false},"author":1,"featured_media":0,"parent":22710,"menu_order":0,"comment_status":"closed","ping_status":"closed","template":"100-width.php","meta":{"content-type":""},"yoast_head":"<!-- This site is optimized with the Yoast SEO Premium plugin v20.0 (Yoast SEO v20.0) - https:\/\/yoast.com\/wordpress\/plugins\/seo\/ -->\n<title>Testimonios - Trace Analytics, the AirCheck Lab<\/title>\n<meta name=\"robots\" content=\"index, follow, max-snippet:-1, max-image-preview:large, max-video-preview:-1\" \/>\n<link rel=\"canonical\" href=\"https:\/\/www.airchecklab.com\/es\/contactanos\/testimonios\/\" \/>\n<meta property=\"og:locale\" content=\"es_ES\" \/>\n<meta property=\"og:type\" content=\"article\" \/>\n<meta property=\"og:title\" content=\"Testimonios\" \/>\n<meta property=\"og:description\" content=\"Testimonios En Trace Analytics, nuestra mayor fuente de nuevos negocios son las recomendaciones de clientes. Nuestra compa\u00f1\u00eda est\u00e1 fundada en base a nuestra experiencia, comprensi\u00f3n de las necesidades de nuestros clientes, excelente servicio al cliente y el deseo de proporcionar una experiencia de an\u00e1lisis de aire comprimido eficiente y exacta. Estos atributos han sido la base de nuestra compa\u00f1\u00eda desde 1989 y lo siguen siendo el d\u00eda de hoy. Testimonios de Servicios de Compresores Tambi\u00e9n quiero aprovechar esta oportunidad para [&hellip;]\" \/>\n<meta property=\"og:url\" content=\"https:\/\/www.airchecklab.com\/es\/contactanos\/testimonios\/\" \/>\n<meta property=\"og:site_name\" content=\"Trace Analytics, the AirCheck Lab\" \/>\n<meta name=\"twitter:card\" content=\"summary_large_image\" \/>\n<meta name=\"twitter:label1\" content=\"Tiempo de lectura\" \/>\n\t<meta name=\"twitter:data1\" content=\"4 minutos\" \/>\n<script type=\"application\/ld+json\" class=\"yoast-schema-graph\">{\"@context\":\"https:\/\/schema.org\",\"@graph\":[{\"@type\":\"WebPage\",\"@id\":\"https:\/\/www.airchecklab.com\/es\/contactanos\/testimonios\/\",\"url\":\"https:\/\/www.airchecklab.com\/es\/contactanos\/testimonios\/\",\"name\":\"Testimonios - Trace Analytics, the AirCheck Lab\",\"isPartOf\":{\"@id\":\"\/#website\"},\"datePublished\":\"2021-12-27T16:11:04+00:00\",\"dateModified\":\"2021-12-27T16:11:04+00:00\",\"breadcrumb\":{\"@id\":\"https:\/\/www.airchecklab.com\/es\/contactanos\/testimonios\/#breadcrumb\"},\"inLanguage\":\"es\",\"potentialAction\":[{\"@type\":\"ReadAction\",\"target\":[\"https:\/\/www.airchecklab.com\/es\/contactanos\/testimonios\/\"]}]},{\"@type\":\"BreadcrumbList\",\"@id\":\"https:\/\/www.airchecklab.com\/es\/contactanos\/testimonios\/#breadcrumb\",\"itemListElement\":[{\"@type\":\"ListItem\",\"position\":1,\"name\":\"Home\",\"item\":\"https:\/\/www.airchecklab.com\/es\/analisis-de-seguimiento-pruebas-ambientales-y-de-aire-comprimido\/\"},{\"@type\":\"ListItem\",\"position\":2,\"name\":\"Cont\u00e1ctanos\",\"item\":\"https:\/\/www.airchecklab.com\/es\/contactanos\/\"},{\"@type\":\"ListItem\",\"position\":3,\"name\":\"Testimonios\"}]},{\"@type\":\"WebSite\",\"@id\":\"\/#website\",\"url\":\"\/\",\"name\":\"Trace Analytics, the AirCheck Lab\",\"description\":\"Compressed Air Testing for ISO 8573, Microbial, SQF, Breathing Air\",\"publisher\":{\"@id\":\"\/#organization\"},\"potentialAction\":[{\"@type\":\"SearchAction\",\"target\":{\"@type\":\"EntryPoint\",\"urlTemplate\":\"\/?s={search_term_string}\"},\"query-input\":\"required name=search_term_string\"}],\"inLanguage\":\"es\"},{\"@type\":\"Organization\",\"@id\":\"\/#organization\",\"name\":\"Trace Analytics, LLC\",\"url\":\"\/\",\"logo\":{\"@type\":\"ImageObject\",\"inLanguage\":\"es\",\"@id\":\"\/#\/schema\/logo\/image\/\",\"url\":\"https:\/\/www.airchecklab.com\/wp-content\/uploads\/2021\/08\/Blue-01.png\",\"contentUrl\":\"https:\/\/www.airchecklab.com\/wp-content\/uploads\/2021\/08\/Blue-01.png\",\"width\":1600,\"height\":301,\"caption\":\"Trace Analytics, LLC\"},\"image\":{\"@id\":\"\/#\/schema\/logo\/image\/\"}}]}<\/script>\n<!-- \/ Yoast SEO Premium plugin. -->","yoast_head_json":{"title":"Testimonios - Trace Analytics, the AirCheck Lab","robots":{"index":"index","follow":"follow","max-snippet":"max-snippet:-1","max-image-preview":"max-image-preview:large","max-video-preview":"max-video-preview:-1"},"canonical":"https:\/\/www.airchecklab.com\/es\/contactanos\/testimonios\/","og_locale":"es_ES","og_type":"article","og_title":"Testimonios","og_description":"Testimonios En Trace Analytics, nuestra mayor fuente de nuevos negocios son las recomendaciones de clientes. Nuestra compa\u00f1\u00eda est\u00e1 fundada en base a nuestra experiencia, comprensi\u00f3n de las necesidades de nuestros clientes, excelente servicio al cliente y el deseo de proporcionar una experiencia de an\u00e1lisis de aire comprimido eficiente y exacta. Estos atributos han sido la base de nuestra compa\u00f1\u00eda desde 1989 y lo siguen siendo el d\u00eda de hoy. Testimonios de Servicios de Compresores Tambi\u00e9n quiero aprovechar esta oportunidad para [&hellip;]","og_url":"https:\/\/www.airchecklab.com\/es\/contactanos\/testimonios\/","og_site_name":"Trace Analytics, the AirCheck Lab","twitter_card":"summary_large_image","twitter_misc":{"Tiempo de lectura":"4 minutos"},"schema":{"@context":"https:\/\/schema.org","@graph":[{"@type":"WebPage","@id":"https:\/\/www.airchecklab.com\/es\/contactanos\/testimonios\/","url":"https:\/\/www.airchecklab.com\/es\/contactanos\/testimonios\/","name":"Testimonios - Trace Analytics, the AirCheck Lab","isPartOf":{"@id":"\/#website"},"datePublished":"2021-12-27T16:11:04+00:00","dateModified":"2021-12-27T16:11:04+00:00","breadcrumb":{"@id":"https:\/\/www.airchecklab.com\/es\/contactanos\/testimonios\/#breadcrumb"},"inLanguage":"es","potentialAction":[{"@type":"ReadAction","target":["https:\/\/www.airchecklab.com\/es\/contactanos\/testimonios\/"]}]},{"@type":"BreadcrumbList","@id":"https:\/\/www.airchecklab.com\/es\/contactanos\/testimonios\/#breadcrumb","itemListElement":[{"@type":"ListItem","position":1,"name":"Home","item":"https:\/\/www.airchecklab.com\/es\/analisis-de-seguimiento-pruebas-ambientales-y-de-aire-comprimido\/"},{"@type":"ListItem","position":2,"name":"Cont\u00e1ctanos","item":"https:\/\/www.airchecklab.com\/es\/contactanos\/"},{"@type":"ListItem","position":3,"name":"Testimonios"}]},{"@type":"WebSite","@id":"\/#website","url":"\/","name":"Trace Analytics, the AirCheck Lab","description":"Compressed Air Testing for ISO 8573, Microbial, SQF, Breathing Air","publisher":{"@id":"\/#organization"},"potentialAction":[{"@type":"SearchAction","target":{"@type":"EntryPoint","urlTemplate":"\/?s={search_term_string}"},"query-input":"required name=search_term_string"}],"inLanguage":"es"},{"@type":"Organization","@id":"\/#organization","name":"Trace Analytics, LLC","url":"\/","logo":{"@type":"ImageObject","inLanguage":"es","@id":"\/#\/schema\/logo\/image\/","url":"https:\/\/www.airchecklab.com\/wp-content\/uploads\/2021\/08\/Blue-01.png","contentUrl":"https:\/\/www.airchecklab.com\/wp-content\/uploads\/2021\/08\/Blue-01.png","width":1600,"height":301,"caption":"Trace Analytics, LLC"},"image":{"@id":"\/#\/schema\/logo\/image\/"}}]}},"_links":{"self":[{"href":"https:\/\/www.airchecklab.com\/es\/wp-json\/wp\/v2\/pages\/22716"}],"collection":[{"href":"https:\/\/www.airchecklab.com\/es\/wp-json\/wp\/v2\/pages"}],"about":[{"href":"https:\/\/www.airchecklab.com\/es\/wp-json\/wp\/v2\/types\/page"}],"author":[{"embeddable":true,"href":"https:\/\/www.airchecklab.com\/es\/wp-json\/wp\/v2\/users\/1"}],"replies":[{"embeddable":true,"href":"https:\/\/www.airchecklab.com\/es\/wp-json\/wp\/v2\/comments?post=22716"}],"version-history":[{"count":0,"href":"https:\/\/www.airchecklab.com\/es\/wp-json\/wp\/v2\/pages\/22716\/revisions"}],"up":[{"embeddable":true,"href":"https:\/\/www.airchecklab.com\/es\/wp-json\/wp\/v2\/pages\/22710"}],"wp:attachment":[{"href":"https:\/\/www.airchecklab.com\/es\/wp-json\/wp\/v2\/media?parent=22716"}],"curies":[{"name":"wp","href":"https:\/\/api.w.org\/{rel}","templated":true}]}}