{"id":22719,"date":"2021-12-27T10:11:05","date_gmt":"2021-12-27T16:11:05","guid":{"rendered":"https:\/\/dev.airchecklab.com\/kits-de-aircheck%e2%9c%93\/"},"modified":"2021-12-27T10:11:05","modified_gmt":"2021-12-27T16:11:05","slug":"kits-de-aircheck%e2%9c%93","status":"publish","type":"page","link":"https:\/\/www.airchecklab.com\/es\/kits-de-aircheck%e2%9c%93\/","title":{"rendered":"Kits de AirCheck\u2713"},"content":{"rendered":"<div class=\"sixteen columns fullwidth blackbg\">\n<h1 class=\"uppercase center\"><i class=\"aircheck\">AirCheck <i class=\"tracecheck\">\u2713<\/i> Kits &#x2122;<\/i> y Reabastecimiento<\/h1>\n<p>Ya sea que quieras comprar un <i class=\"aircheck\">AirCheck <i class=\"tracecheck\">\u2713<\/i> Kit &#x2122;<\/i> para an\u00e1lisis de aire comprimido, reabastecer tu equipo de toma de muestra y otros productos consumibles o necesites remplazar partes da\u00f1adas o que faltan, queremos que el proceso sea lo m\u00e1s r\u00e1pido y f\u00e1cil posible.<\/p>\n<div class=\"eight columns alpha mart20\">\n<h2><span class=\"aircheck\">AirCheck <span class=\"tracecheck\">\u2713<\/span> Kits &#x2122;<\/span><\/h2>\n<p>Los <span class=\"aircheck\">AirCheck <span class=\"tracecheck\">\u2713<\/span> Kits &#x2122;<\/span> para el an\u00e1lisis de aire comprimido son cient\u00edficamente dise\u00f1ados y al mismo tiempo f\u00e1ciles de usar. La toma de muestra es simple con nuestros <a href=\"https:\/\/www.airchecklab.com\/resources\/sampling-instructions\/\">manuales con instrucciones paso a paso<\/a> y <a href=\"https:\/\/www.airchecklab.com\/aircheck-academy\/\">videos.<\/a><\/p>\n<p>La compra de una sola vez del kit (equipo de toma de muestra) elimina la necesidad de enviar el equipo de regreso al laboratorio cada vez que tomas una muestra de aire. Esto permite simplemente devolver el frasco ligero con la muestra de aire por medio del servicio de paqueter\u00eda de tu elecci\u00f3n. Como no hay necesidad de enviar cilindros presurizados y abultados &#8211; el env\u00edo y transporte del kit y los frascos es simple.<\/p>\n<\/p><\/div>\n<div class=\"eight columns omega mart20\">\n<h2>Reabastecimiento<\/h2>\n<p>Si ya has comprado un <span class=\"aircheck\">AirCheck <span class=\"tracecheck\">\u2713<\/span> Kit &#x2122;<\/span> y necesitas reponer los medios de toma de muestra o tienes partes que est\u00e1n da\u00f1adas o faltan, visita nuestra <a href=\"https:\/\/www.airchecklab.com\/resources\/restocks\/\">p\u00e1gina de reabastecimiento<\/a> .<\/p>\n<p>Hemos listado los elementos de repuesto m\u00e1s comunes, pero si necesitas otras partes, simplemente consulta tu <a href=\"https:\/\/www.airchecklab.com\/resources\/sampling-instructions\/\"><span class=\"aircheck\">Manual de AirCheck <span class=\"tracecheck\">\u2713<\/span> Kit &#x2122;<\/span><\/a> para obtener los n\u00fameros de pieza de lo que necesites.<\/p>\n<\/p><\/div>\n<\/div>\n<div class=\"sixteen columns fullwidth lightbg\">\n<h1 class=\"uppercase center\">Equipo de An\u00e1lisis de Aire Respirable<\/h1>\n<p>\t<a href=\"https:\/\/www.airchecklab.com\/?page_id=9991\"><img class=\"lazyload\" decoding=\"async\" style=\"border:1px solid black;\" src=\"data:image\/gif;base64,R0lGODlhAQABAAAAACH5BAEKAAEALAAAAAABAAEAAAICTAEAOw==\" data-orig-src=\"\/resources\/Precios-Para-Aire-Respirable.jpg\" alt=\"Precios Para Aire Respirable\"><\/a>\n<\/div>\n<div class=\"sixteen columns fullwidth blackbg\">\n<h1 class=\"uppercase center\">Equipo de An\u00e1lisis para Manufactura \/ ISO 8573<\/h1>\n<p>\t<a href=\"https:\/\/buy.airchecklab.com\/manufacturing\/\"><img class=\"lazyload\" decoding=\"async\" style=\"border:1px solid black;\" src=\"data:image\/gif;base64,R0lGODlhAQABAAAAACH5BAEKAAEALAAAAAABAAEAAAICTAEAOw==\" data-orig-src=\"\/resources\/ISO-8573-Testing-Equipment.jpg\" alt=\"ISO 8573 Testing Equipment\"><\/a><\/p>\n<\/div>\n<div class=\"sixteen columns fullwidth lightbg\">\n\t<!--[if lte IE 8]>\n\t\t<script charset=\"utf-8\" type=\"text\/javascript\" src=\"\/\/js.hsforms.net\/forms\/v2-legacy.js\"><\/script>\n\t<![endif]--><br \/>\n\t<script charset=\"utf-8\" type=\"text\/javascript\" src=\"\/\/js.hsforms.net\/forms\/v2.js\"><\/script><br \/>\n\t<script>\n\t\thbspt.forms.create({\n\t\t\tportalId: \"4558619\",\n\t\t\tformId: \"03e1782a-aa51-461e-b5d8-40699379c04b\"\n\t\t\t});\n\t<\/script>\n<\/div>\n","protected":false},"excerpt":{"rendered":"<p>AirCheck \u2713 Kits &#x2122; y Reabastecimiento Ya sea que quieras comprar un AirCheck \u2713 Kit &#x2122; para an\u00e1lisis de aire comprimido, reabastecer tu equipo de toma de muestra y otros productos consumibles o necesites remplazar partes da\u00f1adas o que faltan, queremos que el proceso sea lo m\u00e1s r\u00e1pido y f\u00e1cil posible. AirCheck \u2713 Kits &#x2122; Los AirCheck \u2713 Kits &#x2122; para el an\u00e1lisis de aire comprimido son cient\u00edficamente dise\u00f1ados y al mismo tiempo f\u00e1ciles de usar. La toma de muestra [&hellip;]<\/p>\n","protected":false},"author":1,"featured_media":0,"parent":0,"menu_order":0,"comment_status":"closed","ping_status":"open","template":"100-width.php","meta":{"content-type":""},"yoast_head":"<!-- This site is optimized with the Yoast SEO Premium plugin v20.0 (Yoast SEO v20.0) - https:\/\/yoast.com\/wordpress\/plugins\/seo\/ -->\n<title>Kits de AirCheck\u2713 - Trace Analytics, the AirCheck Lab<\/title>\n<meta name=\"description\" content=\"Los AirCheck Kits son kits para el an\u00e1lisis de aire comprimido. Te permiten obtener una muestra y enviarla a nuestro laboratorio acreditado por A2LA para ser analizada.\" \/>\n<meta name=\"robots\" content=\"index, follow, max-snippet:-1, max-image-preview:large, max-video-preview:-1\" \/>\n<link rel=\"canonical\" href=\"https:\/\/www.airchecklab.com\/es\/kits-de-aircheck%e2%9c%93\/\" \/>\n<meta property=\"og:locale\" content=\"es_ES\" \/>\n<meta property=\"og:type\" content=\"article\" \/>\n<meta property=\"og:title\" content=\"Kits de AirCheck\u2713\" \/>\n<meta property=\"og:description\" content=\"Los AirCheck Kits son kits para el an\u00e1lisis de aire comprimido. Te permiten obtener una muestra y enviarla a nuestro laboratorio acreditado por A2LA para ser analizada.\" \/>\n<meta property=\"og:url\" content=\"https:\/\/www.airchecklab.com\/es\/kits-de-aircheck%e2%9c%93\/\" \/>\n<meta property=\"og:site_name\" content=\"Trace Analytics, the AirCheck Lab\" \/>\n<meta name=\"twitter:card\" content=\"summary_large_image\" \/>\n<meta name=\"twitter:label1\" content=\"Tiempo de lectura\" \/>\n\t<meta name=\"twitter:data1\" content=\"1 minuto\" \/>\n<script type=\"application\/ld+json\" class=\"yoast-schema-graph\">{\"@context\":\"https:\/\/schema.org\",\"@graph\":[{\"@type\":\"WebPage\",\"@id\":\"https:\/\/www.airchecklab.com\/es\/kits-de-aircheck%e2%9c%93\/\",\"url\":\"https:\/\/www.airchecklab.com\/es\/kits-de-aircheck%e2%9c%93\/\",\"name\":\"Kits de AirCheck\u2713 - Trace Analytics, the AirCheck Lab\",\"isPartOf\":{\"@id\":\"\/#website\"},\"datePublished\":\"2021-12-27T16:11:05+00:00\",\"dateModified\":\"2021-12-27T16:11:05+00:00\",\"description\":\"Los AirCheck Kits son kits para el an\u00e1lisis de aire comprimido. Te permiten obtener una muestra y enviarla a nuestro laboratorio acreditado por A2LA para ser analizada.\",\"breadcrumb\":{\"@id\":\"https:\/\/www.airchecklab.com\/es\/kits-de-aircheck%e2%9c%93\/#breadcrumb\"},\"inLanguage\":\"es\",\"potentialAction\":[{\"@type\":\"ReadAction\",\"target\":[\"https:\/\/www.airchecklab.com\/es\/kits-de-aircheck%e2%9c%93\/\"]}]},{\"@type\":\"BreadcrumbList\",\"@id\":\"https:\/\/www.airchecklab.com\/es\/kits-de-aircheck%e2%9c%93\/#breadcrumb\",\"itemListElement\":[{\"@type\":\"ListItem\",\"position\":1,\"name\":\"Home\",\"item\":\"https:\/\/www.airchecklab.com\/es\/analisis-de-seguimiento-pruebas-ambientales-y-de-aire-comprimido\/\"},{\"@type\":\"ListItem\",\"position\":2,\"name\":\"Kits de AirCheck\u2713\"}]},{\"@type\":\"WebSite\",\"@id\":\"\/#website\",\"url\":\"\/\",\"name\":\"Trace Analytics, the AirCheck Lab\",\"description\":\"Compressed Air Testing for ISO 8573, Microbial, SQF, Breathing Air\",\"publisher\":{\"@id\":\"\/#organization\"},\"potentialAction\":[{\"@type\":\"SearchAction\",\"target\":{\"@type\":\"EntryPoint\",\"urlTemplate\":\"\/?s={search_term_string}\"},\"query-input\":\"required name=search_term_string\"}],\"inLanguage\":\"es\"},{\"@type\":\"Organization\",\"@id\":\"\/#organization\",\"name\":\"Trace Analytics, LLC\",\"url\":\"\/\",\"logo\":{\"@type\":\"ImageObject\",\"inLanguage\":\"es\",\"@id\":\"\/#\/schema\/logo\/image\/\",\"url\":\"https:\/\/www.airchecklab.com\/wp-content\/uploads\/2021\/08\/Blue-01.png\",\"contentUrl\":\"https:\/\/www.airchecklab.com\/wp-content\/uploads\/2021\/08\/Blue-01.png\",\"width\":1600,\"height\":301,\"caption\":\"Trace Analytics, LLC\"},\"image\":{\"@id\":\"\/#\/schema\/logo\/image\/\"}}]}<\/script>\n<!-- \/ Yoast SEO Premium plugin. -->","yoast_head_json":{"title":"Kits de AirCheck\u2713 - Trace Analytics, the AirCheck Lab","description":"Los AirCheck Kits son kits para el an\u00e1lisis de aire comprimido. Te permiten obtener una muestra y enviarla a nuestro laboratorio acreditado por A2LA para ser analizada.","robots":{"index":"index","follow":"follow","max-snippet":"max-snippet:-1","max-image-preview":"max-image-preview:large","max-video-preview":"max-video-preview:-1"},"canonical":"https:\/\/www.airchecklab.com\/es\/kits-de-aircheck%e2%9c%93\/","og_locale":"es_ES","og_type":"article","og_title":"Kits de AirCheck\u2713","og_description":"Los AirCheck Kits son kits para el an\u00e1lisis de aire comprimido. Te permiten obtener una muestra y enviarla a nuestro laboratorio acreditado por A2LA para ser analizada.","og_url":"https:\/\/www.airchecklab.com\/es\/kits-de-aircheck%e2%9c%93\/","og_site_name":"Trace Analytics, the AirCheck Lab","twitter_card":"summary_large_image","twitter_misc":{"Tiempo de lectura":"1 minuto"},"schema":{"@context":"https:\/\/schema.org","@graph":[{"@type":"WebPage","@id":"https:\/\/www.airchecklab.com\/es\/kits-de-aircheck%e2%9c%93\/","url":"https:\/\/www.airchecklab.com\/es\/kits-de-aircheck%e2%9c%93\/","name":"Kits de AirCheck\u2713 - Trace Analytics, the AirCheck Lab","isPartOf":{"@id":"\/#website"},"datePublished":"2021-12-27T16:11:05+00:00","dateModified":"2021-12-27T16:11:05+00:00","description":"Los AirCheck Kits son kits para el an\u00e1lisis de aire comprimido. Te permiten obtener una muestra y enviarla a nuestro laboratorio acreditado por A2LA para ser analizada.","breadcrumb":{"@id":"https:\/\/www.airchecklab.com\/es\/kits-de-aircheck%e2%9c%93\/#breadcrumb"},"inLanguage":"es","potentialAction":[{"@type":"ReadAction","target":["https:\/\/www.airchecklab.com\/es\/kits-de-aircheck%e2%9c%93\/"]}]},{"@type":"BreadcrumbList","@id":"https:\/\/www.airchecklab.com\/es\/kits-de-aircheck%e2%9c%93\/#breadcrumb","itemListElement":[{"@type":"ListItem","position":1,"name":"Home","item":"https:\/\/www.airchecklab.com\/es\/analisis-de-seguimiento-pruebas-ambientales-y-de-aire-comprimido\/"},{"@type":"ListItem","position":2,"name":"Kits de AirCheck\u2713"}]},{"@type":"WebSite","@id":"\/#website","url":"\/","name":"Trace Analytics, the AirCheck Lab","description":"Compressed Air Testing for ISO 8573, Microbial, SQF, Breathing Air","publisher":{"@id":"\/#organization"},"potentialAction":[{"@type":"SearchAction","target":{"@type":"EntryPoint","urlTemplate":"\/?s={search_term_string}"},"query-input":"required name=search_term_string"}],"inLanguage":"es"},{"@type":"Organization","@id":"\/#organization","name":"Trace Analytics, LLC","url":"\/","logo":{"@type":"ImageObject","inLanguage":"es","@id":"\/#\/schema\/logo\/image\/","url":"https:\/\/www.airchecklab.com\/wp-content\/uploads\/2021\/08\/Blue-01.png","contentUrl":"https:\/\/www.airchecklab.com\/wp-content\/uploads\/2021\/08\/Blue-01.png","width":1600,"height":301,"caption":"Trace Analytics, LLC"},"image":{"@id":"\/#\/schema\/logo\/image\/"}}]}},"_links":{"self":[{"href":"https:\/\/www.airchecklab.com\/es\/wp-json\/wp\/v2\/pages\/22719"}],"collection":[{"href":"https:\/\/www.airchecklab.com\/es\/wp-json\/wp\/v2\/pages"}],"about":[{"href":"https:\/\/www.airchecklab.com\/es\/wp-json\/wp\/v2\/types\/page"}],"author":[{"embeddable":true,"href":"https:\/\/www.airchecklab.com\/es\/wp-json\/wp\/v2\/users\/1"}],"replies":[{"embeddable":true,"href":"https:\/\/www.airchecklab.com\/es\/wp-json\/wp\/v2\/comments?post=22719"}],"version-history":[{"count":0,"href":"https:\/\/www.airchecklab.com\/es\/wp-json\/wp\/v2\/pages\/22719\/revisions"}],"wp:attachment":[{"href":"https:\/\/www.airchecklab.com\/es\/wp-json\/wp\/v2\/media?parent=22719"}],"curies":[{"name":"wp","href":"https:\/\/api.w.org\/{rel}","templated":true}]}}