{"id":22722,"date":"2021-12-27T10:11:07","date_gmt":"2021-12-27T16:11:07","guid":{"rendered":"https:\/\/dev.airchecklab.com\/normas-y-especificaciones\/especificaciones-microbianas-para-salas-blancas-de-aire-comprimido\/"},"modified":"2021-12-27T10:11:07","modified_gmt":"2021-12-27T16:11:07","slug":"especificaciones-microbianas-para-salas-blancas-de-aire-comprimido","status":"publish","type":"page","link":"https:\/\/www.airchecklab.com\/es\/referencias\/normas-y-especificaciones\/especificaciones-microbianas-para-salas-blancas-de-aire-comprimido\/","title":{"rendered":"Especificaciones microbianas \/ para salas blancas de Aire Comprimido"},"content":{"rendered":"<p>[blackbg]<\/p>\n<h1>Especificaciones microbianas \/ de sala limpia de Aire Comprimido<\/h1>\n<p>Trace Analytics, LLC se especializa en el an\u00e1lisis de millas de muestras de aire comprimido para respirar cada a\u00f1o. Muchos de nuestros clientes han establecido sus propios criterios para supervisar el funcionamiento de su sistema a lo largo del tiempo, repasando las especificaciones en la literatura, revisando los par\u00e1metros de la evaluaci\u00f3n del equipo en uso, y determinando los objetivos de la empresa.<\/p>\n<p>Nuestros kits han sido dise\u00f1ados cient\u00edficamente para coleccionar una muestra de aire comprimido f\u00e1cilmente. Guarde nuestro <a href=\"https:\/\/www.airchecklab.com\/?page_id=8699\">AirCheck Kit<\/a> de tama\u00f1o compacto y env\u00edenos la muestra de aire comprimido usando su m\u00e9todo de env\u00edo preferido.<\/p>\n<p>Si la especificaci\u00f3n que usted necesita no se encuentra abajo, nos puede <a href=\"https:\/\/www.airchecklab.com\/?page_id=9991\">contactar<\/a> para agregarla, si es necesario. Tenemos muchas m\u00e1s especificaciones de aire y gas comprimido en nuestra base de datos. Si usted necesita una especificaci\u00f3n echa a su medida, <a href=\"https:\/\/www.airchecklab.com\/?page_id=9991\">cont\u00e1ctenos<\/a> con sus requisitos.<\/p>\n<p>[\/blackbg]<\/p>\n<p>[lightbg]<br \/>\n\t[IncludeSpec spec=&#8221;microbial&#8221;]<br \/>\n\t[ShowAllSiblings title=&#8221;Otro Especificaciones de Aire Comprimido:&#8221;]<br \/>\n[\/lightbg]<\/p>\n<p>[blackbg]<br \/>\n\t<!--[if lte IE 8]>\n\t\t<script charset=\"utf-8\" type=\"text\/javascript\" src=\"\/\/js.hsforms.net\/forms\/v2-legacy.js\"><\/script>\n\t<![endif]--><br \/>\n\t<script charset=\"utf-8\" type=\"text\/javascript\" src=\"\/\/js.hsforms.net\/forms\/v2.js\"><\/script><br \/>\n\t<script>\n\t\thbspt.forms.create({\n\t\t\tportalId: \"4558619\",\n\t\t\tformId: \"03e1782a-aa51-461e-b5d8-40699379c04b\"\n\t\t\t});\n\t<\/script><br \/>\n[\/blackbg]<\/p>\n","protected":false},"excerpt":{"rendered":"<p>[blackbg] Especificaciones microbianas \/ de sala limpia de Aire Comprimido Trace Analytics, LLC se especializa en el an\u00e1lisis de millas de muestras de aire comprimido para respirar cada a\u00f1o. Muchos de nuestros clientes han establecido sus propios criterios para supervisar el funcionamiento de su sistema a lo largo del tiempo, repasando las especificaciones en la literatura, revisando los par\u00e1metros de la evaluaci\u00f3n del equipo en uso, y determinando los objetivos de la empresa. Nuestros kits han sido dise\u00f1ados cient\u00edficamente para [&hellip;]<\/p>\n","protected":false},"author":1,"featured_media":0,"parent":22694,"menu_order":0,"comment_status":"closed","ping_status":"open","template":"100-width.php","meta":{"content-type":""},"yoast_head":"<!-- This site is optimized with the Yoast SEO Premium plugin v20.0 (Yoast SEO v20.0) - https:\/\/yoast.com\/wordpress\/plugins\/seo\/ -->\n<title>Especificaciones microbianas \/ para salas blancas de Aire Comprimido - Trace Analytics, the AirCheck Lab<\/title>\n<meta name=\"robots\" content=\"index, follow, max-snippet:-1, max-image-preview:large, max-video-preview:-1\" \/>\n<link rel=\"canonical\" href=\"https:\/\/www.airchecklab.com\/es\/referencias\/normas-y-especificaciones\/especificaciones-microbianas-para-salas-blancas-de-aire-comprimido\/\" \/>\n<meta property=\"og:locale\" content=\"es_ES\" \/>\n<meta property=\"og:type\" content=\"article\" \/>\n<meta property=\"og:title\" content=\"Especificaciones microbianas \/ para salas blancas de Aire Comprimido\" \/>\n<meta property=\"og:description\" content=\"[blackbg] Especificaciones microbianas \/ de sala limpia de Aire Comprimido Trace Analytics, LLC se especializa en el an\u00e1lisis de millas de muestras de aire comprimido para respirar cada a\u00f1o. Muchos de nuestros clientes han establecido sus propios criterios para supervisar el funcionamiento de su sistema a lo largo del tiempo, repasando las especificaciones en la literatura, revisando los par\u00e1metros de la evaluaci\u00f3n del equipo en uso, y determinando los objetivos de la empresa. Nuestros kits han sido dise\u00f1ados cient\u00edficamente para [&hellip;]\" \/>\n<meta property=\"og:url\" content=\"https:\/\/www.airchecklab.com\/es\/referencias\/normas-y-especificaciones\/especificaciones-microbianas-para-salas-blancas-de-aire-comprimido\/\" \/>\n<meta property=\"og:site_name\" content=\"Trace Analytics, the AirCheck Lab\" \/>\n<meta name=\"twitter:card\" content=\"summary_large_image\" \/>\n<meta name=\"twitter:label1\" content=\"Tiempo de lectura\" \/>\n\t<meta name=\"twitter:data1\" content=\"1 minuto\" \/>\n<script type=\"application\/ld+json\" class=\"yoast-schema-graph\">{\"@context\":\"https:\/\/schema.org\",\"@graph\":[{\"@type\":\"WebPage\",\"@id\":\"https:\/\/www.airchecklab.com\/es\/referencias\/normas-y-especificaciones\/especificaciones-microbianas-para-salas-blancas-de-aire-comprimido\/\",\"url\":\"https:\/\/www.airchecklab.com\/es\/referencias\/normas-y-especificaciones\/especificaciones-microbianas-para-salas-blancas-de-aire-comprimido\/\",\"name\":\"Especificaciones microbianas \/ para salas blancas de Aire Comprimido - Trace Analytics, the AirCheck Lab\",\"isPartOf\":{\"@id\":\"\/#website\"},\"datePublished\":\"2021-12-27T16:11:07+00:00\",\"dateModified\":\"2021-12-27T16:11:07+00:00\",\"breadcrumb\":{\"@id\":\"https:\/\/www.airchecklab.com\/es\/referencias\/normas-y-especificaciones\/especificaciones-microbianas-para-salas-blancas-de-aire-comprimido\/#breadcrumb\"},\"inLanguage\":\"es\",\"potentialAction\":[{\"@type\":\"ReadAction\",\"target\":[\"https:\/\/www.airchecklab.com\/es\/referencias\/normas-y-especificaciones\/especificaciones-microbianas-para-salas-blancas-de-aire-comprimido\/\"]}]},{\"@type\":\"BreadcrumbList\",\"@id\":\"https:\/\/www.airchecklab.com\/es\/referencias\/normas-y-especificaciones\/especificaciones-microbianas-para-salas-blancas-de-aire-comprimido\/#breadcrumb\",\"itemListElement\":[{\"@type\":\"ListItem\",\"position\":1,\"name\":\"Home\",\"item\":\"https:\/\/www.airchecklab.com\/es\/analisis-de-seguimiento-pruebas-ambientales-y-de-aire-comprimido\/\"},{\"@type\":\"ListItem\",\"position\":2,\"name\":\"Referencias\",\"item\":\"https:\/\/www.airchecklab.com\/es\/referencias\/\"},{\"@type\":\"ListItem\",\"position\":3,\"name\":\"Normas y especificaciones\",\"item\":\"https:\/\/www.airchecklab.com\/es\/referencias\/normas-y-especificaciones\/\"},{\"@type\":\"ListItem\",\"position\":4,\"name\":\"Especificaciones microbianas \/ para salas blancas de Aire Comprimido\"}]},{\"@type\":\"WebSite\",\"@id\":\"\/#website\",\"url\":\"\/\",\"name\":\"Trace Analytics, the AirCheck Lab\",\"description\":\"Compressed Air Testing for ISO 8573, Microbial, SQF, Breathing Air\",\"publisher\":{\"@id\":\"\/#organization\"},\"potentialAction\":[{\"@type\":\"SearchAction\",\"target\":{\"@type\":\"EntryPoint\",\"urlTemplate\":\"\/?s={search_term_string}\"},\"query-input\":\"required name=search_term_string\"}],\"inLanguage\":\"es\"},{\"@type\":\"Organization\",\"@id\":\"\/#organization\",\"name\":\"Trace Analytics, LLC\",\"url\":\"\/\",\"logo\":{\"@type\":\"ImageObject\",\"inLanguage\":\"es\",\"@id\":\"\/#\/schema\/logo\/image\/\",\"url\":\"https:\/\/www.airchecklab.com\/wp-content\/uploads\/2021\/08\/Blue-01.png\",\"contentUrl\":\"https:\/\/www.airchecklab.com\/wp-content\/uploads\/2021\/08\/Blue-01.png\",\"width\":1600,\"height\":301,\"caption\":\"Trace Analytics, LLC\"},\"image\":{\"@id\":\"\/#\/schema\/logo\/image\/\"}}]}<\/script>\n<!-- \/ Yoast SEO Premium plugin. -->","yoast_head_json":{"title":"Especificaciones microbianas \/ para salas blancas de Aire Comprimido - Trace Analytics, the AirCheck Lab","robots":{"index":"index","follow":"follow","max-snippet":"max-snippet:-1","max-image-preview":"max-image-preview:large","max-video-preview":"max-video-preview:-1"},"canonical":"https:\/\/www.airchecklab.com\/es\/referencias\/normas-y-especificaciones\/especificaciones-microbianas-para-salas-blancas-de-aire-comprimido\/","og_locale":"es_ES","og_type":"article","og_title":"Especificaciones microbianas \/ para salas blancas de Aire Comprimido","og_description":"[blackbg] Especificaciones microbianas \/ de sala limpia de Aire Comprimido Trace Analytics, LLC se especializa en el an\u00e1lisis de millas de muestras de aire comprimido para respirar cada a\u00f1o. Muchos de nuestros clientes han establecido sus propios criterios para supervisar el funcionamiento de su sistema a lo largo del tiempo, repasando las especificaciones en la literatura, revisando los par\u00e1metros de la evaluaci\u00f3n del equipo en uso, y determinando los objetivos de la empresa. Nuestros kits han sido dise\u00f1ados cient\u00edficamente para [&hellip;]","og_url":"https:\/\/www.airchecklab.com\/es\/referencias\/normas-y-especificaciones\/especificaciones-microbianas-para-salas-blancas-de-aire-comprimido\/","og_site_name":"Trace Analytics, the AirCheck Lab","twitter_card":"summary_large_image","twitter_misc":{"Tiempo de lectura":"1 minuto"},"schema":{"@context":"https:\/\/schema.org","@graph":[{"@type":"WebPage","@id":"https:\/\/www.airchecklab.com\/es\/referencias\/normas-y-especificaciones\/especificaciones-microbianas-para-salas-blancas-de-aire-comprimido\/","url":"https:\/\/www.airchecklab.com\/es\/referencias\/normas-y-especificaciones\/especificaciones-microbianas-para-salas-blancas-de-aire-comprimido\/","name":"Especificaciones microbianas \/ para salas blancas de Aire Comprimido - Trace Analytics, the AirCheck Lab","isPartOf":{"@id":"\/#website"},"datePublished":"2021-12-27T16:11:07+00:00","dateModified":"2021-12-27T16:11:07+00:00","breadcrumb":{"@id":"https:\/\/www.airchecklab.com\/es\/referencias\/normas-y-especificaciones\/especificaciones-microbianas-para-salas-blancas-de-aire-comprimido\/#breadcrumb"},"inLanguage":"es","potentialAction":[{"@type":"ReadAction","target":["https:\/\/www.airchecklab.com\/es\/referencias\/normas-y-especificaciones\/especificaciones-microbianas-para-salas-blancas-de-aire-comprimido\/"]}]},{"@type":"BreadcrumbList","@id":"https:\/\/www.airchecklab.com\/es\/referencias\/normas-y-especificaciones\/especificaciones-microbianas-para-salas-blancas-de-aire-comprimido\/#breadcrumb","itemListElement":[{"@type":"ListItem","position":1,"name":"Home","item":"https:\/\/www.airchecklab.com\/es\/analisis-de-seguimiento-pruebas-ambientales-y-de-aire-comprimido\/"},{"@type":"ListItem","position":2,"name":"Referencias","item":"https:\/\/www.airchecklab.com\/es\/referencias\/"},{"@type":"ListItem","position":3,"name":"Normas y especificaciones","item":"https:\/\/www.airchecklab.com\/es\/referencias\/normas-y-especificaciones\/"},{"@type":"ListItem","position":4,"name":"Especificaciones microbianas \/ para salas blancas de Aire Comprimido"}]},{"@type":"WebSite","@id":"\/#website","url":"\/","name":"Trace Analytics, the AirCheck Lab","description":"Compressed Air Testing for ISO 8573, Microbial, SQF, Breathing Air","publisher":{"@id":"\/#organization"},"potentialAction":[{"@type":"SearchAction","target":{"@type":"EntryPoint","urlTemplate":"\/?s={search_term_string}"},"query-input":"required name=search_term_string"}],"inLanguage":"es"},{"@type":"Organization","@id":"\/#organization","name":"Trace Analytics, LLC","url":"\/","logo":{"@type":"ImageObject","inLanguage":"es","@id":"\/#\/schema\/logo\/image\/","url":"https:\/\/www.airchecklab.com\/wp-content\/uploads\/2021\/08\/Blue-01.png","contentUrl":"https:\/\/www.airchecklab.com\/wp-content\/uploads\/2021\/08\/Blue-01.png","width":1600,"height":301,"caption":"Trace Analytics, LLC"},"image":{"@id":"\/#\/schema\/logo\/image\/"}}]}},"_links":{"self":[{"href":"https:\/\/www.airchecklab.com\/es\/wp-json\/wp\/v2\/pages\/22722"}],"collection":[{"href":"https:\/\/www.airchecklab.com\/es\/wp-json\/wp\/v2\/pages"}],"about":[{"href":"https:\/\/www.airchecklab.com\/es\/wp-json\/wp\/v2\/types\/page"}],"author":[{"embeddable":true,"href":"https:\/\/www.airchecklab.com\/es\/wp-json\/wp\/v2\/users\/1"}],"replies":[{"embeddable":true,"href":"https:\/\/www.airchecklab.com\/es\/wp-json\/wp\/v2\/comments?post=22722"}],"version-history":[{"count":0,"href":"https:\/\/www.airchecklab.com\/es\/wp-json\/wp\/v2\/pages\/22722\/revisions"}],"up":[{"embeddable":true,"href":"https:\/\/www.airchecklab.com\/es\/wp-json\/wp\/v2\/pages\/22694"}],"wp:attachment":[{"href":"https:\/\/www.airchecklab.com\/es\/wp-json\/wp\/v2\/media?parent=22722"}],"curies":[{"name":"wp","href":"https:\/\/api.w.org\/{rel}","templated":true}]}}