{"id":22747,"date":"2021-12-27T10:11:10","date_gmt":"2021-12-27T16:11:10","guid":{"rendered":"https:\/\/dev.airchecklab.com\/aviso-covid-19\/"},"modified":"2021-12-27T10:11:17","modified_gmt":"2021-12-27T16:11:17","slug":"aviso-covid-19","status":"publish","type":"page","link":"https:\/\/www.airchecklab.com\/es\/aviso-covid-19\/","title":{"rendered":"Aviso COVID-19"},"content":{"rendered":"<p><div class=\"fusion-fullwidth fullwidth-box fusion-builder-row-1 fusion-flex-container nonhundred-percent-fullwidth non-hundred-percent-height-scrolling\" style=\"--awb-border-radius-top-left:0px;--awb-border-radius-top-right:0px;--awb-border-radius-bottom-right:0px;--awb-border-radius-bottom-left:0px;--awb-margin-top:45px;\" ><div class=\"fusion-builder-row fusion-row fusion-flex-align-items-flex-start\" style=\"max-width:1227.2px;margin-left: calc(-4% \/ 2 );margin-right: calc(-4% \/ 2 );\"><div class=\"fusion-layout-column fusion_builder_column fusion-builder-column-0 fusion_builder_column_1_1 1_1 fusion-flex-column\" style=\"--awb-bg-size:cover;--awb-width-large:100%;--awb-spacing-right-large:1.92%;--awb-spacing-left-large:1.92%;--awb-width-medium:100%;--awb-order-medium:0;--awb-spacing-right-medium:1.92%;--awb-spacing-left-medium:1.92%;--awb-width-small:100%;--awb-order-small:0;--awb-spacing-right-small:1.92%;--awb-spacing-left-small:1.92%;\"><div class=\"fusion-column-wrapper fusion-column-has-shadow fusion-flex-justify-content-flex-start fusion-content-layout-column\"><div class=\"fusion-alert alert error alert-danger fusion-alert-center \" role=\"alert\"><div class=\"fusion-alert-content-wrapper\"><span class=\"alert-icon\"><i class=\"awb-icon-exclamation-triangle\" aria-hidden=\"true\"><\/i><\/span><span class=\"fusion-alert-content\">Aviso de Covid-19<\/span><\/div><\/div><\/div><\/div><\/div><\/div><div class=\"fusion-fullwidth fullwidth-box fusion-builder-row-2 fusion-flex-container nonhundred-percent-fullwidth non-hundred-percent-height-scrolling\" style=\"--awb-border-radius-top-left:0px;--awb-border-radius-top-right:0px;--awb-border-radius-bottom-right:0px;--awb-border-radius-bottom-left:0px;\" ><div class=\"fusion-builder-row fusion-row fusion-flex-align-items-flex-start\" style=\"max-width:calc( 1180px + 0px );margin-left: calc(-0px \/ 2 );margin-right: calc(-0px \/ 2 );\"><div class=\"fusion-layout-column fusion_builder_column fusion-builder-column-1 fusion_builder_column_1_1 1_1 fusion-flex-column\" style=\"--awb-bg-size:cover;--awb-width-large:100%;--awb-margin-top-large:0px;--awb-spacing-right-large:0px;--awb-margin-bottom-large:0px;--awb-spacing-left-large:0px;--awb-width-medium:100%;--awb-spacing-right-medium:0px;--awb-spacing-left-medium:0px;--awb-width-small:100%;--awb-spacing-right-small:0px;--awb-spacing-left-small:0px;\"><div class=\"fusion-column-wrapper fusion-flex-justify-content-flex-start fusion-content-layout-column\"><div class=\"fusion-text fusion-text-1\"><p>A medida que el coronavirus (COVID-19) se propaga por todo el mundo, Trace Analytics est\u00e1 tomando medidas para garantizar la seguridad de nuestros clientes, personal y socios.<\/p>\n<p>Actualmente <strong>no hay interrupciones<\/strong> en nuestras operaciones.<\/p>\n<p>A medida que recibamos actualizaciones sobre COVID-19, continuaremos manteni\u00e9ndolo informado sobre cualquier cambio que hagamos en nuestros procesos y operaciones. Cumplimos con todas las regulaciones federales y locales y operamos dentro de las pautas de los CDC y la OMS. Estamos clasificados como un negocio esencial y continuaremos brindando servicios a nuestros clientes.<\/p>\n<p>Trabajamos arduamente para evitar cualquier interrupci\u00f3n en su servicio y le agradecemos su paciencia. Tenga en cuenta lo siguiente:<\/p>\n<ul class=\"square\">\n<li>Pueden producirse algunos retrasos en los env\u00edos internacionales<\/li>\n<li>Los informes urgentes no estar\u00e1n disponibles hasta despu\u00e9s de la 1:00 p. M.<\/li>\n<li>No se aceptar\u00e1n pedidos para el mismo d\u00eda.<\/li>\n<li>Mayor tiempo de respuesta: agregaremos un d\u00eda h\u00e1bil adicional al tiempo de respuesta de los resultados del an\u00e1lisis de informes.\n<ul class=\"square\">\n<li class=\"mart15\">Aire respirable, est\u00e1ndar: 1-3 d\u00edas laborales<\/li>\n<li class=\"marb20\">Aire respirable, RUSH: el mismo d\u00eda laborable. Para el servicio RUSH, las muestras deben recibirse antes de las 10:30 a. M.<\/li>\n<li class=\"mart15\">Fabricaci\u00f3n \/ ISO, est\u00e1ndar: 3-5 d\u00edas laborales<\/li>\n<li>Fabricaci\u00f3n \/ ISO, RUSH &#8211; Recibido a las 10:30 am o antes: 1 d\u00eda h\u00e1bil<\/li>\n<li>Fabricaci\u00f3n \/ ISO, RUSH &#8211; Recibido despu\u00e9s de las 10:30 am: 2 d\u00edas h\u00e1biles, informe enviado por correo electr\u00f3nico antes del mediod\u00eda<\/li>\n<li>Fabricaci\u00f3n \/ ISO, B\u00c1SICO: 2-3 d\u00edas laborales<\/li>\n<li class=\"marb20\">Fabricaci\u00f3n \/ ISO, BASIC RUSH: 1 d\u00eda laborable<\/li>\n<li class=\"mart15\">Microbiano &#8211; 14 d\u00edas laborales<\/li>\n<li>Microbiano, RUSH &#8211; 10 d\u00edas laborales<\/li>\n<\/ul>\n<\/li>\n<li>No aceptaremos visitantes, auditor\u00edas en persona o recogidas de env\u00edos en persona hasta despu\u00e9s del 30 de septiembre.<\/li>\n<\/ul>\n<p>Adem\u00e1s de nuestros procedimientos de limpieza normales, limpiamos los paquetes recibidos y los kits devueltos. Nuestros empleados que pueden trabajar de forma remota. El resto de nuestros empleados est\u00e1 trabajando con equipos de 5 o menos y hemos tomado medidas para garantizar que no haya contaminaci\u00f3n cruzada entre equipos. Cualquier empleado que se sienta enfermo debe quedarse en casa.<\/p>\n<p>Nuestro dedicado equipo de servicio al cliente todav\u00eda est\u00e1 disponible de 7:30 a. M. A 5:00 p. M. CST. Continuaremos realizando env\u00edos con nuestros socios en UPS, FedEx, DHL y USPS en todo el mundo.<br \/>\nComo siempre, agradecemos su continuo negocio y asociaci\u00f3n. Le agradecemos su arduo trabajo y estaremos aqu\u00ed para apoyarlo mientras lo superamos juntos.<\/p>\n<p><b>Respetuosamente<\/b><br \/><i><br \/>\nSu equipo en Trace Analytics, LLC<\/i><\/p><\/p>\n<\/div><\/div><\/div><\/div><\/div><\/p>\n","protected":false},"excerpt":{"rendered":"","protected":false},"author":1,"featured_media":0,"parent":0,"menu_order":0,"comment_status":"closed","ping_status":"closed","template":"","meta":{"content-type":""},"yoast_head":"<!-- This site is optimized with the Yoast SEO Premium plugin v20.0 (Yoast SEO v20.0) - https:\/\/yoast.com\/wordpress\/plugins\/seo\/ -->\n<title>Aviso COVID-19 - Trace Analytics, the AirCheck Lab<\/title>\n<meta name=\"robots\" content=\"index, follow, max-snippet:-1, max-image-preview:large, max-video-preview:-1\" \/>\n<link rel=\"canonical\" href=\"https:\/\/www.airchecklab.com\/es\/aviso-covid-19\/\" \/>\n<meta property=\"og:locale\" content=\"es_ES\" \/>\n<meta property=\"og:type\" content=\"article\" \/>\n<meta property=\"og:title\" content=\"Aviso COVID-19\" \/>\n<meta property=\"og:url\" content=\"https:\/\/www.airchecklab.com\/es\/aviso-covid-19\/\" \/>\n<meta property=\"og:site_name\" content=\"Trace Analytics, the AirCheck Lab\" \/>\n<meta property=\"article:modified_time\" content=\"2021-12-27T16:11:17+00:00\" \/>\n<meta name=\"twitter:card\" content=\"summary_large_image\" \/>\n<meta name=\"twitter:label1\" content=\"Tiempo de lectura\" \/>\n\t<meta name=\"twitter:data1\" content=\"5 minutos\" \/>\n<script type=\"application\/ld+json\" class=\"yoast-schema-graph\">{\"@context\":\"https:\/\/schema.org\",\"@graph\":[{\"@type\":\"WebPage\",\"@id\":\"https:\/\/www.airchecklab.com\/es\/aviso-covid-19\/\",\"url\":\"https:\/\/www.airchecklab.com\/es\/aviso-covid-19\/\",\"name\":\"Aviso COVID-19 - Trace Analytics, the AirCheck Lab\",\"isPartOf\":{\"@id\":\"\/#website\"},\"datePublished\":\"2021-12-27T16:11:10+00:00\",\"dateModified\":\"2021-12-27T16:11:17+00:00\",\"breadcrumb\":{\"@id\":\"https:\/\/www.airchecklab.com\/es\/aviso-covid-19\/#breadcrumb\"},\"inLanguage\":\"es\",\"potentialAction\":[{\"@type\":\"ReadAction\",\"target\":[\"https:\/\/www.airchecklab.com\/es\/aviso-covid-19\/\"]}]},{\"@type\":\"BreadcrumbList\",\"@id\":\"https:\/\/www.airchecklab.com\/es\/aviso-covid-19\/#breadcrumb\",\"itemListElement\":[{\"@type\":\"ListItem\",\"position\":1,\"name\":\"Home\",\"item\":\"https:\/\/www.airchecklab.com\/es\/analisis-de-seguimiento-pruebas-ambientales-y-de-aire-comprimido\/\"},{\"@type\":\"ListItem\",\"position\":2,\"name\":\"Aviso COVID-19\"}]},{\"@type\":\"WebSite\",\"@id\":\"\/#website\",\"url\":\"\/\",\"name\":\"Trace Analytics, the AirCheck Lab\",\"description\":\"Compressed Air Testing for ISO 8573, Microbial, SQF, Breathing Air\",\"publisher\":{\"@id\":\"\/#organization\"},\"potentialAction\":[{\"@type\":\"SearchAction\",\"target\":{\"@type\":\"EntryPoint\",\"urlTemplate\":\"\/?s={search_term_string}\"},\"query-input\":\"required name=search_term_string\"}],\"inLanguage\":\"es\"},{\"@type\":\"Organization\",\"@id\":\"\/#organization\",\"name\":\"Trace Analytics, LLC\",\"url\":\"\/\",\"logo\":{\"@type\":\"ImageObject\",\"inLanguage\":\"es\",\"@id\":\"\/#\/schema\/logo\/image\/\",\"url\":\"https:\/\/www.airchecklab.com\/wp-content\/uploads\/2021\/08\/Blue-01.png\",\"contentUrl\":\"https:\/\/www.airchecklab.com\/wp-content\/uploads\/2021\/08\/Blue-01.png\",\"width\":1600,\"height\":301,\"caption\":\"Trace Analytics, LLC\"},\"image\":{\"@id\":\"\/#\/schema\/logo\/image\/\"}}]}<\/script>\n<!-- \/ Yoast SEO Premium plugin. -->","yoast_head_json":{"title":"Aviso COVID-19 - Trace Analytics, the AirCheck Lab","robots":{"index":"index","follow":"follow","max-snippet":"max-snippet:-1","max-image-preview":"max-image-preview:large","max-video-preview":"max-video-preview:-1"},"canonical":"https:\/\/www.airchecklab.com\/es\/aviso-covid-19\/","og_locale":"es_ES","og_type":"article","og_title":"Aviso COVID-19","og_url":"https:\/\/www.airchecklab.com\/es\/aviso-covid-19\/","og_site_name":"Trace Analytics, the AirCheck Lab","article_modified_time":"2021-12-27T16:11:17+00:00","twitter_card":"summary_large_image","twitter_misc":{"Tiempo de lectura":"5 minutos"},"schema":{"@context":"https:\/\/schema.org","@graph":[{"@type":"WebPage","@id":"https:\/\/www.airchecklab.com\/es\/aviso-covid-19\/","url":"https:\/\/www.airchecklab.com\/es\/aviso-covid-19\/","name":"Aviso COVID-19 - Trace Analytics, the AirCheck Lab","isPartOf":{"@id":"\/#website"},"datePublished":"2021-12-27T16:11:10+00:00","dateModified":"2021-12-27T16:11:17+00:00","breadcrumb":{"@id":"https:\/\/www.airchecklab.com\/es\/aviso-covid-19\/#breadcrumb"},"inLanguage":"es","potentialAction":[{"@type":"ReadAction","target":["https:\/\/www.airchecklab.com\/es\/aviso-covid-19\/"]}]},{"@type":"BreadcrumbList","@id":"https:\/\/www.airchecklab.com\/es\/aviso-covid-19\/#breadcrumb","itemListElement":[{"@type":"ListItem","position":1,"name":"Home","item":"https:\/\/www.airchecklab.com\/es\/analisis-de-seguimiento-pruebas-ambientales-y-de-aire-comprimido\/"},{"@type":"ListItem","position":2,"name":"Aviso COVID-19"}]},{"@type":"WebSite","@id":"\/#website","url":"\/","name":"Trace Analytics, the AirCheck Lab","description":"Compressed Air Testing for ISO 8573, Microbial, SQF, Breathing Air","publisher":{"@id":"\/#organization"},"potentialAction":[{"@type":"SearchAction","target":{"@type":"EntryPoint","urlTemplate":"\/?s={search_term_string}"},"query-input":"required name=search_term_string"}],"inLanguage":"es"},{"@type":"Organization","@id":"\/#organization","name":"Trace Analytics, LLC","url":"\/","logo":{"@type":"ImageObject","inLanguage":"es","@id":"\/#\/schema\/logo\/image\/","url":"https:\/\/www.airchecklab.com\/wp-content\/uploads\/2021\/08\/Blue-01.png","contentUrl":"https:\/\/www.airchecklab.com\/wp-content\/uploads\/2021\/08\/Blue-01.png","width":1600,"height":301,"caption":"Trace Analytics, LLC"},"image":{"@id":"\/#\/schema\/logo\/image\/"}}]}},"_links":{"self":[{"href":"https:\/\/www.airchecklab.com\/es\/wp-json\/wp\/v2\/pages\/22747"}],"collection":[{"href":"https:\/\/www.airchecklab.com\/es\/wp-json\/wp\/v2\/pages"}],"about":[{"href":"https:\/\/www.airchecklab.com\/es\/wp-json\/wp\/v2\/types\/page"}],"author":[{"embeddable":true,"href":"https:\/\/www.airchecklab.com\/es\/wp-json\/wp\/v2\/users\/1"}],"replies":[{"embeddable":true,"href":"https:\/\/www.airchecklab.com\/es\/wp-json\/wp\/v2\/comments?post=22747"}],"version-history":[{"count":4,"href":"https:\/\/www.airchecklab.com\/es\/wp-json\/wp\/v2\/pages\/22747\/revisions"}],"predecessor-version":[{"id":22777,"href":"https:\/\/www.airchecklab.com\/es\/wp-json\/wp\/v2\/pages\/22747\/revisions\/22777"}],"wp:attachment":[{"href":"https:\/\/www.airchecklab.com\/es\/wp-json\/wp\/v2\/media?parent=22747"}],"curies":[{"name":"wp","href":"https:\/\/api.w.org\/{rel}","templated":true}]}}