{"id":22798,"date":"2021-12-27T10:11:18","date_gmt":"2021-12-27T16:11:18","guid":{"rendered":"https:\/\/dev.airchecklab.com\/kits-aircheck%e2%9c%93\/kit-de-muestreo-de-aire-trio-bas\/"},"modified":"2024-04-24T14:46:06","modified_gmt":"2024-04-24T20:46:06","slug":"kit-de-muestreo-de-aire-trio-bas","status":"publish","type":"page","link":"https:\/\/www.airchecklab.com\/es\/kits-aircheck%e2%9c%93\/kit-de-muestreo-de-aire-trio-bas\/","title":{"rendered":"Kit de muestreo de aire Trio.bas"},"content":{"rendered":"<div class=\"fusion-fullwidth fullwidth-box fusion-builder-row-1 fusion-flex-container nonhundred-percent-fullwidth non-hundred-percent-height-scrolling\" style=\"--awb-border-radius-top-left:0px;--awb-border-radius-top-right:0px;--awb-border-radius-bottom-right:0px;--awb-border-radius-bottom-left:0px;--awb-padding-top:35px;\" ><div class=\"fusion-builder-row fusion-row fusion-flex-align-items-flex-start\" style=\"max-width:1227.2px;margin-left: calc(-4% \/ 2 );margin-right: calc(-4% \/ 2 );\"><div class=\"fusion-layout-column fusion_builder_column fusion-builder-column-0 fusion_builder_column_1_2 1_2 fusion-flex-column\" style=\"--awb-bg-size:cover;--awb-width-large:50%;--awb-margin-top-large:0px;--awb-spacing-right-large:3.84%;--awb-margin-bottom-large:0px;--awb-spacing-left-large:3.84%;--awb-width-medium:100%;--awb-spacing-right-medium:1.92%;--awb-spacing-left-medium:1.92%;--awb-width-small:100%;--awb-spacing-right-small:1.92%;--awb-spacing-left-small:1.92%;\"><div class=\"fusion-column-wrapper fusion-flex-justify-content-flex-start fusion-content-layout-column\"><div class=\"fusion-image-element \"><span class=\" fusion-imageframe imageframe-none imageframe-1 hover-type-none\"><img decoding=\"async\" width=\"900\" height=\"600\" alt=\"Aircheck Kit Triobas Ambient Air testing\" title=\"triobas\" src=\"https:\/\/www.airchecklab.com\/wp-content\/uploads\/2021\/11\/triobas.png\" data-orig-src=\"https:\/\/www.airchecklab.com\/wp-content\/uploads\/2021\/11\/triobas.png\" class=\"lazyload img-responsive wp-image-22001\" srcset=\"data:image\/svg+xml,%3Csvg%20xmlns%3D%27http%3A%2F%2Fwww.w3.org%2F2000%2Fsvg%27%20width%3D%27900%27%20height%3D%27600%27%20viewBox%3D%270%200%20900%20600%27%3E%3Crect%20width%3D%27900%27%20height%3D%27600%27%20fill-opacity%3D%220%22%2F%3E%3C%2Fsvg%3E\" data-srcset=\"https:\/\/www.airchecklab.com\/wp-content\/uploads\/2021\/11\/triobas-200x133.png 200w, https:\/\/www.airchecklab.com\/wp-content\/uploads\/2021\/11\/triobas-400x267.png 400w, https:\/\/www.airchecklab.com\/wp-content\/uploads\/2021\/11\/triobas-600x400.png 600w, https:\/\/www.airchecklab.com\/wp-content\/uploads\/2021\/11\/triobas-800x533.png 800w, https:\/\/www.airchecklab.com\/wp-content\/uploads\/2021\/11\/triobas.png 900w\" data-sizes=\"auto\" data-orig-sizes=\"(max-width: 1000px) 100vw, (max-width: 640px) 100vw, 600px\" \/><\/span><\/div>\n<div class=\"fusion-text fusion-text-1\" style=\"--awb-line-height:2;\"><\/div><\/div><\/div><div class=\"fusion-layout-column fusion_builder_column fusion-builder-column-1 fusion_builder_column_1_2 1_2 fusion-flex-column fusion-flex-align-self-flex-start\" style=\"--awb-bg-size:cover;--awb-width-large:50%;--awb-margin-top-large:-35px;--awb-spacing-right-large:3.84%;--awb-spacing-left-large:3.84%;--awb-width-medium:100%;--awb-order-medium:0;--awb-spacing-right-medium:1.92%;--awb-spacing-left-medium:1.92%;--awb-width-small:100%;--awb-order-small:0;--awb-spacing-right-small:1.92%;--awb-spacing-left-small:1.92%;\"><div class=\"fusion-column-wrapper fusion-column-has-shadow fusion-flex-justify-content-flex-start fusion-content-layout-column\"><div class=\"fusion-text fusion-text-2\"><h2>Kit de muestreo de aire Trio.bas<\/h2>\n<\/div><div class=\"fusion-separator fusion-full-width-sep\" style=\"align-self: center;margin-left: auto;margin-right: auto;margin-bottom:15px;width:100%;\"><div class=\"fusion-separator-border sep-single\" style=\"border-color:#9ca1a6;border-top-width:1px;\"><\/div><\/div><div class=\"fusion-text fusion-text-3\"><p>Pruebe el aire ambiente en un ambiente controlado o de sala limpia con muestreo activo utilizando el muestreador de aire Trio.bas. Dise\u00f1ado para detectar microorganismos en el aire, Trio.bas recolecta muestras microbianas en una placa de contacto. Si se encuentra crecimiento, se dispone de una mayor identificaci\u00f3n de las colonias.<\/p>\n<\/div><div class=\"fusion-separator fusion-full-width-sep\" style=\"align-self: center;margin-left: auto;margin-right: auto;margin-bottom:15px;width:100%;\"><div class=\"fusion-separator-border sep-single\" style=\"border-color:#9ca1a6;border-top-width:1px;\"><\/div><\/div><div class=\"fusion-text fusion-text-4\"><p><b>Hardware:<\/b><\/p>\n<\/p>\n<ul>\n<li><span style=\"color: var(--body_typography-color); font-family: var(--body_typography-font-family); font-size: var(--body_typography-font-size); font-style: var(--body_typography-font-style,normal); letter-spacing: var(--body_typography-letter-spacing);\">Trio.bas Mono<\/span><\/li>\n<li><span style=\"color: var(--body_typography-color); font-family: var(--body_typography-font-family); font-size: var(--body_typography-font-size); font-style: var(--body_typography-font-style,normal); letter-spacing: var(--body_typography-letter-spacing);\">Almohadilla de carga<\/span><\/li>\n<li><span style=\"color: var(--body_typography-color); font-family: var(--body_typography-font-family); font-size: var(--body_typography-font-size); font-style: var(--body_typography-font-style,normal); letter-spacing: var(--body_typography-letter-spacing);\">Estuche de transporte<\/span><\/li>\n<li><span style=\"color: var(--body_typography-color); font-family: var(--body_typography-font-family); font-size: var(--body_typography-font-size); font-style: var(--body_typography-font-style,normal); letter-spacing: var(--body_typography-letter-spacing);\">Enfriadores y bolsas de hielo<\/span><\/li>\n<li><span style=\"color: var(--body_typography-color); font-family: var(--body_typography-font-family); font-size: var(--body_typography-font-size); font-style: var(--body_typography-font-style,normal); letter-spacing: var(--body_typography-letter-spacing);\">Toallitas de parafilm y alcohol<\/span><\/li>\n<\/ul>\n<p><b>Medios requeridos:<\/b><\/p>\n<\/p>\n<ul>\n<li><span style=\"color: var(--body_typography-color); font-family: var(--body_typography-font-family); font-size: var(--body_typography-font-size); font-style: var(--body_typography-font-style,normal); letter-spacing: var(--body_typography-letter-spacing);\">Placas TSA de 55 mm<\/span><\/li>\n<\/ul>\n<ul class=\"checklist\">\n<\/ul>\n<\/div><div ><a class=\"fusion-button button-flat fusion-button-default-size button-default fusion-button-default button-1 fusion-button-default-span fusion-button-default-type\" style=\"--button_margin-bottom:15px;width:calc(100%);\" target=\"_self\" href=\"https:\/\/www.airchecklab.com\/es\/contacto\/contactenos\/\"><span class=\"fusion-button-text\">Solicitar presupuesto<\/span><\/a><\/div><div class=\"fusion-text fusion-text-5\" style=\"--awb-line-height:1;\"><p><em>Trio.bas est\u00e1 disponible para su compra o alquiler: personalice f\u00e1cilmente el n\u00famero y la frecuencia de las muestras, y las especificaciones de prueba requeridas a trav\u00e9s de nuestro sistema de pedidos en l\u00ednea.<\/em><\/p>\n<\/div><\/div><\/div><div class=\"fusion-layout-column fusion_builder_column fusion-builder-column-2 fusion_builder_column_1_1 1_1 fusion-flex-column\" style=\"--awb-bg-size:cover;--awb-width-large:100%;--awb-spacing-right-large:1.92%;--awb-spacing-left-large:1.92%;--awb-width-medium:100%;--awb-order-medium:0;--awb-spacing-right-medium:1.92%;--awb-spacing-left-medium:1.92%;--awb-width-small:100%;--awb-order-small:0;--awb-spacing-right-small:1.92%;--awb-spacing-left-small:1.92%;\"><div class=\"fusion-column-wrapper fusion-column-has-shadow fusion-flex-justify-content-flex-start fusion-content-layout-column\"><div class=\"fusion-separator fusion-full-width-sep\" style=\"align-self: center;margin-left: auto;margin-right: auto;margin-bottom:35px;width:100%;\"><div class=\"fusion-separator-border sep-single\" style=\"border-color:#9ca1a6;border-top-width:1px;\"><\/div><\/div><div class=\"fusion-text fusion-text-6\"><form action=\"https:\/\/www.airchecklab.com\/contact\/contact-us\/\" method=\"post\" name=\"K6088Form\">\n<p style=\"text-align: center;\">\u00bfNecesita tomar muestras, pero no quiere comprar un kit? El Trio.bas tambi\u00e9n est\u00e1 disponible para alquiler.<\/p>\n<\/form>\n<form action=\"https:\/\/www.airchecklab.com\/contact\/contact-us\/\" method=\"post\" name=\"K6088Form\">\n<p style=\"text-align: center;\"><i>\u00bfNecesita m\u00e1s medios de muestreo? Utilice nuestra p\u00e1gina de <a href=\"https:\/\/www.airchecklab.com\/es\/recursos\/reabastecimientos\/\">reabastecimiento<\/a> f\u00e1cil para pedir suministros r\u00e1pidamente.<\/i><\/p>\n<\/form>\n<\/div><\/div><\/div><\/div><\/div>\n","protected":false},"excerpt":{"rendered":"","protected":false},"author":18,"featured_media":0,"parent":22403,"menu_order":0,"comment_status":"closed","ping_status":"closed","template":"","meta":{"content-type":""},"yoast_head":"<!-- This site is optimized with the Yoast SEO Premium plugin v20.0 (Yoast SEO v20.0) - https:\/\/yoast.com\/wordpress\/plugins\/seo\/ -->\n<title>Kit de muestreo de aire Trio.bas - Trace Analytics, the AirCheck Lab<\/title>\n<meta name=\"robots\" content=\"index, follow, max-snippet:-1, max-image-preview:large, max-video-preview:-1\" \/>\n<link rel=\"canonical\" href=\"https:\/\/www.airchecklab.com\/es\/kits-aircheck%e2%9c%93\/kit-de-muestreo-de-aire-trio-bas\/\" \/>\n<meta property=\"og:locale\" content=\"es_ES\" \/>\n<meta property=\"og:type\" content=\"article\" \/>\n<meta property=\"og:title\" content=\"Kit de muestreo de aire Trio.bas\" \/>\n<meta property=\"og:url\" content=\"https:\/\/www.airchecklab.com\/es\/kits-aircheck%e2%9c%93\/kit-de-muestreo-de-aire-trio-bas\/\" \/>\n<meta property=\"og:site_name\" content=\"Trace Analytics, the AirCheck Lab\" \/>\n<meta property=\"article:modified_time\" content=\"2024-04-24T20:46:06+00:00\" \/>\n<meta name=\"twitter:card\" content=\"summary_large_image\" \/>\n<meta name=\"twitter:label1\" content=\"Tiempo de lectura\" \/>\n\t<meta name=\"twitter:data1\" content=\"5 minutos\" \/>\n<script type=\"application\/ld+json\" class=\"yoast-schema-graph\">{\"@context\":\"https:\/\/schema.org\",\"@graph\":[{\"@type\":\"WebPage\",\"@id\":\"https:\/\/www.airchecklab.com\/es\/kits-aircheck%e2%9c%93\/kit-de-muestreo-de-aire-trio-bas\/\",\"url\":\"https:\/\/www.airchecklab.com\/es\/kits-aircheck%e2%9c%93\/kit-de-muestreo-de-aire-trio-bas\/\",\"name\":\"Kit de muestreo de aire Trio.bas - Trace Analytics, the AirCheck Lab\",\"isPartOf\":{\"@id\":\"\/#website\"},\"datePublished\":\"2021-12-27T16:11:18+00:00\",\"dateModified\":\"2024-04-24T20:46:06+00:00\",\"breadcrumb\":{\"@id\":\"https:\/\/www.airchecklab.com\/es\/kits-aircheck%e2%9c%93\/kit-de-muestreo-de-aire-trio-bas\/#breadcrumb\"},\"inLanguage\":\"es\",\"potentialAction\":[{\"@type\":\"ReadAction\",\"target\":[\"https:\/\/www.airchecklab.com\/es\/kits-aircheck%e2%9c%93\/kit-de-muestreo-de-aire-trio-bas\/\"]}]},{\"@type\":\"BreadcrumbList\",\"@id\":\"https:\/\/www.airchecklab.com\/es\/kits-aircheck%e2%9c%93\/kit-de-muestreo-de-aire-trio-bas\/#breadcrumb\",\"itemListElement\":[{\"@type\":\"ListItem\",\"position\":1,\"name\":\"Home\",\"item\":\"https:\/\/www.airchecklab.com\/es\/analisis-de-seguimiento-pruebas-ambientales-y-de-aire-comprimido\/\"},{\"@type\":\"ListItem\",\"position\":2,\"name\":\"Kits AirCheck\u2713\",\"item\":\"https:\/\/www.airchecklab.com\/es\/kits-aircheck%e2%9c%93\/\"},{\"@type\":\"ListItem\",\"position\":3,\"name\":\"Kit de muestreo de aire Trio.bas\"}]},{\"@type\":\"WebSite\",\"@id\":\"\/#website\",\"url\":\"\/\",\"name\":\"Trace Analytics, the AirCheck Lab\",\"description\":\"Compressed Air Testing for ISO 8573, Microbial, SQF, Breathing Air\",\"publisher\":{\"@id\":\"\/#organization\"},\"potentialAction\":[{\"@type\":\"SearchAction\",\"target\":{\"@type\":\"EntryPoint\",\"urlTemplate\":\"\/?s={search_term_string}\"},\"query-input\":\"required name=search_term_string\"}],\"inLanguage\":\"es\"},{\"@type\":\"Organization\",\"@id\":\"\/#organization\",\"name\":\"Trace Analytics, LLC\",\"url\":\"\/\",\"logo\":{\"@type\":\"ImageObject\",\"inLanguage\":\"es\",\"@id\":\"\/#\/schema\/logo\/image\/\",\"url\":\"https:\/\/www.airchecklab.com\/wp-content\/uploads\/2021\/08\/Blue-01.png\",\"contentUrl\":\"https:\/\/www.airchecklab.com\/wp-content\/uploads\/2021\/08\/Blue-01.png\",\"width\":1600,\"height\":301,\"caption\":\"Trace Analytics, LLC\"},\"image\":{\"@id\":\"\/#\/schema\/logo\/image\/\"}}]}<\/script>\n<!-- \/ Yoast SEO Premium plugin. -->","yoast_head_json":{"title":"Kit de muestreo de aire Trio.bas - Trace Analytics, the AirCheck Lab","robots":{"index":"index","follow":"follow","max-snippet":"max-snippet:-1","max-image-preview":"max-image-preview:large","max-video-preview":"max-video-preview:-1"},"canonical":"https:\/\/www.airchecklab.com\/es\/kits-aircheck%e2%9c%93\/kit-de-muestreo-de-aire-trio-bas\/","og_locale":"es_ES","og_type":"article","og_title":"Kit de muestreo de aire Trio.bas","og_url":"https:\/\/www.airchecklab.com\/es\/kits-aircheck%e2%9c%93\/kit-de-muestreo-de-aire-trio-bas\/","og_site_name":"Trace Analytics, the AirCheck Lab","article_modified_time":"2024-04-24T20:46:06+00:00","twitter_card":"summary_large_image","twitter_misc":{"Tiempo de lectura":"5 minutos"},"schema":{"@context":"https:\/\/schema.org","@graph":[{"@type":"WebPage","@id":"https:\/\/www.airchecklab.com\/es\/kits-aircheck%e2%9c%93\/kit-de-muestreo-de-aire-trio-bas\/","url":"https:\/\/www.airchecklab.com\/es\/kits-aircheck%e2%9c%93\/kit-de-muestreo-de-aire-trio-bas\/","name":"Kit de muestreo de aire Trio.bas - Trace Analytics, the AirCheck Lab","isPartOf":{"@id":"\/#website"},"datePublished":"2021-12-27T16:11:18+00:00","dateModified":"2024-04-24T20:46:06+00:00","breadcrumb":{"@id":"https:\/\/www.airchecklab.com\/es\/kits-aircheck%e2%9c%93\/kit-de-muestreo-de-aire-trio-bas\/#breadcrumb"},"inLanguage":"es","potentialAction":[{"@type":"ReadAction","target":["https:\/\/www.airchecklab.com\/es\/kits-aircheck%e2%9c%93\/kit-de-muestreo-de-aire-trio-bas\/"]}]},{"@type":"BreadcrumbList","@id":"https:\/\/www.airchecklab.com\/es\/kits-aircheck%e2%9c%93\/kit-de-muestreo-de-aire-trio-bas\/#breadcrumb","itemListElement":[{"@type":"ListItem","position":1,"name":"Home","item":"https:\/\/www.airchecklab.com\/es\/analisis-de-seguimiento-pruebas-ambientales-y-de-aire-comprimido\/"},{"@type":"ListItem","position":2,"name":"Kits AirCheck\u2713","item":"https:\/\/www.airchecklab.com\/es\/kits-aircheck%e2%9c%93\/"},{"@type":"ListItem","position":3,"name":"Kit de muestreo de aire Trio.bas"}]},{"@type":"WebSite","@id":"\/#website","url":"\/","name":"Trace Analytics, the AirCheck Lab","description":"Compressed Air Testing for ISO 8573, Microbial, SQF, Breathing Air","publisher":{"@id":"\/#organization"},"potentialAction":[{"@type":"SearchAction","target":{"@type":"EntryPoint","urlTemplate":"\/?s={search_term_string}"},"query-input":"required name=search_term_string"}],"inLanguage":"es"},{"@type":"Organization","@id":"\/#organization","name":"Trace Analytics, LLC","url":"\/","logo":{"@type":"ImageObject","inLanguage":"es","@id":"\/#\/schema\/logo\/image\/","url":"https:\/\/www.airchecklab.com\/wp-content\/uploads\/2021\/08\/Blue-01.png","contentUrl":"https:\/\/www.airchecklab.com\/wp-content\/uploads\/2021\/08\/Blue-01.png","width":1600,"height":301,"caption":"Trace Analytics, LLC"},"image":{"@id":"\/#\/schema\/logo\/image\/"}}]}},"_links":{"self":[{"href":"https:\/\/www.airchecklab.com\/es\/wp-json\/wp\/v2\/pages\/22798"}],"collection":[{"href":"https:\/\/www.airchecklab.com\/es\/wp-json\/wp\/v2\/pages"}],"about":[{"href":"https:\/\/www.airchecklab.com\/es\/wp-json\/wp\/v2\/types\/page"}],"author":[{"embeddable":true,"href":"https:\/\/www.airchecklab.com\/es\/wp-json\/wp\/v2\/users\/18"}],"replies":[{"embeddable":true,"href":"https:\/\/www.airchecklab.com\/es\/wp-json\/wp\/v2\/comments?post=22798"}],"version-history":[{"count":14,"href":"https:\/\/www.airchecklab.com\/es\/wp-json\/wp\/v2\/pages\/22798\/revisions"}],"predecessor-version":[{"id":29263,"href":"https:\/\/www.airchecklab.com\/es\/wp-json\/wp\/v2\/pages\/22798\/revisions\/29263"}],"up":[{"embeddable":true,"href":"https:\/\/www.airchecklab.com\/es\/wp-json\/wp\/v2\/pages\/22403"}],"wp:attachment":[{"href":"https:\/\/www.airchecklab.com\/es\/wp-json\/wp\/v2\/media?parent=22798"}],"curies":[{"name":"wp","href":"https:\/\/api.w.org\/{rel}","templated":true}]}}