{"id":22810,"date":"2021-12-27T10:11:20","date_gmt":"2021-12-27T16:11:20","guid":{"rendered":"https:\/\/dev.airchecklab.com\/kits-aircheck%e2%9c%93\/contador-de-particulas-laser-aerotrak\/"},"modified":"2024-04-24T14:46:22","modified_gmt":"2024-04-24T20:46:22","slug":"contador-de-particulas-laser-aerotrak","status":"publish","type":"page","link":"https:\/\/www.airchecklab.com\/es\/kits-aircheck%e2%9c%93\/contador-de-particulas-laser-aerotrak\/","title":{"rendered":"Contador de part\u00edculas l\u00e1ser Aerotrak"},"content":{"rendered":"<div class=\"fusion-fullwidth fullwidth-box fusion-builder-row-1 fusion-flex-container nonhundred-percent-fullwidth non-hundred-percent-height-scrolling\" style=\"--awb-border-radius-top-left:0px;--awb-border-radius-top-right:0px;--awb-border-radius-bottom-right:0px;--awb-border-radius-bottom-left:0px;--awb-padding-top:35px;\" ><div class=\"fusion-builder-row fusion-row fusion-flex-align-items-flex-start\" style=\"max-width:1227.2px;margin-left: calc(-4% \/ 2 );margin-right: calc(-4% \/ 2 );\"><div class=\"fusion-layout-column fusion_builder_column fusion-builder-column-0 fusion_builder_column_1_2 1_2 fusion-flex-column\" style=\"--awb-bg-size:cover;--awb-width-large:50%;--awb-margin-top-large:0px;--awb-spacing-right-large:3.84%;--awb-margin-bottom-large:0px;--awb-spacing-left-large:3.84%;--awb-width-medium:100%;--awb-spacing-right-medium:1.92%;--awb-spacing-left-medium:1.92%;--awb-width-small:100%;--awb-spacing-right-small:1.92%;--awb-spacing-left-small:1.92%;\"><div class=\"fusion-column-wrapper fusion-flex-justify-content-flex-start fusion-content-layout-column\"><div class=\"fusion-image-element \"><span class=\" fusion-imageframe imageframe-none imageframe-1 hover-type-none\"><img decoding=\"async\" width=\"1024\" height=\"726\" alt=\"Aerotrack for compressed air testing\" title=\"AeroTrak with HEPA-on\" src=\"https:\/\/www.airchecklab.com\/wp-content\/uploads\/2021\/12\/AeroTrak-with-HEPA-on.jpg\" data-orig-src=\"https:\/\/www.airchecklab.com\/wp-content\/uploads\/2021\/12\/AeroTrak-with-HEPA-on-1024x726.jpg\" class=\"lazyload img-responsive wp-image-22079\" srcset=\"data:image\/svg+xml,%3Csvg%20xmlns%3D%27http%3A%2F%2Fwww.w3.org%2F2000%2Fsvg%27%20width%3D%271500%27%20height%3D%271063%27%20viewBox%3D%270%200%201500%201063%27%3E%3Crect%20width%3D%271500%27%20height%3D%271063%27%20fill-opacity%3D%220%22%2F%3E%3C%2Fsvg%3E\" data-srcset=\"https:\/\/www.airchecklab.com\/wp-content\/uploads\/2021\/12\/AeroTrak-with-HEPA-on-200x142.jpg 200w, https:\/\/www.airchecklab.com\/wp-content\/uploads\/2021\/12\/AeroTrak-with-HEPA-on-400x283.jpg 400w, https:\/\/www.airchecklab.com\/wp-content\/uploads\/2021\/12\/AeroTrak-with-HEPA-on-600x425.jpg 600w, https:\/\/www.airchecklab.com\/wp-content\/uploads\/2021\/12\/AeroTrak-with-HEPA-on-800x567.jpg 800w, https:\/\/www.airchecklab.com\/wp-content\/uploads\/2021\/12\/AeroTrak-with-HEPA-on-1200x850.jpg 1200w, https:\/\/www.airchecklab.com\/wp-content\/uploads\/2021\/12\/AeroTrak-with-HEPA-on.jpg 1500w\" data-sizes=\"auto\" data-orig-sizes=\"(max-width: 1000px) 100vw, (max-width: 640px) 100vw, 600px\" \/><\/span><\/div><div class=\"fusion-alert alert notice alert-warning fusion-alert-center alert-dismissable\" style=\"--awb-margin-top:15px;\" role=\"alert\"><div class=\"fusion-alert-content-wrapper\"><span class=\"alert-icon\"><i class=\"awb-icon-cog\" aria-hidden=\"true\"><\/i><\/span><span class=\"fusion-alert-content\"><a href=\"https:\/\/www.airchecklab.com\/es\/contacto\/\">Cont\u00e1ctenos<\/a> para obtener informaci\u00f3n sobre alquiler o compra.<\/span><\/div><button type=\"button\" class=\"close toggle-alert\" data-dismiss=\"alert\" aria-label=\"Close\">&times;<\/button><\/div><\/div><\/div><div class=\"fusion-layout-column fusion_builder_column fusion-builder-column-1 fusion_builder_column_1_2 1_2 fusion-flex-column fusion-flex-align-self-flex-start\" style=\"--awb-bg-size:cover;--awb-width-large:50%;--awb-margin-top-large:-35px;--awb-spacing-right-large:3.84%;--awb-spacing-left-large:3.84%;--awb-width-medium:100%;--awb-order-medium:0;--awb-spacing-right-medium:1.92%;--awb-spacing-left-medium:1.92%;--awb-width-small:100%;--awb-order-small:0;--awb-spacing-right-small:1.92%;--awb-spacing-left-small:1.92%;\"><div class=\"fusion-column-wrapper fusion-column-has-shadow fusion-flex-justify-content-flex-start fusion-content-layout-column\"><div class=\"fusion-text fusion-text-1\"><h2>Contador de part\u00edculas l\u00e1ser Aerotrak<\/h2>\n<\/div><div class=\"fusion-separator fusion-full-width-sep\" style=\"align-self: center;margin-left: auto;margin-right: auto;margin-bottom:15px;width:100%;\"><div class=\"fusion-separator-border sep-single\" style=\"border-color:#9ca1a6;border-top-width:1px;\"><\/div><\/div><div class=\"fusion-text fusion-text-2\"><p>El contador de part\u00edculas l\u00e1ser Aerotrak es ideal para clientes que cumplen con l\u00edmites estrictos y clases de pureza al probar el aire comprimido en busca de part\u00edculas de hasta 0.100 micrones. Al tomar muestras con AeroTrak, los usuarios tomar\u00e1n muestras consecutivas hasta que los resultados sean bastante consistentes. A continuaci\u00f3n, los usuarios pueden imprimir los datos o solicitar un <a href=\"https:\/\/www.airchecklab.com\/es\/recursos\/informes-de-ejemplo\/\" target=\"_blank\" rel=\"noopener noreferrer\">informe<\/a> a Trace Analytics.<\/p>\n<p>El contador de part\u00edculas por l\u00e1ser Aerotrak es una herramienta excelente para <a href=\"https:\/\/www.airbestpractices.com\/technology\/instrumentation\/troubleshoot-particle-contamination-compressed-air-laser-particle-counter\" target=\"_blank\" rel=\"noopener noreferrer\">solucionar problemas<\/a> de contaminaci\u00f3n por part\u00edculas dif\u00edciles.  <\/p>\n<p><i>Configuraciones disponibles para <a href=\"https:\/\/www.airchecklab.com\/es\/servicios-2\/prueba-de-aire-ambiental\/\" target=\"_blank\" rel=\"noopener noreferrer\">pruebas<\/a> con aire comprimido y <a href=\"https:\/\/www.airchecklab.com\/es\/servicios-2\/prueba-de-aire-ambiental\/\" target=\"_blank\" rel=\"noopener noreferrer\">aire ambiente<\/a>.<\/i><\/p>\n<\/div><div class=\"fusion-separator fusion-full-width-sep\" style=\"align-self: center;margin-left: auto;margin-right: auto;margin-bottom:15px;width:100%;\"><div class=\"fusion-separator-border sep-single\" style=\"border-color:#9ca1a6;border-top-width:1px;\"><\/div><\/div><div class=\"fusion-text fusion-text-3\"><p><b>Hardware:<\/b><\/p>\n<\/p>\n<ul>\n<li><span style=\"color: var(--body_typography-color); font-family: var(--body_typography-font-family); font-size: var(--body_typography-font-size); font-style: var(--body_typography-font-style,normal); letter-spacing: var(--body_typography-letter-spacing);\">Difusor de alta presi\u00f3n<\/span><\/li>\n<li><span style=\"color: var(--body_typography-color); font-family: var(--body_typography-font-family); font-size: var(--body_typography-font-size); font-style: var(--body_typography-font-style,normal); letter-spacing: var(--body_typography-letter-spacing);\">Cable de alimentaci\u00f3n y adaptador<\/span><\/li>\n<li><span style=\"color: var(--body_typography-color); font-family: var(--body_typography-font-family); font-size: var(--body_typography-font-size); font-style: var(--body_typography-font-style,normal); letter-spacing: var(--body_typography-letter-spacing);\">(2) Filtros de fondo LPC blancos<\/span><\/li>\n<li><span style=\"color: var(--body_typography-color); font-family: var(--body_typography-font-family); font-size: var(--body_typography-font-size); font-style: var(--body_typography-font-style,normal); letter-spacing: var(--body_typography-letter-spacing);\">(4) Tuber\u00eda negra libre de part\u00edculas de 1\/4 \u201dx 5 &#8216;<\/span><\/li>\n<li><span style=\"color: var(--body_typography-color); font-family: var(--body_typography-font-family); font-size: var(--body_typography-font-size); font-style: var(--body_typography-font-style,normal); letter-spacing: var(--body_typography-letter-spacing);\">(4) Tuber\u00eda transparente libre de part\u00edculas de 5\/8 \u201dx 3 &#8216;<\/span><\/li>\n<li><span style=\"color: var(--body_typography-color); font-family: var(--body_typography-font-family); font-size: var(--body_typography-font-size); font-style: var(--body_typography-font-style,normal); letter-spacing: var(--body_typography-letter-spacing);\">(2) Filtros de fondo de acero inoxidable<\/span><\/li>\n<li><span style=\"color: var(--body_typography-color); font-family: var(--body_typography-font-family); font-size: var(--body_typography-font-size); font-style: var(--body_typography-font-style,normal); letter-spacing: var(--body_typography-letter-spacing);\">(4) Racor hembra de \u00bc &#8220;NPT a \u00bc&#8221;<\/span><\/li>\n<li><span style=\"color: var(--body_typography-color); font-family: var(--body_typography-font-family); font-size: var(--body_typography-font-size); font-style: var(--body_typography-font-style,normal); letter-spacing: var(--body_typography-letter-spacing);\">Paquete de accesorios para una conexi\u00f3n r\u00e1pida<\/span><\/li>\n<\/ul>\n<\/div><div ><a class=\"fusion-button button-flat fusion-button-default-size button-default fusion-button-default button-1 fusion-button-default-span fusion-button-default-type\" style=\"--button_margin-bottom:15px;width:calc(100%);\" target=\"_self\" href=\"https:\/\/www.airchecklab.com\/es\/contacto\/contactenos\/\"><span class=\"fusion-button-text\">Solicitar presupuesto<\/span><\/a><\/div><div class=\"fusion-text fusion-text-4\" style=\"--awb-line-height:1;\"><p><em>El Aerotrak est\u00e1 disponible para su compra o alquiler: personalice f\u00e1cilmente el n\u00famero y la frecuencia de las muestras, y las especificaciones de prueba requeridas a trav\u00e9s de nuestro sistema de pedidos en l\u00ednea.<\/em><\/p>\n<\/div><\/div><\/div><div class=\"fusion-layout-column fusion_builder_column fusion-builder-column-2 fusion_builder_column_1_1 1_1 fusion-flex-column\" style=\"--awb-bg-size:cover;--awb-width-large:100%;--awb-spacing-right-large:1.92%;--awb-spacing-left-large:1.92%;--awb-width-medium:100%;--awb-order-medium:0;--awb-spacing-right-medium:1.92%;--awb-spacing-left-medium:1.92%;--awb-width-small:100%;--awb-order-small:0;--awb-spacing-right-small:1.92%;--awb-spacing-left-small:1.92%;\"><div class=\"fusion-column-wrapper fusion-column-has-shadow fusion-flex-justify-content-flex-start fusion-content-layout-column\"><div class=\"fusion-separator fusion-full-width-sep\" style=\"align-self: center;margin-left: auto;margin-right: auto;margin-bottom:35px;width:100%;\"><div class=\"fusion-separator-border sep-single\" style=\"border-color:#9ca1a6;border-top-width:1px;\"><\/div><\/div><div class=\"fusion-text fusion-text-5\"><form action=\"https:\/\/www.airchecklab.com\/contact\/contact-us\/\" method=\"post\" name=\"K6088Form\">\n<p style=\"text-align: center;\">\u00bfNecesita tomar muestras, pero no quiere comprar un kit? El Aerotrak tambi\u00e9n est\u00e1 disponible para alquiler.<\/p>\n<\/form>\n<form action=\"https:\/\/www.airchecklab.com\/contact\/contact-us\/\" method=\"post\" name=\"K6088Form\">\n<p style=\"text-align: center;\"><i>\u00bfNecesita m\u00e1s medios de muestreo? Utilice nuestra p\u00e1gina de <a href=\"https:\/\/www.airchecklab.com\/es\/recursos\/reabastecimientos\/\">reabastecimiento<\/a> f\u00e1cil para pedir suministros r\u00e1pidamente.<\/i><\/p>\n<\/form>\n<\/div><\/div><\/div><\/div><\/div>\n","protected":false},"excerpt":{"rendered":"","protected":false},"author":18,"featured_media":21986,"parent":22403,"menu_order":0,"comment_status":"closed","ping_status":"closed","template":"","meta":{"content-type":""},"yoast_head":"<!-- This site is optimized with the Yoast SEO Premium plugin v20.0 (Yoast SEO v20.0) - https:\/\/yoast.com\/wordpress\/plugins\/seo\/ -->\n<title>Contador de part\u00edculas l\u00e1ser Aerotrak - Trace Analytics, the AirCheck Lab<\/title>\n<meta name=\"description\" content=\"El uso del contador de part\u00edculas por l\u00e1ser Aerotrak puede ayudar a los usuarios a solucionar problemas con pruebas de part\u00edculas in situ e inmediatas con Trace Analytics.\" \/>\n<meta name=\"robots\" content=\"index, follow, max-snippet:-1, max-image-preview:large, max-video-preview:-1\" \/>\n<link rel=\"canonical\" href=\"https:\/\/www.airchecklab.com\/es\/kits-aircheck%e2%9c%93\/contador-de-particulas-laser-aerotrak\/\" \/>\n<meta property=\"og:locale\" content=\"es_ES\" \/>\n<meta property=\"og:type\" content=\"article\" \/>\n<meta property=\"og:title\" content=\"Contador de part\u00edculas l\u00e1ser Aerotrak\" \/>\n<meta property=\"og:description\" content=\"El uso del contador de part\u00edculas por l\u00e1ser Aerotrak puede ayudar a los usuarios a solucionar problemas con pruebas de part\u00edculas in situ e inmediatas con Trace Analytics.\" \/>\n<meta property=\"og:url\" content=\"https:\/\/www.airchecklab.com\/es\/kits-aircheck%e2%9c%93\/contador-de-particulas-laser-aerotrak\/\" \/>\n<meta property=\"og:site_name\" content=\"Trace Analytics, the AirCheck Lab\" \/>\n<meta property=\"article:modified_time\" content=\"2024-04-24T20:46:22+00:00\" \/>\n<meta property=\"og:image\" content=\"https:\/\/www.airchecklab.com\/wp-content\/uploads\/2021\/11\/aerotrak-1.png\" \/>\n\t<meta property=\"og:image:width\" content=\"900\" \/>\n\t<meta property=\"og:image:height\" content=\"600\" \/>\n\t<meta property=\"og:image:type\" content=\"image\/png\" \/>\n<meta name=\"twitter:card\" content=\"summary_large_image\" \/>\n<meta name=\"twitter:label1\" content=\"Tiempo de lectura\" \/>\n\t<meta name=\"twitter:data1\" content=\"5 minutos\" \/>\n<script type=\"application\/ld+json\" class=\"yoast-schema-graph\">{\"@context\":\"https:\/\/schema.org\",\"@graph\":[{\"@type\":\"WebPage\",\"@id\":\"https:\/\/www.airchecklab.com\/es\/kits-aircheck%e2%9c%93\/contador-de-particulas-laser-aerotrak\/\",\"url\":\"https:\/\/www.airchecklab.com\/es\/kits-aircheck%e2%9c%93\/contador-de-particulas-laser-aerotrak\/\",\"name\":\"Contador de part\u00edculas l\u00e1ser Aerotrak - Trace Analytics, the AirCheck Lab\",\"isPartOf\":{\"@id\":\"\/#website\"},\"datePublished\":\"2021-12-27T16:11:20+00:00\",\"dateModified\":\"2024-04-24T20:46:22+00:00\",\"description\":\"El uso del contador de part\u00edculas por l\u00e1ser Aerotrak puede ayudar a los usuarios a solucionar problemas con pruebas de part\u00edculas in situ e inmediatas con Trace Analytics.\",\"breadcrumb\":{\"@id\":\"https:\/\/www.airchecklab.com\/es\/kits-aircheck%e2%9c%93\/contador-de-particulas-laser-aerotrak\/#breadcrumb\"},\"inLanguage\":\"es\",\"potentialAction\":[{\"@type\":\"ReadAction\",\"target\":[\"https:\/\/www.airchecklab.com\/es\/kits-aircheck%e2%9c%93\/contador-de-particulas-laser-aerotrak\/\"]}]},{\"@type\":\"BreadcrumbList\",\"@id\":\"https:\/\/www.airchecklab.com\/es\/kits-aircheck%e2%9c%93\/contador-de-particulas-laser-aerotrak\/#breadcrumb\",\"itemListElement\":[{\"@type\":\"ListItem\",\"position\":1,\"name\":\"Home\",\"item\":\"https:\/\/www.airchecklab.com\/es\/analisis-de-seguimiento-pruebas-ambientales-y-de-aire-comprimido\/\"},{\"@type\":\"ListItem\",\"position\":2,\"name\":\"Kits AirCheck\u2713\",\"item\":\"https:\/\/www.airchecklab.com\/es\/kits-aircheck%e2%9c%93\/\"},{\"@type\":\"ListItem\",\"position\":3,\"name\":\"Contador de part\u00edculas l\u00e1ser Aerotrak\"}]},{\"@type\":\"WebSite\",\"@id\":\"\/#website\",\"url\":\"\/\",\"name\":\"Trace Analytics, the AirCheck Lab\",\"description\":\"Compressed Air Testing for ISO 8573, Microbial, SQF, Breathing Air\",\"publisher\":{\"@id\":\"\/#organization\"},\"potentialAction\":[{\"@type\":\"SearchAction\",\"target\":{\"@type\":\"EntryPoint\",\"urlTemplate\":\"\/?s={search_term_string}\"},\"query-input\":\"required name=search_term_string\"}],\"inLanguage\":\"es\"},{\"@type\":\"Organization\",\"@id\":\"\/#organization\",\"name\":\"Trace Analytics, LLC\",\"url\":\"\/\",\"logo\":{\"@type\":\"ImageObject\",\"inLanguage\":\"es\",\"@id\":\"\/#\/schema\/logo\/image\/\",\"url\":\"https:\/\/www.airchecklab.com\/wp-content\/uploads\/2021\/08\/Blue-01.png\",\"contentUrl\":\"https:\/\/www.airchecklab.com\/wp-content\/uploads\/2021\/08\/Blue-01.png\",\"width\":1600,\"height\":301,\"caption\":\"Trace Analytics, LLC\"},\"image\":{\"@id\":\"\/#\/schema\/logo\/image\/\"}}]}<\/script>\n<!-- \/ Yoast SEO Premium plugin. -->","yoast_head_json":{"title":"Contador de part\u00edculas l\u00e1ser Aerotrak - Trace Analytics, the AirCheck Lab","description":"El uso del contador de part\u00edculas por l\u00e1ser Aerotrak puede ayudar a los usuarios a solucionar problemas con pruebas de part\u00edculas in situ e inmediatas con Trace Analytics.","robots":{"index":"index","follow":"follow","max-snippet":"max-snippet:-1","max-image-preview":"max-image-preview:large","max-video-preview":"max-video-preview:-1"},"canonical":"https:\/\/www.airchecklab.com\/es\/kits-aircheck%e2%9c%93\/contador-de-particulas-laser-aerotrak\/","og_locale":"es_ES","og_type":"article","og_title":"Contador de part\u00edculas l\u00e1ser Aerotrak","og_description":"El uso del contador de part\u00edculas por l\u00e1ser Aerotrak puede ayudar a los usuarios a solucionar problemas con pruebas de part\u00edculas in situ e inmediatas con Trace Analytics.","og_url":"https:\/\/www.airchecklab.com\/es\/kits-aircheck%e2%9c%93\/contador-de-particulas-laser-aerotrak\/","og_site_name":"Trace Analytics, the AirCheck Lab","article_modified_time":"2024-04-24T20:46:22+00:00","og_image":[{"width":900,"height":600,"url":"https:\/\/www.airchecklab.com\/wp-content\/uploads\/2021\/11\/aerotrak-1.png","type":"image\/png"}],"twitter_card":"summary_large_image","twitter_misc":{"Tiempo de lectura":"5 minutos"},"schema":{"@context":"https:\/\/schema.org","@graph":[{"@type":"WebPage","@id":"https:\/\/www.airchecklab.com\/es\/kits-aircheck%e2%9c%93\/contador-de-particulas-laser-aerotrak\/","url":"https:\/\/www.airchecklab.com\/es\/kits-aircheck%e2%9c%93\/contador-de-particulas-laser-aerotrak\/","name":"Contador de part\u00edculas l\u00e1ser Aerotrak - Trace Analytics, the AirCheck Lab","isPartOf":{"@id":"\/#website"},"datePublished":"2021-12-27T16:11:20+00:00","dateModified":"2024-04-24T20:46:22+00:00","description":"El uso del contador de part\u00edculas por l\u00e1ser Aerotrak puede ayudar a los usuarios a solucionar problemas con pruebas de part\u00edculas in situ e inmediatas con Trace Analytics.","breadcrumb":{"@id":"https:\/\/www.airchecklab.com\/es\/kits-aircheck%e2%9c%93\/contador-de-particulas-laser-aerotrak\/#breadcrumb"},"inLanguage":"es","potentialAction":[{"@type":"ReadAction","target":["https:\/\/www.airchecklab.com\/es\/kits-aircheck%e2%9c%93\/contador-de-particulas-laser-aerotrak\/"]}]},{"@type":"BreadcrumbList","@id":"https:\/\/www.airchecklab.com\/es\/kits-aircheck%e2%9c%93\/contador-de-particulas-laser-aerotrak\/#breadcrumb","itemListElement":[{"@type":"ListItem","position":1,"name":"Home","item":"https:\/\/www.airchecklab.com\/es\/analisis-de-seguimiento-pruebas-ambientales-y-de-aire-comprimido\/"},{"@type":"ListItem","position":2,"name":"Kits AirCheck\u2713","item":"https:\/\/www.airchecklab.com\/es\/kits-aircheck%e2%9c%93\/"},{"@type":"ListItem","position":3,"name":"Contador de part\u00edculas l\u00e1ser Aerotrak"}]},{"@type":"WebSite","@id":"\/#website","url":"\/","name":"Trace Analytics, the AirCheck Lab","description":"Compressed Air Testing for ISO 8573, Microbial, SQF, Breathing Air","publisher":{"@id":"\/#organization"},"potentialAction":[{"@type":"SearchAction","target":{"@type":"EntryPoint","urlTemplate":"\/?s={search_term_string}"},"query-input":"required name=search_term_string"}],"inLanguage":"es"},{"@type":"Organization","@id":"\/#organization","name":"Trace Analytics, LLC","url":"\/","logo":{"@type":"ImageObject","inLanguage":"es","@id":"\/#\/schema\/logo\/image\/","url":"https:\/\/www.airchecklab.com\/wp-content\/uploads\/2021\/08\/Blue-01.png","contentUrl":"https:\/\/www.airchecklab.com\/wp-content\/uploads\/2021\/08\/Blue-01.png","width":1600,"height":301,"caption":"Trace Analytics, LLC"},"image":{"@id":"\/#\/schema\/logo\/image\/"}}]}},"_links":{"self":[{"href":"https:\/\/www.airchecklab.com\/es\/wp-json\/wp\/v2\/pages\/22810"}],"collection":[{"href":"https:\/\/www.airchecklab.com\/es\/wp-json\/wp\/v2\/pages"}],"about":[{"href":"https:\/\/www.airchecklab.com\/es\/wp-json\/wp\/v2\/types\/page"}],"author":[{"embeddable":true,"href":"https:\/\/www.airchecklab.com\/es\/wp-json\/wp\/v2\/users\/18"}],"replies":[{"embeddable":true,"href":"https:\/\/www.airchecklab.com\/es\/wp-json\/wp\/v2\/comments?post=22810"}],"version-history":[{"count":17,"href":"https:\/\/www.airchecklab.com\/es\/wp-json\/wp\/v2\/pages\/22810\/revisions"}],"predecessor-version":[{"id":29268,"href":"https:\/\/www.airchecklab.com\/es\/wp-json\/wp\/v2\/pages\/22810\/revisions\/29268"}],"up":[{"embeddable":true,"href":"https:\/\/www.airchecklab.com\/es\/wp-json\/wp\/v2\/pages\/22403"}],"wp:featuredmedia":[{"embeddable":true,"href":"https:\/\/www.airchecklab.com\/es\/wp-json\/wp\/v2\/media\/21986"}],"wp:attachment":[{"href":"https:\/\/www.airchecklab.com\/es\/wp-json\/wp\/v2\/media?parent=22810"}],"curies":[{"name":"wp","href":"https:\/\/api.w.org\/{rel}","templated":true}]}}