{"id":22825,"date":"2021-12-27T10:11:23","date_gmt":"2021-12-27T16:11:23","guid":{"rendered":"https:\/\/dev.airchecklab.com\/kits-aircheck%e2%9c%93\/kit-de-prueba-de-gases-k811-p-w-o\/"},"modified":"2025-04-07T13:37:14","modified_gmt":"2025-04-07T19:37:14","slug":"kit-de-prueba-de-gases-k811-p-w-o","status":"publish","type":"page","link":"https:\/\/www.airchecklab.com\/es\/kits-aircheck%e2%9c%93\/kit-de-prueba-de-gases-k811-p-w-o\/","title":{"rendered":"Kit de prueba de gases K811, P: W: O"},"content":{"rendered":"<div class=\"fusion-fullwidth fullwidth-box fusion-builder-row-1 fusion-flex-container nonhundred-percent-fullwidth non-hundred-percent-height-scrolling\" style=\"--awb-border-radius-top-left:0px;--awb-border-radius-top-right:0px;--awb-border-radius-bottom-right:0px;--awb-border-radius-bottom-left:0px;--awb-padding-top:35px;\" ><div class=\"fusion-builder-row fusion-row fusion-flex-align-items-flex-start\" style=\"max-width:1227.2px;margin-left: calc(-4% \/ 2 );margin-right: calc(-4% \/ 2 );\"><div class=\"fusion-layout-column fusion_builder_column fusion-builder-column-0 fusion_builder_column_1_2 1_2 fusion-flex-column\" style=\"--awb-bg-size:cover;--awb-width-large:50%;--awb-margin-top-large:0px;--awb-spacing-right-large:3.84%;--awb-margin-bottom-large:0px;--awb-spacing-left-large:3.84%;--awb-width-medium:100%;--awb-spacing-right-medium:1.92%;--awb-spacing-left-medium:1.92%;--awb-width-small:100%;--awb-spacing-right-small:1.92%;--awb-spacing-left-small:1.92%;\"><div class=\"fusion-column-wrapper fusion-flex-justify-content-flex-start fusion-content-layout-column\"><div class=\"fusion-image-element \"><span class=\" fusion-imageframe imageframe-none imageframe-1 hover-type-none\"><img decoding=\"async\" width=\"1024\" height=\"695\" alt=\"AirCheck Kit K811 for Compressed Air and Gas Testing\" title=\"k811\" src=\"https:\/\/www.airchecklab.com\/wp-content\/uploads\/2021\/12\/k811-1.jpg\" data-orig-src=\"https:\/\/www.airchecklab.com\/wp-content\/uploads\/2021\/12\/k811-1-1024x695.jpg\" class=\"lazyload img-responsive wp-image-22211\" srcset=\"data:image\/svg+xml,%3Csvg%20xmlns%3D%27http%3A%2F%2Fwww.w3.org%2F2000%2Fsvg%27%20width%3D%271200%27%20height%3D%27815%27%20viewBox%3D%270%200%201200%20815%27%3E%3Crect%20width%3D%271200%27%20height%3D%27815%27%20fill-opacity%3D%220%22%2F%3E%3C%2Fsvg%3E\" data-srcset=\"https:\/\/www.airchecklab.com\/wp-content\/uploads\/2021\/12\/k811-1-200x136.jpg 200w, https:\/\/www.airchecklab.com\/wp-content\/uploads\/2021\/12\/k811-1-400x272.jpg 400w, https:\/\/www.airchecklab.com\/wp-content\/uploads\/2021\/12\/k811-1-600x408.jpg 600w, https:\/\/www.airchecklab.com\/wp-content\/uploads\/2021\/12\/k811-1-800x543.jpg 800w, https:\/\/www.airchecklab.com\/wp-content\/uploads\/2021\/12\/k811-1.jpg 1200w\" data-sizes=\"auto\" data-orig-sizes=\"(max-width: 1000px) 100vw, (max-width: 640px) 100vw, 600px\" \/><\/span><\/div><div class=\"fusion-alert alert general alert-info fusion-alert-center alert-dismissable fusion-animated\" style=\"--awb-margin-top:20px;--awb-margin-bottom:20px;\" role=\"alert\" data-animationType=\"fadeInLeft\" data-animationDuration=\"0.3\" data-animationOffset=\"top-into-view\"><div class=\"fusion-alert-content-wrapper\"><span class=\"alert-icon\"><i class=\"awb-icon-info-circle\" aria-hidden=\"true\"><\/i><\/span><span class=\"fusion-alert-content\"><a href=\"https:\/\/www.airchecklab.com\/es\/contacto\/\"><strong>Cont\u00e1ctenos para an\u00e1lisis de precios.<\/strong><\/a> Resultados disponibles para part\u00edculas, agua, aceite y gases.<\/span><\/div><button type=\"button\" class=\"close toggle-alert\" data-dismiss=\"alert\" aria-label=\"Close\">&times;<\/button><\/div><div class=\"fusion-text fusion-text-1\" style=\"--awb-line-height:2;\"><\/div><\/div><\/div><div class=\"fusion-layout-column fusion_builder_column fusion-builder-column-1 fusion_builder_column_1_2 1_2 fusion-flex-column fusion-flex-align-self-flex-start\" style=\"--awb-bg-size:cover;--awb-width-large:50%;--awb-margin-top-large:-35px;--awb-spacing-right-large:3.84%;--awb-spacing-left-large:3.84%;--awb-width-medium:100%;--awb-order-medium:0;--awb-spacing-right-medium:1.92%;--awb-spacing-left-medium:1.92%;--awb-width-small:100%;--awb-order-small:0;--awb-spacing-right-small:1.92%;--awb-spacing-left-small:1.92%;\"><div class=\"fusion-column-wrapper fusion-column-has-shadow fusion-flex-justify-content-flex-start fusion-content-layout-column\"><div class=\"fusion-text fusion-text-2\"><h2 data-fontsize=\"44\" data-lineheight=\"46.20000076293945px\" class=\"fusion-responsive-typography-calculated\" style=\"--fontSize: 44; line-height: 1.05;\">K811 &#8211; AirCheck\u2713 Kit &#x2122; para gases, part\u00edculas, agua y aceite<br \/><\/h2>\n<\/div><div class=\"fusion-separator fusion-full-width-sep\" style=\"align-self: center;margin-left: auto;margin-right: auto;margin-bottom:15px;width:100%;\"><div class=\"fusion-separator-border sep-single\" style=\"border-color:#9ca1a6;border-top-width:1px;\"><\/div><\/div><div class=\"fusion-text fusion-text-3\"><p>AirCheck\u2713 Kit &#x2122; Modelo K811 es la soluci\u00f3n de Trace para realizar pruebas asequibles seg\u00fan la norma ISO 8573-1: 2010, aire apto para uso alimentario, aire de proceso cr\u00edtico o sus especificaciones personalizadas. Adem\u00e1s del muestreo de part\u00edculas, agua y aceite; Este kit tambi\u00e9n se puede utilizar para tomar muestras de otros gases en el aire, como O2, CO, CO2, hidrocarburos vol\u00e1tiles totales, NOX y SO2. El kit tambi\u00e9n se puede utilizar con gases puros como O2, N2, N2O y Ar. Pruebas de aire de grado alimenticio, productos farmac\u00e9uticos, dispositivos m\u00e9dicos y productos electr\u00f3nicos son solo algunos ejemplos del uso cr\u00edtico del aire. Si necesita aire limpio o gas puro para su proceso de fabricaci\u00f3n, K811 es el kit para usted.    <\/p>\n<\/div><div class=\"fusion-separator fusion-full-width-sep\" style=\"align-self: center;margin-left: auto;margin-right: auto;margin-bottom:15px;width:100%;\"><div class=\"fusion-separator-border sep-single\" style=\"border-color:#9ca1a6;border-top-width:1px;\"><\/div><\/div><div class=\"fusion-text fusion-text-4\"><p>Kit de muestreo empaquetado seg\u00fan sus requisitos espec\u00edficos. <a href=\"https:\/\/www.airchecklab.com\/es\/academia-aircheck%e2%9c%93\/\">V\u00eddeos de formaci\u00f3n disponibles en l\u00ednea.<\/a> El hardware incluye:<\/p>\n<ul>\n<li><strong>Art\u00edculos est\u00e1ndar<\/strong>\n<ul class=\"checklist\">\n<li>Soporte para botella de 2 piezas<\/li>\n<li>Herramienta de reemplazo de agujas<\/li>\n<li>Agujas de repuesto, 2 ea.<\/li>\n<li>Adaptador hembra SS NPT, 2 ea.<\/li>\n<li>SS Doble Tee<\/li>\n<li>Caudal\u00edmetro de tubo, 2 ea.<\/li>\n<li>Caudal\u00edmetro de filtro<\/li>\n<li>Tuber\u00eda de caudal\u00edmetro<\/li>\n<li>Soporte de tubo, 4 ea.<\/li>\n<li>Rompe la punta del tubo detector<\/li>\n<li>Misc. Piezas de repuesto <\/li>\n<li>Limpiador, 1 botella<\/li>\n<li>Instrucciones de muestreo<\/li>\n<\/ul>\n<\/li>\n<li><strong>Elementos opcionales<\/strong>\n<ul class=\"checklist\">\n<li>Caudal\u00edmetros trazables NIST calibrados<\/li>\n<li>Tubo de muestreo: sin part\u00edculas<\/li>\n<li><span style=\"background-color: rgba(255, 255, 255, 0); color: var(--body_typography-color); font-family: var(--body_typography-font-family); font-size: var(--body_typography-font-size); font-style: var(--body_typography-font-style,normal); font-weight: var(--body_typography-font-weight); letter-spacing: var(--body_typography-letter-spacing);\">Paquete de datos<\/span><\/li>\n<\/ul>\n<\/li>\n<li><strong>Medios de comunicaci\u00f3n<\/strong>\n<ul class=\"checklist\">\n<li>Filtro de 47 mm<\/li>\n<li>Tubo detector de 5 y 20 a \/ p<\/li>\n<li>Tubo de carb\u00f3n<\/li>\n<li>Botella de origen<\/li>\n<li>Tubos detectores de NOX y SO2 (opcional)<\/li>\n<\/ul>\n<\/li>\n<\/ul>\n<\/div><div ><a class=\"fusion-button button-flat fusion-button-default-size button-default fusion-button-default button-1 fusion-button-default-span fusion-button-default-type\" style=\"--button_margin-bottom:15px;width:calc(100%);\" target=\"_self\" href=\"https:\/\/www.airchecklab.com\/es\/contacto\/\"><span class=\"fusion-button-text\">Solicitar presupuesto<\/span><\/a><\/div><div class=\"fusion-text fusion-text-5\" style=\"--awb-line-height:1;\"><p><em>El AirCheck\u2713 Kit &#x2122; K811 est\u00e1 disponible para su compra o alquiler; personalice f\u00e1cilmente el n\u00famero y la frecuencia de las muestras, y las especificaciones de prueba requeridas a trav\u00e9s de nuestro sistema de pedidos en l\u00ednea.<\/em><\/p>\n<\/div><\/div><\/div><div class=\"fusion-layout-column fusion_builder_column fusion-builder-column-2 fusion_builder_column_1_1 1_1 fusion-flex-column\" style=\"--awb-bg-size:cover;--awb-width-large:100%;--awb-spacing-right-large:1.92%;--awb-spacing-left-large:1.92%;--awb-width-medium:100%;--awb-order-medium:0;--awb-spacing-right-medium:1.92%;--awb-spacing-left-medium:1.92%;--awb-width-small:100%;--awb-order-small:0;--awb-spacing-right-small:1.92%;--awb-spacing-left-small:1.92%;\"><div class=\"fusion-column-wrapper fusion-column-has-shadow fusion-flex-justify-content-flex-start fusion-content-layout-column\"><div class=\"fusion-separator fusion-full-width-sep\" style=\"align-self: center;margin-left: auto;margin-right: auto;margin-bottom:35px;width:100%;\"><div class=\"fusion-separator-border sep-single\" style=\"border-color:#9ca1a6;border-top-width:1px;\"><\/div><\/div><div class=\"fusion-text fusion-text-6\"><form action=\"https:\/\/www.airchecklab.com\/contact\/contact-us\/\" method=\"post\" name=\"K6088Form\">\n<p style=\"text-align: center;\">\u00bfNecesita tomar muestras, pero no quiere comprar un kit? El <span class=\"aircheck\">AirCheck <span class=\"tracecheck\">\u2713<\/span> Kit &#x2122; K811<\/span> tambi\u00e9n est\u00e1 disponible para alquiler. <a href=\"https:\/\/www.airchecklab.com\/products\/aircheck-kits\/manufacturing-critical-air-iso-8573\/#\">Solicite informaci\u00f3n de alquiler de K811<\/a> . <\/p>\n<\/form>\n<form action=\"https:\/\/www.airchecklab.com\/contact\/contact-us\/\" method=\"post\" name=\"K6088Form\">\n<p style=\"text-align: center;\"><i>\u00bfNecesita m\u00e1s medios de muestreo? Utilice nuestra p\u00e1gina de <a href=\"https:\/\/www.airchecklab.com\/es\/recursos\/reabastecimientos\/\">reabastecimiento<\/a> f\u00e1cil para pedir suministros r\u00e1pidamente. <\/i><\/p>\n<\/form>\n<\/div><\/div><\/div><\/div><\/div>\n","protected":false},"excerpt":{"rendered":"","protected":false},"author":18,"featured_media":0,"parent":22403,"menu_order":0,"comment_status":"closed","ping_status":"closed","template":"","meta":{"content-type":""},"yoast_head":"<!-- This site is optimized with the Yoast SEO Premium plugin v20.0 (Yoast SEO v20.0) - https:\/\/yoast.com\/wordpress\/plugins\/seo\/ -->\n<title>Kit de prueba de gases K811, P: W: O - Trace Analytics, the AirCheck Lab<\/title>\n<meta name=\"robots\" content=\"index, follow, max-snippet:-1, max-image-preview:large, max-video-preview:-1\" \/>\n<link rel=\"canonical\" href=\"https:\/\/www.airchecklab.com\/es\/kits-aircheck%e2%9c%93\/kit-de-prueba-de-gases-k811-p-w-o\/\" \/>\n<meta property=\"og:locale\" content=\"es_ES\" \/>\n<meta property=\"og:type\" content=\"article\" \/>\n<meta property=\"og:title\" content=\"Kit de prueba de gases K811, P: W: O\" \/>\n<meta property=\"og:url\" content=\"https:\/\/www.airchecklab.com\/es\/kits-aircheck%e2%9c%93\/kit-de-prueba-de-gases-k811-p-w-o\/\" \/>\n<meta property=\"og:site_name\" content=\"Trace Analytics, the AirCheck Lab\" \/>\n<meta property=\"article:modified_time\" content=\"2025-04-07T19:37:14+00:00\" \/>\n<meta name=\"twitter:card\" content=\"summary_large_image\" \/>\n<meta name=\"twitter:label1\" content=\"Tiempo de lectura\" \/>\n\t<meta name=\"twitter:data1\" content=\"6 minutos\" \/>\n<script type=\"application\/ld+json\" class=\"yoast-schema-graph\">{\"@context\":\"https:\/\/schema.org\",\"@graph\":[{\"@type\":\"WebPage\",\"@id\":\"https:\/\/www.airchecklab.com\/es\/kits-aircheck%e2%9c%93\/kit-de-prueba-de-gases-k811-p-w-o\/\",\"url\":\"https:\/\/www.airchecklab.com\/es\/kits-aircheck%e2%9c%93\/kit-de-prueba-de-gases-k811-p-w-o\/\",\"name\":\"Kit de prueba de gases K811, P: W: O - Trace Analytics, the AirCheck Lab\",\"isPartOf\":{\"@id\":\"\/#website\"},\"datePublished\":\"2021-12-27T16:11:23+00:00\",\"dateModified\":\"2025-04-07T19:37:14+00:00\",\"breadcrumb\":{\"@id\":\"https:\/\/www.airchecklab.com\/es\/kits-aircheck%e2%9c%93\/kit-de-prueba-de-gases-k811-p-w-o\/#breadcrumb\"},\"inLanguage\":\"es\",\"potentialAction\":[{\"@type\":\"ReadAction\",\"target\":[\"https:\/\/www.airchecklab.com\/es\/kits-aircheck%e2%9c%93\/kit-de-prueba-de-gases-k811-p-w-o\/\"]}]},{\"@type\":\"BreadcrumbList\",\"@id\":\"https:\/\/www.airchecklab.com\/es\/kits-aircheck%e2%9c%93\/kit-de-prueba-de-gases-k811-p-w-o\/#breadcrumb\",\"itemListElement\":[{\"@type\":\"ListItem\",\"position\":1,\"name\":\"Home\",\"item\":\"https:\/\/www.airchecklab.com\/es\/analisis-de-seguimiento-pruebas-ambientales-y-de-aire-comprimido\/\"},{\"@type\":\"ListItem\",\"position\":2,\"name\":\"Kits AirCheck\u2713\",\"item\":\"https:\/\/www.airchecklab.com\/es\/kits-aircheck%e2%9c%93\/\"},{\"@type\":\"ListItem\",\"position\":3,\"name\":\"Kit de prueba de gases K811, P: W: O\"}]},{\"@type\":\"WebSite\",\"@id\":\"\/#website\",\"url\":\"\/\",\"name\":\"Trace Analytics, the AirCheck Lab\",\"description\":\"Compressed Air Testing for ISO 8573, Microbial, SQF, Breathing Air\",\"publisher\":{\"@id\":\"\/#organization\"},\"potentialAction\":[{\"@type\":\"SearchAction\",\"target\":{\"@type\":\"EntryPoint\",\"urlTemplate\":\"\/?s={search_term_string}\"},\"query-input\":\"required name=search_term_string\"}],\"inLanguage\":\"es\"},{\"@type\":\"Organization\",\"@id\":\"\/#organization\",\"name\":\"Trace Analytics, LLC\",\"url\":\"\/\",\"logo\":{\"@type\":\"ImageObject\",\"inLanguage\":\"es\",\"@id\":\"\/#\/schema\/logo\/image\/\",\"url\":\"https:\/\/www.airchecklab.com\/wp-content\/uploads\/2021\/08\/Blue-01.png\",\"contentUrl\":\"https:\/\/www.airchecklab.com\/wp-content\/uploads\/2021\/08\/Blue-01.png\",\"width\":1600,\"height\":301,\"caption\":\"Trace Analytics, LLC\"},\"image\":{\"@id\":\"\/#\/schema\/logo\/image\/\"}}]}<\/script>\n<!-- \/ Yoast SEO Premium plugin. -->","yoast_head_json":{"title":"Kit de prueba de gases K811, P: W: O - Trace Analytics, the AirCheck Lab","robots":{"index":"index","follow":"follow","max-snippet":"max-snippet:-1","max-image-preview":"max-image-preview:large","max-video-preview":"max-video-preview:-1"},"canonical":"https:\/\/www.airchecklab.com\/es\/kits-aircheck%e2%9c%93\/kit-de-prueba-de-gases-k811-p-w-o\/","og_locale":"es_ES","og_type":"article","og_title":"Kit de prueba de gases K811, P: W: O","og_url":"https:\/\/www.airchecklab.com\/es\/kits-aircheck%e2%9c%93\/kit-de-prueba-de-gases-k811-p-w-o\/","og_site_name":"Trace Analytics, the AirCheck Lab","article_modified_time":"2025-04-07T19:37:14+00:00","twitter_card":"summary_large_image","twitter_misc":{"Tiempo de lectura":"6 minutos"},"schema":{"@context":"https:\/\/schema.org","@graph":[{"@type":"WebPage","@id":"https:\/\/www.airchecklab.com\/es\/kits-aircheck%e2%9c%93\/kit-de-prueba-de-gases-k811-p-w-o\/","url":"https:\/\/www.airchecklab.com\/es\/kits-aircheck%e2%9c%93\/kit-de-prueba-de-gases-k811-p-w-o\/","name":"Kit de prueba de gases K811, P: W: O - Trace Analytics, the AirCheck Lab","isPartOf":{"@id":"\/#website"},"datePublished":"2021-12-27T16:11:23+00:00","dateModified":"2025-04-07T19:37:14+00:00","breadcrumb":{"@id":"https:\/\/www.airchecklab.com\/es\/kits-aircheck%e2%9c%93\/kit-de-prueba-de-gases-k811-p-w-o\/#breadcrumb"},"inLanguage":"es","potentialAction":[{"@type":"ReadAction","target":["https:\/\/www.airchecklab.com\/es\/kits-aircheck%e2%9c%93\/kit-de-prueba-de-gases-k811-p-w-o\/"]}]},{"@type":"BreadcrumbList","@id":"https:\/\/www.airchecklab.com\/es\/kits-aircheck%e2%9c%93\/kit-de-prueba-de-gases-k811-p-w-o\/#breadcrumb","itemListElement":[{"@type":"ListItem","position":1,"name":"Home","item":"https:\/\/www.airchecklab.com\/es\/analisis-de-seguimiento-pruebas-ambientales-y-de-aire-comprimido\/"},{"@type":"ListItem","position":2,"name":"Kits AirCheck\u2713","item":"https:\/\/www.airchecklab.com\/es\/kits-aircheck%e2%9c%93\/"},{"@type":"ListItem","position":3,"name":"Kit de prueba de gases K811, P: W: O"}]},{"@type":"WebSite","@id":"\/#website","url":"\/","name":"Trace Analytics, the AirCheck Lab","description":"Compressed Air Testing for ISO 8573, Microbial, SQF, Breathing Air","publisher":{"@id":"\/#organization"},"potentialAction":[{"@type":"SearchAction","target":{"@type":"EntryPoint","urlTemplate":"\/?s={search_term_string}"},"query-input":"required name=search_term_string"}],"inLanguage":"es"},{"@type":"Organization","@id":"\/#organization","name":"Trace Analytics, LLC","url":"\/","logo":{"@type":"ImageObject","inLanguage":"es","@id":"\/#\/schema\/logo\/image\/","url":"https:\/\/www.airchecklab.com\/wp-content\/uploads\/2021\/08\/Blue-01.png","contentUrl":"https:\/\/www.airchecklab.com\/wp-content\/uploads\/2021\/08\/Blue-01.png","width":1600,"height":301,"caption":"Trace Analytics, LLC"},"image":{"@id":"\/#\/schema\/logo\/image\/"}}]}},"_links":{"self":[{"href":"https:\/\/www.airchecklab.com\/es\/wp-json\/wp\/v2\/pages\/22825"}],"collection":[{"href":"https:\/\/www.airchecklab.com\/es\/wp-json\/wp\/v2\/pages"}],"about":[{"href":"https:\/\/www.airchecklab.com\/es\/wp-json\/wp\/v2\/types\/page"}],"author":[{"embeddable":true,"href":"https:\/\/www.airchecklab.com\/es\/wp-json\/wp\/v2\/users\/18"}],"replies":[{"embeddable":true,"href":"https:\/\/www.airchecklab.com\/es\/wp-json\/wp\/v2\/comments?post=22825"}],"version-history":[{"count":15,"href":"https:\/\/www.airchecklab.com\/es\/wp-json\/wp\/v2\/pages\/22825\/revisions"}],"predecessor-version":[{"id":31584,"href":"https:\/\/www.airchecklab.com\/es\/wp-json\/wp\/v2\/pages\/22825\/revisions\/31584"}],"up":[{"embeddable":true,"href":"https:\/\/www.airchecklab.com\/es\/wp-json\/wp\/v2\/pages\/22403"}],"wp:attachment":[{"href":"https:\/\/www.airchecklab.com\/es\/wp-json\/wp\/v2\/media?parent=22825"}],"curies":[{"name":"wp","href":"https:\/\/api.w.org\/{rel}","templated":true}]}}