{"id":22826,"date":"2021-12-27T10:11:23","date_gmt":"2021-12-27T16:11:23","guid":{"rendered":"https:\/\/dev.airchecklab.com\/kits-aircheck%e2%9c%93\/muestreador-de-impacto-microbiano-kx00fr\/"},"modified":"2024-04-24T14:45:09","modified_gmt":"2024-04-24T20:45:09","slug":"muestreador-de-impacto-microbiano-kx00fr","status":"publish","type":"page","link":"https:\/\/www.airchecklab.com\/es\/kits-aircheck%e2%9c%93\/muestreador-de-impacto-microbiano-kx00fr\/","title":{"rendered":"Muestreador de impacto microbiano KX00FR"},"content":{"rendered":"<div class=\"fusion-fullwidth fullwidth-box fusion-builder-row-1 fusion-flex-container nonhundred-percent-fullwidth non-hundred-percent-height-scrolling\" style=\"--awb-border-radius-top-left:0px;--awb-border-radius-top-right:0px;--awb-border-radius-bottom-right:0px;--awb-border-radius-bottom-left:0px;--awb-padding-top:35px;\" ><div class=\"fusion-builder-row fusion-row fusion-flex-align-items-flex-start fusion-flex-justify-content-center\" style=\"max-width:1227.2px;margin-left: calc(-4% \/ 2 );margin-right: calc(-4% \/ 2 );\"><div class=\"fusion-layout-column fusion_builder_column fusion-builder-column-0 fusion_builder_column_1_2 1_2 fusion-flex-column\" style=\"--awb-bg-size:cover;--awb-width-large:50%;--awb-margin-top-large:0px;--awb-spacing-right-large:3.84%;--awb-margin-bottom-large:0px;--awb-spacing-left-large:3.84%;--awb-width-medium:100%;--awb-spacing-right-medium:1.92%;--awb-spacing-left-medium:1.92%;--awb-width-small:100%;--awb-spacing-right-small:1.92%;--awb-spacing-left-small:1.92%;\"><div class=\"fusion-column-wrapper fusion-flex-justify-content-flex-start fusion-content-layout-column\"><div class=\"fusion-image-element \" style=\"text-align:center;\"><span class=\" fusion-imageframe imageframe-none imageframe-1 hover-type-none\"><img decoding=\"async\" width=\"683\" height=\"1024\" alt=\"Pinocchio Super I for Microbial Sampling\" title=\"Funnel Only Pinocchio\" src=\"https:\/\/www.airchecklab.com\/wp-content\/uploads\/2021\/12\/Funnel-Only-Pinocchio-scaled.jpg\" data-orig-src=\"https:\/\/www.airchecklab.com\/wp-content\/uploads\/2021\/12\/Funnel-Only-Pinocchio-683x1024.jpg\" class=\"lazyload img-responsive wp-image-22082\" srcset=\"data:image\/svg+xml,%3Csvg%20xmlns%3D%27http%3A%2F%2Fwww.w3.org%2F2000%2Fsvg%27%20width%3D%271708%27%20height%3D%272560%27%20viewBox%3D%270%200%201708%202560%27%3E%3Crect%20width%3D%271708%27%20height%3D%272560%27%20fill-opacity%3D%220%22%2F%3E%3C%2Fsvg%3E\" data-srcset=\"https:\/\/www.airchecklab.com\/wp-content\/uploads\/2021\/12\/Funnel-Only-Pinocchio-200x300.jpg 200w, https:\/\/www.airchecklab.com\/wp-content\/uploads\/2021\/12\/Funnel-Only-Pinocchio-400x599.jpg 400w, https:\/\/www.airchecklab.com\/wp-content\/uploads\/2021\/12\/Funnel-Only-Pinocchio-600x899.jpg 600w, https:\/\/www.airchecklab.com\/wp-content\/uploads\/2021\/12\/Funnel-Only-Pinocchio-800x1199.jpg 800w, https:\/\/www.airchecklab.com\/wp-content\/uploads\/2021\/12\/Funnel-Only-Pinocchio-1200x1798.jpg 1200w, https:\/\/www.airchecklab.com\/wp-content\/uploads\/2021\/12\/Funnel-Only-Pinocchio-scaled.jpg 1708w\" data-sizes=\"auto\" data-orig-sizes=\"(max-width: 1000px) 100vw, (max-width: 640px) 100vw, 600px\" \/><\/span><\/div>\n<\/div><\/div><div class=\"fusion-layout-column fusion_builder_column fusion-builder-column-1 fusion_builder_column_1_2 1_2 fusion-flex-column fusion-flex-align-self-flex-start\" style=\"--awb-bg-size:cover;--awb-width-large:50%;--awb-margin-top-large:-35px;--awb-spacing-right-large:3.84%;--awb-spacing-left-large:3.84%;--awb-width-medium:100%;--awb-order-medium:0;--awb-spacing-right-medium:1.92%;--awb-spacing-left-medium:1.92%;--awb-width-small:100%;--awb-order-small:0;--awb-spacing-right-small:1.92%;--awb-spacing-left-small:1.92%;\"><div class=\"fusion-column-wrapper fusion-column-has-shadow fusion-flex-justify-content-flex-start fusion-content-layout-column\"><div class=\"fusion-text fusion-text-1\"><h2>Muestreador microbiano Pinocchio Super I<\/h2>\n<\/div><div class=\"fusion-separator fusion-full-width-sep\" style=\"align-self: center;margin-left: auto;margin-right: auto;margin-bottom:15px;width:100%;\"><div class=\"fusion-separator-border sep-single\" style=\"border-color:#9ca1a6;border-top-width:1px;\"><\/div><\/div><div class=\"fusion-text fusion-text-2\"><p>El Pinocho Super I est\u00e1 disponible para alquiler diario. Este muestreador microbiano se conecta a la salida de aire\/gas comprimido (60 psi o menos) con un tubo est\u00e9ril. Se utiliza com\u00fanmente para el recuento total de placas aer\u00f3bicas. Se dispone de una <a href=\"https:\/\/www.airchecklab.com\/es\/servicios-2\/identificacion-microbiana\/\" target=\"_blank\" rel=\"noopener noreferrer\">mayor identificaci\u00f3n<\/a> de las unidades formadoras de colonias.<\/p>\n<p>El muestreador de impactaci\u00f3n microbiana se envasa seg\u00fan tus <a href=\"https:\/\/www.airbestpractices.com\/standards\/iso-and-cagi\/microbial-testing-and-compressed-air-standard-iso-8573-7\" target=\"_blank\" rel=\"noopener noreferrer\">requisitos<\/a> espec\u00edficos <a href=\"https:\/\/www.airbestpractices.com\/standards\/iso-and-cagi\/microbial-testing-and-compressed-air-standard-iso-8573-7\" target=\"_blank\" rel=\"noopener noreferrer\">de an\u00e1lisis<\/a>. Los an\u00e1lisis son proporcionados por un laboratorio acreditado por terceros que se especializa en an\u00e1lisis microbianos. <\/p>\n<\/div><div class=\"fusion-separator fusion-full-width-sep\" style=\"align-self: center;margin-left: auto;margin-right: auto;margin-bottom:15px;width:100%;\"><div class=\"fusion-separator-border sep-single\" style=\"border-color:#9ca1a6;border-top-width:1px;\"><\/div><\/div><div class=\"fusion-text fusion-text-3\"><p><b>Componentes est\u00e1ndar:<\/b><\/p>\n<ul>\n<li><span style=\"color: var(--body_typography-color); font-family: var(--body_typography-font-family); font-size: var(--body_typography-font-size); font-style: var(--body_typography-font-style,normal); letter-spacing: var(--body_typography-letter-spacing);\">Pinocho Super I<\/span><\/li>\n<li><span style=\"color: var(--body_typography-color); font-family: var(--body_typography-font-family); font-size: var(--body_typography-font-size); font-style: var(--body_typography-font-style,normal); letter-spacing: var(--body_typography-letter-spacing);\">Man\u00f3metro del puerto de muestreo<\/span><\/li>\n<li><span style=\"color: var(--body_typography-color); font-family: var(--body_typography-font-family); font-size: var(--body_typography-font-size); font-style: var(--body_typography-font-style,normal); letter-spacing: var(--body_typography-letter-spacing);\">Tubo est\u00e9ril<\/span><\/li>\n<li><span style=\"color: var(--body_typography-color); font-family: var(--body_typography-font-family); font-size: var(--body_typography-font-size); font-style: var(--body_typography-font-style,normal); letter-spacing: var(--body_typography-letter-spacing);\">Limpiador<\/span><\/li>\n<li><span style=\"color: var(--body_typography-color); font-family: var(--body_typography-font-family); font-size: var(--body_typography-font-size); font-style: var(--body_typography-font-style,normal); letter-spacing: var(--body_typography-letter-spacing);\">Misc. Piezas de repuesto<\/span><\/li>\n<li><span style=\"color: var(--body_typography-color); font-family: var(--body_typography-font-family); font-size: var(--body_typography-font-size); font-style: var(--body_typography-font-style,normal); letter-spacing: var(--body_typography-letter-spacing);\">Instrucciones de muestreo<\/span><\/li>\n<li><span style=\"color: var(--body_typography-color); font-family: var(--body_typography-font-family); font-size: var(--body_typography-font-size); font-style: var(--body_typography-font-style,normal); letter-spacing: var(--body_typography-letter-spacing);\">Estuche de transporte<\/span><\/li>\n<\/ul>\n<p><b>Consumibles:<\/b><\/p>\n<ul>\n<li><span style=\"color: var(--body_typography-color); font-family: var(--body_typography-font-family); font-size: var(--body_typography-font-size); font-style: var(--body_typography-font-style,normal); letter-spacing: var(--body_typography-letter-spacing);\">Tubo est\u00e9ril<\/span><\/li>\n<li><span style=\"color: var(--body_typography-color); font-family: var(--body_typography-font-family); font-size: var(--body_typography-font-size); font-style: var(--body_typography-font-style,normal); letter-spacing: var(--body_typography-letter-spacing);\">Limpiador<\/span><\/li>\n<li><span style=\"color: var(--body_typography-color); font-family: var(--body_typography-font-family); font-size: var(--body_typography-font-size); font-style: var(--body_typography-font-style,normal); letter-spacing: var(--body_typography-letter-spacing);\">Paquete de 10 platos TSA<\/span><\/li>\n<\/ul>\n<\/div><div ><a class=\"fusion-button button-flat fusion-button-default-size button-default fusion-button-default button-1 fusion-button-default-span fusion-button-default-type\" style=\"--button_margin-bottom:15px;width:calc(100%);\" target=\"_self\" href=\"https:\/\/www.airchecklab.com\/es\/contacto\/contactenos\/\"><span class=\"fusion-button-text\">Solicitar presupuesto<\/span><\/a><\/div><div class=\"fusion-text fusion-text-4\" style=\"--awb-line-height:1;\"><p><em>El Pinocchio Super I est\u00e1 disponible para su compra o alquiler: personalice f\u00e1cilmente el n\u00famero y la frecuencia de las muestras, y las especificaciones de prueba requeridas a trav\u00e9s de nuestro sistema de pedidos en l\u00ednea.<\/em><\/p>\n<\/div><\/div><\/div><div class=\"fusion-layout-column fusion_builder_column fusion-builder-column-2 fusion_builder_column_1_1 1_1 fusion-flex-column\" style=\"--awb-bg-size:cover;--awb-width-large:100%;--awb-spacing-right-large:1.92%;--awb-spacing-left-large:1.92%;--awb-width-medium:100%;--awb-order-medium:0;--awb-spacing-right-medium:1.92%;--awb-spacing-left-medium:1.92%;--awb-width-small:100%;--awb-order-small:0;--awb-spacing-right-small:1.92%;--awb-spacing-left-small:1.92%;\"><div class=\"fusion-column-wrapper fusion-column-has-shadow fusion-flex-justify-content-flex-start fusion-content-layout-column\"><div class=\"fusion-separator fusion-full-width-sep\" style=\"align-self: center;margin-left: auto;margin-right: auto;margin-bottom:35px;width:100%;\"><div class=\"fusion-separator-border sep-single\" style=\"border-color:#9ca1a6;border-top-width:1px;\"><\/div><\/div><div class=\"fusion-text fusion-text-5\"><form action=\"https:\/\/www.airchecklab.com\/contact\/contact-us\/\" method=\"post\" name=\"K6088Form\">\n<p style=\"text-align: center;\">\u00bfNecesita tomar muestras, pero no quiere comprar un kit? El Pinocho Super I tambi\u00e9n est\u00e1 disponible para alquiler.<\/p>\n<\/form>\n<form action=\"https:\/\/www.airchecklab.com\/contact\/contact-us\/\" method=\"post\" name=\"K6088Form\">\n<p style=\"text-align: center;\"><i>\u00bfNecesita m\u00e1s medios de muestreo? Utilice nuestra p\u00e1gina de <a href=\"https:\/\/www.airchecklab.com\/es\/recursos\/reabastecimientos\/\">reabastecimiento<\/a> f\u00e1cil para pedir suministros r\u00e1pidamente.<\/i><\/p>\n<\/form>\n<\/div><\/div><\/div><\/div><\/div>\n","protected":false},"excerpt":{"rendered":"","protected":false},"author":18,"featured_media":0,"parent":22403,"menu_order":0,"comment_status":"closed","ping_status":"closed","template":"","meta":{"content-type":""},"yoast_head":"<!-- This site is optimized with the Yoast SEO Premium plugin v20.0 (Yoast SEO v20.0) - https:\/\/yoast.com\/wordpress\/plugins\/seo\/ -->\n<title>Muestreador de impacto microbiano KX00FR - Trace Analytics, the AirCheck Lab<\/title>\n<meta name=\"description\" content=\"El muestreador microbiano de Trace Analytics le permite analizar sus l\u00edneas de aire comprimido o de gas en busca de microorganismos como bacterias, levaduras y moho.\" \/>\n<meta name=\"robots\" content=\"index, follow, max-snippet:-1, max-image-preview:large, max-video-preview:-1\" \/>\n<link rel=\"canonical\" href=\"https:\/\/www.airchecklab.com\/es\/kits-aircheck%e2%9c%93\/muestreador-de-impacto-microbiano-kx00fr\/\" \/>\n<meta property=\"og:locale\" content=\"es_ES\" \/>\n<meta property=\"og:type\" content=\"article\" \/>\n<meta property=\"og:title\" content=\"Muestreador de impacto microbiano KX00FR\" \/>\n<meta property=\"og:description\" content=\"El muestreador microbiano de Trace Analytics le permite analizar sus l\u00edneas de aire comprimido o de gas en busca de microorganismos como bacterias, levaduras y moho.\" \/>\n<meta property=\"og:url\" content=\"https:\/\/www.airchecklab.com\/es\/kits-aircheck%e2%9c%93\/muestreador-de-impacto-microbiano-kx00fr\/\" \/>\n<meta property=\"og:site_name\" content=\"Trace Analytics, the AirCheck Lab\" \/>\n<meta property=\"article:modified_time\" content=\"2024-04-24T20:45:09+00:00\" \/>\n<meta name=\"twitter:card\" content=\"summary_large_image\" \/>\n<meta name=\"twitter:label1\" content=\"Tiempo de lectura\" \/>\n\t<meta name=\"twitter:data1\" content=\"5 minutos\" \/>\n<script type=\"application\/ld+json\" class=\"yoast-schema-graph\">{\"@context\":\"https:\/\/schema.org\",\"@graph\":[{\"@type\":\"WebPage\",\"@id\":\"https:\/\/www.airchecklab.com\/es\/kits-aircheck%e2%9c%93\/muestreador-de-impacto-microbiano-kx00fr\/\",\"url\":\"https:\/\/www.airchecklab.com\/es\/kits-aircheck%e2%9c%93\/muestreador-de-impacto-microbiano-kx00fr\/\",\"name\":\"Muestreador de impacto microbiano KX00FR - Trace Analytics, the AirCheck Lab\",\"isPartOf\":{\"@id\":\"\/#website\"},\"datePublished\":\"2021-12-27T16:11:23+00:00\",\"dateModified\":\"2024-04-24T20:45:09+00:00\",\"description\":\"El muestreador microbiano de Trace Analytics le permite analizar sus l\u00edneas de aire comprimido o de gas en busca de microorganismos como bacterias, levaduras y moho.\",\"breadcrumb\":{\"@id\":\"https:\/\/www.airchecklab.com\/es\/kits-aircheck%e2%9c%93\/muestreador-de-impacto-microbiano-kx00fr\/#breadcrumb\"},\"inLanguage\":\"es\",\"potentialAction\":[{\"@type\":\"ReadAction\",\"target\":[\"https:\/\/www.airchecklab.com\/es\/kits-aircheck%e2%9c%93\/muestreador-de-impacto-microbiano-kx00fr\/\"]}]},{\"@type\":\"BreadcrumbList\",\"@id\":\"https:\/\/www.airchecklab.com\/es\/kits-aircheck%e2%9c%93\/muestreador-de-impacto-microbiano-kx00fr\/#breadcrumb\",\"itemListElement\":[{\"@type\":\"ListItem\",\"position\":1,\"name\":\"Home\",\"item\":\"https:\/\/www.airchecklab.com\/es\/analisis-de-seguimiento-pruebas-ambientales-y-de-aire-comprimido\/\"},{\"@type\":\"ListItem\",\"position\":2,\"name\":\"Kits AirCheck\u2713\",\"item\":\"https:\/\/www.airchecklab.com\/es\/kits-aircheck%e2%9c%93\/\"},{\"@type\":\"ListItem\",\"position\":3,\"name\":\"Muestreador de impacto microbiano KX00FR\"}]},{\"@type\":\"WebSite\",\"@id\":\"\/#website\",\"url\":\"\/\",\"name\":\"Trace Analytics, the AirCheck Lab\",\"description\":\"Compressed Air Testing for ISO 8573, Microbial, SQF, Breathing Air\",\"publisher\":{\"@id\":\"\/#organization\"},\"potentialAction\":[{\"@type\":\"SearchAction\",\"target\":{\"@type\":\"EntryPoint\",\"urlTemplate\":\"\/?s={search_term_string}\"},\"query-input\":\"required name=search_term_string\"}],\"inLanguage\":\"es\"},{\"@type\":\"Organization\",\"@id\":\"\/#organization\",\"name\":\"Trace Analytics, LLC\",\"url\":\"\/\",\"logo\":{\"@type\":\"ImageObject\",\"inLanguage\":\"es\",\"@id\":\"\/#\/schema\/logo\/image\/\",\"url\":\"https:\/\/www.airchecklab.com\/wp-content\/uploads\/2021\/08\/Blue-01.png\",\"contentUrl\":\"https:\/\/www.airchecklab.com\/wp-content\/uploads\/2021\/08\/Blue-01.png\",\"width\":1600,\"height\":301,\"caption\":\"Trace Analytics, LLC\"},\"image\":{\"@id\":\"\/#\/schema\/logo\/image\/\"}}]}<\/script>\n<!-- \/ Yoast SEO Premium plugin. -->","yoast_head_json":{"title":"Muestreador de impacto microbiano KX00FR - Trace Analytics, the AirCheck Lab","description":"El muestreador microbiano de Trace Analytics le permite analizar sus l\u00edneas de aire comprimido o de gas en busca de microorganismos como bacterias, levaduras y moho.","robots":{"index":"index","follow":"follow","max-snippet":"max-snippet:-1","max-image-preview":"max-image-preview:large","max-video-preview":"max-video-preview:-1"},"canonical":"https:\/\/www.airchecklab.com\/es\/kits-aircheck%e2%9c%93\/muestreador-de-impacto-microbiano-kx00fr\/","og_locale":"es_ES","og_type":"article","og_title":"Muestreador de impacto microbiano KX00FR","og_description":"El muestreador microbiano de Trace Analytics le permite analizar sus l\u00edneas de aire comprimido o de gas en busca de microorganismos como bacterias, levaduras y moho.","og_url":"https:\/\/www.airchecklab.com\/es\/kits-aircheck%e2%9c%93\/muestreador-de-impacto-microbiano-kx00fr\/","og_site_name":"Trace Analytics, the AirCheck Lab","article_modified_time":"2024-04-24T20:45:09+00:00","twitter_card":"summary_large_image","twitter_misc":{"Tiempo de lectura":"5 minutos"},"schema":{"@context":"https:\/\/schema.org","@graph":[{"@type":"WebPage","@id":"https:\/\/www.airchecklab.com\/es\/kits-aircheck%e2%9c%93\/muestreador-de-impacto-microbiano-kx00fr\/","url":"https:\/\/www.airchecklab.com\/es\/kits-aircheck%e2%9c%93\/muestreador-de-impacto-microbiano-kx00fr\/","name":"Muestreador de impacto microbiano KX00FR - Trace Analytics, the AirCheck Lab","isPartOf":{"@id":"\/#website"},"datePublished":"2021-12-27T16:11:23+00:00","dateModified":"2024-04-24T20:45:09+00:00","description":"El muestreador microbiano de Trace Analytics le permite analizar sus l\u00edneas de aire comprimido o de gas en busca de microorganismos como bacterias, levaduras y moho.","breadcrumb":{"@id":"https:\/\/www.airchecklab.com\/es\/kits-aircheck%e2%9c%93\/muestreador-de-impacto-microbiano-kx00fr\/#breadcrumb"},"inLanguage":"es","potentialAction":[{"@type":"ReadAction","target":["https:\/\/www.airchecklab.com\/es\/kits-aircheck%e2%9c%93\/muestreador-de-impacto-microbiano-kx00fr\/"]}]},{"@type":"BreadcrumbList","@id":"https:\/\/www.airchecklab.com\/es\/kits-aircheck%e2%9c%93\/muestreador-de-impacto-microbiano-kx00fr\/#breadcrumb","itemListElement":[{"@type":"ListItem","position":1,"name":"Home","item":"https:\/\/www.airchecklab.com\/es\/analisis-de-seguimiento-pruebas-ambientales-y-de-aire-comprimido\/"},{"@type":"ListItem","position":2,"name":"Kits AirCheck\u2713","item":"https:\/\/www.airchecklab.com\/es\/kits-aircheck%e2%9c%93\/"},{"@type":"ListItem","position":3,"name":"Muestreador de impacto microbiano KX00FR"}]},{"@type":"WebSite","@id":"\/#website","url":"\/","name":"Trace Analytics, the AirCheck Lab","description":"Compressed Air Testing for ISO 8573, Microbial, SQF, Breathing Air","publisher":{"@id":"\/#organization"},"potentialAction":[{"@type":"SearchAction","target":{"@type":"EntryPoint","urlTemplate":"\/?s={search_term_string}"},"query-input":"required name=search_term_string"}],"inLanguage":"es"},{"@type":"Organization","@id":"\/#organization","name":"Trace Analytics, LLC","url":"\/","logo":{"@type":"ImageObject","inLanguage":"es","@id":"\/#\/schema\/logo\/image\/","url":"https:\/\/www.airchecklab.com\/wp-content\/uploads\/2021\/08\/Blue-01.png","contentUrl":"https:\/\/www.airchecklab.com\/wp-content\/uploads\/2021\/08\/Blue-01.png","width":1600,"height":301,"caption":"Trace Analytics, LLC"},"image":{"@id":"\/#\/schema\/logo\/image\/"}}]}},"_links":{"self":[{"href":"https:\/\/www.airchecklab.com\/es\/wp-json\/wp\/v2\/pages\/22826"}],"collection":[{"href":"https:\/\/www.airchecklab.com\/es\/wp-json\/wp\/v2\/pages"}],"about":[{"href":"https:\/\/www.airchecklab.com\/es\/wp-json\/wp\/v2\/types\/page"}],"author":[{"embeddable":true,"href":"https:\/\/www.airchecklab.com\/es\/wp-json\/wp\/v2\/users\/18"}],"replies":[{"embeddable":true,"href":"https:\/\/www.airchecklab.com\/es\/wp-json\/wp\/v2\/comments?post=22826"}],"version-history":[{"count":25,"href":"https:\/\/www.airchecklab.com\/es\/wp-json\/wp\/v2\/pages\/22826\/revisions"}],"predecessor-version":[{"id":29253,"href":"https:\/\/www.airchecklab.com\/es\/wp-json\/wp\/v2\/pages\/22826\/revisions\/29253"}],"up":[{"embeddable":true,"href":"https:\/\/www.airchecklab.com\/es\/wp-json\/wp\/v2\/pages\/22403"}],"wp:attachment":[{"href":"https:\/\/www.airchecklab.com\/es\/wp-json\/wp\/v2\/media?parent=22826"}],"curies":[{"name":"wp","href":"https:\/\/api.w.org\/{rel}","templated":true}]}}