{"id":22846,"date":"2021-12-27T10:11:27","date_gmt":"2021-12-27T16:11:27","guid":{"rendered":"https:\/\/dev.airchecklab.com\/servicios-2\/actualizaciones-de-sqf-edition-9\/"},"modified":"2021-12-27T10:11:27","modified_gmt":"2021-12-27T16:11:27","slug":"actualizaciones-de-sqf-edition-9","status":"publish","type":"page","link":"https:\/\/www.airchecklab.com\/es\/servicios-2\/actualizaciones-de-sqf-edition-9\/","title":{"rendered":"Actualizaciones de SQF Edition 9"},"content":{"rendered":"<p>[lightbg]<br \/>\n[h1]<br \/>\nActualizaciones de SQF Edition 9 Ambient Air<br \/>\n[\/h1]<\/p>\n<p>\n<a href=\"https:\/\/www.airchecklab.com\/education\/sqf-edition-9\/\" rel=\"noopener noreferrer\" target=\"_blank\">SQF Edition 9<\/a> se implementar\u00e1 el 24 de mayo de 2021. Esta nueva actualizaci\u00f3n incluye varios cambios y aclaraciones, incluidos los requisitos para las pruebas anuales del aire ambiente en ubicaciones de alto riesgo. Este cambio se incluye en las siguientes secciones:\n<\/p>\n<blockquote><p>\n\u201c <strong>Fabricaci\u00f3n de alimentos 11.7.1.2:<\/strong><br \/>\n<em>El aire ambiente en \u00e1reas de alto riesgo se debe probar al menos una vez al a\u00f1o para confirmar que no<br \/>\nplantean un riesgo para la seguridad alimentaria.<\/em>\n<\/p><\/blockquote>\n<blockquote><p>\n<strong>Fabricaci\u00f3n de alimentos para mascotas 4.7.1.2:<\/strong><br \/>\n<em>El aire ambiente en \u00e1reas de alto riesgo se debe probar al menos una vez al a\u00f1o para confirmar que<br \/>\nno representa un riesgo para la seguridad de los alimentos para mascotas.<\/em>\n<\/p><\/blockquote>\n<blockquote><p>\n<strong>Fabricaci\u00f3n de productos animales 9.7.1.2:<\/strong><br \/>\n<em>El aire ambiente en \u00e1reas de alto riesgo se debe probar al menos una vez al a\u00f1o para confirmar que no<br \/>\nplantean un riesgo para la seguridad alimentaria.<\/em>\n<\/p><\/blockquote>\n<blockquote><p>\n<strong>Suplementos diet\u00e9ticos 17.7.1.2:<\/strong><br \/>\n<em>El aire ambiente en \u00e1reas de alto riesgo se debe probar al menos una vez al a\u00f1o para confirmar que<br \/>\nno representa un riesgo para la seguridad alimentaria.<\/em>\n<\/p><\/blockquote>\n<div class=\"divide20\"><\/div>\n<div class=\"clear\"><\/div>\n<p>\nEl nivel de riesgo de un fabricante depende de los peligros potenciales y los riesgos que plantean.<br \/>\nal consumidor si se produce una p\u00e9rdida de control. &#8220;Alto riesgo&#8221; se puede aplicar a un alimento o proceso<br \/>\ndeclarado por un cliente o normativa alimentaria pertinente. Trace Analytics puede proporcionar <a href=\"https:\/\/www.airchecklab.com\/services\/ambient-air-testing\/\" rel=\"noopener noreferrer\" target=\"_blank\">pruebas microbianas<\/a> para \u00e1reas de alto riesgo mediante muestreo pasivo o activo.\n<\/p>\n<p>[button size=&#8221;big&#8221; text=&#8221;Contact Us&#8221; link=&#8221;#Contact-Trace-Analytics&#8221; color=&#8221;blue&#8221;]<br \/>\n[\/lightbg]<br \/>\n[blackbg]<\/p>\n<h1>\nPrueba de aire ambiental<br \/>\n<\/h1>\n<p>\nEl muestreo microbiano realizado con muestreo activo (usando Trio.bas) permite el control del volumen de aire, el uso de m\u00faltiples tipos diferentes de medios y es port\u00e1til y de mano. Con este equipo, podemos detectar e informar hasta &lt;1 unidad formadora de colonias por m (UFC \/ m). <\/p>\n<p>\nLos entornos controlados deben supervisarse peri\u00f3dicamente para garantizar que los protocolos y<br \/>\nLos procedimientos son eficaces y previenen de manera adecuada la contaminaci\u00f3n cruzada de los productos.<br \/>\nLas pruebas de aire ambiental para \u00e1reas de alto riesgo pueden ayudar a las instalaciones a monitorear la presencia de <a href=\"https:\/\/www.airchecklab.com\/services\/microbial-testing\/bacterial-contamination\/\" rel=\"noopener noreferrer\" target=\"_blank\">bacterias<\/a> , <a href=\"https:\/\/www.airchecklab.com\/services\/microbial-testing\/yeast-contamination\/\" rel=\"noopener noreferrer\" target=\"_blank\">levaduras<\/a> y <a href=\"https:\/\/www.airchecklab.com\/services\/microbial-testing\/mold-contamination\/\" rel=\"noopener noreferrer\" target=\"_blank\">moho<\/a> .<br \/>\nque podr\u00eda ser perjudicial para sus productos y perjudicial para sus usuarios finales.\n<\/p>\n<p>[one_half]<\/p>\n<h2>\n<em>Muestreo pasivo de aire:<\/em><br \/>\n<\/h2>\n<p><img decoding=\"async\" src=\"data:image\/svg+xml,%3Csvg%20xmlns%3D%27http%3A%2F%2Fwww.w3.org%2F2000%2Fsvg%27%20width%3D%27150%27%20height%3D%27150%27%20viewBox%3D%270%200%20150%20150%27%3E%3Crect%20width%3D%27150%27%20height%3D%27150%27%20fill-opacity%3D%220%22%2F%3E%3C%2Fsvg%3E\" data-orig-src=\"https:\/\/www.airchecklab.com\/wp-content\/uploads\/2021\/05\/agar-plate-cutout-150x150.png\" alt=\"settle plate for ambient air testing\" width=\"150\" height=\"150\" class=\"lazyload aligncenter size-thumbnail wp-image-20551\"><\/p>\n<p>\nLas placas de sedimentaci\u00f3n se utilizan para el muestreo pasivo de aire. Las placas simplemente se colocan en \u00e1reas de alto riesgo y se dejan reposar hasta por 4 horas. Los resultados se informan en unidades formadoras de colonias por placa y no tienen en cuenta el volumen de aire. En cambio, las placas de sedimentaci\u00f3n informan al usuario de la cantidad de contaminantes microbiol\u00f3gicos viables que se sedimentan del aire ambiental en el espacio muestreado. Esta puede ser una herramienta poderosa para \u00e1reas de alto tr\u00e1fico y alto riesgo.\n<\/p>\n<p>[\/one_half]<br \/>\n[one_half_last]<\/p>\n<h2>\n<em>Muestreo de aire activo:<\/em><br \/>\n<\/h2>\n<p><img decoding=\"async\" src=\"https:\/\/www.airchecklab.com\/wp-content\/uploads\/2021\/05\/triobas-clear-150x150.png\" data-orig-src=\"https:\/\/www.airchecklab.com\/wp-content\/uploads\/2021\/05\/triobas-clear-150x150.png\" alt=\"triobas\" width=\"150\" height=\"150\" class=\"lazyload aligncenter size-thumbnail wp-image-20555\" srcset=\"data:image\/svg+xml,%3Csvg%20xmlns%3D%27http%3A%2F%2Fwww.w3.org%2F2000%2Fsvg%27%20width%3D%27150%27%20height%3D%27150%27%20viewBox%3D%270%200%20150%20150%27%3E%3Crect%20width%3D%27150%27%20height%3D%27150%27%20fill-opacity%3D%220%22%2F%3E%3C%2Fsvg%3E\" data-srcset=\"https:\/\/www.airchecklab.com\/wp-content\/uploads\/2021\/05\/triobas-clear-150x150.png 150w, https:\/\/www.airchecklab.com\/wp-content\/uploads\/2021\/05\/triobas-clear.png 236w\" data-sizes=\"auto\" data-orig-sizes=\"(max-width: 150px) 100vw, 150px\" \/><\/p>\n<p>\nIdeal para especificaciones que requieren informes en UFC \/ m 3, Trio.bas Mono se utiliza para muestreo activo de aire. Este m\u00e9todo permite a los clientes contabilizar un volumen espec\u00edfico de aire en la ubicaci\u00f3n y proporciona resultados cualitativos y cuantitativos. Este equipo puede detectar e informar hasta &lt;1 unidad formadora de colonias por m (UFC \/ m). Obtenga m\u00e1s informaci\u00f3n sobre <a href=\"https:\/\/www.airchecklab.com\/services\/ambient-air-testing\/\">el muestreo de aire ambiental<\/a> aqu\u00ed.\n<\/p>\n<p>[\/one_half_last]<\/p>\n<p>[\/blackbg]<br \/>\n[lightbg]<\/p>\n<h1>\nAcerca de Trace Analytics<br \/>\n<\/h1>\n<p>\nTrace Analytics est\u00e1 acreditado seg\u00fan ISO 17025: 2017. Nuestro <a href=\"https:\/\/www.airchecklab.com\/contact\/about-the-lab\/\" rel=\"noopener noreferrer\" target=\"_blank\">laboratorio acreditado por A2LA<\/a> es imparcial,<br \/>\nlaboratorio de terceros capaz de manejar sus necesidades de pruebas SQF desde aire comprimido hasta<br \/>\naire ambiente a las superficies. Nuestro equipo de expertos puede prepararle el plan de muestreo adecuado.<br \/>\npara aprobar su pr\u00f3xima auditor\u00eda y asegurarse de que sus productos finales no se vean afectados por la contaminaci\u00f3n<br \/>\ndesde el aire que los impacta.\n<\/p>\n<p>\nNuestro laboratorio de microbiolog\u00eda de \u00faltima generaci\u00f3n puede realizar an\u00e1lisis desde el recuento total de placas hasta Gram<br \/>\ntinci\u00f3n, para <a href=\"https:\/\/www.airchecklab.com\/services\/microbial-testing\/chromogenic-identification-of-indicator-organisms-in-compressed-air\/\" rel=\"noopener noreferrer\" target=\"_blank\">una mayor identificaci\u00f3n de los organismos<\/a> . Cont\u00e1ctenos para empezar hoy.\n<\/p>\n<p>[\/lightbg]<\/p>\n<h2 id=\"Contact-Trace-Analytics\">\n\t<!--[if lte IE 8]>\n<script charset=\"utf-8\" type=\"text\/javascript\" src=\"\/\/js.hsforms.net\/forms\/v2-legacy.js\"><\/script>\n<![endif]--><br \/>\n<script charset=\"utf-8\" type=\"text\/javascript\" src=\"\/\/js.hsforms.net\/forms\/v2.js\"><\/script><br \/>\n<script>\n  hbspt.forms.create({\n\tportalId: \"4558619\",\n\tformId: \"218d4ee5-d0d6-4e55-870e-343fc8a09450\"\n});\n<\/script><\/p>\n","protected":false},"excerpt":{"rendered":"<p>[lightbg] [h1] Actualizaciones de SQF Edition 9 Ambient Air [\/h1] SQF Edition 9 se implementar\u00e1 el 24 de mayo de 2021. Esta nueva actualizaci\u00f3n incluye varios cambios y aclaraciones, incluidos los requisitos para las pruebas anuales del aire ambiente en ubicaciones de alto riesgo. Este cambio se incluye en las siguientes secciones: \u201c Fabricaci\u00f3n de alimentos 11.7.1.2: El aire ambiente en \u00e1reas de alto riesgo se debe probar al menos una vez al a\u00f1o para confirmar que no plantean un [&hellip;]<\/p>\n","protected":false},"author":18,"featured_media":20018,"parent":22335,"menu_order":0,"comment_status":"closed","ping_status":"closed","template":"index.php","meta":{"content-type":""},"yoast_head":"<!-- This site is optimized with the Yoast SEO Premium plugin v20.0 (Yoast SEO v20.0) - https:\/\/yoast.com\/wordpress\/plugins\/seo\/ -->\n<title>Actualizaciones de SQF Edition 9 - Trace Analytics<\/title>\n<meta name=\"description\" content=\"Obtenga m\u00e1s informaci\u00f3n sobre las actualizaciones y los requisitos de SQF Edition 9 para part\u00edculas, agua, aceite y microorganismos en el aire ambiental.\" \/>\n<meta name=\"robots\" content=\"index, follow, max-snippet:-1, max-image-preview:large, max-video-preview:-1\" \/>\n<link rel=\"canonical\" href=\"https:\/\/www.airchecklab.com\/es\/servicios-2\/actualizaciones-de-sqf-edition-9\/\" \/>\n<meta property=\"og:locale\" content=\"es_ES\" \/>\n<meta property=\"og:type\" content=\"article\" \/>\n<meta property=\"og:title\" content=\"Actualizaciones de SQF Edition 9\" \/>\n<meta property=\"og:description\" content=\"Obtenga m\u00e1s informaci\u00f3n sobre las actualizaciones y los requisitos de SQF Edition 9 para part\u00edculas, agua, aceite y microorganismos en el aire ambiental.\" \/>\n<meta property=\"og:url\" content=\"https:\/\/www.airchecklab.com\/es\/servicios-2\/actualizaciones-de-sqf-edition-9\/\" \/>\n<meta property=\"og:site_name\" content=\"Trace Analytics, the AirCheck Lab\" \/>\n<meta property=\"og:image\" content=\"https:\/\/www.airchecklab.com\/wp-content\/uploads\/2018\/09\/Blue-Compressor.jpg\" \/>\n\t<meta property=\"og:image:width\" content=\"2600\" \/>\n\t<meta property=\"og:image:height\" content=\"1733\" \/>\n\t<meta property=\"og:image:type\" content=\"image\/jpeg\" \/>\n<meta name=\"twitter:card\" content=\"summary_large_image\" \/>\n<meta name=\"twitter:label1\" content=\"Tiempo de lectura\" \/>\n\t<meta name=\"twitter:data1\" content=\"3 minutos\" \/>\n<script type=\"application\/ld+json\" class=\"yoast-schema-graph\">{\"@context\":\"https:\/\/schema.org\",\"@graph\":[{\"@type\":\"WebPage\",\"@id\":\"https:\/\/www.airchecklab.com\/es\/servicios-2\/actualizaciones-de-sqf-edition-9\/\",\"url\":\"https:\/\/www.airchecklab.com\/es\/servicios-2\/actualizaciones-de-sqf-edition-9\/\",\"name\":\"Actualizaciones de SQF Edition 9 - Trace Analytics\",\"isPartOf\":{\"@id\":\"\/#website\"},\"datePublished\":\"2021-12-27T16:11:27+00:00\",\"dateModified\":\"2021-12-27T16:11:27+00:00\",\"description\":\"Obtenga m\u00e1s informaci\u00f3n sobre las actualizaciones y los requisitos de SQF Edition 9 para part\u00edculas, agua, aceite y microorganismos en el aire ambiental.\",\"breadcrumb\":{\"@id\":\"https:\/\/www.airchecklab.com\/es\/servicios-2\/actualizaciones-de-sqf-edition-9\/#breadcrumb\"},\"inLanguage\":\"es\",\"potentialAction\":[{\"@type\":\"ReadAction\",\"target\":[\"https:\/\/www.airchecklab.com\/es\/servicios-2\/actualizaciones-de-sqf-edition-9\/\"]}]},{\"@type\":\"BreadcrumbList\",\"@id\":\"https:\/\/www.airchecklab.com\/es\/servicios-2\/actualizaciones-de-sqf-edition-9\/#breadcrumb\",\"itemListElement\":[{\"@type\":\"ListItem\",\"position\":1,\"name\":\"Home\",\"item\":\"https:\/\/www.airchecklab.com\/es\/analisis-de-seguimiento-pruebas-ambientales-y-de-aire-comprimido\/\"},{\"@type\":\"ListItem\",\"position\":2,\"name\":\"Servicios\",\"item\":\"https:\/\/www.airchecklab.com\/es\/servicios-2\/\"},{\"@type\":\"ListItem\",\"position\":3,\"name\":\"Actualizaciones de SQF Edition 9\"}]},{\"@type\":\"WebSite\",\"@id\":\"\/#website\",\"url\":\"\/\",\"name\":\"Trace Analytics, the AirCheck Lab\",\"description\":\"Compressed Air Testing for ISO 8573, Microbial, SQF, Breathing Air\",\"publisher\":{\"@id\":\"\/#organization\"},\"potentialAction\":[{\"@type\":\"SearchAction\",\"target\":{\"@type\":\"EntryPoint\",\"urlTemplate\":\"\/?s={search_term_string}\"},\"query-input\":\"required name=search_term_string\"}],\"inLanguage\":\"es\"},{\"@type\":\"Organization\",\"@id\":\"\/#organization\",\"name\":\"Trace Analytics, LLC\",\"url\":\"\/\",\"logo\":{\"@type\":\"ImageObject\",\"inLanguage\":\"es\",\"@id\":\"\/#\/schema\/logo\/image\/\",\"url\":\"https:\/\/www.airchecklab.com\/wp-content\/uploads\/2021\/08\/Blue-01.png\",\"contentUrl\":\"https:\/\/www.airchecklab.com\/wp-content\/uploads\/2021\/08\/Blue-01.png\",\"width\":1600,\"height\":301,\"caption\":\"Trace Analytics, LLC\"},\"image\":{\"@id\":\"\/#\/schema\/logo\/image\/\"}}]}<\/script>\n<!-- \/ Yoast SEO Premium plugin. -->","yoast_head_json":{"title":"Actualizaciones de SQF Edition 9 - Trace Analytics","description":"Obtenga m\u00e1s informaci\u00f3n sobre las actualizaciones y los requisitos de SQF Edition 9 para part\u00edculas, agua, aceite y microorganismos en el aire ambiental.","robots":{"index":"index","follow":"follow","max-snippet":"max-snippet:-1","max-image-preview":"max-image-preview:large","max-video-preview":"max-video-preview:-1"},"canonical":"https:\/\/www.airchecklab.com\/es\/servicios-2\/actualizaciones-de-sqf-edition-9\/","og_locale":"es_ES","og_type":"article","og_title":"Actualizaciones de SQF Edition 9","og_description":"Obtenga m\u00e1s informaci\u00f3n sobre las actualizaciones y los requisitos de SQF Edition 9 para part\u00edculas, agua, aceite y microorganismos en el aire ambiental.","og_url":"https:\/\/www.airchecklab.com\/es\/servicios-2\/actualizaciones-de-sqf-edition-9\/","og_site_name":"Trace Analytics, the AirCheck Lab","og_image":[{"width":2600,"height":1733,"url":"https:\/\/www.airchecklab.com\/wp-content\/uploads\/2018\/09\/Blue-Compressor.jpg","type":"image\/jpeg"}],"twitter_card":"summary_large_image","twitter_misc":{"Tiempo de lectura":"3 minutos"},"schema":{"@context":"https:\/\/schema.org","@graph":[{"@type":"WebPage","@id":"https:\/\/www.airchecklab.com\/es\/servicios-2\/actualizaciones-de-sqf-edition-9\/","url":"https:\/\/www.airchecklab.com\/es\/servicios-2\/actualizaciones-de-sqf-edition-9\/","name":"Actualizaciones de SQF Edition 9 - Trace Analytics","isPartOf":{"@id":"\/#website"},"datePublished":"2021-12-27T16:11:27+00:00","dateModified":"2021-12-27T16:11:27+00:00","description":"Obtenga m\u00e1s informaci\u00f3n sobre las actualizaciones y los requisitos de SQF Edition 9 para part\u00edculas, agua, aceite y microorganismos en el aire ambiental.","breadcrumb":{"@id":"https:\/\/www.airchecklab.com\/es\/servicios-2\/actualizaciones-de-sqf-edition-9\/#breadcrumb"},"inLanguage":"es","potentialAction":[{"@type":"ReadAction","target":["https:\/\/www.airchecklab.com\/es\/servicios-2\/actualizaciones-de-sqf-edition-9\/"]}]},{"@type":"BreadcrumbList","@id":"https:\/\/www.airchecklab.com\/es\/servicios-2\/actualizaciones-de-sqf-edition-9\/#breadcrumb","itemListElement":[{"@type":"ListItem","position":1,"name":"Home","item":"https:\/\/www.airchecklab.com\/es\/analisis-de-seguimiento-pruebas-ambientales-y-de-aire-comprimido\/"},{"@type":"ListItem","position":2,"name":"Servicios","item":"https:\/\/www.airchecklab.com\/es\/servicios-2\/"},{"@type":"ListItem","position":3,"name":"Actualizaciones de SQF Edition 9"}]},{"@type":"WebSite","@id":"\/#website","url":"\/","name":"Trace Analytics, the AirCheck Lab","description":"Compressed Air Testing for ISO 8573, Microbial, SQF, Breathing Air","publisher":{"@id":"\/#organization"},"potentialAction":[{"@type":"SearchAction","target":{"@type":"EntryPoint","urlTemplate":"\/?s={search_term_string}"},"query-input":"required name=search_term_string"}],"inLanguage":"es"},{"@type":"Organization","@id":"\/#organization","name":"Trace Analytics, LLC","url":"\/","logo":{"@type":"ImageObject","inLanguage":"es","@id":"\/#\/schema\/logo\/image\/","url":"https:\/\/www.airchecklab.com\/wp-content\/uploads\/2021\/08\/Blue-01.png","contentUrl":"https:\/\/www.airchecklab.com\/wp-content\/uploads\/2021\/08\/Blue-01.png","width":1600,"height":301,"caption":"Trace Analytics, LLC"},"image":{"@id":"\/#\/schema\/logo\/image\/"}}]}},"_links":{"self":[{"href":"https:\/\/www.airchecklab.com\/es\/wp-json\/wp\/v2\/pages\/22846"}],"collection":[{"href":"https:\/\/www.airchecklab.com\/es\/wp-json\/wp\/v2\/pages"}],"about":[{"href":"https:\/\/www.airchecklab.com\/es\/wp-json\/wp\/v2\/types\/page"}],"author":[{"embeddable":true,"href":"https:\/\/www.airchecklab.com\/es\/wp-json\/wp\/v2\/users\/18"}],"replies":[{"embeddable":true,"href":"https:\/\/www.airchecklab.com\/es\/wp-json\/wp\/v2\/comments?post=22846"}],"version-history":[{"count":0,"href":"https:\/\/www.airchecklab.com\/es\/wp-json\/wp\/v2\/pages\/22846\/revisions"}],"up":[{"embeddable":true,"href":"https:\/\/www.airchecklab.com\/es\/wp-json\/wp\/v2\/pages\/22335"}],"wp:featuredmedia":[{"embeddable":true,"href":"https:\/\/www.airchecklab.com\/es\/wp-json\/wp\/v2\/media\/20018"}],"wp:attachment":[{"href":"https:\/\/www.airchecklab.com\/es\/wp-json\/wp\/v2\/media?parent=22846"}],"curies":[{"name":"wp","href":"https:\/\/api.w.org\/{rel}","templated":true}]}}