{"id":25635,"date":"2022-02-28T12:17:14","date_gmt":"2022-02-28T18:17:14","guid":{"rendered":"https:\/\/www.airchecklab.com\/politica-de-privacidad\/"},"modified":"2022-02-28T12:17:15","modified_gmt":"2022-02-28T18:17:15","slug":"politica-de-privacidad","status":"publish","type":"page","link":"https:\/\/www.airchecklab.com\/es\/politica-de-privacidad\/","title":{"rendered":"Pol\u00edtica de privacidad"},"content":{"rendered":"<h1>Intimidad<\/h1>\n<div class=\"padl15NOT\">\n<h3>\u00bfQu\u00e9 informaci\u00f3n recopilamos?<\/h3>\n<div class=\"padl15\">\n<p>Recopilamos informaci\u00f3n sobre usted cuando se registra en nuestro sitio, realiza un pedido, se suscribe a nuestro bolet\u00edn informativo, asiste a una de nuestras presentaciones educativas (seminario web, conferencia, capacitaci\u00f3n o transmisi\u00f3n por Internet), participa en rifas, responde a una encuesta, actualiza la informaci\u00f3n de la cuenta o llene un formulario. La informaci\u00f3n del sitio web se recopila mediante cookies.<\/p>\n<p>Al realizar un pedido, configurar su cuenta o enviar un formulario en nuestro sitio, seg\u00fan corresponda, se le puede solicitar que ingrese su: nombre, direcci\u00f3n de correo electr\u00f3nico, direcci\u00f3n postal, cargo, nombre de la empresa, n\u00famero de tel\u00e9fono, informaci\u00f3n de la tarjeta de cr\u00e9dito, n\u00famero de confirmaci\u00f3n web, n\u00famero de cuenta de organizaci\u00f3n de terceros \/ c\u00f3digo de descuento o informaci\u00f3n del transportista. Sin embargo, puede visitar nuestro sitio de forma an\u00f3nima.<\/p>\n<\/div>\n<h3>\u00bfPara qu\u00e9 utilizamos su informaci\u00f3n?<\/h3>\n<div class=\"padl15\">\n<p>Toda la informaci\u00f3n que recopilamos de usted puede ser utilizada de una de las siguientes maneras:<\/p>\n<ul class=\"square\">\n<li>Para personalizar su experiencia: su informaci\u00f3n nos ayuda a responder mejor a sus necesidades individuales y a personalizar mejor sus visitas repetidas a nuestro sitio web.<\/li>\n<li>Para mejorar nuestro sitio web, nos esforzamos continuamente por mejorar las ofertas de nuestro sitio web en funci\u00f3n de la informaci\u00f3n y los comentarios que recibimos de usted.<\/li>\n<li>Para mejorar el servicio al cliente: su informaci\u00f3n actualizada nos ayuda a responder de manera m\u00e1s efectiva a sus solicitudes de servicio al cliente, ofrecer notificaciones para asegurarse de que est\u00e1 cumpliendo con las regulaciones o el plan de mantenimiento establecido y las necesidades de soporte.<\/li>\n<li>Para procesar transacciones, si no tenemos toda la informaci\u00f3n personal requerida (nombre (s), correo electr\u00f3nico (s), direcci\u00f3n (es), n\u00famero (s) de tel\u00e9fono o informaci\u00f3n de pago y env\u00edo) para procesar un pedido o ingresar un contrato, no podremos cumplir con su pedido o solicitud de contrato. Su informaci\u00f3n, ya sea p\u00fablica o privada, no ser\u00e1 vendida, intercambiada, transferida o cedida a ninguna otra empresa por ning\u00fan motivo, sin su consentimiento, salvo con el prop\u00f3sito expreso de entregar el producto adquirido o el servicio solicitado.<\/li>\n<li>Para enviar correos electr\u00f3nicos peri\u00f3dicos: la direcci\u00f3n de correo electr\u00f3nico que proporcione para el procesamiento de pedidos se puede usar para enviarle informaci\u00f3n y actualizaciones relacionadas con su pedido, pol\u00edtica o actualizaciones de la compa\u00f1\u00eda que pueden afectar su contrato actual o futuro, o informaci\u00f3n de monitoreo de aire comprimido.<\/li>\n<li>Para confirmar su estado con una organizaci\u00f3n o socio: en algunos casos, para otorgar descuentos adicionales a su pedido, es posible que debamos confirmar su posici\u00f3n con una organizaci\u00f3n utilizando su informaci\u00f3n, c\u00f3digo de descuento o n\u00famero de cuenta con un tercero que usted afirma ser. miembro o referido. No compartiremos su informaci\u00f3n personal fuera de las organizaciones que designe sin su consentimiento. Tiene derecho a oponerse a este procesamiento de su informaci\u00f3n en cualquier momento. Si se opone, esto puede afectar el descuento aplicado a su compra. Para oponerse u obtener la informaci\u00f3n procesada, p\u00f3ngase en contacto con nosotros: marketingteam@www.airchecklab.com o 1.800.247.1024<\/li>\n<\/ul>\n<\/div>\n<h3>M\u00e1rketing<\/h3>\n<div class=\"padl15\">\n<p>Nos gustar\u00eda mantenerlo informado y actualizado. Con su consentimiento, nos gustar\u00eda enviarle ocasionalmente noticias de la compa\u00f1\u00eda, actualizaciones o informaci\u00f3n relacionada con productos o servicios nuestros y de otras compa\u00f1\u00edas u organizaciones de servicios de mantenimiento que puedan ser de su inter\u00e9s. Si en alg\u00fan momento desea cancelar la suscripci\u00f3n para recibir correos electr\u00f3nicos futuros, incluimos instrucciones detalladas para cancelar la suscripci\u00f3n en la parte inferior de cada correo electr\u00f3nico.<\/p>\n<p>Los datos personales que procesamos para cualquier prop\u00f3sito o prop\u00f3sitos no se conservar\u00e1n por m\u00e1s tiempo del necesario para ese prop\u00f3sito o esos prop\u00f3sitos.<\/p>\n<p>Tiene derecho en cualquier momento a evitar que nos comuniquemos con usted con fines de marketing o que proporcionemos su informaci\u00f3n a una organizaci\u00f3n asociada externa. Esto no afectar\u00e1 su pedido, contrato o notificaciones con respecto a su cuenta o actualizaciones de la empresa que puedan afectarlo. Para excluirse, p\u00f3ngase en contacto con nosotros: marketingteam@www.airchecklab.com o 1.800.247.1024.<\/p>\n<\/div>\n<h3>Acceso a su informaci\u00f3n personal y correcci\u00f3n<\/h3>\n<div class=\"padl15\">\n<p>Queremos asegurarnos de que su informaci\u00f3n personal est\u00e9 actualizada y sea precisa. Puede solicitarnos que actualicemos esta informaci\u00f3n en cualquier momento o respondamos a uno de nuestros correos electr\u00f3nicos anuales solicitando actualizaciones de la informaci\u00f3n de la cuenta.<\/p>\n<p>Tiene derecho a solicitar una copia de la informaci\u00f3n que tenemos sobre usted. Podemos aplicar un peque\u00f1o cargo por este servicio. Para obtener m\u00e1s informaci\u00f3n sobre c\u00f3mo se utilizan sus datos personales, c\u00f3mo los mantenemos y aseguramos, y sus derechos para acceder a la informaci\u00f3n que tenemos, p\u00f3ngase en contacto con nosotros: nikki@www.airchecklab.com o 1.800.247.1024 ext. 299.<\/p>\n<\/div>\n<h3>\u00bfC\u00f3mo protegemos tu informaci\u00f3n?<\/h3>\n<div class=\"padl15\">\n<p>Implementamos una variedad de medidas de seguridad para mantener la seguridad de su informaci\u00f3n personal cuando realiza un pedido o ingresa, env\u00eda o accede a su informaci\u00f3n personal.<\/p>\n<p>Ofrecemos el uso de un servidor seguro. Toda la informaci\u00f3n confidencial \/ crediticia suministrada se transmite a trav\u00e9s de la tecnolog\u00eda Secure Socket Layer (SSL) y luego se encripta en la base de datos de nuestro proveedor de pasarela de pago solo para que sea accesible por aquellos autorizados con derechos especiales de acceso a dichos sistemas y deben mantener la informaci\u00f3n confidencial.<\/p>\n<p>Los datos personales que procesamos para cualquier prop\u00f3sito o prop\u00f3sitos no se conservar\u00e1n por m\u00e1s tiempo del necesario para ese prop\u00f3sito o esos prop\u00f3sitos. Despu\u00e9s de una transacci\u00f3n, su informaci\u00f3n privada se almacena hasta que se cierra su cuenta para dar cabida a los pedidos recurrentes. Los datos de las cuentas cerradas se revisan peri\u00f3dicamente y se eliminan cuando se solicitan o revisan para permitir que los clientes anteriores accedan a los informes archivados y a la informaci\u00f3n de la cuenta.<\/p>\n<p>Si tiene alguna pregunta o reclamaci\u00f3n, p\u00f3ngase en contacto con nuestro responsable de la protecci\u00f3n de datos (DPO) Nikki Smith &#8211; nikki@www.airchecklab.com o 1.800.247.1024 ext. 277. Tiene derecho a presentar una queja ante una autoridad supervisora.<\/p>\n<\/div>\n<h3>\u00bfUsamos cookies?<\/h3>\n<div class=\"padl15\">\n<p>Si. Las cookies son peque\u00f1os archivos que un sitio o su proveedor de servicios transfieren al disco duro de su computadora a trav\u00e9s de su navegador web (si usted lo permite) que permite que los sistemas del sitio o del proveedor de servicios reconozcan su navegador y capturen y recuerden cierta informaci\u00f3n.<\/p>\n<p>Usamos cookies para ayudarnos a recordar y procesar los art\u00edculos en su carrito de compras. Esta informaci\u00f3n tambi\u00e9n se utiliza para rastrear el uso del sitio web por parte de los visitantes y compilar informes estad\u00edsticos sobre la actividad del sitio web.<\/p>\n<p>Si lo prefiere, puede elegir que su computadora le advierta cada vez que se env\u00eda una cookie, o puede optar por desactivar todas las cookies a trav\u00e9s de la configuraci\u00f3n de su navegador. Como la mayor\u00eda de los sitios web, si desactiva las cookies, es posible que algunos de nuestros servicios no funcionen correctamente. Sin embargo, a\u00fan puede realizar pedidos por tel\u00e9fono o comunic\u00e1ndose con el servicio de atenci\u00f3n al cliente.<\/p>\n<\/div>\n<h3>\u00bfRevelamos alguna informaci\u00f3n a terceros?<\/h3>\n<div class=\"padl15\">\n<p>No vendemos, comercializamos ni transferimos a terceros su informaci\u00f3n de identificaci\u00f3n personal. Esto no incluye a los terceros confiables que nos ayudan a operar nuestro sitio web, realizar nuestro negocio o brindarle servicios, siempre que esas partes acuerden mantener esta informaci\u00f3n confidencial. Tambi\u00e9n podemos divulgar su informaci\u00f3n cuando creemos que la divulgaci\u00f3n es apropiada para cumplir con la ley, hacer cumplir las pol\u00edticas de nuestro sitio o proteger nuestros derechos, propiedad o seguridad o los de otros.<\/p>\n<\/div>\n<h3>Cumplimiento de la ley de protecci\u00f3n de la privacidad en l\u00ednea de California<\/h3>\n<div class=\"padl15\">\n<p>Debido a que valoramos su privacidad, hemos tomado las precauciones necesarias para cumplir con la Ley de Protecci\u00f3n de la Privacidad en L\u00ednea de California. Por lo tanto, no distribuiremos su informaci\u00f3n personal a terceros sin su consentimiento.<\/p>\n<\/div>\n<h3>Cumplimiento de la ley de protecci\u00f3n de la privacidad en l\u00ednea de los ni\u00f1os<\/h3>\n<div class=\"padl15\">\n<p>Cumplimos con los requisitos de COPPA (Ley de protecci\u00f3n de la privacidad en l\u00ednea de los ni\u00f1os), no recopilamos ninguna informaci\u00f3n de menores de 13 a\u00f1os. Nuestro sitio web, productos y servicios est\u00e1n todos dirigidos a personas que tienen al menos 13 a\u00f1os de edad o m\u00e1s.<\/p>\n<\/div>\n<h3>Tu consentimiento<\/h3>\n<div class=\"padl15\">\n<p>Al utilizar nuestro sitio, acepta nuestra pol\u00edtica de privacidad.<\/p>\n<\/div>\n<h3>Otros sitios web<\/h3>\n<div class=\"padl15\">\n<p>Nuestro sitio web tiene enlaces a otros sitios web. Esta pol\u00edtica de privacidad solo se aplica a este sitio web.<\/p>\n<\/div>\n<h3>Cambios a nuestra pol\u00edtica de privacidad<\/h3>\n<div class=\"padl15\">\n<p>Cuando actualicemos esta pol\u00edtica de privacidad, publicaremos esos cambios en esta p\u00e1gina y actualizaremos la fecha de modificaci\u00f3n de la Pol\u00edtica de privacidad a continuaci\u00f3n.<\/p>\n<p>Esta pol\u00edtica se modific\u00f3 por \u00faltima vez el 3 de julio de 2018<\/p>\n<\/div>\n<h3>Cont\u00e1ctanos<\/h3>\n<div class=\"padl15\">\n<p>Si tiene alguna pregunta con respecto a esta pol\u00edtica de privacidad, puede comunicarse con nosotros utilizando la informaci\u00f3n a continuaci\u00f3n.<\/p>\n<ul>\n<li>Trace Analytics, LLC<\/li>\n<li>15768 Hamilton Pool Rd<\/li>\n<li>Austin, Texas 78738<\/li>\n<li>Estados Unidos de Am\u00e9rica<\/li>\n<li>https:\/\/www.airchecklab.com<\/li>\n<li>512-263-0000<\/li>\n<\/ul>\n<\/div>\n<\/div>\n","protected":false},"excerpt":{"rendered":"<p>Intimidad \u00bfQu\u00e9 informaci\u00f3n recopilamos? Recopilamos informaci\u00f3n sobre usted cuando se registra en nuestro sitio, realiza un pedido, se suscribe a nuestro bolet\u00edn informativo, asiste a una de nuestras presentaciones educativas (seminario web, conferencia, capacitaci\u00f3n o transmisi\u00f3n por Internet), participa en rifas, responde a una encuesta, actualiza la informaci\u00f3n de la cuenta o llene un formulario. La informaci\u00f3n del sitio web se recopila mediante cookies. Al realizar un pedido, configurar su cuenta o enviar un formulario en nuestro sitio, seg\u00fan corresponda, [&hellip;]<\/p>\n","protected":false},"author":18,"featured_media":0,"parent":0,"menu_order":0,"comment_status":"closed","ping_status":"closed","template":"","meta":{"content-type":""},"yoast_head":"<!-- This site is optimized with the Yoast SEO Premium plugin v20.0 (Yoast SEO v20.0) - https:\/\/yoast.com\/wordpress\/plugins\/seo\/ -->\n<title>Pol\u00edtica de privacidad - Trace Analytics, the AirCheck Lab<\/title>\n<meta name=\"robots\" content=\"index, follow, max-snippet:-1, max-image-preview:large, max-video-preview:-1\" \/>\n<link rel=\"canonical\" href=\"https:\/\/www.airchecklab.com\/es\/politica-de-privacidad\/\" \/>\n<meta property=\"og:locale\" content=\"es_ES\" \/>\n<meta property=\"og:type\" content=\"article\" \/>\n<meta property=\"og:title\" content=\"Pol\u00edtica de privacidad\" \/>\n<meta property=\"og:description\" content=\"Intimidad \u00bfQu\u00e9 informaci\u00f3n recopilamos? Recopilamos informaci\u00f3n sobre usted cuando se registra en nuestro sitio, realiza un pedido, se suscribe a nuestro bolet\u00edn informativo, asiste a una de nuestras presentaciones educativas (seminario web, conferencia, capacitaci\u00f3n o transmisi\u00f3n por Internet), participa en rifas, responde a una encuesta, actualiza la informaci\u00f3n de la cuenta o llene un formulario. La informaci\u00f3n del sitio web se recopila mediante cookies. Al realizar un pedido, configurar su cuenta o enviar un formulario en nuestro sitio, seg\u00fan corresponda, [&hellip;]\" \/>\n<meta property=\"og:url\" content=\"https:\/\/www.airchecklab.com\/es\/politica-de-privacidad\/\" \/>\n<meta property=\"og:site_name\" content=\"Trace Analytics, the AirCheck Lab\" \/>\n<meta property=\"article:modified_time\" content=\"2022-02-28T18:17:15+00:00\" \/>\n<meta name=\"twitter:card\" content=\"summary_large_image\" \/>\n<meta name=\"twitter:label1\" content=\"Tiempo de lectura\" \/>\n\t<meta name=\"twitter:data1\" content=\"8 minutos\" \/>\n<script type=\"application\/ld+json\" class=\"yoast-schema-graph\">{\"@context\":\"https:\/\/schema.org\",\"@graph\":[{\"@type\":\"WebPage\",\"@id\":\"https:\/\/www.airchecklab.com\/es\/politica-de-privacidad\/\",\"url\":\"https:\/\/www.airchecklab.com\/es\/politica-de-privacidad\/\",\"name\":\"Pol\u00edtica de privacidad - Trace Analytics, the AirCheck Lab\",\"isPartOf\":{\"@id\":\"\/#website\"},\"datePublished\":\"2022-02-28T18:17:14+00:00\",\"dateModified\":\"2022-02-28T18:17:15+00:00\",\"breadcrumb\":{\"@id\":\"https:\/\/www.airchecklab.com\/es\/politica-de-privacidad\/#breadcrumb\"},\"inLanguage\":\"es\",\"potentialAction\":[{\"@type\":\"ReadAction\",\"target\":[\"https:\/\/www.airchecklab.com\/es\/politica-de-privacidad\/\"]}]},{\"@type\":\"BreadcrumbList\",\"@id\":\"https:\/\/www.airchecklab.com\/es\/politica-de-privacidad\/#breadcrumb\",\"itemListElement\":[{\"@type\":\"ListItem\",\"position\":1,\"name\":\"Home\",\"item\":\"https:\/\/www.airchecklab.com\/es\/analisis-de-seguimiento-pruebas-ambientales-y-de-aire-comprimido\/\"},{\"@type\":\"ListItem\",\"position\":2,\"name\":\"Pol\u00edtica de privacidad\"}]},{\"@type\":\"WebSite\",\"@id\":\"\/#website\",\"url\":\"\/\",\"name\":\"Trace Analytics, the AirCheck Lab\",\"description\":\"Compressed Air Testing for ISO 8573, Microbial, SQF, Breathing Air\",\"publisher\":{\"@id\":\"\/#organization\"},\"potentialAction\":[{\"@type\":\"SearchAction\",\"target\":{\"@type\":\"EntryPoint\",\"urlTemplate\":\"\/?s={search_term_string}\"},\"query-input\":\"required name=search_term_string\"}],\"inLanguage\":\"es\"},{\"@type\":\"Organization\",\"@id\":\"\/#organization\",\"name\":\"Trace Analytics, LLC\",\"url\":\"\/\",\"logo\":{\"@type\":\"ImageObject\",\"inLanguage\":\"es\",\"@id\":\"\/#\/schema\/logo\/image\/\",\"url\":\"https:\/\/www.airchecklab.com\/wp-content\/uploads\/2021\/08\/Blue-01.png\",\"contentUrl\":\"https:\/\/www.airchecklab.com\/wp-content\/uploads\/2021\/08\/Blue-01.png\",\"width\":1600,\"height\":301,\"caption\":\"Trace Analytics, LLC\"},\"image\":{\"@id\":\"\/#\/schema\/logo\/image\/\"}}]}<\/script>\n<!-- \/ Yoast SEO Premium plugin. -->","yoast_head_json":{"title":"Pol\u00edtica de privacidad - Trace Analytics, the AirCheck Lab","robots":{"index":"index","follow":"follow","max-snippet":"max-snippet:-1","max-image-preview":"max-image-preview:large","max-video-preview":"max-video-preview:-1"},"canonical":"https:\/\/www.airchecklab.com\/es\/politica-de-privacidad\/","og_locale":"es_ES","og_type":"article","og_title":"Pol\u00edtica de privacidad","og_description":"Intimidad \u00bfQu\u00e9 informaci\u00f3n recopilamos? Recopilamos informaci\u00f3n sobre usted cuando se registra en nuestro sitio, realiza un pedido, se suscribe a nuestro bolet\u00edn informativo, asiste a una de nuestras presentaciones educativas (seminario web, conferencia, capacitaci\u00f3n o transmisi\u00f3n por Internet), participa en rifas, responde a una encuesta, actualiza la informaci\u00f3n de la cuenta o llene un formulario. La informaci\u00f3n del sitio web se recopila mediante cookies. Al realizar un pedido, configurar su cuenta o enviar un formulario en nuestro sitio, seg\u00fan corresponda, [&hellip;]","og_url":"https:\/\/www.airchecklab.com\/es\/politica-de-privacidad\/","og_site_name":"Trace Analytics, the AirCheck Lab","article_modified_time":"2022-02-28T18:17:15+00:00","twitter_card":"summary_large_image","twitter_misc":{"Tiempo de lectura":"8 minutos"},"schema":{"@context":"https:\/\/schema.org","@graph":[{"@type":"WebPage","@id":"https:\/\/www.airchecklab.com\/es\/politica-de-privacidad\/","url":"https:\/\/www.airchecklab.com\/es\/politica-de-privacidad\/","name":"Pol\u00edtica de privacidad - Trace Analytics, the AirCheck Lab","isPartOf":{"@id":"\/#website"},"datePublished":"2022-02-28T18:17:14+00:00","dateModified":"2022-02-28T18:17:15+00:00","breadcrumb":{"@id":"https:\/\/www.airchecklab.com\/es\/politica-de-privacidad\/#breadcrumb"},"inLanguage":"es","potentialAction":[{"@type":"ReadAction","target":["https:\/\/www.airchecklab.com\/es\/politica-de-privacidad\/"]}]},{"@type":"BreadcrumbList","@id":"https:\/\/www.airchecklab.com\/es\/politica-de-privacidad\/#breadcrumb","itemListElement":[{"@type":"ListItem","position":1,"name":"Home","item":"https:\/\/www.airchecklab.com\/es\/analisis-de-seguimiento-pruebas-ambientales-y-de-aire-comprimido\/"},{"@type":"ListItem","position":2,"name":"Pol\u00edtica de privacidad"}]},{"@type":"WebSite","@id":"\/#website","url":"\/","name":"Trace Analytics, the AirCheck Lab","description":"Compressed Air Testing for ISO 8573, Microbial, SQF, Breathing Air","publisher":{"@id":"\/#organization"},"potentialAction":[{"@type":"SearchAction","target":{"@type":"EntryPoint","urlTemplate":"\/?s={search_term_string}"},"query-input":"required name=search_term_string"}],"inLanguage":"es"},{"@type":"Organization","@id":"\/#organization","name":"Trace Analytics, LLC","url":"\/","logo":{"@type":"ImageObject","inLanguage":"es","@id":"\/#\/schema\/logo\/image\/","url":"https:\/\/www.airchecklab.com\/wp-content\/uploads\/2021\/08\/Blue-01.png","contentUrl":"https:\/\/www.airchecklab.com\/wp-content\/uploads\/2021\/08\/Blue-01.png","width":1600,"height":301,"caption":"Trace Analytics, LLC"},"image":{"@id":"\/#\/schema\/logo\/image\/"}}]}},"_links":{"self":[{"href":"https:\/\/www.airchecklab.com\/es\/wp-json\/wp\/v2\/pages\/25635"}],"collection":[{"href":"https:\/\/www.airchecklab.com\/es\/wp-json\/wp\/v2\/pages"}],"about":[{"href":"https:\/\/www.airchecklab.com\/es\/wp-json\/wp\/v2\/types\/page"}],"author":[{"embeddable":true,"href":"https:\/\/www.airchecklab.com\/es\/wp-json\/wp\/v2\/users\/18"}],"replies":[{"embeddable":true,"href":"https:\/\/www.airchecklab.com\/es\/wp-json\/wp\/v2\/comments?post=25635"}],"version-history":[{"count":1,"href":"https:\/\/www.airchecklab.com\/es\/wp-json\/wp\/v2\/pages\/25635\/revisions"}],"predecessor-version":[{"id":25636,"href":"https:\/\/www.airchecklab.com\/es\/wp-json\/wp\/v2\/pages\/25635\/revisions\/25636"}],"wp:attachment":[{"href":"https:\/\/www.airchecklab.com\/es\/wp-json\/wp\/v2\/media?parent=25635"}],"curies":[{"name":"wp","href":"https:\/\/api.w.org\/{rel}","templated":true}]}}