{"id":30856,"date":"2025-01-09T12:08:41","date_gmt":"2025-01-09T18:08:41","guid":{"rendered":"https:\/\/www.airchecklab.com\/aircheck%e2%9c%93-academy\/"},"modified":"2025-01-09T12:08:41","modified_gmt":"2025-01-09T18:08:41","slug":"aircheck%e2%9c%93-academy","status":"publish","type":"page","link":"https:\/\/www.airchecklab.com\/pt-br\/aircheck%e2%9c%93-academy\/","title":{"rendered":"AirCheck\u2713 Academy"},"content":{"rendered":"<p>[h1]Sobre a [aircheck]Academia[\/aircheck][\/h1]<\/p>\n<p>Bem-vindo \u00e0 [aircheck]Academia[\/aircheck]. Puxe uma cadeira e fique \u00e0 vontade. N\u00f3s nos esfor\u00e7amos para oferecer aos nossos clientes as ferramentas de que voc\u00ea precisa para se destacar em seu(s) campo(s) e fornecer a voc\u00ea um melhor conhecimento pr\u00e1tico sobre a qualidade do ar comprimido. N\u00e3o poder\u00edamos pensar em uma maneira melhor de ajudar do que com uma biblioteca que est\u00e1 dispon\u00edvel para nossos clientes 24 horas por dia, 7 dias por semana, com uma grande quantidade de informa\u00e7\u00f5es para voc\u00ea explorar. H\u00e1 v\u00eddeos, artigos, webinars, links \u00fateis e muito mais. Marque esta p\u00e1gina e volte sempre, pois continuaremos a adicionar informa\u00e7\u00f5es \u00fateis para voc\u00ea.<\/p>\n<hr>\n<div class=\"sixteen columns\">\n<div class=\"home-h2\"><a href=\"\/aircheck-academy\/food\/\"><span>[aircheck]Academia[\/aircheck] &#8211; Alimentos<\/span><\/a><\/div>\n<div class=\"divide5\"><\/div>\n<div class=\"clear\"><\/div>\n<p>[one_third][ShowChildPages page=&#8221;56&#8243; title=&#8221;Fontes de contamina\u00e7\u00e3o&#8221;][\/one_third]<br \/>\n[one_third][ShowChildPages page=&#8221;71&#8243; title=&#8221;SQF Pureza do Ar&#8221;][\/one_third]<br \/>\n[one_third_last][ShowChildPages page=&#8221;88&#8243; title=&#8221;Ar de grau aliment\u00edcio na fabrica\u00e7\u00e3o&#8221;][\/one_third_last]<\/p>\n<p>[one_third][ShowChildPages page=&#8221;108&#8243; title=&#8221;Teste de ar comprimido ISO 8573&#8243;][\/one_third]<br \/>\n[one_third][ShowChildPages page=&#8221;128&#8243; title=&#8221;Teste microbiol\u00f3gico de ar&#8221;][\/one_third]<br \/>\n[one_third_last][ShowChildPages page=&#8221;652&#8243; title=&#8221;Biblioteca do Food Docs&#8221;][\/one_third_last]<\/p>\n<\/div>\n","protected":false},"excerpt":{"rendered":"<p>[h1]Sobre a [aircheck]Academia[\/aircheck][\/h1] Bem-vindo \u00e0 [aircheck]Academia[\/aircheck]. Puxe uma cadeira e fique \u00e0 vontade. N\u00f3s nos esfor\u00e7amos para oferecer aos nossos clientes as ferramentas de que voc\u00ea precisa para se destacar em seu(s) campo(s) e fornecer a voc\u00ea um melhor conhecimento pr\u00e1tico sobre a qualidade do ar comprimido. N\u00e3o poder\u00edamos pensar em uma maneira melhor de ajudar do que com uma biblioteca que est\u00e1 dispon\u00edvel para nossos clientes 24 horas por dia, 7 dias por semana, com uma grande quantidade de informa\u00e7\u00f5es para voc\u00ea explorar. H\u00e1 v\u00eddeos, artigos, webinars, links \u00fateis e muito mais. Marque esta p\u00e1gina e volte sempre, pois continuaremos a adicionar informa\u00e7\u00f5es \u00fateis para voc\u00ea. [aircheck]Academia[\/aircheck] &#8211; Alimentos [one_third][ShowChildPages page=&#8221;56&#8243; title=&#8221;Fontes de contamina\u00e7\u00e3o&#8221;][\/one_third] [one_third][ShowChildPages page=&#8221;71&#8243; title=&#8221;SQF Pureza do Ar&#8221;][\/one_third] [one_third_last][ShowChildPages page=&#8221;88&#8243; title=&#8221;Ar de grau aliment\u00edcio na fabrica\u00e7\u00e3o&#8221;][\/one_third_last] [one_third][ShowChildPages page=&#8221;108&#8243; title=&#8221;Teste de ar comprimido ISO 8573&#8243;][\/one_third] [one_third][ShowChildPages page=&#8221;128&#8243; title=&#8221;Teste microbiol\u00f3gico de ar&#8221;][\/one_third] [one_third_last][ShowChildPages page=&#8221;652&#8243; title=&#8221;Biblioteca do Food Docs&#8221;][\/one_third_last]<\/p>\n","protected":false},"author":1,"featured_media":0,"parent":0,"menu_order":0,"comment_status":"closed","ping_status":"closed","template":"","meta":{"content-type":""},"yoast_head":"<!-- This site is optimized with the Yoast SEO Premium plugin v20.0 (Yoast SEO v20.0) - https:\/\/yoast.com\/wordpress\/plugins\/seo\/ -->\n<title>AirCheck\u2713 Academy - Trace Analytics, the AirCheck Lab<\/title>\n<meta name=\"description\" content=\"Saiba mais sobre os testes de ar comprimido SQF, BRC e BCAS, os benef\u00edcios da ISO 8573 e os testes de ar de processo.\" \/>\n<meta name=\"robots\" content=\"index, follow, max-snippet:-1, max-image-preview:large, max-video-preview:-1\" \/>\n<link rel=\"canonical\" href=\"https:\/\/www.airchecklab.com\/pt-br\/aircheck%e2%9c%93-academy\/\" \/>\n<meta property=\"og:locale\" content=\"pt_BR\" \/>\n<meta property=\"og:type\" content=\"article\" \/>\n<meta property=\"og:title\" content=\"AirCheck\u2713 Academy\" \/>\n<meta property=\"og:description\" content=\"Saiba mais sobre os testes de ar comprimido SQF, BRC e BCAS, os benef\u00edcios da ISO 8573 e os testes de ar de processo.\" \/>\n<meta property=\"og:url\" content=\"https:\/\/www.airchecklab.com\/pt-br\/aircheck%e2%9c%93-academy\/\" \/>\n<meta property=\"og:site_name\" content=\"Trace Analytics, the AirCheck Lab\" \/>\n<meta name=\"twitter:card\" content=\"summary_large_image\" \/>\n<meta name=\"twitter:label1\" content=\"Est. tempo de leitura\" \/>\n\t<meta name=\"twitter:data1\" content=\"1 minuto\" \/>\n<script type=\"application\/ld+json\" class=\"yoast-schema-graph\">{\"@context\":\"https:\/\/schema.org\",\"@graph\":[{\"@type\":\"WebPage\",\"@id\":\"https:\/\/www.airchecklab.com\/pt-br\/aircheck%e2%9c%93-academy\/\",\"url\":\"https:\/\/www.airchecklab.com\/pt-br\/aircheck%e2%9c%93-academy\/\",\"name\":\"AirCheck\u2713 Academy - Trace Analytics, the AirCheck Lab\",\"isPartOf\":{\"@id\":\"\/#website\"},\"datePublished\":\"2025-01-09T18:08:41+00:00\",\"dateModified\":\"2025-01-09T18:08:41+00:00\",\"description\":\"Saiba mais sobre os testes de ar comprimido SQF, BRC e BCAS, os benef\u00edcios da ISO 8573 e os testes de ar de processo.\",\"breadcrumb\":{\"@id\":\"https:\/\/www.airchecklab.com\/pt-br\/aircheck%e2%9c%93-academy\/#breadcrumb\"},\"inLanguage\":\"pt-BR\",\"potentialAction\":[{\"@type\":\"ReadAction\",\"target\":[\"https:\/\/www.airchecklab.com\/pt-br\/aircheck%e2%9c%93-academy\/\"]}]},{\"@type\":\"BreadcrumbList\",\"@id\":\"https:\/\/www.airchecklab.com\/pt-br\/aircheck%e2%9c%93-academy\/#breadcrumb\",\"itemListElement\":[{\"@type\":\"ListItem\",\"position\":1,\"name\":\"Home\",\"item\":\"https:\/\/www.airchecklab.com\/pt-br\/teste-de-ar-comprimido-trace-analytics\/\"},{\"@type\":\"ListItem\",\"position\":2,\"name\":\"AirCheck\u2713 Academy\"}]},{\"@type\":\"WebSite\",\"@id\":\"\/#website\",\"url\":\"\/\",\"name\":\"Trace Analytics, the AirCheck Lab\",\"description\":\"Compressed Air Testing for ISO 8573, Microbial, SQF, Breathing Air\",\"publisher\":{\"@id\":\"\/#organization\"},\"potentialAction\":[{\"@type\":\"SearchAction\",\"target\":{\"@type\":\"EntryPoint\",\"urlTemplate\":\"\/?s={search_term_string}\"},\"query-input\":\"required name=search_term_string\"}],\"inLanguage\":\"pt-BR\"},{\"@type\":\"Organization\",\"@id\":\"\/#organization\",\"name\":\"Trace Analytics, LLC\",\"url\":\"\/\",\"logo\":{\"@type\":\"ImageObject\",\"inLanguage\":\"pt-BR\",\"@id\":\"\/#\/schema\/logo\/image\/\",\"url\":\"https:\/\/www.airchecklab.com\/wp-content\/uploads\/2018\/01\/logo-blue-with-white.png\",\"contentUrl\":\"https:\/\/www.airchecklab.com\/wp-content\/uploads\/2018\/01\/logo-blue-with-white.png\",\"width\":1600,\"height\":301,\"caption\":\"Trace Analytics, LLC\"},\"image\":{\"@id\":\"\/#\/schema\/logo\/image\/\"}}]}<\/script>\n<!-- \/ Yoast SEO Premium plugin. -->","yoast_head_json":{"title":"AirCheck\u2713 Academy - Trace Analytics, the AirCheck Lab","description":"Saiba mais sobre os testes de ar comprimido SQF, BRC e BCAS, os benef\u00edcios da ISO 8573 e os testes de ar de processo.","robots":{"index":"index","follow":"follow","max-snippet":"max-snippet:-1","max-image-preview":"max-image-preview:large","max-video-preview":"max-video-preview:-1"},"canonical":"https:\/\/www.airchecklab.com\/pt-br\/aircheck%e2%9c%93-academy\/","og_locale":"pt_BR","og_type":"article","og_title":"AirCheck\u2713 Academy","og_description":"Saiba mais sobre os testes de ar comprimido SQF, BRC e BCAS, os benef\u00edcios da ISO 8573 e os testes de ar de processo.","og_url":"https:\/\/www.airchecklab.com\/pt-br\/aircheck%e2%9c%93-academy\/","og_site_name":"Trace Analytics, the AirCheck Lab","twitter_card":"summary_large_image","twitter_misc":{"Est. tempo de leitura":"1 minuto"},"schema":{"@context":"https:\/\/schema.org","@graph":[{"@type":"WebPage","@id":"https:\/\/www.airchecklab.com\/pt-br\/aircheck%e2%9c%93-academy\/","url":"https:\/\/www.airchecklab.com\/pt-br\/aircheck%e2%9c%93-academy\/","name":"AirCheck\u2713 Academy - Trace Analytics, the AirCheck Lab","isPartOf":{"@id":"\/#website"},"datePublished":"2025-01-09T18:08:41+00:00","dateModified":"2025-01-09T18:08:41+00:00","description":"Saiba mais sobre os testes de ar comprimido SQF, BRC e BCAS, os benef\u00edcios da ISO 8573 e os testes de ar de processo.","breadcrumb":{"@id":"https:\/\/www.airchecklab.com\/pt-br\/aircheck%e2%9c%93-academy\/#breadcrumb"},"inLanguage":"pt-BR","potentialAction":[{"@type":"ReadAction","target":["https:\/\/www.airchecklab.com\/pt-br\/aircheck%e2%9c%93-academy\/"]}]},{"@type":"BreadcrumbList","@id":"https:\/\/www.airchecklab.com\/pt-br\/aircheck%e2%9c%93-academy\/#breadcrumb","itemListElement":[{"@type":"ListItem","position":1,"name":"Home","item":"https:\/\/www.airchecklab.com\/pt-br\/teste-de-ar-comprimido-trace-analytics\/"},{"@type":"ListItem","position":2,"name":"AirCheck\u2713 Academy"}]},{"@type":"WebSite","@id":"\/#website","url":"\/","name":"Trace Analytics, the AirCheck Lab","description":"Compressed Air Testing for ISO 8573, Microbial, SQF, Breathing Air","publisher":{"@id":"\/#organization"},"potentialAction":[{"@type":"SearchAction","target":{"@type":"EntryPoint","urlTemplate":"\/?s={search_term_string}"},"query-input":"required name=search_term_string"}],"inLanguage":"pt-BR"},{"@type":"Organization","@id":"\/#organization","name":"Trace Analytics, LLC","url":"\/","logo":{"@type":"ImageObject","inLanguage":"pt-BR","@id":"\/#\/schema\/logo\/image\/","url":"https:\/\/www.airchecklab.com\/wp-content\/uploads\/2018\/01\/logo-blue-with-white.png","contentUrl":"https:\/\/www.airchecklab.com\/wp-content\/uploads\/2018\/01\/logo-blue-with-white.png","width":1600,"height":301,"caption":"Trace Analytics, LLC"},"image":{"@id":"\/#\/schema\/logo\/image\/"}}]}},"_links":{"self":[{"href":"https:\/\/www.airchecklab.com\/pt-br\/wp-json\/wp\/v2\/pages\/30856"}],"collection":[{"href":"https:\/\/www.airchecklab.com\/pt-br\/wp-json\/wp\/v2\/pages"}],"about":[{"href":"https:\/\/www.airchecklab.com\/pt-br\/wp-json\/wp\/v2\/types\/page"}],"author":[{"embeddable":true,"href":"https:\/\/www.airchecklab.com\/pt-br\/wp-json\/wp\/v2\/users\/1"}],"replies":[{"embeddable":true,"href":"https:\/\/www.airchecklab.com\/pt-br\/wp-json\/wp\/v2\/comments?post=30856"}],"version-history":[{"count":0,"href":"https:\/\/www.airchecklab.com\/pt-br\/wp-json\/wp\/v2\/pages\/30856\/revisions"}],"wp:attachment":[{"href":"https:\/\/www.airchecklab.com\/pt-br\/wp-json\/wp\/v2\/media?parent=30856"}],"curies":[{"name":"wp","href":"https:\/\/api.w.org\/{rel}","templated":true}]}}