{"id":31086,"date":"2025-01-09T12:10:45","date_gmt":"2025-01-09T18:10:45","guid":{"rendered":"https:\/\/www.airchecklab.com\/kits-aircheck\/kit-de-teste-k810-pwo\/"},"modified":"2025-01-09T12:10:58","modified_gmt":"2025-01-09T18:10:58","slug":"kit-de-teste-k810-pwo","status":"publish","type":"page","link":"https:\/\/www.airchecklab.com\/pt-br\/kits-aircheck\/kit-de-teste-k810-pwo\/","title":{"rendered":"Kit de teste K810 P:W:O"},"content":{"rendered":"<div class=\"fusion-fullwidth fullwidth-box fusion-builder-row-1 fusion-flex-container nonhundred-percent-fullwidth non-hundred-percent-height-scrolling\" style=\"--awb-border-radius-top-left:0px;--awb-border-radius-top-right:0px;--awb-border-radius-bottom-right:0px;--awb-border-radius-bottom-left:0px;--awb-padding-top:35px;\" ><div class=\"fusion-builder-row fusion-row fusion-flex-align-items-flex-start\" style=\"max-width:1227.2px;margin-left: calc(-4% \/ 2 );margin-right: calc(-4% \/ 2 );\"><div class=\"fusion-layout-column fusion_builder_column fusion-builder-column-0 fusion_builder_column_1_2 1_2 fusion-flex-column\" style=\"--awb-bg-size:cover;--awb-width-large:50%;--awb-margin-top-large:0px;--awb-spacing-right-large:3.84%;--awb-margin-bottom-large:0px;--awb-spacing-left-large:3.84%;--awb-width-medium:100%;--awb-spacing-right-medium:1.92%;--awb-spacing-left-medium:1.92%;--awb-width-small:100%;--awb-spacing-right-small:1.92%;--awb-spacing-left-small:1.92%;\"><div class=\"fusion-column-wrapper fusion-flex-justify-content-flex-start fusion-content-layout-column\"><div class=\"fusion-image-element \"><span class=\" fusion-imageframe imageframe-none imageframe-1 hover-type-none\"><img decoding=\"async\" width=\"1024\" height=\"683\" title=\"k810\" src=\"https:\/\/www.airchecklab.com\/wp-content\/uploads\/2021\/12\/k810-scaled.jpg\" data-orig-src=\"https:\/\/www.airchecklab.com\/wp-content\/uploads\/2021\/12\/k810-1024x683.jpg\" alt class=\"lazyload img-responsive wp-image-30654\" srcset=\"data:image\/svg+xml,%3Csvg%20xmlns%3D%27http%3A%2F%2Fwww.w3.org%2F2000%2Fsvg%27%20width%3D%272560%27%20height%3D%271707%27%20viewBox%3D%270%200%202560%201707%27%3E%3Crect%20width%3D%272560%27%20height%3D%271707%27%20fill-opacity%3D%220%22%2F%3E%3C%2Fsvg%3E\" data-srcset=\"https:\/\/www.airchecklab.com\/wp-content\/uploads\/2021\/12\/k810-200x133.jpg 200w, https:\/\/www.airchecklab.com\/wp-content\/uploads\/2021\/12\/k810-400x267.jpg 400w, https:\/\/www.airchecklab.com\/wp-content\/uploads\/2021\/12\/k810-600x400.jpg 600w, https:\/\/www.airchecklab.com\/wp-content\/uploads\/2021\/12\/k810-800x533.jpg 800w, https:\/\/www.airchecklab.com\/wp-content\/uploads\/2021\/12\/k810-1200x800.jpg 1200w\" data-sizes=\"auto\" data-orig-sizes=\"(max-width: 1000px) 100vw, (max-width: 640px) 100vw, 600px\" \/><\/span><\/div>\n<\/div><\/div><div class=\"fusion-layout-column fusion_builder_column fusion-builder-column-1 fusion_builder_column_1_2 1_2 fusion-flex-column fusion-flex-align-self-flex-start\" style=\"--awb-bg-size:cover;--awb-width-large:50%;--awb-margin-top-large:-35px;--awb-spacing-right-large:3.84%;--awb-spacing-left-large:3.84%;--awb-width-medium:100%;--awb-order-medium:0;--awb-spacing-right-medium:1.92%;--awb-spacing-left-medium:1.92%;--awb-width-small:100%;--awb-order-small:0;--awb-spacing-right-small:1.92%;--awb-spacing-left-small:1.92%;\"><div class=\"fusion-column-wrapper fusion-column-has-shadow fusion-flex-justify-content-flex-start fusion-content-layout-column\"><div class=\"fusion-text fusion-text-1\"><h2 data-fontsize=\"44\" data-lineheight=\"46.20000076293945px\" class=\"fusion-responsive-typography-calculated\" style=\"--fontSize: 44; line-height: 1.05;\">K810 &#8211; <i class=\"aircheck\"><i class=\"tracecheck\">AirCheck\u2713<\/i> Kit&#x2122;<\/i> para part\u00edculas, \u00e1gua e \u00f3leo<\/h2>\n<\/div><div class=\"fusion-separator fusion-full-width-sep\" style=\"align-self: center;margin-left: auto;margin-right: auto;margin-bottom:15px;width:100%;\"><div class=\"fusion-separator-border sep-single\" style=\"border-color:#9ca1a6;border-top-width:1px;\"><\/div><\/div><div class=\"fusion-text fusion-text-2\"><p>O AirCheck\u2713 Kit&#x2122; Modelo K810 \u00e9 a solu\u00e7\u00e3o da Trace para testes econ\u00f4micos de acordo com a ISO 8573-1:2010, <a href=\"https:\/\/www.ifsqn.com\/food-safety-quality-articles\/_\/how-to-sample-for-particles-water-and-oil-in-compressed-air\" target=\"_blank\" rel=\"noopener noreferrer\">ar de grau aliment\u00edcio<\/a>, ar de processo cr\u00edtico ou suas especifica\u00e7\u00f5es personalizadas. O kit K810 permite a coleta de amostras de part\u00edculas, \u00e1gua e \u00f3leo para qualquer uso cr\u00edtico de ar. Testes de ar de grau aliment\u00edcio, produtos farmac\u00eauticos, dispositivos m\u00e9dicos e eletr\u00f4nicos s\u00e3o apenas alguns exemplos de uso cr\u00edtico do ar. Se voc\u00ea precisa de ar limpo para o seu processo de fabrica\u00e7\u00e3o, o K810 \u00e9 o kit ideal para voc\u00ea.   <\/p>\n<\/div><div class=\"fusion-separator fusion-full-width-sep\" style=\"align-self: center;margin-left: auto;margin-right: auto;margin-bottom:15px;width:100%;\"><div class=\"fusion-separator-border sep-single\" style=\"border-color:#9ca1a6;border-top-width:1px;\"><\/div><\/div><div class=\"fusion-text fusion-text-3\"><p>Kit de amostragem embalado de acordo com suas necessidades espec\u00edficas. V\u00eddeos de treinamento dispon\u00edveis on-line. O hardware inclui:  <\/p>\n<ul>\n<li><strong>Itens padr\u00e3o<\/strong>\n<ul class=\"checklist\">\n<li>Adaptador NPT f\u00eamea, 2 pe\u00e7as.<\/li>\n<li>Medidor de vaz\u00e3o de tubo<\/li>\n<li>Medidor de vaz\u00e3o de filtro<\/li>\n<li>Tubula\u00e7\u00e3o<\/li>\n<li>Suporte de tubo, 4 pe\u00e7as.<\/li>\n<li>Rompedor de ponta de tubo detector<\/li>\n<li>Diversos. Pe\u00e7as sobressalentes <\/li>\n<li>Limpador, 1 frasco<\/li>\n<li>Instru\u00e7\u00f5es de amostragem<\/li>\n<\/ul>\n<\/li>\n<li><strong>Itens opcionais<\/strong>\n<ul class=\"checklist\">\n<li>Medidores de vaz\u00e3o calibrados e rastre\u00e1veis ao NIST<\/li>\n<li>Tubo de amostragem &#8211; livre de part\u00edculas<\/li>\n<li>Pacote de dados<\/li>\n<\/ul>\n<\/li>\n<li><b>M\u00eddia necess\u00e1ria:<\/b>\n<ul class=\"checklist\">\n<\/ul>\n<\/li>\n<ul>\n<li>Filtro de 47 mm<\/li>\n<li><span style=\"color: var(--body_typography-color); font-family: var(--body_typography-font-family); font-size: var(--body_typography-font-size); font-style: var(--body_typography-font-style,normal); letter-spacing: var(--body_typography-letter-spacing);\">Tubo detector de 5 e 20 a\/P<\/span><\/li>\n<li><span style=\"color: var(--body_typography-color); font-family: var(--body_typography-font-family); font-size: var(--body_typography-font-size); font-style: var(--body_typography-font-style,normal); letter-spacing: var(--body_typography-letter-spacing);\">Tubo de carv\u00e3o vegetal<\/span><\/li>\n<\/ul>\n<\/ul>\n<\/div><div ><a class=\"fusion-button button-flat fusion-button-default-size button-default fusion-button-default button-1 fusion-button-default-span fusion-button-default-type\" style=\"--button_margin-bottom:15px;width:calc(100%);\" target=\"_self\" href=\"https:\/\/www.airchecklab.com\/pt-br\/entre-em-contato-conosco\/\"><span class=\"fusion-button-text\">Solicite uma cota\u00e7\u00e3o<\/span><\/a><\/div><div class=\"fusion-text fusion-text-4\" style=\"--awb-line-height:1;\"><p><font size=\"-1\"><em>O AirCheck\u2713 Kit&#x2122; K810 est\u00e1 dispon\u00edvel para compra ou aluguel &#8211; personalize facilmente o n\u00famero e a frequ\u00eancia das amostras e as especifica\u00e7\u00f5es de teste necess\u00e1rias por meio do nosso sistema de pedidos on-line.<\/em><\/font><\/p>\n<\/div><\/div><\/div><div class=\"fusion-layout-column fusion_builder_column fusion-builder-column-2 fusion_builder_column_1_1 1_1 fusion-flex-column\" style=\"--awb-bg-size:cover;--awb-width-large:100%;--awb-spacing-right-large:1.92%;--awb-spacing-left-large:1.92%;--awb-width-medium:100%;--awb-order-medium:0;--awb-spacing-right-medium:1.92%;--awb-spacing-left-medium:1.92%;--awb-width-small:100%;--awb-order-small:0;--awb-spacing-right-small:1.92%;--awb-spacing-left-small:1.92%;\"><div class=\"fusion-column-wrapper fusion-column-has-shadow fusion-flex-justify-content-flex-start fusion-content-layout-column\"><div class=\"fusion-separator fusion-full-width-sep\" style=\"align-self: center;margin-left: auto;margin-right: auto;margin-bottom:35px;width:100%;\"><div class=\"fusion-separator-border sep-single\" style=\"border-color:#9ca1a6;border-top-width:1px;\"><\/div><\/div><div class=\"fusion-text fusion-text-5\"><form action=\"https:\/\/www.airchecklab.com\/contact\/contact-us\/\" method=\"post\" name=\"K6088Form\">\n<p>Na Trace Analytics, LLC, o AirCheck\u2713 Lab&#x2122;, temos o kit certo para qualquer uma de suas necessidades de teste de ar comprimido e g\u00e1s. As amostras obtidas s\u00e3o enviadas ao laborat\u00f3rio credenciado A2LA da Trace &#8211; o AirCheck\u2713 Lab&#x2122; &#8211; para an\u00e1lise imediata. Ap\u00f3s a an\u00e1lise, os relat\u00f3rios s\u00e3o enviados por e-mail para os contatos autorizados que voc\u00ea designar. Escolha um de nossos kits l\u00edderes do setor abaixo:   <\/p>\n<ul>\n<li><span style=\"color: var(--body_typography-color); font-family: var(--body_typography-font-family); font-size: var(--body_typography-font-size); font-style: var(--body_typography-font-style,normal); letter-spacing: var(--body_typography-letter-spacing);\">K810 &#8211; o AirCheck\u2713 Kit&#x2122; para part\u00edculas, \u00e1gua e \u00f3leo<\/span><\/li>\n<li><span style=\"color: var(--body_typography-color); font-family: var(--body_typography-font-family); font-size: var(--body_typography-font-size); font-style: var(--body_typography-font-style,normal); letter-spacing: var(--body_typography-letter-spacing);\">K811 &#8211; o AirCheck\u2713 Kit&#x2122; para gases, part\u00edculas, \u00e1gua e \u00f3leo<\/span><\/li>\n<li><span style=\"color: var(--body_typography-color); font-family: var(--body_typography-font-family); font-size: var(--body_typography-font-size); font-style: var(--body_typography-font-style,normal); letter-spacing: var(--body_typography-letter-spacing);\">KX00 &#8211; o AirCheck\u2713 Kit&#x2122; para microorganismos<\/span><\/li>\n<\/ul>\n<p style=\"text-align: center;\">Voc\u00ea precisa coletar amostras, mas n\u00e3o quer comprar um kit? O <span class=\"aircheck\"><span class=\"tracecheck\">AirCheck\u2713<\/span> Kit&#x2122; K810<\/span> tamb\u00e9m est\u00e1 dispon\u00edvel para aluguel. <a href=\"https:\/\/www.airchecklab.com\/products\/aircheck-kits\/manufacturing-critical-air-iso-8573\/#\">Solicite informa\u00e7\u00f5es sobre o aluguel do K810<\/a>. <\/p>\n<\/form>\n<form action=\"https:\/\/www.airchecklab.com\/contact\/contact-us\/\" method=\"post\" name=\"K6088Form\">\n<p style=\"text-align: center;\"><i>Voc\u00ea precisa de mais m\u00eddia de amostragem? Use nossa p\u00e1gina de <a href=\"https:\/\/www.airchecklab.com\/resources\/restocks\/\">reabastecimento<\/a> f\u00e1cil para solicitar suprimentos rapidamente. <\/i><\/p>\n<\/form>\n<\/div><\/div><\/div><\/div><\/div>\n","protected":false},"excerpt":{"rendered":"","protected":false},"author":1,"featured_media":30654,"parent":31065,"menu_order":0,"comment_status":"closed","ping_status":"open","template":"","meta":{"content-type":""},"yoast_head":"<!-- This site is optimized with the Yoast SEO Premium plugin v20.0 (Yoast SEO v20.0) - https:\/\/yoast.com\/wordpress\/plugins\/seo\/ -->\n<title>Kit de teste K810 P:W:O - Trace Analytics, the AirCheck Lab<\/title>\n<meta name=\"description\" content=\"Teste de ar comprimido de acordo com a ISO 8573, SQF, BRC, Food Grade Air ou suas especifica\u00e7\u00f5es personalizadas. Use o kit K810 AirCheck da Trace.\" \/>\n<meta name=\"robots\" content=\"index, follow, max-snippet:-1, max-image-preview:large, max-video-preview:-1\" \/>\n<link rel=\"canonical\" href=\"https:\/\/www.airchecklab.com\/pt-br\/kits-aircheck\/kit-de-teste-k810-pwo\/\" \/>\n<meta property=\"og:locale\" content=\"pt_BR\" \/>\n<meta property=\"og:type\" content=\"article\" \/>\n<meta property=\"og:title\" content=\"Kit de teste K810 P:W:O\" \/>\n<meta property=\"og:description\" content=\"Teste de ar comprimido de acordo com a ISO 8573, SQF, BRC, Food Grade Air ou suas especifica\u00e7\u00f5es personalizadas. Use o kit K810 AirCheck da Trace.\" \/>\n<meta property=\"og:url\" content=\"https:\/\/www.airchecklab.com\/pt-br\/kits-aircheck\/kit-de-teste-k810-pwo\/\" \/>\n<meta property=\"og:site_name\" content=\"Trace Analytics, the AirCheck Lab\" \/>\n<meta property=\"article:modified_time\" content=\"2025-01-09T18:10:58+00:00\" \/>\n<meta property=\"og:image\" content=\"https:\/\/www.airchecklab.com\/wp-content\/uploads\/2021\/12\/k810-scaled.jpg\" \/>\n\t<meta property=\"og:image:width\" content=\"2560\" \/>\n\t<meta property=\"og:image:height\" content=\"1707\" \/>\n\t<meta property=\"og:image:type\" content=\"image\/jpeg\" \/>\n<meta name=\"twitter:card\" content=\"summary_large_image\" \/>\n<meta name=\"twitter:label1\" content=\"Est. tempo de leitura\" \/>\n\t<meta name=\"twitter:data1\" content=\"6 minutos\" \/>\n<script type=\"application\/ld+json\" class=\"yoast-schema-graph\">{\"@context\":\"https:\/\/schema.org\",\"@graph\":[{\"@type\":\"WebPage\",\"@id\":\"https:\/\/www.airchecklab.com\/pt-br\/kits-aircheck\/kit-de-teste-k810-pwo\/\",\"url\":\"https:\/\/www.airchecklab.com\/pt-br\/kits-aircheck\/kit-de-teste-k810-pwo\/\",\"name\":\"Kit de teste K810 P:W:O - Trace Analytics, the AirCheck Lab\",\"isPartOf\":{\"@id\":\"\/#website\"},\"datePublished\":\"2025-01-09T18:10:45+00:00\",\"dateModified\":\"2025-01-09T18:10:58+00:00\",\"description\":\"Teste de ar comprimido de acordo com a ISO 8573, SQF, BRC, Food Grade Air ou suas especifica\u00e7\u00f5es personalizadas. Use o kit K810 AirCheck da Trace.\",\"breadcrumb\":{\"@id\":\"https:\/\/www.airchecklab.com\/pt-br\/kits-aircheck\/kit-de-teste-k810-pwo\/#breadcrumb\"},\"inLanguage\":\"pt-BR\",\"potentialAction\":[{\"@type\":\"ReadAction\",\"target\":[\"https:\/\/www.airchecklab.com\/pt-br\/kits-aircheck\/kit-de-teste-k810-pwo\/\"]}]},{\"@type\":\"BreadcrumbList\",\"@id\":\"https:\/\/www.airchecklab.com\/pt-br\/kits-aircheck\/kit-de-teste-k810-pwo\/#breadcrumb\",\"itemListElement\":[{\"@type\":\"ListItem\",\"position\":1,\"name\":\"Home\",\"item\":\"https:\/\/www.airchecklab.com\/pt-br\/teste-de-ar-comprimido-trace-analytics\/\"},{\"@type\":\"ListItem\",\"position\":2,\"name\":\"Kits AirCheck\",\"item\":\"https:\/\/www.airchecklab.com\/pt-br\/kits-aircheck\/\"},{\"@type\":\"ListItem\",\"position\":3,\"name\":\"Kit de teste K810 P:W:O\"}]},{\"@type\":\"WebSite\",\"@id\":\"\/#website\",\"url\":\"\/\",\"name\":\"Trace Analytics, the AirCheck Lab\",\"description\":\"Compressed Air Testing for ISO 8573, Microbial, SQF, Breathing Air\",\"publisher\":{\"@id\":\"\/#organization\"},\"potentialAction\":[{\"@type\":\"SearchAction\",\"target\":{\"@type\":\"EntryPoint\",\"urlTemplate\":\"\/?s={search_term_string}\"},\"query-input\":\"required name=search_term_string\"}],\"inLanguage\":\"pt-BR\"},{\"@type\":\"Organization\",\"@id\":\"\/#organization\",\"name\":\"Trace Analytics, LLC\",\"url\":\"\/\",\"logo\":{\"@type\":\"ImageObject\",\"inLanguage\":\"pt-BR\",\"@id\":\"\/#\/schema\/logo\/image\/\",\"url\":\"https:\/\/www.airchecklab.com\/wp-content\/uploads\/2018\/01\/logo-blue-with-white.png\",\"contentUrl\":\"https:\/\/www.airchecklab.com\/wp-content\/uploads\/2018\/01\/logo-blue-with-white.png\",\"width\":1600,\"height\":301,\"caption\":\"Trace Analytics, LLC\"},\"image\":{\"@id\":\"\/#\/schema\/logo\/image\/\"}}]}<\/script>\n<!-- \/ Yoast SEO Premium plugin. -->","yoast_head_json":{"title":"Kit de teste K810 P:W:O - Trace Analytics, the AirCheck Lab","description":"Teste de ar comprimido de acordo com a ISO 8573, SQF, BRC, Food Grade Air ou suas especifica\u00e7\u00f5es personalizadas. Use o kit K810 AirCheck da Trace.","robots":{"index":"index","follow":"follow","max-snippet":"max-snippet:-1","max-image-preview":"max-image-preview:large","max-video-preview":"max-video-preview:-1"},"canonical":"https:\/\/www.airchecklab.com\/pt-br\/kits-aircheck\/kit-de-teste-k810-pwo\/","og_locale":"pt_BR","og_type":"article","og_title":"Kit de teste K810 P:W:O","og_description":"Teste de ar comprimido de acordo com a ISO 8573, SQF, BRC, Food Grade Air ou suas especifica\u00e7\u00f5es personalizadas. Use o kit K810 AirCheck da Trace.","og_url":"https:\/\/www.airchecklab.com\/pt-br\/kits-aircheck\/kit-de-teste-k810-pwo\/","og_site_name":"Trace Analytics, the AirCheck Lab","article_modified_time":"2025-01-09T18:10:58+00:00","og_image":[{"width":2560,"height":1707,"url":"https:\/\/www.airchecklab.com\/wp-content\/uploads\/2021\/12\/k810-scaled.jpg","type":"image\/jpeg"}],"twitter_card":"summary_large_image","twitter_misc":{"Est. tempo de leitura":"6 minutos"},"schema":{"@context":"https:\/\/schema.org","@graph":[{"@type":"WebPage","@id":"https:\/\/www.airchecklab.com\/pt-br\/kits-aircheck\/kit-de-teste-k810-pwo\/","url":"https:\/\/www.airchecklab.com\/pt-br\/kits-aircheck\/kit-de-teste-k810-pwo\/","name":"Kit de teste K810 P:W:O - Trace Analytics, the AirCheck Lab","isPartOf":{"@id":"\/#website"},"datePublished":"2025-01-09T18:10:45+00:00","dateModified":"2025-01-09T18:10:58+00:00","description":"Teste de ar comprimido de acordo com a ISO 8573, SQF, BRC, Food Grade Air ou suas especifica\u00e7\u00f5es personalizadas. Use o kit K810 AirCheck da Trace.","breadcrumb":{"@id":"https:\/\/www.airchecklab.com\/pt-br\/kits-aircheck\/kit-de-teste-k810-pwo\/#breadcrumb"},"inLanguage":"pt-BR","potentialAction":[{"@type":"ReadAction","target":["https:\/\/www.airchecklab.com\/pt-br\/kits-aircheck\/kit-de-teste-k810-pwo\/"]}]},{"@type":"BreadcrumbList","@id":"https:\/\/www.airchecklab.com\/pt-br\/kits-aircheck\/kit-de-teste-k810-pwo\/#breadcrumb","itemListElement":[{"@type":"ListItem","position":1,"name":"Home","item":"https:\/\/www.airchecklab.com\/pt-br\/teste-de-ar-comprimido-trace-analytics\/"},{"@type":"ListItem","position":2,"name":"Kits AirCheck","item":"https:\/\/www.airchecklab.com\/pt-br\/kits-aircheck\/"},{"@type":"ListItem","position":3,"name":"Kit de teste K810 P:W:O"}]},{"@type":"WebSite","@id":"\/#website","url":"\/","name":"Trace Analytics, the AirCheck Lab","description":"Compressed Air Testing for ISO 8573, Microbial, SQF, Breathing Air","publisher":{"@id":"\/#organization"},"potentialAction":[{"@type":"SearchAction","target":{"@type":"EntryPoint","urlTemplate":"\/?s={search_term_string}"},"query-input":"required name=search_term_string"}],"inLanguage":"pt-BR"},{"@type":"Organization","@id":"\/#organization","name":"Trace Analytics, LLC","url":"\/","logo":{"@type":"ImageObject","inLanguage":"pt-BR","@id":"\/#\/schema\/logo\/image\/","url":"https:\/\/www.airchecklab.com\/wp-content\/uploads\/2018\/01\/logo-blue-with-white.png","contentUrl":"https:\/\/www.airchecklab.com\/wp-content\/uploads\/2018\/01\/logo-blue-with-white.png","width":1600,"height":301,"caption":"Trace Analytics, LLC"},"image":{"@id":"\/#\/schema\/logo\/image\/"}}]}},"_links":{"self":[{"href":"https:\/\/www.airchecklab.com\/pt-br\/wp-json\/wp\/v2\/pages\/31086"}],"collection":[{"href":"https:\/\/www.airchecklab.com\/pt-br\/wp-json\/wp\/v2\/pages"}],"about":[{"href":"https:\/\/www.airchecklab.com\/pt-br\/wp-json\/wp\/v2\/types\/page"}],"author":[{"embeddable":true,"href":"https:\/\/www.airchecklab.com\/pt-br\/wp-json\/wp\/v2\/users\/1"}],"replies":[{"embeddable":true,"href":"https:\/\/www.airchecklab.com\/pt-br\/wp-json\/wp\/v2\/comments?post=31086"}],"version-history":[{"count":3,"href":"https:\/\/www.airchecklab.com\/pt-br\/wp-json\/wp\/v2\/pages\/31086\/revisions"}],"predecessor-version":[{"id":31134,"href":"https:\/\/www.airchecklab.com\/pt-br\/wp-json\/wp\/v2\/pages\/31086\/revisions\/31134"}],"up":[{"embeddable":true,"href":"https:\/\/www.airchecklab.com\/pt-br\/wp-json\/wp\/v2\/pages\/31065"}],"wp:featuredmedia":[{"embeddable":true,"href":"https:\/\/www.airchecklab.com\/pt-br\/wp-json\/wp\/v2\/media\/30654"}],"wp:attachment":[{"href":"https:\/\/www.airchecklab.com\/pt-br\/wp-json\/wp\/v2\/media?parent=31086"}],"curies":[{"name":"wp","href":"https:\/\/api.w.org\/{rel}","templated":true}]}}