{"id":31250,"date":"2025-01-09T12:11:22","date_gmt":"2025-01-09T18:11:22","guid":{"rendered":"https:\/\/www.airchecklab.com\/kits-aircheck\/k811-gases-kit-de-teste-de-pwo\/"},"modified":"2025-04-07T13:37:14","modified_gmt":"2025-04-07T19:37:14","slug":"k811-gases-kit-de-teste-de-pwo","status":"publish","type":"page","link":"https:\/\/www.airchecklab.com\/pt-br\/kits-aircheck\/k811-gases-kit-de-teste-de-pwo\/","title":{"rendered":"K811 Gases, kit de teste de P:W:O"},"content":{"rendered":"<div class=\"fusion-fullwidth fullwidth-box fusion-builder-row-1 fusion-flex-container nonhundred-percent-fullwidth non-hundred-percent-height-scrolling\" style=\"--awb-border-radius-top-left:0px;--awb-border-radius-top-right:0px;--awb-border-radius-bottom-right:0px;--awb-border-radius-bottom-left:0px;--awb-padding-top:35px;\" ><div class=\"fusion-builder-row fusion-row fusion-flex-align-items-flex-start\" style=\"max-width:1227.2px;margin-left: calc(-4% \/ 2 );margin-right: calc(-4% \/ 2 );\"><div class=\"fusion-layout-column fusion_builder_column fusion-builder-column-0 fusion_builder_column_1_2 1_2 fusion-flex-column\" style=\"--awb-bg-size:cover;--awb-width-large:50%;--awb-margin-top-large:0px;--awb-spacing-right-large:3.84%;--awb-margin-bottom-large:0px;--awb-spacing-left-large:3.84%;--awb-width-medium:100%;--awb-spacing-right-medium:1.92%;--awb-spacing-left-medium:1.92%;--awb-width-small:100%;--awb-spacing-right-small:1.92%;--awb-spacing-left-small:1.92%;\"><div class=\"fusion-column-wrapper fusion-flex-justify-content-flex-start fusion-content-layout-column\"><div class=\"fusion-image-element \"><span class=\" fusion-imageframe imageframe-none imageframe-1 hover-type-none\"><img decoding=\"async\" width=\"1024\" height=\"695\" title=\"k811\" src=\"https:\/\/www.airchecklab.com\/wp-content\/uploads\/2021\/12\/k811-1.jpg\" data-orig-src=\"https:\/\/www.airchecklab.com\/wp-content\/uploads\/2021\/12\/k811-1-1024x695.jpg\" alt class=\"lazyload img-responsive wp-image-30663\" srcset=\"data:image\/svg+xml,%3Csvg%20xmlns%3D%27http%3A%2F%2Fwww.w3.org%2F2000%2Fsvg%27%20width%3D%271200%27%20height%3D%27815%27%20viewBox%3D%270%200%201200%20815%27%3E%3Crect%20width%3D%271200%27%20height%3D%27815%27%20fill-opacity%3D%220%22%2F%3E%3C%2Fsvg%3E\" data-srcset=\"https:\/\/www.airchecklab.com\/wp-content\/uploads\/2021\/12\/k811-1-200x136.jpg 200w, https:\/\/www.airchecklab.com\/wp-content\/uploads\/2021\/12\/k811-1-400x272.jpg 400w, https:\/\/www.airchecklab.com\/wp-content\/uploads\/2021\/12\/k811-1-600x408.jpg 600w, https:\/\/www.airchecklab.com\/wp-content\/uploads\/2021\/12\/k811-1-800x543.jpg 800w, https:\/\/www.airchecklab.com\/wp-content\/uploads\/2021\/12\/k811-1.jpg 1200w\" data-sizes=\"auto\" data-orig-sizes=\"(max-width: 1000px) 100vw, (max-width: 640px) 100vw, 600px\" \/><\/span><\/div><div class=\"fusion-alert alert general alert-info fusion-alert-center alert-dismissable fusion-animated\" style=\"--awb-margin-top:20px;--awb-margin-bottom:20px;\" role=\"alert\" data-animationType=\"fadeInLeft\" data-animationDuration=\"0.3\" data-animationOffset=\"top-into-view\"><div class=\"fusion-alert-content-wrapper\"><span class=\"alert-icon\"><i class=\"awb-icon-info-circle\" aria-hidden=\"true\"><\/i><\/span><span class=\"fusion-alert-content\"><a href=\"https:\/\/www.airchecklab.com\/contact\/\"><strong>Entre em contato conosco para obter pre\u00e7os de an\u00e1lise.<\/strong><\/a>  Resultados dispon\u00edveis para part\u00edculas, \u00e1gua, \u00f3leo e gases.<\/span><\/div><button type=\"button\" class=\"close toggle-alert\" data-dismiss=\"alert\" aria-label=\"Close\">&times;<\/button><\/div><div class=\"fusion-text fusion-text-1\" style=\"--awb-line-height:2;\"><\/div><\/div><\/div><div class=\"fusion-layout-column fusion_builder_column fusion-builder-column-1 fusion_builder_column_1_2 1_2 fusion-flex-column fusion-flex-align-self-flex-start\" style=\"--awb-bg-size:cover;--awb-width-large:50%;--awb-margin-top-large:-35px;--awb-spacing-right-large:3.84%;--awb-spacing-left-large:3.84%;--awb-width-medium:100%;--awb-order-medium:0;--awb-spacing-right-medium:1.92%;--awb-spacing-left-medium:1.92%;--awb-width-small:100%;--awb-order-small:0;--awb-spacing-right-small:1.92%;--awb-spacing-left-small:1.92%;\"><div class=\"fusion-column-wrapper fusion-column-has-shadow fusion-flex-justify-content-flex-start fusion-content-layout-column\"><div class=\"fusion-text fusion-text-2\"><h2 data-fontsize=\"44\" data-lineheight=\"46.20000076293945px\" class=\"fusion-responsive-typography-calculated\" style=\"--fontSize: 44; line-height: 1.05;\">K811 &#8211; AirCheck\u2713 Kit&#x2122; para gases, part\u00edculas, \u00e1gua e \u00f3leo<br \/><\/h2>\n<\/div><div class=\"fusion-separator fusion-full-width-sep\" style=\"align-self: center;margin-left: auto;margin-right: auto;margin-bottom:15px;width:100%;\"><div class=\"fusion-separator-border sep-single\" style=\"border-color:#9ca1a6;border-top-width:1px;\"><\/div><\/div><div class=\"fusion-text fusion-text-3\"><p>O AirCheck\u2713 Kit&#x2122; Modelo K811 \u00e9 a solu\u00e7\u00e3o da Trace para testes econ\u00f4micos de acordo com a ISO 8573-1:2010, ar de grau aliment\u00edcio, ar de processo cr\u00edtico ou suas especifica\u00e7\u00f5es personalizadas. Al\u00e9m de coletar amostras de part\u00edculas, \u00e1gua e \u00f3leo, esse kit tamb\u00e9m pode ser usado para coletar amostras de outros gases no ar, como O2, CO, CO2, hidrocarbonetos vol\u00e1teis totais, NOX e SO2. O kit tamb\u00e9m pode ser usado com gases puros, como O2, N2, N2O e Ar. Testes de ar de grau aliment\u00edcio, produtos farmac\u00eauticos, dispositivos m\u00e9dicos e eletr\u00f4nicos s\u00e3o apenas alguns exemplos de uso cr\u00edtico do ar. Se voc\u00ea precisa de ar limpo ou g\u00e1s puro para o seu processo de fabrica\u00e7\u00e3o, o K811 \u00e9 o kit ideal para voc\u00ea.    <\/p>\n<\/div><div class=\"fusion-separator fusion-full-width-sep\" style=\"align-self: center;margin-left: auto;margin-right: auto;margin-bottom:15px;width:100%;\"><div class=\"fusion-separator-border sep-single\" style=\"border-color:#9ca1a6;border-top-width:1px;\"><\/div><\/div><div class=\"fusion-text fusion-text-4\"><p>Kit de amostragem embalado de acordo com suas necessidades espec\u00edficas.  <a href=\"https:\/\/www.airchecklab.com\/pt-br\/aircheck%e2%9c%93-academy\/\">V\u00eddeos de treinamento dispon\u00edveis on-line.<\/a>  O hardware inclui:<\/p>\n<ul>\n<li><strong>Itens padr\u00e3o<\/strong>\n<ul class=\"checklist\">\n<li>Suporte para garrafas de 2 pe\u00e7as<\/li>\n<li>Ferramenta de substitui\u00e7\u00e3o de agulha<\/li>\n<li>Agulhas sobressalentes, 2 por\u00e7\u00f5es.<\/li>\n<li>Adaptador f\u00eamea SS NPT, 2 por\u00e7\u00f5es.<\/li>\n<li>Camiseta dupla SS<\/li>\n<li>Medidor de vaz\u00e3o de tubo, 2 pe\u00e7as.<\/li>\n<li>Medidor de vaz\u00e3o de filtro<\/li>\n<li>Tubula\u00e7\u00e3o do medidor de vaz\u00e3o<\/li>\n<li>Suporte de tubo, 4 pe\u00e7as.<\/li>\n<li>Rompedor de ponta de tubo detector<\/li>\n<li>Diversos. Pe\u00e7as de reposi\u00e7\u00e3o<\/li>\n<li>Limpador, 1 frasco<\/li>\n<li>Instru\u00e7\u00f5es de amostragem<\/li>\n<\/ul>\n<\/li>\n<li><strong>Itens opcionais<\/strong>\n<ul class=\"checklist\">\n<li>Medidores de vaz\u00e3o calibrados e rastre\u00e1veis ao NIST<\/li>\n<li>Tubo de amostragem &#8211; livre de part\u00edculas<\/li>\n<li><span style=\"background-color: rgba(255, 255, 255, 0); color: var(--body_typography-color); font-family: var(--body_typography-font-family); font-size: var(--body_typography-font-size); font-style: var(--body_typography-font-style,normal); font-weight: var(--body_typography-font-weight); letter-spacing: var(--body_typography-letter-spacing);\">Pacote de dados<\/span><\/li>\n<\/ul>\n<\/li>\n<li><strong>M\u00eddia<\/strong>\n<ul class=\"checklist\">\n<li>Filtro de 47 mm<\/li>\n<li>Tubo detector de 5 e 20 a\/p<\/li>\n<li>Tubo de carv\u00e3o vegetal<\/li>\n<li>Garrafa de origem<\/li>\n<li>Tubos detectores de NOX e SO2 (opcional)<\/li>\n<\/ul>\n<\/li>\n<\/ul>\n<\/div><div ><a class=\"fusion-button button-flat fusion-button-default-size button-default fusion-button-default button-1 fusion-button-default-span fusion-button-default-type\" style=\"--button_margin-bottom:15px;width:calc(100%);\" target=\"_self\" href=\"https:\/\/www.airchecklab.com\/contact\/\"><span class=\"fusion-button-text\">Solicite uma cota\u00e7\u00e3o<\/span><\/a><\/div><div class=\"fusion-text fusion-text-5\" style=\"--awb-line-height:1;\"><p><em>O AirCheck\u2713 Kit&#x2122; K811 est\u00e1 dispon\u00edvel para compra ou aluguel &#8211; personalize facilmente o n\u00famero e a frequ\u00eancia das amostras e as especifica\u00e7\u00f5es de teste necess\u00e1rias por meio do nosso sistema de pedidos on-line.<\/em><\/p>\n<\/div><\/div><\/div><div class=\"fusion-layout-column fusion_builder_column fusion-builder-column-2 fusion_builder_column_1_1 1_1 fusion-flex-column\" style=\"--awb-bg-size:cover;--awb-width-large:100%;--awb-spacing-right-large:1.92%;--awb-spacing-left-large:1.92%;--awb-width-medium:100%;--awb-order-medium:0;--awb-spacing-right-medium:1.92%;--awb-spacing-left-medium:1.92%;--awb-width-small:100%;--awb-order-small:0;--awb-spacing-right-small:1.92%;--awb-spacing-left-small:1.92%;\"><div class=\"fusion-column-wrapper fusion-column-has-shadow fusion-flex-justify-content-flex-start fusion-content-layout-column\"><div class=\"fusion-separator fusion-full-width-sep\" style=\"align-self: center;margin-left: auto;margin-right: auto;margin-bottom:35px;width:100%;\"><div class=\"fusion-separator-border sep-single\" style=\"border-color:#9ca1a6;border-top-width:1px;\"><\/div><\/div><div class=\"fusion-text fusion-text-6\"><form action=\"https:\/\/www.airchecklab.com\/contact\/contact-us\/\" method=\"post\" name=\"K6088Form\">\n<p style=\"text-align: center;\">Voc\u00ea precisa coletar amostras, mas n\u00e3o quer comprar um kit? O <span class=\"aircheck\"><span class=\"tracecheck\">AirCheck\u2713<\/span> Kit&#x2122; K811<\/span> tamb\u00e9m est\u00e1 dispon\u00edvel para aluguel. <a href=\"https:\/\/www.airchecklab.com\/products\/aircheck-kits\/manufacturing-critical-air-iso-8573\/#\">Solicite informa\u00e7\u00f5es sobre o aluguel do K811<\/a>. <\/p>\n<\/form>\n<form action=\"https:\/\/www.airchecklab.com\/contact\/contact-us\/\" method=\"post\" name=\"K6088Form\">\n<p style=\"text-align: center;\"><i>Voc\u00ea precisa de mais m\u00eddia de amostragem? Use nossa p\u00e1gina de <a href=\"https:\/\/www.airchecklab.com\/resources\/restocks\/\">reabastecimento<\/a> f\u00e1cil para solicitar suprimentos rapidamente. <\/i><\/p>\n<\/form>\n<\/div><\/div><\/div><\/div><\/div>\n","protected":false},"excerpt":{"rendered":"","protected":false},"author":18,"featured_media":0,"parent":31065,"menu_order":0,"comment_status":"closed","ping_status":"closed","template":"","meta":{"content-type":""},"yoast_head":"<!-- This site is optimized with the Yoast SEO Premium plugin v20.0 (Yoast SEO v20.0) - https:\/\/yoast.com\/wordpress\/plugins\/seo\/ -->\n<title>K811 Gases, kit de teste de P:W:O - Trace Analytics, the AirCheck Lab<\/title>\n<meta name=\"robots\" content=\"index, follow, max-snippet:-1, max-image-preview:large, max-video-preview:-1\" \/>\n<link rel=\"canonical\" href=\"https:\/\/www.airchecklab.com\/pt-br\/kits-aircheck\/k811-gases-kit-de-teste-de-pwo\/\" \/>\n<meta property=\"og:locale\" content=\"pt_BR\" \/>\n<meta property=\"og:type\" content=\"article\" \/>\n<meta property=\"og:title\" content=\"K811 Gases, kit de teste de P:W:O\" \/>\n<meta property=\"og:url\" content=\"https:\/\/www.airchecklab.com\/pt-br\/kits-aircheck\/k811-gases-kit-de-teste-de-pwo\/\" \/>\n<meta property=\"og:site_name\" content=\"Trace Analytics, the AirCheck Lab\" \/>\n<meta property=\"article:modified_time\" content=\"2025-04-07T19:37:14+00:00\" \/>\n<meta name=\"twitter:card\" content=\"summary_large_image\" \/>\n<meta name=\"twitter:label1\" content=\"Est. tempo de leitura\" \/>\n\t<meta name=\"twitter:data1\" content=\"6 minutos\" \/>\n<script type=\"application\/ld+json\" class=\"yoast-schema-graph\">{\"@context\":\"https:\/\/schema.org\",\"@graph\":[{\"@type\":\"WebPage\",\"@id\":\"https:\/\/www.airchecklab.com\/pt-br\/kits-aircheck\/k811-gases-kit-de-teste-de-pwo\/\",\"url\":\"https:\/\/www.airchecklab.com\/pt-br\/kits-aircheck\/k811-gases-kit-de-teste-de-pwo\/\",\"name\":\"K811 Gases, kit de teste de P:W:O - Trace Analytics, the AirCheck Lab\",\"isPartOf\":{\"@id\":\"\/#website\"},\"datePublished\":\"2025-01-09T18:11:22+00:00\",\"dateModified\":\"2025-04-07T19:37:14+00:00\",\"breadcrumb\":{\"@id\":\"https:\/\/www.airchecklab.com\/pt-br\/kits-aircheck\/k811-gases-kit-de-teste-de-pwo\/#breadcrumb\"},\"inLanguage\":\"pt-BR\",\"potentialAction\":[{\"@type\":\"ReadAction\",\"target\":[\"https:\/\/www.airchecklab.com\/pt-br\/kits-aircheck\/k811-gases-kit-de-teste-de-pwo\/\"]}]},{\"@type\":\"BreadcrumbList\",\"@id\":\"https:\/\/www.airchecklab.com\/pt-br\/kits-aircheck\/k811-gases-kit-de-teste-de-pwo\/#breadcrumb\",\"itemListElement\":[{\"@type\":\"ListItem\",\"position\":1,\"name\":\"Home\",\"item\":\"https:\/\/www.airchecklab.com\/pt-br\/teste-de-ar-comprimido-trace-analytics\/\"},{\"@type\":\"ListItem\",\"position\":2,\"name\":\"Kits AirCheck\",\"item\":\"https:\/\/www.airchecklab.com\/pt-br\/kits-aircheck\/\"},{\"@type\":\"ListItem\",\"position\":3,\"name\":\"K811 Gases, kit de teste de P:W:O\"}]},{\"@type\":\"WebSite\",\"@id\":\"\/#website\",\"url\":\"\/\",\"name\":\"Trace Analytics, the AirCheck Lab\",\"description\":\"Compressed Air Testing for ISO 8573, Microbial, SQF, Breathing Air\",\"publisher\":{\"@id\":\"\/#organization\"},\"potentialAction\":[{\"@type\":\"SearchAction\",\"target\":{\"@type\":\"EntryPoint\",\"urlTemplate\":\"\/?s={search_term_string}\"},\"query-input\":\"required name=search_term_string\"}],\"inLanguage\":\"pt-BR\"},{\"@type\":\"Organization\",\"@id\":\"\/#organization\",\"name\":\"Trace Analytics, LLC\",\"url\":\"\/\",\"logo\":{\"@type\":\"ImageObject\",\"inLanguage\":\"pt-BR\",\"@id\":\"\/#\/schema\/logo\/image\/\",\"url\":\"https:\/\/www.airchecklab.com\/wp-content\/uploads\/2018\/01\/logo-blue-with-white.png\",\"contentUrl\":\"https:\/\/www.airchecklab.com\/wp-content\/uploads\/2018\/01\/logo-blue-with-white.png\",\"width\":1600,\"height\":301,\"caption\":\"Trace Analytics, LLC\"},\"image\":{\"@id\":\"\/#\/schema\/logo\/image\/\"}}]}<\/script>\n<!-- \/ Yoast SEO Premium plugin. -->","yoast_head_json":{"title":"K811 Gases, kit de teste de P:W:O - Trace Analytics, the AirCheck Lab","robots":{"index":"index","follow":"follow","max-snippet":"max-snippet:-1","max-image-preview":"max-image-preview:large","max-video-preview":"max-video-preview:-1"},"canonical":"https:\/\/www.airchecklab.com\/pt-br\/kits-aircheck\/k811-gases-kit-de-teste-de-pwo\/","og_locale":"pt_BR","og_type":"article","og_title":"K811 Gases, kit de teste de P:W:O","og_url":"https:\/\/www.airchecklab.com\/pt-br\/kits-aircheck\/k811-gases-kit-de-teste-de-pwo\/","og_site_name":"Trace Analytics, the AirCheck Lab","article_modified_time":"2025-04-07T19:37:14+00:00","twitter_card":"summary_large_image","twitter_misc":{"Est. tempo de leitura":"6 minutos"},"schema":{"@context":"https:\/\/schema.org","@graph":[{"@type":"WebPage","@id":"https:\/\/www.airchecklab.com\/pt-br\/kits-aircheck\/k811-gases-kit-de-teste-de-pwo\/","url":"https:\/\/www.airchecklab.com\/pt-br\/kits-aircheck\/k811-gases-kit-de-teste-de-pwo\/","name":"K811 Gases, kit de teste de P:W:O - Trace Analytics, the AirCheck Lab","isPartOf":{"@id":"\/#website"},"datePublished":"2025-01-09T18:11:22+00:00","dateModified":"2025-04-07T19:37:14+00:00","breadcrumb":{"@id":"https:\/\/www.airchecklab.com\/pt-br\/kits-aircheck\/k811-gases-kit-de-teste-de-pwo\/#breadcrumb"},"inLanguage":"pt-BR","potentialAction":[{"@type":"ReadAction","target":["https:\/\/www.airchecklab.com\/pt-br\/kits-aircheck\/k811-gases-kit-de-teste-de-pwo\/"]}]},{"@type":"BreadcrumbList","@id":"https:\/\/www.airchecklab.com\/pt-br\/kits-aircheck\/k811-gases-kit-de-teste-de-pwo\/#breadcrumb","itemListElement":[{"@type":"ListItem","position":1,"name":"Home","item":"https:\/\/www.airchecklab.com\/pt-br\/teste-de-ar-comprimido-trace-analytics\/"},{"@type":"ListItem","position":2,"name":"Kits AirCheck","item":"https:\/\/www.airchecklab.com\/pt-br\/kits-aircheck\/"},{"@type":"ListItem","position":3,"name":"K811 Gases, kit de teste de P:W:O"}]},{"@type":"WebSite","@id":"\/#website","url":"\/","name":"Trace Analytics, the AirCheck Lab","description":"Compressed Air Testing for ISO 8573, Microbial, SQF, Breathing Air","publisher":{"@id":"\/#organization"},"potentialAction":[{"@type":"SearchAction","target":{"@type":"EntryPoint","urlTemplate":"\/?s={search_term_string}"},"query-input":"required name=search_term_string"}],"inLanguage":"pt-BR"},{"@type":"Organization","@id":"\/#organization","name":"Trace Analytics, LLC","url":"\/","logo":{"@type":"ImageObject","inLanguage":"pt-BR","@id":"\/#\/schema\/logo\/image\/","url":"https:\/\/www.airchecklab.com\/wp-content\/uploads\/2018\/01\/logo-blue-with-white.png","contentUrl":"https:\/\/www.airchecklab.com\/wp-content\/uploads\/2018\/01\/logo-blue-with-white.png","width":1600,"height":301,"caption":"Trace Analytics, LLC"},"image":{"@id":"\/#\/schema\/logo\/image\/"}}]}},"_links":{"self":[{"href":"https:\/\/www.airchecklab.com\/pt-br\/wp-json\/wp\/v2\/pages\/31250"}],"collection":[{"href":"https:\/\/www.airchecklab.com\/pt-br\/wp-json\/wp\/v2\/pages"}],"about":[{"href":"https:\/\/www.airchecklab.com\/pt-br\/wp-json\/wp\/v2\/types\/page"}],"author":[{"embeddable":true,"href":"https:\/\/www.airchecklab.com\/pt-br\/wp-json\/wp\/v2\/users\/18"}],"replies":[{"embeddable":true,"href":"https:\/\/www.airchecklab.com\/pt-br\/wp-json\/wp\/v2\/comments?post=31250"}],"version-history":[{"count":6,"href":"https:\/\/www.airchecklab.com\/pt-br\/wp-json\/wp\/v2\/pages\/31250\/revisions"}],"predecessor-version":[{"id":31585,"href":"https:\/\/www.airchecklab.com\/pt-br\/wp-json\/wp\/v2\/pages\/31250\/revisions\/31585"}],"up":[{"embeddable":true,"href":"https:\/\/www.airchecklab.com\/pt-br\/wp-json\/wp\/v2\/pages\/31065"}],"wp:attachment":[{"href":"https:\/\/www.airchecklab.com\/pt-br\/wp-json\/wp\/v2\/media?parent=31250"}],"curies":[{"name":"wp","href":"https:\/\/api.w.org\/{rel}","templated":true}]}}