{"id":31336,"date":"2025-01-09T12:11:35","date_gmt":"2025-01-09T18:11:35","guid":{"rendered":"https:\/\/www.airchecklab.com\/kits-aircheck\/kit-de-teste-de-ar-respiravel-k201\/"},"modified":"2025-01-09T12:11:43","modified_gmt":"2025-01-09T18:11:43","slug":"kit-de-teste-de-ar-respiravel-k201","status":"publish","type":"page","link":"https:\/\/www.airchecklab.com\/pt-br\/kits-aircheck\/kit-de-teste-de-ar-respiravel-k201\/","title":{"rendered":"Kit de teste de ar respir\u00e1vel K201"},"content":{"rendered":"<div class=\"fusion-fullwidth fullwidth-box fusion-builder-row-1 fusion-flex-container nonhundred-percent-fullwidth non-hundred-percent-height-scrolling\" style=\"--awb-border-radius-top-left:0px;--awb-border-radius-top-right:0px;--awb-border-radius-bottom-right:0px;--awb-border-radius-bottom-left:0px;--awb-padding-top:35px;\" ><div class=\"fusion-builder-row fusion-row fusion-flex-align-items-flex-start\" style=\"max-width:1227.2px;margin-left: calc(-4% \/ 2 );margin-right: calc(-4% \/ 2 );\"><div class=\"fusion-layout-column fusion_builder_column fusion-builder-column-0 fusion_builder_column_1_2 1_2 fusion-flex-column\" style=\"--awb-bg-blend:overlay;--awb-bg-size:cover;--awb-width-large:50%;--awb-margin-top-large:0px;--awb-spacing-right-large:3.84%;--awb-margin-bottom-large:0px;--awb-spacing-left-large:3.84%;--awb-width-medium:100%;--awb-spacing-right-medium:1.92%;--awb-spacing-left-medium:1.92%;--awb-width-small:100%;--awb-spacing-right-small:1.92%;--awb-spacing-left-small:1.92%;\"><div class=\"fusion-column-wrapper fusion-flex-justify-content-flex-start fusion-content-layout-column\"><div class=\"fusion-image-element \"><span class=\" fusion-imageframe imageframe-none imageframe-1 hover-type-none\"><img decoding=\"async\" width=\"1024\" height=\"695\" title=\"k201\" src=\"https:\/\/www.airchecklab.com\/wp-content\/uploads\/2021\/12\/k201.jpg\" data-orig-src=\"https:\/\/www.airchecklab.com\/wp-content\/uploads\/2021\/12\/k201-1024x695.jpg\" alt class=\"lazyload img-responsive wp-image-30669\" srcset=\"data:image\/svg+xml,%3Csvg%20xmlns%3D%27http%3A%2F%2Fwww.w3.org%2F2000%2Fsvg%27%20width%3D%271200%27%20height%3D%27815%27%20viewBox%3D%270%200%201200%20815%27%3E%3Crect%20width%3D%271200%27%20height%3D%27815%27%20fill-opacity%3D%220%22%2F%3E%3C%2Fsvg%3E\" data-srcset=\"https:\/\/www.airchecklab.com\/wp-content\/uploads\/2021\/12\/k201-200x136.jpg 200w, https:\/\/www.airchecklab.com\/wp-content\/uploads\/2021\/12\/k201-400x272.jpg 400w, https:\/\/www.airchecklab.com\/wp-content\/uploads\/2021\/12\/k201-600x408.jpg 600w, https:\/\/www.airchecklab.com\/wp-content\/uploads\/2021\/12\/k201-800x543.jpg 800w, https:\/\/www.airchecklab.com\/wp-content\/uploads\/2021\/12\/k201.jpg 1200w\" data-sizes=\"auto\" data-orig-sizes=\"(max-width: 1000px) 100vw, (max-width: 640px) 100vw, 600px\" \/><\/span><\/div><div class=\"fusion-alert alert general alert-info fusion-alert-center alert-dismissable fusion-animated\" style=\"--awb-margin-top:20px;--awb-margin-bottom:-30px;\" role=\"alert\" data-animationType=\"fadeInLeft\" data-animationDuration=\"0.3\" data-animationOffset=\"top-into-view\"><div class=\"fusion-alert-content-wrapper\"><span class=\"alert-icon\"><i class=\"awb-icon-info-circle\" aria-hidden=\"true\"><\/i><\/span><span class=\"fusion-alert-content\"><strong>Voc\u00ea precisa de resultados de umidade? <\/strong>Entre em contato conosco e n\u00f3s lhe forneceremos o nosso <a href=\"https:\/\/www.airchecklab.com\/pt-br\/kits-aircheck\/k902-kit-de-teste-de-ar-respiravel\/\">kit K902 AirCheck<\/a>.<\/span><\/div><button type=\"button\" class=\"close toggle-alert\" data-dismiss=\"alert\" aria-label=\"Close\">&times;<\/button><\/div><\/div><\/div><div class=\"fusion-layout-column fusion_builder_column fusion-builder-column-1 fusion_builder_column_1_2 1_2 fusion-flex-column fusion-flex-align-self-flex-start\" style=\"--awb-bg-size:cover;--awb-width-large:50%;--awb-margin-top-large:-35px;--awb-spacing-right-large:3.84%;--awb-spacing-left-large:3.84%;--awb-width-medium:100%;--awb-order-medium:0;--awb-spacing-right-medium:1.92%;--awb-spacing-left-medium:1.92%;--awb-width-small:100%;--awb-order-small:0;--awb-spacing-right-small:1.92%;--awb-spacing-left-small:1.92%;\"><div class=\"fusion-column-wrapper fusion-column-has-shadow fusion-flex-justify-content-flex-start fusion-content-layout-column\"><div class=\"fusion-text fusion-text-1\"><h1>K201 &#8211; o AirCheck\u2713 Kit&#x2122; para ar respir\u00e1vel<\/h1>\n<\/div><div class=\"fusion-separator fusion-full-width-sep\" style=\"align-self: center;margin-left: auto;margin-right: auto;margin-bottom:15px;width:100%;\"><div class=\"fusion-separator-border sep-single\" style=\"border-color:#9ca1a6;border-top-width:1px;\"><\/div><\/div><div class=\"fusion-text fusion-text-2\"><p>O AirCheck\u2713 Kit&#x2122; K201 foi projetado para uso com especifica\u00e7\u00f5es rotineiras de ar respir\u00e1vel que n\u00e3o t\u00eam um limite para o ponto de orvalho, como CGA Grade D1 ou E1, IANTD \/ O2 Compatible (I), <a href=\"https:\/\/www.osha.gov\/\" target=\"_blank\" rel=\"noopener noreferrer\">OSHA<\/a> 1910.134 (COMP), OSHA 1910.430 e US Navy Diving. Outras especifica\u00e7\u00f5es est\u00e3o dispon\u00edveis por um custo adicional. Esse kit K201 \u00e9 normalmente usado em mergulho comercial, respiradores industriais de linha a\u00e9rea ou compressores de baixa press\u00e3o com secador refrigerado ou sem secador. Voc\u00ea pode testar a partir do compressor, do armazenamento ou da sa\u00edda. Leia nossas <a href=\"https:\/\/www.airchecklab.com\/topic\/aircheck%e2%9c%93-kit-k201\/\">instru\u00e7\u00f5es de amostragem on-line<\/a>para o teste de ar respir\u00e1vel.    <\/p>\n<\/div><div class=\"fusion-separator fusion-full-width-sep\" style=\"align-self: center;margin-left: auto;margin-right: auto;margin-bottom:15px;width:100%;\"><div class=\"fusion-separator-border sep-single\" style=\"border-color:#9ca1a6;border-top-width:1px;\"><\/div><\/div><div class=\"fusion-text fusion-text-3\"><p>O kit de hardware de amostragem f\u00e1cil de usar inclui:<\/p>\n<ul class=\"checklist\">\n<li>Adaptador (SCUBA ou \u00bc&#8221; NPT)<\/li>\n<li>Medidor de vaz\u00e3o<\/li>\n<li>Suporte para garrafas<\/li>\n<li>Ferramenta de substitui\u00e7\u00e3o de agulha<\/li>\n<li><span style=\"background-color: rgba(255, 255, 255, 0); color: var(--body_typography-color); font-family: var(--body_typography-font-family); font-size: var(--body_typography-font-size); font-style: var(--body_typography-font-style,normal); font-weight: var(--body_typography-font-weight); letter-spacing: var(--body_typography-letter-spacing);\">Agulhas sobressalentes<\/span><\/li>\n<li>Tubula\u00e7\u00e3o<\/li>\n<li>Instru\u00e7\u00f5es de amostragem<\/li>\n<\/ul>\n<\/div><div ><a class=\"fusion-button button-flat fusion-button-default-size button-default fusion-button-default button-1 fusion-button-default-span fusion-button-default-type\" style=\"--button_margin-bottom:15px;width:calc(100%);\" target=\"_self\" href=\"https:\/\/www.airchecklab.com\/contact\/\"><span class=\"fusion-button-text\">Solicite uma cota\u00e7\u00e3o<\/span><\/a><\/div><div class=\"fusion-text fusion-text-4\" style=\"--awb-line-height:1;\"><p><em>O AirCheck\u2713 Kit&#x2122; K201 est\u00e1 dispon\u00edvel para compra ou aluguel &#8211; personalize facilmente o n\u00famero e a frequ\u00eancia das amostras e as especifica\u00e7\u00f5es de teste necess\u00e1rias por meio do nosso sistema de pedidos on-line.<\/em><\/p>\n<\/div><\/div><\/div><div class=\"fusion-layout-column fusion_builder_column fusion-builder-column-2 fusion_builder_column_1_1 1_1 fusion-flex-column\" style=\"--awb-bg-size:cover;--awb-width-large:100%;--awb-spacing-right-large:1.92%;--awb-spacing-left-large:1.92%;--awb-width-medium:100%;--awb-order-medium:0;--awb-spacing-right-medium:1.92%;--awb-spacing-left-medium:1.92%;--awb-width-small:100%;--awb-order-small:0;--awb-spacing-right-small:1.92%;--awb-spacing-left-small:1.92%;\"><div class=\"fusion-column-wrapper fusion-column-has-shadow fusion-flex-justify-content-flex-start fusion-content-layout-column\"><div class=\"fusion-separator fusion-full-width-sep\" style=\"align-self: center;margin-left: auto;margin-right: auto;margin-bottom:35px;width:100%;\"><div class=\"fusion-separator-border sep-single\" style=\"border-color:#9ca1a6;border-top-width:1px;\"><\/div><\/div><div class=\"fusion-text fusion-text-5\"><form action=\"https:\/\/www.airchecklab.com\/contact\/contact-us\/\" method=\"post\" name=\"K6088Form\">\n<p style=\"text-align: center;\">Voc\u00ea precisa coletar amostras, mas n\u00e3o quer comprar um kit? O <span class=\"aircheck\"><span class=\"tracecheck\">AirCheck\u2713<\/span> Kit&#x2122; K201<\/span> tamb\u00e9m est\u00e1 dispon\u00edvel para aluguel. <a href=\"https:\/\/www.airchecklab.com\/products\/aircheck-kits\/manufacturing-critical-air-iso-8573\/#\">Solicite informa\u00e7\u00f5es sobre o aluguel do K201<\/a>. <\/p>\n<\/form>\n<form action=\"https:\/\/www.airchecklab.com\/contact\/contact-us\/\" method=\"post\" name=\"K6088Form\">\n<p style=\"text-align: center;\"><i>Voc\u00ea precisa de mais m\u00eddia de amostragem? Use nossa p\u00e1gina de <a href=\"https:\/\/www.airchecklab.com\/resources\/restocks\/\">reabastecimento<\/a> f\u00e1cil para solicitar suprimentos rapidamente. <\/i><\/p>\n<\/form>\n<\/div><\/div><\/div><\/div><\/div>\n","protected":false},"excerpt":{"rendered":"","protected":false},"author":18,"featured_media":30572,"parent":31065,"menu_order":0,"comment_status":"closed","ping_status":"closed","template":"","meta":{"content-type":""},"yoast_head":"<!-- This site is optimized with the Yoast SEO Premium plugin v20.0 (Yoast SEO v20.0) - https:\/\/yoast.com\/wordpress\/plugins\/seo\/ -->\n<title>Kit de teste de ar respir\u00e1vel K201 - Trace Analytics, the AirCheck Lab<\/title>\n<meta name=\"description\" content=\"Teste seu ar respir\u00e1vel comprimido com o AirCheck Kit K201. Os especialistas da Trace podem ajudar voc\u00ea a atender aos requisitos da CGA, OSHA e outros.\" \/>\n<meta name=\"robots\" content=\"index, follow, max-snippet:-1, max-image-preview:large, max-video-preview:-1\" \/>\n<link rel=\"canonical\" href=\"https:\/\/www.airchecklab.com\/pt-br\/kits-aircheck\/kit-de-teste-de-ar-respiravel-k201\/\" \/>\n<meta property=\"og:locale\" content=\"pt_BR\" \/>\n<meta property=\"og:type\" content=\"article\" \/>\n<meta property=\"og:title\" content=\"Kit de teste de ar respir\u00e1vel K201\" \/>\n<meta property=\"og:description\" content=\"Teste seu ar respir\u00e1vel comprimido com o AirCheck Kit K201. Os especialistas da Trace podem ajudar voc\u00ea a atender aos requisitos da CGA, OSHA e outros.\" \/>\n<meta property=\"og:url\" content=\"https:\/\/www.airchecklab.com\/pt-br\/kits-aircheck\/kit-de-teste-de-ar-respiravel-k201\/\" \/>\n<meta property=\"og:site_name\" content=\"Trace Analytics, the AirCheck Lab\" \/>\n<meta property=\"article:modified_time\" content=\"2025-01-09T18:11:43+00:00\" \/>\n<meta property=\"og:image\" content=\"https:\/\/www.airchecklab.com\/wp-content\/uploads\/2021\/12\/K201C-kit-image-1024x914.png\" \/>\n\t<meta property=\"og:image:width\" content=\"1024\" \/>\n\t<meta property=\"og:image:height\" content=\"914\" \/>\n\t<meta property=\"og:image:type\" content=\"image\/png\" \/>\n<meta name=\"twitter:card\" content=\"summary_large_image\" \/>\n<meta name=\"twitter:label1\" content=\"Est. tempo de leitura\" \/>\n\t<meta name=\"twitter:data1\" content=\"5 minutos\" \/>\n<script type=\"application\/ld+json\" class=\"yoast-schema-graph\">{\"@context\":\"https:\/\/schema.org\",\"@graph\":[{\"@type\":\"WebPage\",\"@id\":\"https:\/\/www.airchecklab.com\/pt-br\/kits-aircheck\/kit-de-teste-de-ar-respiravel-k201\/\",\"url\":\"https:\/\/www.airchecklab.com\/pt-br\/kits-aircheck\/kit-de-teste-de-ar-respiravel-k201\/\",\"name\":\"Kit de teste de ar respir\u00e1vel K201 - Trace Analytics, the AirCheck Lab\",\"isPartOf\":{\"@id\":\"\/#website\"},\"datePublished\":\"2025-01-09T18:11:35+00:00\",\"dateModified\":\"2025-01-09T18:11:43+00:00\",\"description\":\"Teste seu ar respir\u00e1vel comprimido com o AirCheck Kit K201. Os especialistas da Trace podem ajudar voc\u00ea a atender aos requisitos da CGA, OSHA e outros.\",\"breadcrumb\":{\"@id\":\"https:\/\/www.airchecklab.com\/pt-br\/kits-aircheck\/kit-de-teste-de-ar-respiravel-k201\/#breadcrumb\"},\"inLanguage\":\"pt-BR\",\"potentialAction\":[{\"@type\":\"ReadAction\",\"target\":[\"https:\/\/www.airchecklab.com\/pt-br\/kits-aircheck\/kit-de-teste-de-ar-respiravel-k201\/\"]}]},{\"@type\":\"BreadcrumbList\",\"@id\":\"https:\/\/www.airchecklab.com\/pt-br\/kits-aircheck\/kit-de-teste-de-ar-respiravel-k201\/#breadcrumb\",\"itemListElement\":[{\"@type\":\"ListItem\",\"position\":1,\"name\":\"Home\",\"item\":\"https:\/\/www.airchecklab.com\/pt-br\/teste-de-ar-comprimido-trace-analytics\/\"},{\"@type\":\"ListItem\",\"position\":2,\"name\":\"Kits AirCheck\",\"item\":\"https:\/\/www.airchecklab.com\/pt-br\/kits-aircheck\/\"},{\"@type\":\"ListItem\",\"position\":3,\"name\":\"Kit de teste de ar respir\u00e1vel K201\"}]},{\"@type\":\"WebSite\",\"@id\":\"\/#website\",\"url\":\"\/\",\"name\":\"Trace Analytics, the AirCheck Lab\",\"description\":\"Compressed Air Testing for ISO 8573, Microbial, SQF, Breathing Air\",\"publisher\":{\"@id\":\"\/#organization\"},\"potentialAction\":[{\"@type\":\"SearchAction\",\"target\":{\"@type\":\"EntryPoint\",\"urlTemplate\":\"\/?s={search_term_string}\"},\"query-input\":\"required name=search_term_string\"}],\"inLanguage\":\"pt-BR\"},{\"@type\":\"Organization\",\"@id\":\"\/#organization\",\"name\":\"Trace Analytics, LLC\",\"url\":\"\/\",\"logo\":{\"@type\":\"ImageObject\",\"inLanguage\":\"pt-BR\",\"@id\":\"\/#\/schema\/logo\/image\/\",\"url\":\"https:\/\/www.airchecklab.com\/wp-content\/uploads\/2018\/01\/logo-blue-with-white.png\",\"contentUrl\":\"https:\/\/www.airchecklab.com\/wp-content\/uploads\/2018\/01\/logo-blue-with-white.png\",\"width\":1600,\"height\":301,\"caption\":\"Trace Analytics, LLC\"},\"image\":{\"@id\":\"\/#\/schema\/logo\/image\/\"}}]}<\/script>\n<!-- \/ Yoast SEO Premium plugin. -->","yoast_head_json":{"title":"Kit de teste de ar respir\u00e1vel K201 - Trace Analytics, the AirCheck Lab","description":"Teste seu ar respir\u00e1vel comprimido com o AirCheck Kit K201. Os especialistas da Trace podem ajudar voc\u00ea a atender aos requisitos da CGA, OSHA e outros.","robots":{"index":"index","follow":"follow","max-snippet":"max-snippet:-1","max-image-preview":"max-image-preview:large","max-video-preview":"max-video-preview:-1"},"canonical":"https:\/\/www.airchecklab.com\/pt-br\/kits-aircheck\/kit-de-teste-de-ar-respiravel-k201\/","og_locale":"pt_BR","og_type":"article","og_title":"Kit de teste de ar respir\u00e1vel K201","og_description":"Teste seu ar respir\u00e1vel comprimido com o AirCheck Kit K201. Os especialistas da Trace podem ajudar voc\u00ea a atender aos requisitos da CGA, OSHA e outros.","og_url":"https:\/\/www.airchecklab.com\/pt-br\/kits-aircheck\/kit-de-teste-de-ar-respiravel-k201\/","og_site_name":"Trace Analytics, the AirCheck Lab","article_modified_time":"2025-01-09T18:11:43+00:00","og_image":[{"width":1024,"height":914,"url":"https:\/\/www.airchecklab.com\/wp-content\/uploads\/2021\/12\/K201C-kit-image-1024x914.png","type":"image\/png"}],"twitter_card":"summary_large_image","twitter_misc":{"Est. tempo de leitura":"5 minutos"},"schema":{"@context":"https:\/\/schema.org","@graph":[{"@type":"WebPage","@id":"https:\/\/www.airchecklab.com\/pt-br\/kits-aircheck\/kit-de-teste-de-ar-respiravel-k201\/","url":"https:\/\/www.airchecklab.com\/pt-br\/kits-aircheck\/kit-de-teste-de-ar-respiravel-k201\/","name":"Kit de teste de ar respir\u00e1vel K201 - Trace Analytics, the AirCheck Lab","isPartOf":{"@id":"\/#website"},"datePublished":"2025-01-09T18:11:35+00:00","dateModified":"2025-01-09T18:11:43+00:00","description":"Teste seu ar respir\u00e1vel comprimido com o AirCheck Kit K201. Os especialistas da Trace podem ajudar voc\u00ea a atender aos requisitos da CGA, OSHA e outros.","breadcrumb":{"@id":"https:\/\/www.airchecklab.com\/pt-br\/kits-aircheck\/kit-de-teste-de-ar-respiravel-k201\/#breadcrumb"},"inLanguage":"pt-BR","potentialAction":[{"@type":"ReadAction","target":["https:\/\/www.airchecklab.com\/pt-br\/kits-aircheck\/kit-de-teste-de-ar-respiravel-k201\/"]}]},{"@type":"BreadcrumbList","@id":"https:\/\/www.airchecklab.com\/pt-br\/kits-aircheck\/kit-de-teste-de-ar-respiravel-k201\/#breadcrumb","itemListElement":[{"@type":"ListItem","position":1,"name":"Home","item":"https:\/\/www.airchecklab.com\/pt-br\/teste-de-ar-comprimido-trace-analytics\/"},{"@type":"ListItem","position":2,"name":"Kits AirCheck","item":"https:\/\/www.airchecklab.com\/pt-br\/kits-aircheck\/"},{"@type":"ListItem","position":3,"name":"Kit de teste de ar respir\u00e1vel K201"}]},{"@type":"WebSite","@id":"\/#website","url":"\/","name":"Trace Analytics, the AirCheck Lab","description":"Compressed Air Testing for ISO 8573, Microbial, SQF, Breathing Air","publisher":{"@id":"\/#organization"},"potentialAction":[{"@type":"SearchAction","target":{"@type":"EntryPoint","urlTemplate":"\/?s={search_term_string}"},"query-input":"required name=search_term_string"}],"inLanguage":"pt-BR"},{"@type":"Organization","@id":"\/#organization","name":"Trace Analytics, LLC","url":"\/","logo":{"@type":"ImageObject","inLanguage":"pt-BR","@id":"\/#\/schema\/logo\/image\/","url":"https:\/\/www.airchecklab.com\/wp-content\/uploads\/2018\/01\/logo-blue-with-white.png","contentUrl":"https:\/\/www.airchecklab.com\/wp-content\/uploads\/2018\/01\/logo-blue-with-white.png","width":1600,"height":301,"caption":"Trace Analytics, LLC"},"image":{"@id":"\/#\/schema\/logo\/image\/"}}]}},"_links":{"self":[{"href":"https:\/\/www.airchecklab.com\/pt-br\/wp-json\/wp\/v2\/pages\/31336"}],"collection":[{"href":"https:\/\/www.airchecklab.com\/pt-br\/wp-json\/wp\/v2\/pages"}],"about":[{"href":"https:\/\/www.airchecklab.com\/pt-br\/wp-json\/wp\/v2\/types\/page"}],"author":[{"embeddable":true,"href":"https:\/\/www.airchecklab.com\/pt-br\/wp-json\/wp\/v2\/users\/18"}],"replies":[{"embeddable":true,"href":"https:\/\/www.airchecklab.com\/pt-br\/wp-json\/wp\/v2\/comments?post=31336"}],"version-history":[{"count":2,"href":"https:\/\/www.airchecklab.com\/pt-br\/wp-json\/wp\/v2\/pages\/31336\/revisions"}],"predecessor-version":[{"id":31357,"href":"https:\/\/www.airchecklab.com\/pt-br\/wp-json\/wp\/v2\/pages\/31336\/revisions\/31357"}],"up":[{"embeddable":true,"href":"https:\/\/www.airchecklab.com\/pt-br\/wp-json\/wp\/v2\/pages\/31065"}],"wp:featuredmedia":[{"embeddable":true,"href":"https:\/\/www.airchecklab.com\/pt-br\/wp-json\/wp\/v2\/media\/30572"}],"wp:attachment":[{"href":"https:\/\/www.airchecklab.com\/pt-br\/wp-json\/wp\/v2\/media?parent=31336"}],"curies":[{"name":"wp","href":"https:\/\/api.w.org\/{rel}","templated":true}]}}