{"id":31395,"date":"2025-01-09T12:11:53","date_gmt":"2025-01-09T18:11:53","guid":{"rendered":"https:\/\/www.airchecklab.com\/kits-aircheck\/amostrador-de-impactacao-microbiana-kx00fr\/"},"modified":"2025-01-09T12:12:07","modified_gmt":"2025-01-09T18:12:07","slug":"amostrador-de-impactacao-microbiana-kx00fr","status":"publish","type":"page","link":"https:\/\/www.airchecklab.com\/pt-br\/kits-aircheck\/amostrador-de-impactacao-microbiana-kx00fr\/","title":{"rendered":"Amostrador de impacta\u00e7\u00e3o microbiana KX00FR"},"content":{"rendered":"<div class=\"fusion-fullwidth fullwidth-box fusion-builder-row-1 fusion-flex-container nonhundred-percent-fullwidth non-hundred-percent-height-scrolling\" style=\"--awb-border-radius-top-left:0px;--awb-border-radius-top-right:0px;--awb-border-radius-bottom-right:0px;--awb-border-radius-bottom-left:0px;--awb-padding-top:35px;\" ><div class=\"fusion-builder-row fusion-row fusion-flex-align-items-flex-start fusion-flex-justify-content-center\" style=\"max-width:1227.2px;margin-left: calc(-4% \/ 2 );margin-right: calc(-4% \/ 2 );\"><div class=\"fusion-layout-column fusion_builder_column fusion-builder-column-0 fusion_builder_column_1_2 1_2 fusion-flex-column\" style=\"--awb-bg-size:cover;--awb-width-large:50%;--awb-margin-top-large:0px;--awb-spacing-right-large:3.84%;--awb-margin-bottom-large:0px;--awb-spacing-left-large:3.84%;--awb-width-medium:100%;--awb-spacing-right-medium:1.92%;--awb-spacing-left-medium:1.92%;--awb-width-small:100%;--awb-spacing-right-small:1.92%;--awb-spacing-left-small:1.92%;\"><div class=\"fusion-column-wrapper fusion-flex-justify-content-flex-start fusion-content-layout-column\"><div class=\"fusion-image-element \" style=\"text-align:center;\"><span class=\" fusion-imageframe imageframe-none imageframe-1 hover-type-none\"><img decoding=\"async\" width=\"683\" height=\"1024\" title=\"Funnel Only Pinocchio\" src=\"https:\/\/www.airchecklab.com\/wp-content\/uploads\/2021\/12\/Funnel-Only-Pinocchio-scaled.jpg\" data-orig-src=\"https:\/\/www.airchecklab.com\/wp-content\/uploads\/2021\/12\/Funnel-Only-Pinocchio-683x1024.jpg\" alt class=\"lazyload img-responsive wp-image-30537\" srcset=\"data:image\/svg+xml,%3Csvg%20xmlns%3D%27http%3A%2F%2Fwww.w3.org%2F2000%2Fsvg%27%20width%3D%271708%27%20height%3D%272560%27%20viewBox%3D%270%200%201708%202560%27%3E%3Crect%20width%3D%271708%27%20height%3D%272560%27%20fill-opacity%3D%220%22%2F%3E%3C%2Fsvg%3E\" data-srcset=\"https:\/\/www.airchecklab.com\/wp-content\/uploads\/2021\/12\/Funnel-Only-Pinocchio-200x300.jpg 200w, https:\/\/www.airchecklab.com\/wp-content\/uploads\/2021\/12\/Funnel-Only-Pinocchio-400x599.jpg 400w, https:\/\/www.airchecklab.com\/wp-content\/uploads\/2021\/12\/Funnel-Only-Pinocchio-600x899.jpg 600w, https:\/\/www.airchecklab.com\/wp-content\/uploads\/2021\/12\/Funnel-Only-Pinocchio-800x1199.jpg 800w, https:\/\/www.airchecklab.com\/wp-content\/uploads\/2021\/12\/Funnel-Only-Pinocchio-1200x1798.jpg 1200w, https:\/\/www.airchecklab.com\/wp-content\/uploads\/2021\/12\/Funnel-Only-Pinocchio-scaled.jpg 1708w\" data-sizes=\"auto\" data-orig-sizes=\"(max-width: 1000px) 100vw, (max-width: 640px) 100vw, 600px\" \/><\/span><\/div>\n<\/div><\/div><div class=\"fusion-layout-column fusion_builder_column fusion-builder-column-1 fusion_builder_column_1_2 1_2 fusion-flex-column fusion-flex-align-self-flex-start\" style=\"--awb-bg-size:cover;--awb-width-large:50%;--awb-margin-top-large:-35px;--awb-spacing-right-large:3.84%;--awb-spacing-left-large:3.84%;--awb-width-medium:100%;--awb-order-medium:0;--awb-spacing-right-medium:1.92%;--awb-spacing-left-medium:1.92%;--awb-width-small:100%;--awb-order-small:0;--awb-spacing-right-small:1.92%;--awb-spacing-left-small:1.92%;\"><div class=\"fusion-column-wrapper fusion-column-has-shadow fusion-flex-justify-content-flex-start fusion-content-layout-column\"><div class=\"fusion-text fusion-text-1\"><h2>Amostrador microbiano Pinocchio Super I<\/h2>\n<\/div><div class=\"fusion-separator fusion-full-width-sep\" style=\"align-self: center;margin-left: auto;margin-right: auto;margin-bottom:15px;width:100%;\"><div class=\"fusion-separator-border sep-single\" style=\"border-color:#9ca1a6;border-top-width:1px;\"><\/div><\/div><div class=\"fusion-text fusion-text-2\"><p>O Pinocchio Super I est\u00e1 dispon\u00edvel para aluguel di\u00e1rio. Esse amostrador microbiano se conecta \u00e0 sa\u00edda de ar\/g\u00e1s comprimido (60 psi ou menos) com um tubo est\u00e9ril. Comumente usado para contagem total de placas aer\u00f3bicas. <a href=\"https:\/\/www.airchecklab.com\/services\/microbial-id\/\" target=\"_blank\" rel=\"noopener noreferrer\">Identifica\u00e7\u00e3o adicional<\/a> de unidades formadoras de col\u00f4nias dispon\u00edvel.  <\/p>\n<p>O amostrador de impacta\u00e7\u00e3o microbiana \u00e9 embalado de acordo com suas <a href=\"https:\/\/www.airbestpractices.com\/standards\/iso-and-cagi\/microbial-testing-and-compressed-air-standard-iso-8573-7\" target=\"_blank\" rel=\"noopener noreferrer\">necessidades<\/a> espec\u00edficas <a href=\"https:\/\/www.airbestpractices.com\/standards\/iso-and-cagi\/microbial-testing-and-compressed-air-standard-iso-8573-7\" target=\"_blank\" rel=\"noopener noreferrer\">de teste<\/a>. As an\u00e1lises s\u00e3o fornecidas por um laborat\u00f3rio credenciado por terceiros, especializado em an\u00e1lises microbianas.   <\/p>\n<\/div><div class=\"fusion-separator fusion-full-width-sep\" style=\"align-self: center;margin-left: auto;margin-right: auto;margin-bottom:15px;width:100%;\"><div class=\"fusion-separator-border sep-single\" style=\"border-color:#9ca1a6;border-top-width:1px;\"><\/div><\/div><div class=\"fusion-text fusion-text-3\"><p><b>Componentes padr\u00e3o:<\/b><\/p>\n<ul>\n<li><span style=\"color: var(--body_typography-color); font-family: var(--body_typography-font-family); font-size: var(--body_typography-font-size); font-style: var(--body_typography-font-style,normal); letter-spacing: var(--body_typography-letter-spacing);\">Pinocchio Super I<\/span><\/li>\n<li><span style=\"color: var(--body_typography-color); font-family: var(--body_typography-font-family); font-size: var(--body_typography-font-size); font-style: var(--body_typography-font-style,normal); letter-spacing: var(--body_typography-letter-spacing);\">Medidor de press\u00e3o da porta de amostragem<\/span><\/li>\n<li><span style=\"color: var(--body_typography-color); font-family: var(--body_typography-font-family); font-size: var(--body_typography-font-size); font-style: var(--body_typography-font-style,normal); letter-spacing: var(--body_typography-letter-spacing);\">Tubos est\u00e9reis<\/span><\/li>\n<li><span style=\"color: var(--body_typography-color); font-family: var(--body_typography-font-family); font-size: var(--body_typography-font-size); font-style: var(--body_typography-font-style,normal); letter-spacing: var(--body_typography-letter-spacing);\">Limpador<\/span><\/li>\n<li><span style=\"color: var(--body_typography-color); font-family: var(--body_typography-font-family); font-size: var(--body_typography-font-size); font-style: var(--body_typography-font-style,normal); letter-spacing: var(--body_typography-letter-spacing);\">Diversos. Pe\u00e7as sobressalentes <\/span><\/li>\n<li><span style=\"color: var(--body_typography-color); font-family: var(--body_typography-font-family); font-size: var(--body_typography-font-size); font-style: var(--body_typography-font-style,normal); letter-spacing: var(--body_typography-letter-spacing);\">Instru\u00e7\u00f5es de amostragem<\/span><\/li>\n<li><span style=\"color: var(--body_typography-color); font-family: var(--body_typography-font-family); font-size: var(--body_typography-font-size); font-style: var(--body_typography-font-style,normal); letter-spacing: var(--body_typography-letter-spacing);\">Estojo de transporte<\/span><\/li>\n<\/ul>\n<p><b>Consum\u00edveis:<\/b><\/p>\n<ul>\n<li><span style=\"color: var(--body_typography-color); font-family: var(--body_typography-font-family); font-size: var(--body_typography-font-size); font-style: var(--body_typography-font-style,normal); letter-spacing: var(--body_typography-letter-spacing);\">Tubos est\u00e9reis<\/span><\/li>\n<li><span style=\"color: var(--body_typography-color); font-family: var(--body_typography-font-family); font-size: var(--body_typography-font-size); font-style: var(--body_typography-font-style,normal); letter-spacing: var(--body_typography-letter-spacing);\">Limpador<\/span><\/li>\n<li><span style=\"color: var(--body_typography-color); font-family: var(--body_typography-font-family); font-size: var(--body_typography-font-size); font-style: var(--body_typography-font-style,normal); letter-spacing: var(--body_typography-letter-spacing);\">10 pacotes de placas TSA<\/span><\/li>\n<\/ul>\n<\/div><div ><a class=\"fusion-button button-flat fusion-button-default-size button-default fusion-button-default button-1 fusion-button-default-span fusion-button-default-type\" style=\"--button_margin-bottom:15px;width:calc(100%);\" target=\"_self\" href=\"https:\/\/www.airchecklab.com\/pt-br\/entre-em-contato-conosco\/\"><span class=\"fusion-button-text\">Solicite uma cota\u00e7\u00e3o<\/span><\/a><\/div><div class=\"fusion-text fusion-text-4\" style=\"--awb-line-height:1;\"><p><em>O Pinocchio Super I est\u00e1 dispon\u00edvel para compra ou aluguel &#8211; personalize facilmente o n\u00famero e a frequ\u00eancia das amostras e as especifica\u00e7\u00f5es de teste necess\u00e1rias por meio do nosso sistema de pedidos on-line.<\/em><\/p>\n<\/div><\/div><\/div><div class=\"fusion-layout-column fusion_builder_column fusion-builder-column-2 fusion_builder_column_1_1 1_1 fusion-flex-column\" style=\"--awb-bg-size:cover;--awb-width-large:100%;--awb-spacing-right-large:1.92%;--awb-spacing-left-large:1.92%;--awb-width-medium:100%;--awb-order-medium:0;--awb-spacing-right-medium:1.92%;--awb-spacing-left-medium:1.92%;--awb-width-small:100%;--awb-order-small:0;--awb-spacing-right-small:1.92%;--awb-spacing-left-small:1.92%;\"><div class=\"fusion-column-wrapper fusion-column-has-shadow fusion-flex-justify-content-flex-start fusion-content-layout-column\"><div class=\"fusion-separator fusion-full-width-sep\" style=\"align-self: center;margin-left: auto;margin-right: auto;margin-bottom:35px;width:100%;\"><div class=\"fusion-separator-border sep-single\" style=\"border-color:#9ca1a6;border-top-width:1px;\"><\/div><\/div><div class=\"fusion-text fusion-text-5\"><form action=\"https:\/\/www.airchecklab.com\/contact\/contact-us\/\" method=\"post\" name=\"K6088Form\">\n<p style=\"text-align: center;\">Voc\u00ea precisa coletar amostras, mas n\u00e3o quer comprar um kit? O Pinocchio Super I tamb\u00e9m est\u00e1 dispon\u00edvel para aluguel. <\/p>\n<\/form>\n<form action=\"https:\/\/www.airchecklab.com\/contact\/contact-us\/\" method=\"post\" name=\"K6088Form\">\n<p style=\"text-align: center;\"><i>Voc\u00ea precisa de mais m\u00eddia de amostragem? Use nossa p\u00e1gina de <a href=\"https:\/\/www.airchecklab.com\/resources\/restocks\/\">reabastecimento<\/a> f\u00e1cil para solicitar suprimentos rapidamente. <\/i><\/p>\n<\/form>\n<\/div><\/div><\/div><\/div><\/div>\n","protected":false},"excerpt":{"rendered":"","protected":false},"author":18,"featured_media":0,"parent":31065,"menu_order":0,"comment_status":"closed","ping_status":"closed","template":"","meta":{"content-type":""},"yoast_head":"<!-- This site is optimized with the Yoast SEO Premium plugin v20.0 (Yoast SEO v20.0) - https:\/\/yoast.com\/wordpress\/plugins\/seo\/ -->\n<title>Amostrador de impacta\u00e7\u00e3o microbiana KX00FR - Trace Analytics, the AirCheck Lab<\/title>\n<meta name=\"description\" content=\"O amostrador microbiano da Trace Analytics permite que voc\u00ea teste suas linhas de ar comprimido ou g\u00e1s em busca de microorganismos como bact\u00e9rias, leveduras e mofo.\" \/>\n<meta name=\"robots\" content=\"index, follow, max-snippet:-1, max-image-preview:large, max-video-preview:-1\" \/>\n<link rel=\"canonical\" href=\"https:\/\/www.airchecklab.com\/pt-br\/kits-aircheck\/amostrador-de-impactacao-microbiana-kx00fr\/\" \/>\n<meta property=\"og:locale\" content=\"pt_BR\" \/>\n<meta property=\"og:type\" content=\"article\" \/>\n<meta property=\"og:title\" content=\"Amostrador de impacta\u00e7\u00e3o microbiana KX00FR\" \/>\n<meta property=\"og:description\" content=\"O amostrador microbiano da Trace Analytics permite que voc\u00ea teste suas linhas de ar comprimido ou g\u00e1s em busca de microorganismos como bact\u00e9rias, leveduras e mofo.\" \/>\n<meta property=\"og:url\" content=\"https:\/\/www.airchecklab.com\/pt-br\/kits-aircheck\/amostrador-de-impactacao-microbiana-kx00fr\/\" \/>\n<meta property=\"og:site_name\" content=\"Trace Analytics, the AirCheck Lab\" \/>\n<meta property=\"article:modified_time\" content=\"2025-01-09T18:12:07+00:00\" \/>\n<meta name=\"twitter:card\" content=\"summary_large_image\" \/>\n<meta name=\"twitter:label1\" content=\"Est. tempo de leitura\" \/>\n\t<meta name=\"twitter:data1\" content=\"5 minutos\" \/>\n<script type=\"application\/ld+json\" class=\"yoast-schema-graph\">{\"@context\":\"https:\/\/schema.org\",\"@graph\":[{\"@type\":\"WebPage\",\"@id\":\"https:\/\/www.airchecklab.com\/pt-br\/kits-aircheck\/amostrador-de-impactacao-microbiana-kx00fr\/\",\"url\":\"https:\/\/www.airchecklab.com\/pt-br\/kits-aircheck\/amostrador-de-impactacao-microbiana-kx00fr\/\",\"name\":\"Amostrador de impacta\u00e7\u00e3o microbiana KX00FR - Trace Analytics, the AirCheck Lab\",\"isPartOf\":{\"@id\":\"\/#website\"},\"datePublished\":\"2025-01-09T18:11:53+00:00\",\"dateModified\":\"2025-01-09T18:12:07+00:00\",\"description\":\"O amostrador microbiano da Trace Analytics permite que voc\u00ea teste suas linhas de ar comprimido ou g\u00e1s em busca de microorganismos como bact\u00e9rias, leveduras e mofo.\",\"breadcrumb\":{\"@id\":\"https:\/\/www.airchecklab.com\/pt-br\/kits-aircheck\/amostrador-de-impactacao-microbiana-kx00fr\/#breadcrumb\"},\"inLanguage\":\"pt-BR\",\"potentialAction\":[{\"@type\":\"ReadAction\",\"target\":[\"https:\/\/www.airchecklab.com\/pt-br\/kits-aircheck\/amostrador-de-impactacao-microbiana-kx00fr\/\"]}]},{\"@type\":\"BreadcrumbList\",\"@id\":\"https:\/\/www.airchecklab.com\/pt-br\/kits-aircheck\/amostrador-de-impactacao-microbiana-kx00fr\/#breadcrumb\",\"itemListElement\":[{\"@type\":\"ListItem\",\"position\":1,\"name\":\"Home\",\"item\":\"https:\/\/www.airchecklab.com\/pt-br\/teste-de-ar-comprimido-trace-analytics\/\"},{\"@type\":\"ListItem\",\"position\":2,\"name\":\"Kits AirCheck\",\"item\":\"https:\/\/www.airchecklab.com\/pt-br\/kits-aircheck\/\"},{\"@type\":\"ListItem\",\"position\":3,\"name\":\"Amostrador de impacta\u00e7\u00e3o microbiana KX00FR\"}]},{\"@type\":\"WebSite\",\"@id\":\"\/#website\",\"url\":\"\/\",\"name\":\"Trace Analytics, the AirCheck Lab\",\"description\":\"Compressed Air Testing for ISO 8573, Microbial, SQF, Breathing Air\",\"publisher\":{\"@id\":\"\/#organization\"},\"potentialAction\":[{\"@type\":\"SearchAction\",\"target\":{\"@type\":\"EntryPoint\",\"urlTemplate\":\"\/?s={search_term_string}\"},\"query-input\":\"required name=search_term_string\"}],\"inLanguage\":\"pt-BR\"},{\"@type\":\"Organization\",\"@id\":\"\/#organization\",\"name\":\"Trace Analytics, LLC\",\"url\":\"\/\",\"logo\":{\"@type\":\"ImageObject\",\"inLanguage\":\"pt-BR\",\"@id\":\"\/#\/schema\/logo\/image\/\",\"url\":\"https:\/\/www.airchecklab.com\/wp-content\/uploads\/2018\/01\/logo-blue-with-white.png\",\"contentUrl\":\"https:\/\/www.airchecklab.com\/wp-content\/uploads\/2018\/01\/logo-blue-with-white.png\",\"width\":1600,\"height\":301,\"caption\":\"Trace Analytics, LLC\"},\"image\":{\"@id\":\"\/#\/schema\/logo\/image\/\"}}]}<\/script>\n<!-- \/ Yoast SEO Premium plugin. -->","yoast_head_json":{"title":"Amostrador de impacta\u00e7\u00e3o microbiana KX00FR - Trace Analytics, the AirCheck Lab","description":"O amostrador microbiano da Trace Analytics permite que voc\u00ea teste suas linhas de ar comprimido ou g\u00e1s em busca de microorganismos como bact\u00e9rias, leveduras e mofo.","robots":{"index":"index","follow":"follow","max-snippet":"max-snippet:-1","max-image-preview":"max-image-preview:large","max-video-preview":"max-video-preview:-1"},"canonical":"https:\/\/www.airchecklab.com\/pt-br\/kits-aircheck\/amostrador-de-impactacao-microbiana-kx00fr\/","og_locale":"pt_BR","og_type":"article","og_title":"Amostrador de impacta\u00e7\u00e3o microbiana KX00FR","og_description":"O amostrador microbiano da Trace Analytics permite que voc\u00ea teste suas linhas de ar comprimido ou g\u00e1s em busca de microorganismos como bact\u00e9rias, leveduras e mofo.","og_url":"https:\/\/www.airchecklab.com\/pt-br\/kits-aircheck\/amostrador-de-impactacao-microbiana-kx00fr\/","og_site_name":"Trace Analytics, the AirCheck Lab","article_modified_time":"2025-01-09T18:12:07+00:00","twitter_card":"summary_large_image","twitter_misc":{"Est. tempo de leitura":"5 minutos"},"schema":{"@context":"https:\/\/schema.org","@graph":[{"@type":"WebPage","@id":"https:\/\/www.airchecklab.com\/pt-br\/kits-aircheck\/amostrador-de-impactacao-microbiana-kx00fr\/","url":"https:\/\/www.airchecklab.com\/pt-br\/kits-aircheck\/amostrador-de-impactacao-microbiana-kx00fr\/","name":"Amostrador de impacta\u00e7\u00e3o microbiana KX00FR - Trace Analytics, the AirCheck Lab","isPartOf":{"@id":"\/#website"},"datePublished":"2025-01-09T18:11:53+00:00","dateModified":"2025-01-09T18:12:07+00:00","description":"O amostrador microbiano da Trace Analytics permite que voc\u00ea teste suas linhas de ar comprimido ou g\u00e1s em busca de microorganismos como bact\u00e9rias, leveduras e mofo.","breadcrumb":{"@id":"https:\/\/www.airchecklab.com\/pt-br\/kits-aircheck\/amostrador-de-impactacao-microbiana-kx00fr\/#breadcrumb"},"inLanguage":"pt-BR","potentialAction":[{"@type":"ReadAction","target":["https:\/\/www.airchecklab.com\/pt-br\/kits-aircheck\/amostrador-de-impactacao-microbiana-kx00fr\/"]}]},{"@type":"BreadcrumbList","@id":"https:\/\/www.airchecklab.com\/pt-br\/kits-aircheck\/amostrador-de-impactacao-microbiana-kx00fr\/#breadcrumb","itemListElement":[{"@type":"ListItem","position":1,"name":"Home","item":"https:\/\/www.airchecklab.com\/pt-br\/teste-de-ar-comprimido-trace-analytics\/"},{"@type":"ListItem","position":2,"name":"Kits AirCheck","item":"https:\/\/www.airchecklab.com\/pt-br\/kits-aircheck\/"},{"@type":"ListItem","position":3,"name":"Amostrador de impacta\u00e7\u00e3o microbiana KX00FR"}]},{"@type":"WebSite","@id":"\/#website","url":"\/","name":"Trace Analytics, the AirCheck Lab","description":"Compressed Air Testing for ISO 8573, Microbial, SQF, Breathing Air","publisher":{"@id":"\/#organization"},"potentialAction":[{"@type":"SearchAction","target":{"@type":"EntryPoint","urlTemplate":"\/?s={search_term_string}"},"query-input":"required name=search_term_string"}],"inLanguage":"pt-BR"},{"@type":"Organization","@id":"\/#organization","name":"Trace Analytics, LLC","url":"\/","logo":{"@type":"ImageObject","inLanguage":"pt-BR","@id":"\/#\/schema\/logo\/image\/","url":"https:\/\/www.airchecklab.com\/wp-content\/uploads\/2018\/01\/logo-blue-with-white.png","contentUrl":"https:\/\/www.airchecklab.com\/wp-content\/uploads\/2018\/01\/logo-blue-with-white.png","width":1600,"height":301,"caption":"Trace Analytics, LLC"},"image":{"@id":"\/#\/schema\/logo\/image\/"}}]}},"_links":{"self":[{"href":"https:\/\/www.airchecklab.com\/pt-br\/wp-json\/wp\/v2\/pages\/31395"}],"collection":[{"href":"https:\/\/www.airchecklab.com\/pt-br\/wp-json\/wp\/v2\/pages"}],"about":[{"href":"https:\/\/www.airchecklab.com\/pt-br\/wp-json\/wp\/v2\/types\/page"}],"author":[{"embeddable":true,"href":"https:\/\/www.airchecklab.com\/pt-br\/wp-json\/wp\/v2\/users\/18"}],"replies":[{"embeddable":true,"href":"https:\/\/www.airchecklab.com\/pt-br\/wp-json\/wp\/v2\/comments?post=31395"}],"version-history":[{"count":3,"href":"https:\/\/www.airchecklab.com\/pt-br\/wp-json\/wp\/v2\/pages\/31395\/revisions"}],"predecessor-version":[{"id":31468,"href":"https:\/\/www.airchecklab.com\/pt-br\/wp-json\/wp\/v2\/pages\/31395\/revisions\/31468"}],"up":[{"embeddable":true,"href":"https:\/\/www.airchecklab.com\/pt-br\/wp-json\/wp\/v2\/pages\/31065"}],"wp:attachment":[{"href":"https:\/\/www.airchecklab.com\/pt-br\/wp-json\/wp\/v2\/media?parent=31395"}],"curies":[{"name":"wp","href":"https:\/\/api.w.org\/{rel}","templated":true}]}}