{"id":31430,"date":"2025-01-09T12:11:59","date_gmt":"2025-01-09T18:11:59","guid":{"rendered":"https:\/\/www.airchecklab.com\/politica-de-privacidade\/"},"modified":"2025-01-09T12:11:59","modified_gmt":"2025-01-09T18:11:59","slug":"politica-de-privacidade","status":"publish","type":"page","link":"https:\/\/www.airchecklab.com\/pt-br\/politica-de-privacidade\/","title":{"rendered":"Pol\u00edtica de privacidade"},"content":{"rendered":"<h1>Privacidade<\/h1>\n<div class=\"padl15NOT\">\n<h3>Quais informa\u00e7\u00f5es coletamos?<\/h3>\n<div class=\"padl15\">\n<p>Coletamos informa\u00e7\u00f5es suas quando voc\u00ea se registra em nosso site, faz um pedido, assina nosso boletim informativo, participa de uma de nossas apresenta\u00e7\u00f5es educacionais (webinar, confer\u00eancia, treinamento ou webcast), participa de sorteios, responde a uma pesquisa, atualiza informa\u00e7\u00f5es da conta ou preenche um formul\u00e1rio. As informa\u00e7\u00f5es do site s\u00e3o coletadas por meio de cookies. Ao fazer um pedido, configurar sua conta ou enviar um formul\u00e1rio em nosso site, conforme apropriado, voc\u00ea poder\u00e1 ser solicitado a digitar seu: nome, endere\u00e7o de e-mail, endere\u00e7o, cargo, nome da empresa, n\u00famero de telefone, informa\u00e7\u00f5es de cart\u00e3o de cr\u00e9dito, n\u00famero de confirma\u00e7\u00e3o da Web, n\u00famero de conta de organiza\u00e7\u00e3o terceirizada\/c\u00f3digo de desconto ou informa\u00e7\u00f5es da transportadora. Voc\u00ea pode, no entanto, visitar nosso site anonimamente. <\/p>\n<\/div>\n<h3>Para que usamos suas informa\u00e7\u00f5es?<\/h3>\n<div class=\"padl15\">\n<p>Qualquer uma das informa\u00e7\u00f5es que coletamos de voc\u00ea pode ser usada de uma das seguintes maneiras:<\/p>\n<ul class=\"square\">\n<li>Para personalizar sua experi\u00eancia &#8211; suas informa\u00e7\u00f5es nos ajudam a responder melhor \u00e0s suas necessidades individuais e a personalizar melhor suas visitas repetidas ao nosso site<\/li>\n<li>Para aprimorar nosso site &#8211; n\u00f3s nos esfor\u00e7amos continuamente para melhorar as ofertas do nosso site com base nas informa\u00e7\u00f5es e no feedback que recebemos de voc\u00ea<\/li>\n<li>Para melhorar o atendimento ao cliente &#8211; suas informa\u00e7\u00f5es atualizadas nos ajudam a responder de forma mais eficaz \u00e0s suas solicita\u00e7\u00f5es de atendimento ao cliente, oferecer notifica\u00e7\u00f5es para garantir que voc\u00ea esteja cumprindo os regulamentos ou o plano de manuten\u00e7\u00e3o estabelecido e as necessidades de suporte<\/li>\n<li>Para processar transa\u00e7\u00f5es &#8211; se n\u00e3o tivermos todas as informa\u00e7\u00f5es pessoais necess\u00e1rias (nome(s), e-mail(s), endere\u00e7o(s), n\u00famero(s) de telefone ou informa\u00e7\u00f5es de pagamento e envio) para processar um pedido ou celebrar um contrato, n\u00e3o poderemos atender ao seu pedido ou solicita\u00e7\u00e3o de contrato. Suas informa\u00e7\u00f5es, sejam elas p\u00fablicas ou privadas, n\u00e3o ser\u00e3o vendidas, trocadas, transferidas ou fornecidas a qualquer outra empresa, por qualquer motivo, sem o seu consentimento, a n\u00e3o ser com o prop\u00f3sito expresso de entregar o produto ou servi\u00e7o adquirido solicitado <\/li>\n<li>Para enviar e-mails peri\u00f3dicos &#8211; O endere\u00e7o de e-mail que voc\u00ea fornecer para o processamento do pedido poder\u00e1 ser usado para enviar informa\u00e7\u00f5es e atualiza\u00e7\u00f5es relativas ao seu pedido, pol\u00edtica ou atualiza\u00e7\u00f5es da empresa que possam afetar seu contrato atual ou futuro, ou informa\u00e7\u00f5es sobre monitoramento de ar comprimido<\/li>\n<li>Para confirmar seu status com uma organiza\u00e7\u00e3o ou parceiro &#8211; Em alguns casos, para conceder descontos adicionais ao seu pedido, talvez precisemos confirmar sua posi\u00e7\u00e3o com uma organiza\u00e7\u00e3o usando suas informa\u00e7\u00f5es, c\u00f3digo de desconto ou n\u00famero de conta com um terceiro que voc\u00ea alega ser membro ou indicado. N\u00e3o compartilharemos suas informa\u00e7\u00f5es pessoais fora das organiza\u00e7\u00f5es que voc\u00ea designar sem o seu consentimento. Voc\u00ea tem o direito de se opor a esse processamento de suas informa\u00e7\u00f5es a qualquer momento. Se voc\u00ea se opuser, isso poder\u00e1 afetar o desconto aplicado \u00e0 sua compra. Para se opor ou obter as informa\u00e7\u00f5es processadas, entre em contato conosco: marketingteam@www.airchecklab.com ou 1.800.247.1024    <\/li>\n<\/ul>\n<\/div>\n<h3>Marketing<\/h3>\n<div class=\"padl15\">\n<p>Gostar\u00edamos de manter voc\u00ea informado e atualizado. Com o seu consentimento, gostar\u00edamos de lhe enviar not\u00edcias ocasionais da empresa, atualiza\u00e7\u00f5es ou informa\u00e7\u00f5es relacionadas a produtos ou servi\u00e7os nossos e de outras empresas ou organiza\u00e7\u00f5es de servi\u00e7os de manuten\u00e7\u00e3o que possam ser de seu interesse. Se, a qualquer momento, voc\u00ea quiser cancelar o recebimento de futuros e-mails, inclu\u00edmos instru\u00e7\u00f5es detalhadas de cancelamento de assinatura na parte inferior de cada e-mail. Os dados pessoais que processamos para qualquer finalidade ou finalidades n\u00e3o devem ser mantidos por mais tempo do que o necess\u00e1rio para essa finalidade ou essas finalidades. Voc\u00ea tem o direito de, a qualquer momento, impedir que entremos em contato com voc\u00ea para fins de marketing ou que forne\u00e7amos suas informa\u00e7\u00f5es a uma organiza\u00e7\u00e3o parceira terceirizada. Isso n\u00e3o afetar\u00e1 seu pedido, contrato ou notifica\u00e7\u00f5es sobre sua conta ou atualiza\u00e7\u00f5es da empresa que possam afetar voc\u00ea. Para cancelar o contato, entre em contato conosco: marketingteam@www.airchecklab.com ou 1.800.247.1024.  <\/p>\n<\/div>\n<h3>Acesso \u00e0s suas informa\u00e7\u00f5es pessoais e corre\u00e7\u00e3o<\/h3>\n<div class=\"padl15\">\n<p>Queremos garantir que suas informa\u00e7\u00f5es pessoais estejam atualizadas e precisas. Voc\u00ea pode nos pedir para atualizar essas informa\u00e7\u00f5es a qualquer momento ou responder a um de nossos e-mails anuais solicitando atualiza\u00e7\u00f5es das informa\u00e7\u00f5es da conta. Voc\u00ea tem o direito de solicitar uma c\u00f3pia das informa\u00e7\u00f5es que mantemos sobre voc\u00ea. Poderemos cobrar uma pequena taxa por esse servi\u00e7o. Para obter mais informa\u00e7\u00f5es sobre como seus dados pessoais s\u00e3o usados, como mantemos e protegemos seus dados pessoais e seus direitos de acesso \u00e0s informa\u00e7\u00f5es que mantemos, entre em contato conosco: nikki@www.airchecklab.com ou 1.800.247.1024 ramal 299. <\/p>\n<\/div>\n<h3>Como protegemos suas informa\u00e7\u00f5es?<\/h3>\n<div class=\"padl15\">\n<p>Implementamos uma s\u00e9rie de medidas de seguran\u00e7a para manter a seguran\u00e7a de suas informa\u00e7\u00f5es pessoais quando voc\u00ea faz um pedido ou insere, envia ou acessa suas informa\u00e7\u00f5es pessoais. Oferecemos o uso de um servidor seguro. Todas as informa\u00e7\u00f5es confidenciais\/de cr\u00e9dito fornecidas s\u00e3o transmitidas por meio da tecnologia Secure Socket Layer (SSL) e, em seguida, criptografadas no banco de dados do nosso provedor de gateway de pagamento para serem acessadas somente por pessoas autorizadas com direitos especiais de acesso a esses sistemas e que s\u00e3o obrigadas a manter as informa\u00e7\u00f5es confidenciais. Os dados pessoais que processamos para qualquer finalidade ou finalidades n\u00e3o devem ser mantidos por mais tempo do que o necess\u00e1rio para essa finalidade ou essas finalidades. Ap\u00f3s uma transa\u00e7\u00e3o, suas informa\u00e7\u00f5es privadas s\u00e3o armazenadas at\u00e9 que sua conta seja encerrada para acomodar pedidos recorrentes. Os dados de contas encerradas s\u00e3o revisados periodicamente e exclu\u00eddos mediante solicita\u00e7\u00e3o ou revis\u00e3o para permitir que clientes anteriores tenham acesso a relat\u00f3rios arquivados e informa\u00e7\u00f5es de contas. Se voc\u00ea tiver alguma d\u00favida ou reclama\u00e7\u00e3o, entre em contato com nosso Diretor de Prote\u00e7\u00e3o de Dados (DPO): Nikki Smith &#8211; nikki@www.airchecklab.com ou 1.800.247.1024 ramal 277. Voc\u00ea tem o direito de apresentar uma reclama\u00e7\u00e3o a uma autoridade de supervis\u00e3o.<\/p>\n<\/div>\n<h3>Usamos cookies?<\/h3>\n<div class=\"padl15\">\n<p>Sim. Cookies s\u00e3o pequenos arquivos que um site ou seu provedor de servi\u00e7os transfere para o disco r\u00edgido do seu computador por meio do navegador da Web (se voc\u00ea permitir), o que permite que os sistemas do site ou do provedor de servi\u00e7os reconhe\u00e7am seu navegador e capturem e lembrem determinadas informa\u00e7\u00f5es. Usamos cookies para nos ajudar a lembrar e processar os itens do seu carrinho de compras. Essas informa\u00e7\u00f5es tamb\u00e9m s\u00e3o usadas para rastrear o uso do site pelos visitantes e compilar relat\u00f3rios estat\u00edsticos sobre a atividade do site. Se preferir, voc\u00ea pode optar por fazer com que seu computador o avise sempre que um cookie for enviado ou pode optar por desativar todos os cookies por meio das configura\u00e7\u00f5es do navegador. Como na maioria dos sites, se voc\u00ea desativar os cookies, alguns de nossos servi\u00e7os poder\u00e3o n\u00e3o funcionar corretamente. Entretanto, voc\u00ea ainda poder\u00e1 fazer pedidos por telefone ou entrando em contato com o atendimento ao cliente. <\/p>\n<\/div>\n<h3>N\u00f3s divulgamos alguma informa\u00e7\u00e3o para terceiros?<\/h3>\n<div class=\"padl15\">\n<p>N\u00e3o vendemos, trocamos ou transferimos de outra forma para terceiros suas informa\u00e7\u00f5es de identifica\u00e7\u00e3o pessoal. Isso n\u00e3o inclui terceiros de confian\u00e7a que nos auxiliam na opera\u00e7\u00e3o de nosso site, na condu\u00e7\u00e3o de nossos neg\u00f3cios ou na presta\u00e7\u00e3o de servi\u00e7os a voc\u00ea, desde que essas partes concordem em manter essas informa\u00e7\u00f5es confidenciais. Tamb\u00e9m podemos divulgar suas informa\u00e7\u00f5es quando acreditarmos que a divulga\u00e7\u00e3o \u00e9 apropriada para cumprir a lei, aplicar as pol\u00edticas do nosso site ou proteger nossos direitos, a propriedade ou a seguran\u00e7a de terceiros.  <\/p>\n<\/div>\n<h3>Conformidade com a Lei de Prote\u00e7\u00e3o \u00e0 Privacidade On-line da Calif\u00f3rnia<\/h3>\n<div class=\"padl15\">\n<p>Como valorizamos sua privacidade, tomamos as precau\u00e7\u00f5es necess\u00e1rias para estar em conformidade com a Lei de Prote\u00e7\u00e3o \u00e0 Privacidade On-line da Calif\u00f3rnia. Portanto, n\u00e3o distribuiremos suas informa\u00e7\u00f5es pessoais a terceiros sem o seu consentimento. <\/p>\n<\/div>\n<h3>Conformidade com a Lei de Prote\u00e7\u00e3o \u00e0 Privacidade Online das Crian\u00e7as<\/h3>\n<div class=\"padl15\">\n<p>Estamos em conformidade com as exig\u00eancias da COPPA (Children&#8217;s Online Privacy Protection Act) e n\u00e3o coletamos informa\u00e7\u00f5es de menores de 13 anos de idade. Nosso site, produtos e servi\u00e7os s\u00e3o todos direcionados a pessoas com pelo menos 13 anos de idade ou mais. <\/p>\n<\/div>\n<h3>Seu consentimento<\/h3>\n<div class=\"padl15\">\n<p>Ao usar nosso site, voc\u00ea concorda com nossa pol\u00edtica de privacidade.<\/p>\n<\/div>\n<h3>Outros sites<\/h3>\n<div class=\"padl15\">\n<p>Nosso site tem links para outros sites. Esta pol\u00edtica de privacidade se aplica somente a este site. <\/p>\n<\/div>\n<h3>Altera\u00e7\u00f5es em nossa Pol\u00edtica de Privacidade<\/h3>\n<div class=\"padl15\">\n<p>Quando atualizarmos esta pol\u00edtica de privacidade, publicaremos essas altera\u00e7\u00f5es nesta p\u00e1gina e atualizaremos a data de modifica\u00e7\u00e3o da Pol\u00edtica de Privacidade abaixo.<\/p>\n<p>Esta pol\u00edtica foi modificada pela \u00faltima vez em 3 de julho de 2018<\/p>\n<\/div>\n<h3>Como entrar em contato conosco<\/h3>\n<div class=\"padl15\">\n<p>Se tiver alguma d\u00favida sobre esta pol\u00edtica de privacidade, voc\u00ea pode entrar em contato conosco usando as informa\u00e7\u00f5es abaixo.<\/p>\n<ul>\n<li>Trace Analytics, LLC<\/li>\n<li>15768 Hamilton Pool Rd<\/li>\n<li>Austin, Texas 78738<\/li>\n<li>Estados Unidos da Am\u00e9rica<\/li>\n<li>https:\/\/www.airchecklab.com<\/li>\n<li>512-263-0000<\/li>\n<\/ul>\n<\/div>\n<\/div>\n","protected":false},"excerpt":{"rendered":"<p>Privacidade Quais informa\u00e7\u00f5es coletamos? Coletamos informa\u00e7\u00f5es suas quando voc\u00ea se registra em nosso site, faz um pedido, assina nosso boletim informativo, participa de uma de nossas apresenta\u00e7\u00f5es educacionais (webinar, confer\u00eancia, treinamento ou webcast), participa de sorteios, responde a uma pesquisa, atualiza informa\u00e7\u00f5es da conta ou preenche um formul\u00e1rio. As informa\u00e7\u00f5es do site s\u00e3o coletadas por meio de cookies. Ao fazer um pedido, configurar sua conta ou enviar um formul\u00e1rio em nosso site, conforme apropriado, voc\u00ea poder\u00e1 ser solicitado a digitar seu: nome, endere\u00e7o de e-mail, endere\u00e7o, cargo, nome da empresa, n\u00famero de telefone, informa\u00e7\u00f5es de cart\u00e3o de cr\u00e9dito, n\u00famero de confirma\u00e7\u00e3o da Web, n\u00famero de conta de organiza\u00e7\u00e3o terceirizada\/c\u00f3digo de desconto ou informa\u00e7\u00f5es da transportadora. Voc\u00ea pode, no entanto, visitar nosso site anonimamente. Para que usamos suas informa\u00e7\u00f5es? Qualquer uma das informa\u00e7\u00f5es que coletamos de voc\u00ea pode ser usada de uma das seguintes maneiras: Para personalizar sua experi\u00eancia &#8211; suas informa\u00e7\u00f5es nos ajudam a responder melhor \u00e0s suas necessidades individuais e a personalizar melhor suas visitas repetidas ao nosso site Para aprimorar nosso site &#8211; n\u00f3s nos esfor\u00e7amos continuamente para [&hellip;]<\/p>\n","protected":false},"author":18,"featured_media":0,"parent":0,"menu_order":0,"comment_status":"closed","ping_status":"closed","template":"","meta":{"content-type":""},"yoast_head":"<!-- This site is optimized with the Yoast SEO Premium plugin v20.0 (Yoast SEO v20.0) - https:\/\/yoast.com\/wordpress\/plugins\/seo\/ -->\n<title>Pol\u00edtica de privacidade - Trace Analytics, the AirCheck Lab<\/title>\n<meta name=\"robots\" content=\"index, follow, max-snippet:-1, max-image-preview:large, max-video-preview:-1\" \/>\n<link rel=\"canonical\" href=\"https:\/\/www.airchecklab.com\/pt-br\/politica-de-privacidade\/\" \/>\n<meta property=\"og:locale\" content=\"pt_BR\" \/>\n<meta property=\"og:type\" content=\"article\" \/>\n<meta property=\"og:title\" content=\"Pol\u00edtica de privacidade\" \/>\n<meta property=\"og:description\" content=\"Privacidade Quais informa\u00e7\u00f5es coletamos? Coletamos informa\u00e7\u00f5es suas quando voc\u00ea se registra em nosso site, faz um pedido, assina nosso boletim informativo, participa de uma de nossas apresenta\u00e7\u00f5es educacionais (webinar, confer\u00eancia, treinamento ou webcast), participa de sorteios, responde a uma pesquisa, atualiza informa\u00e7\u00f5es da conta ou preenche um formul\u00e1rio. As informa\u00e7\u00f5es do site s\u00e3o coletadas por meio de cookies. Ao fazer um pedido, configurar sua conta ou enviar um formul\u00e1rio em nosso site, conforme apropriado, voc\u00ea poder\u00e1 ser solicitado a digitar seu: nome, endere\u00e7o de e-mail, endere\u00e7o, cargo, nome da empresa, n\u00famero de telefone, informa\u00e7\u00f5es de cart\u00e3o de cr\u00e9dito, n\u00famero de confirma\u00e7\u00e3o da Web, n\u00famero de conta de organiza\u00e7\u00e3o terceirizada\/c\u00f3digo de desconto ou informa\u00e7\u00f5es da transportadora. Voc\u00ea pode, no entanto, visitar nosso site anonimamente. Para que usamos suas informa\u00e7\u00f5es? Qualquer uma das informa\u00e7\u00f5es que coletamos de voc\u00ea pode ser usada de uma das seguintes maneiras: Para personalizar sua experi\u00eancia &#8211; suas informa\u00e7\u00f5es nos ajudam a responder melhor \u00e0s suas necessidades individuais e a personalizar melhor suas visitas repetidas ao nosso site Para aprimorar nosso site &#8211; n\u00f3s nos esfor\u00e7amos continuamente para [&hellip;]\" \/>\n<meta property=\"og:url\" content=\"https:\/\/www.airchecklab.com\/pt-br\/politica-de-privacidade\/\" \/>\n<meta property=\"og:site_name\" content=\"Trace Analytics, the AirCheck Lab\" \/>\n<meta name=\"twitter:card\" content=\"summary_large_image\" \/>\n<meta name=\"twitter:label1\" content=\"Est. tempo de leitura\" \/>\n\t<meta name=\"twitter:data1\" content=\"8 minutos\" \/>\n<script type=\"application\/ld+json\" class=\"yoast-schema-graph\">{\"@context\":\"https:\/\/schema.org\",\"@graph\":[{\"@type\":\"WebPage\",\"@id\":\"https:\/\/www.airchecklab.com\/pt-br\/politica-de-privacidade\/\",\"url\":\"https:\/\/www.airchecklab.com\/pt-br\/politica-de-privacidade\/\",\"name\":\"Pol\u00edtica de privacidade - Trace Analytics, the AirCheck Lab\",\"isPartOf\":{\"@id\":\"\/#website\"},\"datePublished\":\"2025-01-09T18:11:59+00:00\",\"dateModified\":\"2025-01-09T18:11:59+00:00\",\"breadcrumb\":{\"@id\":\"https:\/\/www.airchecklab.com\/pt-br\/politica-de-privacidade\/#breadcrumb\"},\"inLanguage\":\"pt-BR\",\"potentialAction\":[{\"@type\":\"ReadAction\",\"target\":[\"https:\/\/www.airchecklab.com\/pt-br\/politica-de-privacidade\/\"]}]},{\"@type\":\"BreadcrumbList\",\"@id\":\"https:\/\/www.airchecklab.com\/pt-br\/politica-de-privacidade\/#breadcrumb\",\"itemListElement\":[{\"@type\":\"ListItem\",\"position\":1,\"name\":\"Home\",\"item\":\"https:\/\/www.airchecklab.com\/pt-br\/teste-de-ar-comprimido-trace-analytics\/\"},{\"@type\":\"ListItem\",\"position\":2,\"name\":\"Pol\u00edtica de privacidade\"}]},{\"@type\":\"WebSite\",\"@id\":\"\/#website\",\"url\":\"\/\",\"name\":\"Trace Analytics, the AirCheck Lab\",\"description\":\"Compressed Air Testing for ISO 8573, Microbial, SQF, Breathing Air\",\"publisher\":{\"@id\":\"\/#organization\"},\"potentialAction\":[{\"@type\":\"SearchAction\",\"target\":{\"@type\":\"EntryPoint\",\"urlTemplate\":\"\/?s={search_term_string}\"},\"query-input\":\"required name=search_term_string\"}],\"inLanguage\":\"pt-BR\"},{\"@type\":\"Organization\",\"@id\":\"\/#organization\",\"name\":\"Trace Analytics, LLC\",\"url\":\"\/\",\"logo\":{\"@type\":\"ImageObject\",\"inLanguage\":\"pt-BR\",\"@id\":\"\/#\/schema\/logo\/image\/\",\"url\":\"https:\/\/www.airchecklab.com\/wp-content\/uploads\/2018\/01\/logo-blue-with-white.png\",\"contentUrl\":\"https:\/\/www.airchecklab.com\/wp-content\/uploads\/2018\/01\/logo-blue-with-white.png\",\"width\":1600,\"height\":301,\"caption\":\"Trace Analytics, LLC\"},\"image\":{\"@id\":\"\/#\/schema\/logo\/image\/\"}}]}<\/script>\n<!-- \/ Yoast SEO Premium plugin. -->","yoast_head_json":{"title":"Pol\u00edtica de privacidade - Trace Analytics, the AirCheck Lab","robots":{"index":"index","follow":"follow","max-snippet":"max-snippet:-1","max-image-preview":"max-image-preview:large","max-video-preview":"max-video-preview:-1"},"canonical":"https:\/\/www.airchecklab.com\/pt-br\/politica-de-privacidade\/","og_locale":"pt_BR","og_type":"article","og_title":"Pol\u00edtica de privacidade","og_description":"Privacidade Quais informa\u00e7\u00f5es coletamos? Coletamos informa\u00e7\u00f5es suas quando voc\u00ea se registra em nosso site, faz um pedido, assina nosso boletim informativo, participa de uma de nossas apresenta\u00e7\u00f5es educacionais (webinar, confer\u00eancia, treinamento ou webcast), participa de sorteios, responde a uma pesquisa, atualiza informa\u00e7\u00f5es da conta ou preenche um formul\u00e1rio. As informa\u00e7\u00f5es do site s\u00e3o coletadas por meio de cookies. Ao fazer um pedido, configurar sua conta ou enviar um formul\u00e1rio em nosso site, conforme apropriado, voc\u00ea poder\u00e1 ser solicitado a digitar seu: nome, endere\u00e7o de e-mail, endere\u00e7o, cargo, nome da empresa, n\u00famero de telefone, informa\u00e7\u00f5es de cart\u00e3o de cr\u00e9dito, n\u00famero de confirma\u00e7\u00e3o da Web, n\u00famero de conta de organiza\u00e7\u00e3o terceirizada\/c\u00f3digo de desconto ou informa\u00e7\u00f5es da transportadora. Voc\u00ea pode, no entanto, visitar nosso site anonimamente. Para que usamos suas informa\u00e7\u00f5es? Qualquer uma das informa\u00e7\u00f5es que coletamos de voc\u00ea pode ser usada de uma das seguintes maneiras: Para personalizar sua experi\u00eancia &#8211; suas informa\u00e7\u00f5es nos ajudam a responder melhor \u00e0s suas necessidades individuais e a personalizar melhor suas visitas repetidas ao nosso site Para aprimorar nosso site &#8211; n\u00f3s nos esfor\u00e7amos continuamente para [&hellip;]","og_url":"https:\/\/www.airchecklab.com\/pt-br\/politica-de-privacidade\/","og_site_name":"Trace Analytics, the AirCheck Lab","twitter_card":"summary_large_image","twitter_misc":{"Est. tempo de leitura":"8 minutos"},"schema":{"@context":"https:\/\/schema.org","@graph":[{"@type":"WebPage","@id":"https:\/\/www.airchecklab.com\/pt-br\/politica-de-privacidade\/","url":"https:\/\/www.airchecklab.com\/pt-br\/politica-de-privacidade\/","name":"Pol\u00edtica de privacidade - Trace Analytics, the AirCheck Lab","isPartOf":{"@id":"\/#website"},"datePublished":"2025-01-09T18:11:59+00:00","dateModified":"2025-01-09T18:11:59+00:00","breadcrumb":{"@id":"https:\/\/www.airchecklab.com\/pt-br\/politica-de-privacidade\/#breadcrumb"},"inLanguage":"pt-BR","potentialAction":[{"@type":"ReadAction","target":["https:\/\/www.airchecklab.com\/pt-br\/politica-de-privacidade\/"]}]},{"@type":"BreadcrumbList","@id":"https:\/\/www.airchecklab.com\/pt-br\/politica-de-privacidade\/#breadcrumb","itemListElement":[{"@type":"ListItem","position":1,"name":"Home","item":"https:\/\/www.airchecklab.com\/pt-br\/teste-de-ar-comprimido-trace-analytics\/"},{"@type":"ListItem","position":2,"name":"Pol\u00edtica de privacidade"}]},{"@type":"WebSite","@id":"\/#website","url":"\/","name":"Trace Analytics, the AirCheck Lab","description":"Compressed Air Testing for ISO 8573, Microbial, SQF, Breathing Air","publisher":{"@id":"\/#organization"},"potentialAction":[{"@type":"SearchAction","target":{"@type":"EntryPoint","urlTemplate":"\/?s={search_term_string}"},"query-input":"required name=search_term_string"}],"inLanguage":"pt-BR"},{"@type":"Organization","@id":"\/#organization","name":"Trace Analytics, LLC","url":"\/","logo":{"@type":"ImageObject","inLanguage":"pt-BR","@id":"\/#\/schema\/logo\/image\/","url":"https:\/\/www.airchecklab.com\/wp-content\/uploads\/2018\/01\/logo-blue-with-white.png","contentUrl":"https:\/\/www.airchecklab.com\/wp-content\/uploads\/2018\/01\/logo-blue-with-white.png","width":1600,"height":301,"caption":"Trace Analytics, LLC"},"image":{"@id":"\/#\/schema\/logo\/image\/"}}]}},"_links":{"self":[{"href":"https:\/\/www.airchecklab.com\/pt-br\/wp-json\/wp\/v2\/pages\/31430"}],"collection":[{"href":"https:\/\/www.airchecklab.com\/pt-br\/wp-json\/wp\/v2\/pages"}],"about":[{"href":"https:\/\/www.airchecklab.com\/pt-br\/wp-json\/wp\/v2\/types\/page"}],"author":[{"embeddable":true,"href":"https:\/\/www.airchecklab.com\/pt-br\/wp-json\/wp\/v2\/users\/18"}],"replies":[{"embeddable":true,"href":"https:\/\/www.airchecklab.com\/pt-br\/wp-json\/wp\/v2\/comments?post=31430"}],"version-history":[{"count":0,"href":"https:\/\/www.airchecklab.com\/pt-br\/wp-json\/wp\/v2\/pages\/31430\/revisions"}],"wp:attachment":[{"href":"https:\/\/www.airchecklab.com\/pt-br\/wp-json\/wp\/v2\/media?parent=31430"}],"curies":[{"name":"wp","href":"https:\/\/api.w.org\/{rel}","templated":true}]}}