{"id":31451,"date":"2025-01-09T12:12:03","date_gmt":"2025-01-09T18:12:03","guid":{"rendered":"https:\/\/www.airchecklab.com\/kits-aircheck\/contador-de-particulas-a-laser-aerotrak\/"},"modified":"2025-01-09T12:12:09","modified_gmt":"2025-01-09T18:12:09","slug":"contador-de-particulas-a-laser-aerotrak","status":"publish","type":"page","link":"https:\/\/www.airchecklab.com\/pt-br\/kits-aircheck\/contador-de-particulas-a-laser-aerotrak\/","title":{"rendered":"Contador de part\u00edculas a laser Aerotrak"},"content":{"rendered":"<div class=\"fusion-fullwidth fullwidth-box fusion-builder-row-1 fusion-flex-container nonhundred-percent-fullwidth non-hundred-percent-height-scrolling\" style=\"--awb-border-radius-top-left:0px;--awb-border-radius-top-right:0px;--awb-border-radius-bottom-right:0px;--awb-border-radius-bottom-left:0px;--awb-padding-top:35px;\" ><div class=\"fusion-builder-row fusion-row fusion-flex-align-items-flex-start\" style=\"max-width:1227.2px;margin-left: calc(-4% \/ 2 );margin-right: calc(-4% \/ 2 );\"><div class=\"fusion-layout-column fusion_builder_column fusion-builder-column-0 fusion_builder_column_1_2 1_2 fusion-flex-column\" style=\"--awb-bg-size:cover;--awb-width-large:50%;--awb-margin-top-large:0px;--awb-spacing-right-large:3.84%;--awb-margin-bottom-large:0px;--awb-spacing-left-large:3.84%;--awb-width-medium:100%;--awb-spacing-right-medium:1.92%;--awb-spacing-left-medium:1.92%;--awb-width-small:100%;--awb-spacing-right-small:1.92%;--awb-spacing-left-small:1.92%;\"><div class=\"fusion-column-wrapper fusion-flex-justify-content-flex-start fusion-content-layout-column\"><div class=\"fusion-image-element \"><span class=\" fusion-imageframe imageframe-none imageframe-1 hover-type-none\"><img decoding=\"async\" width=\"1024\" height=\"726\" title=\"AeroTrak with HEPA-on\" src=\"https:\/\/www.airchecklab.com\/wp-content\/uploads\/2021\/12\/AeroTrak-with-HEPA-on.jpg\" data-orig-src=\"https:\/\/www.airchecklab.com\/wp-content\/uploads\/2021\/12\/AeroTrak-with-HEPA-on-1024x726.jpg\" alt class=\"lazyload img-responsive wp-image-30534\" srcset=\"data:image\/svg+xml,%3Csvg%20xmlns%3D%27http%3A%2F%2Fwww.w3.org%2F2000%2Fsvg%27%20width%3D%271500%27%20height%3D%271063%27%20viewBox%3D%270%200%201500%201063%27%3E%3Crect%20width%3D%271500%27%20height%3D%271063%27%20fill-opacity%3D%220%22%2F%3E%3C%2Fsvg%3E\" data-srcset=\"https:\/\/www.airchecklab.com\/wp-content\/uploads\/2021\/12\/AeroTrak-with-HEPA-on-200x142.jpg 200w, https:\/\/www.airchecklab.com\/wp-content\/uploads\/2021\/12\/AeroTrak-with-HEPA-on-400x283.jpg 400w, https:\/\/www.airchecklab.com\/wp-content\/uploads\/2021\/12\/AeroTrak-with-HEPA-on-600x425.jpg 600w, https:\/\/www.airchecklab.com\/wp-content\/uploads\/2021\/12\/AeroTrak-with-HEPA-on-800x567.jpg 800w, https:\/\/www.airchecklab.com\/wp-content\/uploads\/2021\/12\/AeroTrak-with-HEPA-on-1200x850.jpg 1200w, https:\/\/www.airchecklab.com\/wp-content\/uploads\/2021\/12\/AeroTrak-with-HEPA-on.jpg 1500w\" data-sizes=\"auto\" data-orig-sizes=\"(max-width: 1000px) 100vw, (max-width: 640px) 100vw, 600px\" \/><\/span><\/div><div class=\"fusion-alert alert notice alert-warning fusion-alert-center alert-dismissable\" style=\"--awb-margin-top:15px;\" role=\"alert\"><div class=\"fusion-alert-content-wrapper\"><span class=\"alert-icon\"><i class=\"awb-icon-cog\" aria-hidden=\"true\"><\/i><\/span><span class=\"fusion-alert-content\"><a href=\"https:\/\/www.airchecklab.com\/contact\/\">Entre em contato conosco<\/a> para obter informa\u00e7\u00f5es sobre aluguel ou compra.<\/span><\/div><button type=\"button\" class=\"close toggle-alert\" data-dismiss=\"alert\" aria-label=\"Close\">&times;<\/button><\/div><\/div><\/div><div class=\"fusion-layout-column fusion_builder_column fusion-builder-column-1 fusion_builder_column_1_2 1_2 fusion-flex-column fusion-flex-align-self-flex-start\" style=\"--awb-bg-size:cover;--awb-width-large:50%;--awb-margin-top-large:-35px;--awb-spacing-right-large:3.84%;--awb-spacing-left-large:3.84%;--awb-width-medium:100%;--awb-order-medium:0;--awb-spacing-right-medium:1.92%;--awb-spacing-left-medium:1.92%;--awb-width-small:100%;--awb-order-small:0;--awb-spacing-right-small:1.92%;--awb-spacing-left-small:1.92%;\"><div class=\"fusion-column-wrapper fusion-column-has-shadow fusion-flex-justify-content-flex-start fusion-content-layout-column\"><div class=\"fusion-text fusion-text-1\"><h2>Contador de part\u00edculas a laser Aerotrak<\/h2>\n<\/div><div class=\"fusion-separator fusion-full-width-sep\" style=\"align-self: center;margin-left: auto;margin-right: auto;margin-bottom:15px;width:100%;\"><div class=\"fusion-separator-border sep-single\" style=\"border-color:#9ca1a6;border-top-width:1px;\"><\/div><\/div><div class=\"fusion-text fusion-text-2\"><p>O contador de part\u00edculas a laser Aerotrak \u00e9 ideal para clientes que atendem a limites e classes de pureza rigorosos, testando o ar comprimido em busca de part\u00edculas de at\u00e9 0,100 m\u00edcron. Ao fazer a amostragem com o AeroTrak, os usu\u00e1rios coletam amostras consecutivas at\u00e9 que os resultados sejam razoavelmente consistentes.  Os usu\u00e1rios podem ent\u00e3o imprimir os dados ou solicitar um <a href=\"https:\/\/www.airchecklab.com\/resources\/example-reports\/\" target=\"_blank\" rel=\"noopener noreferrer\">relat\u00f3rio<\/a> do Trace Analytics.<\/p>\n<p>O contador de part\u00edculas a laser Aerotrak \u00e9 uma excelente ferramenta para <a href=\"https:\/\/www.airbestpractices.com\/technology\/instrumentation\/troubleshoot-particle-contamination-compressed-air-laser-particle-counter\" target=\"_blank\" rel=\"noopener noreferrer\">solucionar problemas<\/a> de contamina\u00e7\u00e3o por part\u00edculas dif\u00edceis.  <\/p>\n<p><i>Configura\u00e7\u00f5es dispon\u00edveis para <a href=\"https:\/\/www.airchecklab.com\/pt-br\/teste-de-ar-ambiente\/\" target=\"_blank\" rel=\"noopener noreferrer\">testes de<\/a> ar comprimido e <a href=\"https:\/\/www.airchecklab.com\/pt-br\/teste-de-ar-ambiente\/\" target=\"_blank\" rel=\"noopener noreferrer\">ar ambiente<\/a>.<\/i><\/p>\n<\/div><div class=\"fusion-separator fusion-full-width-sep\" style=\"align-self: center;margin-left: auto;margin-right: auto;margin-bottom:15px;width:100%;\"><div class=\"fusion-separator-border sep-single\" style=\"border-color:#9ca1a6;border-top-width:1px;\"><\/div><\/div><div class=\"fusion-text fusion-text-3\"><p><b>Hardware:<\/b><\/p>\n<\/p>\n<ul>\n<li><span style=\"color: var(--body_typography-color); font-family: var(--body_typography-font-family); font-size: var(--body_typography-font-size); font-style: var(--body_typography-font-style,normal); letter-spacing: var(--body_typography-letter-spacing);\">Difusor de alta press\u00e3o<\/span><\/li>\n<li><span style=\"color: var(--body_typography-color); font-family: var(--body_typography-font-family); font-size: var(--body_typography-font-size); font-style: var(--body_typography-font-style,normal); letter-spacing: var(--body_typography-letter-spacing);\">Cabo de alimenta\u00e7\u00e3o e adaptador<\/span><\/li>\n<li><span style=\"color: var(--body_typography-color); font-family: var(--body_typography-font-family); font-size: var(--body_typography-font-size); font-style: var(--body_typography-font-style,normal); letter-spacing: var(--body_typography-letter-spacing);\">(2) Filtros de fundo LPC brancos<\/span><\/li>\n<li><span style=\"color: var(--body_typography-color); font-family: var(--body_typography-font-family); font-size: var(--body_typography-font-size); font-style: var(--body_typography-font-style,normal); letter-spacing: var(--body_typography-letter-spacing);\">(4) Tubo preto sem part\u00edculas de 1\/4&#8243; x 5&#8242;<\/span><\/li>\n<li><span style=\"color: var(--body_typography-color); font-family: var(--body_typography-font-family); font-size: var(--body_typography-font-size); font-style: var(--body_typography-font-style,normal); letter-spacing: var(--body_typography-letter-spacing);\">(4) Tubos transparentes sem part\u00edculas de 5\/8&#8243; x 3&#8242;<\/span><\/li>\n<li><span style=\"color: var(--body_typography-color); font-family: var(--body_typography-font-family); font-size: var(--body_typography-font-size); font-style: var(--body_typography-font-style,normal); letter-spacing: var(--body_typography-letter-spacing);\">(2) Filtros de fundo de a\u00e7o inoxid\u00e1vel<\/span><\/li>\n<li><span style=\"color: var(--body_typography-color); font-family: var(--body_typography-font-family); font-size: var(--body_typography-font-size); font-style: var(--body_typography-font-style,normal); letter-spacing: var(--body_typography-letter-spacing);\">(4) Conex\u00e3o de tubo de \u00bc&#8221; NPT f\u00eamea para \u00bc&#8221;<\/span><\/li>\n<li><span style=\"color: var(--body_typography-color); font-family: var(--body_typography-font-family); font-size: var(--body_typography-font-size); font-style: var(--body_typography-font-style,normal); letter-spacing: var(--body_typography-letter-spacing);\">Pacote de acess\u00f3rios para conex\u00e3o r\u00e1pida<\/span><\/li>\n<\/ul>\n<\/div><div ><a class=\"fusion-button button-flat fusion-button-default-size button-default fusion-button-default button-1 fusion-button-default-span fusion-button-default-type\" style=\"--button_margin-bottom:15px;width:calc(100%);\" target=\"_self\" href=\"https:\/\/www.airchecklab.com\/contact\/contact-us\/\"><span class=\"fusion-button-text\">Solicite uma cota\u00e7\u00e3o<\/span><\/a><\/div><div class=\"fusion-text fusion-text-4\" style=\"--awb-line-height:1;\"><p><em>O Aerotrak est\u00e1 dispon\u00edvel para compra ou aluguel &#8211; personalize facilmente o n\u00famero e a frequ\u00eancia das amostras e as especifica\u00e7\u00f5es de teste exigidas por voc\u00ea por meio do nosso sistema de pedidos on-line.<\/em><\/p>\n<\/div><\/div><\/div><div class=\"fusion-layout-column fusion_builder_column fusion-builder-column-2 fusion_builder_column_1_1 1_1 fusion-flex-column\" style=\"--awb-bg-size:cover;--awb-width-large:100%;--awb-spacing-right-large:1.92%;--awb-spacing-left-large:1.92%;--awb-width-medium:100%;--awb-order-medium:0;--awb-spacing-right-medium:1.92%;--awb-spacing-left-medium:1.92%;--awb-width-small:100%;--awb-order-small:0;--awb-spacing-right-small:1.92%;--awb-spacing-left-small:1.92%;\"><div class=\"fusion-column-wrapper fusion-column-has-shadow fusion-flex-justify-content-flex-start fusion-content-layout-column\"><div class=\"fusion-separator fusion-full-width-sep\" style=\"align-self: center;margin-left: auto;margin-right: auto;margin-bottom:35px;width:100%;\"><div class=\"fusion-separator-border sep-single\" style=\"border-color:#9ca1a6;border-top-width:1px;\"><\/div><\/div><div class=\"fusion-text fusion-text-5\"><form action=\"https:\/\/www.airchecklab.com\/contact\/contact-us\/\" method=\"post\" name=\"K6088Form\">\n<p style=\"text-align: center;\">Voc\u00ea precisa coletar amostras, mas n\u00e3o quer comprar um kit? O Aerotrak tamb\u00e9m est\u00e1 dispon\u00edvel para aluguel. <\/p>\n<\/form>\n<form action=\"https:\/\/www.airchecklab.com\/contact\/contact-us\/\" method=\"post\" name=\"K6088Form\">\n<p style=\"text-align: center;\"><i>Voc\u00ea precisa de mais m\u00eddia de amostragem? Use nossa p\u00e1gina de <a href=\"https:\/\/www.airchecklab.com\/resources\/restocks\/\">reabastecimento<\/a> f\u00e1cil para solicitar suprimentos rapidamente. <\/i><\/p>\n<\/form>\n<\/div><\/div><\/div><\/div><\/div>\n","protected":false},"excerpt":{"rendered":"","protected":false},"author":18,"featured_media":30464,"parent":31065,"menu_order":0,"comment_status":"closed","ping_status":"closed","template":"","meta":{"content-type":""},"yoast_head":"<!-- This site is optimized with the Yoast SEO Premium plugin v20.0 (Yoast SEO v20.0) - https:\/\/yoast.com\/wordpress\/plugins\/seo\/ -->\n<title>Contador de part\u00edculas a laser Aerotrak - Trace Analytics, the AirCheck Lab<\/title>\n<meta name=\"description\" content=\"O uso do Contador de Part\u00edculas a Laser Aerotrak pode ajudar os usu\u00e1rios a solucionar problemas com testes de part\u00edculas imediatos e no local com o Trace Analytics.\" \/>\n<meta name=\"robots\" content=\"index, follow, max-snippet:-1, max-image-preview:large, max-video-preview:-1\" \/>\n<link rel=\"canonical\" href=\"https:\/\/www.airchecklab.com\/pt-br\/kits-aircheck\/contador-de-particulas-a-laser-aerotrak\/\" \/>\n<meta property=\"og:locale\" content=\"pt_BR\" \/>\n<meta property=\"og:type\" content=\"article\" \/>\n<meta property=\"og:title\" content=\"Contador de part\u00edculas a laser Aerotrak\" \/>\n<meta property=\"og:description\" content=\"O uso do Contador de Part\u00edculas a Laser Aerotrak pode ajudar os usu\u00e1rios a solucionar problemas com testes de part\u00edculas imediatos e no local com o Trace Analytics.\" \/>\n<meta property=\"og:url\" content=\"https:\/\/www.airchecklab.com\/pt-br\/kits-aircheck\/contador-de-particulas-a-laser-aerotrak\/\" \/>\n<meta property=\"og:site_name\" content=\"Trace Analytics, the AirCheck Lab\" \/>\n<meta property=\"article:modified_time\" content=\"2025-01-09T18:12:09+00:00\" \/>\n<meta property=\"og:image\" content=\"https:\/\/www.airchecklab.com\/wp-content\/uploads\/2021\/11\/aerotrak-1.png\" \/>\n\t<meta property=\"og:image:width\" content=\"900\" \/>\n\t<meta property=\"og:image:height\" content=\"600\" \/>\n\t<meta property=\"og:image:type\" content=\"image\/png\" \/>\n<meta name=\"twitter:card\" content=\"summary_large_image\" \/>\n<meta name=\"twitter:label1\" content=\"Est. tempo de leitura\" \/>\n\t<meta name=\"twitter:data1\" content=\"5 minutos\" \/>\n<script type=\"application\/ld+json\" class=\"yoast-schema-graph\">{\"@context\":\"https:\/\/schema.org\",\"@graph\":[{\"@type\":\"WebPage\",\"@id\":\"https:\/\/www.airchecklab.com\/pt-br\/kits-aircheck\/contador-de-particulas-a-laser-aerotrak\/\",\"url\":\"https:\/\/www.airchecklab.com\/pt-br\/kits-aircheck\/contador-de-particulas-a-laser-aerotrak\/\",\"name\":\"Contador de part\u00edculas a laser Aerotrak - Trace Analytics, the AirCheck Lab\",\"isPartOf\":{\"@id\":\"\/#website\"},\"datePublished\":\"2025-01-09T18:12:03+00:00\",\"dateModified\":\"2025-01-09T18:12:09+00:00\",\"description\":\"O uso do Contador de Part\u00edculas a Laser Aerotrak pode ajudar os usu\u00e1rios a solucionar problemas com testes de part\u00edculas imediatos e no local com o Trace Analytics.\",\"breadcrumb\":{\"@id\":\"https:\/\/www.airchecklab.com\/pt-br\/kits-aircheck\/contador-de-particulas-a-laser-aerotrak\/#breadcrumb\"},\"inLanguage\":\"pt-BR\",\"potentialAction\":[{\"@type\":\"ReadAction\",\"target\":[\"https:\/\/www.airchecklab.com\/pt-br\/kits-aircheck\/contador-de-particulas-a-laser-aerotrak\/\"]}]},{\"@type\":\"BreadcrumbList\",\"@id\":\"https:\/\/www.airchecklab.com\/pt-br\/kits-aircheck\/contador-de-particulas-a-laser-aerotrak\/#breadcrumb\",\"itemListElement\":[{\"@type\":\"ListItem\",\"position\":1,\"name\":\"Home\",\"item\":\"https:\/\/www.airchecklab.com\/pt-br\/teste-de-ar-comprimido-trace-analytics\/\"},{\"@type\":\"ListItem\",\"position\":2,\"name\":\"Kits AirCheck\",\"item\":\"https:\/\/www.airchecklab.com\/pt-br\/kits-aircheck\/\"},{\"@type\":\"ListItem\",\"position\":3,\"name\":\"Contador de part\u00edculas a laser Aerotrak\"}]},{\"@type\":\"WebSite\",\"@id\":\"\/#website\",\"url\":\"\/\",\"name\":\"Trace Analytics, the AirCheck Lab\",\"description\":\"Compressed Air Testing for ISO 8573, Microbial, SQF, Breathing Air\",\"publisher\":{\"@id\":\"\/#organization\"},\"potentialAction\":[{\"@type\":\"SearchAction\",\"target\":{\"@type\":\"EntryPoint\",\"urlTemplate\":\"\/?s={search_term_string}\"},\"query-input\":\"required name=search_term_string\"}],\"inLanguage\":\"pt-BR\"},{\"@type\":\"Organization\",\"@id\":\"\/#organization\",\"name\":\"Trace Analytics, LLC\",\"url\":\"\/\",\"logo\":{\"@type\":\"ImageObject\",\"inLanguage\":\"pt-BR\",\"@id\":\"\/#\/schema\/logo\/image\/\",\"url\":\"https:\/\/www.airchecklab.com\/wp-content\/uploads\/2018\/01\/logo-blue-with-white.png\",\"contentUrl\":\"https:\/\/www.airchecklab.com\/wp-content\/uploads\/2018\/01\/logo-blue-with-white.png\",\"width\":1600,\"height\":301,\"caption\":\"Trace Analytics, LLC\"},\"image\":{\"@id\":\"\/#\/schema\/logo\/image\/\"}}]}<\/script>\n<!-- \/ Yoast SEO Premium plugin. -->","yoast_head_json":{"title":"Contador de part\u00edculas a laser Aerotrak - Trace Analytics, the AirCheck Lab","description":"O uso do Contador de Part\u00edculas a Laser Aerotrak pode ajudar os usu\u00e1rios a solucionar problemas com testes de part\u00edculas imediatos e no local com o Trace Analytics.","robots":{"index":"index","follow":"follow","max-snippet":"max-snippet:-1","max-image-preview":"max-image-preview:large","max-video-preview":"max-video-preview:-1"},"canonical":"https:\/\/www.airchecklab.com\/pt-br\/kits-aircheck\/contador-de-particulas-a-laser-aerotrak\/","og_locale":"pt_BR","og_type":"article","og_title":"Contador de part\u00edculas a laser Aerotrak","og_description":"O uso do Contador de Part\u00edculas a Laser Aerotrak pode ajudar os usu\u00e1rios a solucionar problemas com testes de part\u00edculas imediatos e no local com o Trace Analytics.","og_url":"https:\/\/www.airchecklab.com\/pt-br\/kits-aircheck\/contador-de-particulas-a-laser-aerotrak\/","og_site_name":"Trace Analytics, the AirCheck Lab","article_modified_time":"2025-01-09T18:12:09+00:00","og_image":[{"width":900,"height":600,"url":"https:\/\/www.airchecklab.com\/wp-content\/uploads\/2021\/11\/aerotrak-1.png","type":"image\/png"}],"twitter_card":"summary_large_image","twitter_misc":{"Est. tempo de leitura":"5 minutos"},"schema":{"@context":"https:\/\/schema.org","@graph":[{"@type":"WebPage","@id":"https:\/\/www.airchecklab.com\/pt-br\/kits-aircheck\/contador-de-particulas-a-laser-aerotrak\/","url":"https:\/\/www.airchecklab.com\/pt-br\/kits-aircheck\/contador-de-particulas-a-laser-aerotrak\/","name":"Contador de part\u00edculas a laser Aerotrak - Trace Analytics, the AirCheck Lab","isPartOf":{"@id":"\/#website"},"datePublished":"2025-01-09T18:12:03+00:00","dateModified":"2025-01-09T18:12:09+00:00","description":"O uso do Contador de Part\u00edculas a Laser Aerotrak pode ajudar os usu\u00e1rios a solucionar problemas com testes de part\u00edculas imediatos e no local com o Trace Analytics.","breadcrumb":{"@id":"https:\/\/www.airchecklab.com\/pt-br\/kits-aircheck\/contador-de-particulas-a-laser-aerotrak\/#breadcrumb"},"inLanguage":"pt-BR","potentialAction":[{"@type":"ReadAction","target":["https:\/\/www.airchecklab.com\/pt-br\/kits-aircheck\/contador-de-particulas-a-laser-aerotrak\/"]}]},{"@type":"BreadcrumbList","@id":"https:\/\/www.airchecklab.com\/pt-br\/kits-aircheck\/contador-de-particulas-a-laser-aerotrak\/#breadcrumb","itemListElement":[{"@type":"ListItem","position":1,"name":"Home","item":"https:\/\/www.airchecklab.com\/pt-br\/teste-de-ar-comprimido-trace-analytics\/"},{"@type":"ListItem","position":2,"name":"Kits AirCheck","item":"https:\/\/www.airchecklab.com\/pt-br\/kits-aircheck\/"},{"@type":"ListItem","position":3,"name":"Contador de part\u00edculas a laser Aerotrak"}]},{"@type":"WebSite","@id":"\/#website","url":"\/","name":"Trace Analytics, the AirCheck Lab","description":"Compressed Air Testing for ISO 8573, Microbial, SQF, Breathing Air","publisher":{"@id":"\/#organization"},"potentialAction":[{"@type":"SearchAction","target":{"@type":"EntryPoint","urlTemplate":"\/?s={search_term_string}"},"query-input":"required name=search_term_string"}],"inLanguage":"pt-BR"},{"@type":"Organization","@id":"\/#organization","name":"Trace Analytics, LLC","url":"\/","logo":{"@type":"ImageObject","inLanguage":"pt-BR","@id":"\/#\/schema\/logo\/image\/","url":"https:\/\/www.airchecklab.com\/wp-content\/uploads\/2018\/01\/logo-blue-with-white.png","contentUrl":"https:\/\/www.airchecklab.com\/wp-content\/uploads\/2018\/01\/logo-blue-with-white.png","width":1600,"height":301,"caption":"Trace Analytics, LLC"},"image":{"@id":"\/#\/schema\/logo\/image\/"}}]}},"_links":{"self":[{"href":"https:\/\/www.airchecklab.com\/pt-br\/wp-json\/wp\/v2\/pages\/31451"}],"collection":[{"href":"https:\/\/www.airchecklab.com\/pt-br\/wp-json\/wp\/v2\/pages"}],"about":[{"href":"https:\/\/www.airchecklab.com\/pt-br\/wp-json\/wp\/v2\/types\/page"}],"author":[{"embeddable":true,"href":"https:\/\/www.airchecklab.com\/pt-br\/wp-json\/wp\/v2\/users\/18"}],"replies":[{"embeddable":true,"href":"https:\/\/www.airchecklab.com\/pt-br\/wp-json\/wp\/v2\/comments?post=31451"}],"version-history":[{"count":2,"href":"https:\/\/www.airchecklab.com\/pt-br\/wp-json\/wp\/v2\/pages\/31451\/revisions"}],"predecessor-version":[{"id":31478,"href":"https:\/\/www.airchecklab.com\/pt-br\/wp-json\/wp\/v2\/pages\/31451\/revisions\/31478"}],"up":[{"embeddable":true,"href":"https:\/\/www.airchecklab.com\/pt-br\/wp-json\/wp\/v2\/pages\/31065"}],"wp:featuredmedia":[{"embeddable":true,"href":"https:\/\/www.airchecklab.com\/pt-br\/wp-json\/wp\/v2\/media\/30464"}],"wp:attachment":[{"href":"https:\/\/www.airchecklab.com\/pt-br\/wp-json\/wp\/v2\/media?parent=31451"}],"curies":[{"name":"wp","href":"https:\/\/api.w.org\/{rel}","templated":true}]}}