{"id":31452,"date":"2025-01-09T12:12:04","date_gmt":"2025-01-09T18:12:04","guid":{"rendered":"https:\/\/www.airchecklab.com\/teste-de-ar-comprimido-iso-8573-1-fabricacao\/suplementos-dieteticos-2\/"},"modified":"2025-01-09T12:12:04","modified_gmt":"2025-01-09T18:12:04","slug":"suplementos-dieteticos-2","status":"publish","type":"page","link":"https:\/\/www.airchecklab.com\/pt-br\/teste-de-ar-comprimido-iso-8573-1-fabricacao\/suplementos-dieteticos-2\/","title":{"rendered":"Suplementos diet\u00e9ticos"},"content":{"rendered":"","protected":false},"excerpt":{"rendered":"","protected":false},"author":1,"featured_media":31040,"parent":31129,"menu_order":0,"comment_status":"closed","ping_status":"open","template":"100-width.php","meta":{"content-type":""},"yoast_head":"<!-- This site is optimized with the Yoast SEO Premium plugin v20.0 (Yoast SEO v20.0) - https:\/\/yoast.com\/wordpress\/plugins\/seo\/ -->\n<title>Suplementos diet\u00e9ticos - Trace Analytics, the AirCheck Lab<\/title>\n<meta name=\"description\" content=\"As instala\u00e7\u00f5es de produ\u00e7\u00e3o complementar que buscam a certifica\u00e7\u00e3o SQF precisam testar a pureza do ar comprimido. Voc\u00ea encontrar\u00e1 informa\u00e7\u00f5es sobre os testes de pureza do ar SQF e muito mais em nosso site.\" \/>\n<meta name=\"robots\" content=\"index, follow, max-snippet:-1, max-image-preview:large, max-video-preview:-1\" \/>\n<link rel=\"canonical\" href=\"https:\/\/www.airchecklab.com\/pt-br\/teste-de-ar-comprimido-iso-8573-1-fabricacao\/suplementos-dieteticos-2\/\" \/>\n<meta property=\"og:locale\" content=\"pt_BR\" \/>\n<meta property=\"og:type\" content=\"article\" \/>\n<meta property=\"og:title\" content=\"Suplementos diet\u00e9ticos\" \/>\n<meta property=\"og:description\" content=\"As instala\u00e7\u00f5es de produ\u00e7\u00e3o complementar que buscam a certifica\u00e7\u00e3o SQF precisam testar a pureza do ar comprimido. Voc\u00ea encontrar\u00e1 informa\u00e7\u00f5es sobre os testes de pureza do ar SQF e muito mais em nosso site.\" \/>\n<meta property=\"og:url\" content=\"https:\/\/www.airchecklab.com\/pt-br\/teste-de-ar-comprimido-iso-8573-1-fabricacao\/suplementos-dieteticos-2\/\" \/>\n<meta property=\"og:site_name\" content=\"Trace Analytics, the AirCheck Lab\" \/>\n<meta property=\"og:image\" content=\"https:\/\/www.airchecklab.com\/wp-content\/uploads\/2018\/02\/banners-dive-01.jpg\" \/>\n\t<meta property=\"og:image:width\" content=\"1600\" \/>\n\t<meta property=\"og:image:height\" content=\"300\" \/>\n\t<meta property=\"og:image:type\" content=\"image\/jpeg\" \/>\n<meta name=\"twitter:card\" content=\"summary_large_image\" \/>\n<script type=\"application\/ld+json\" class=\"yoast-schema-graph\">{\"@context\":\"https:\/\/schema.org\",\"@graph\":[{\"@type\":\"WebPage\",\"@id\":\"https:\/\/www.airchecklab.com\/pt-br\/teste-de-ar-comprimido-iso-8573-1-fabricacao\/suplementos-dieteticos-2\/\",\"url\":\"https:\/\/www.airchecklab.com\/pt-br\/teste-de-ar-comprimido-iso-8573-1-fabricacao\/suplementos-dieteticos-2\/\",\"name\":\"Suplementos diet\u00e9ticos - Trace Analytics, the AirCheck Lab\",\"isPartOf\":{\"@id\":\"\/#website\"},\"datePublished\":\"2025-01-09T18:12:04+00:00\",\"dateModified\":\"2025-01-09T18:12:04+00:00\",\"description\":\"As instala\u00e7\u00f5es de produ\u00e7\u00e3o complementar que buscam a certifica\u00e7\u00e3o SQF precisam testar a pureza do ar comprimido. Voc\u00ea encontrar\u00e1 informa\u00e7\u00f5es sobre os testes de pureza do ar SQF e muito mais em nosso site.\",\"breadcrumb\":{\"@id\":\"https:\/\/www.airchecklab.com\/pt-br\/teste-de-ar-comprimido-iso-8573-1-fabricacao\/suplementos-dieteticos-2\/#breadcrumb\"},\"inLanguage\":\"pt-BR\",\"potentialAction\":[{\"@type\":\"ReadAction\",\"target\":[\"https:\/\/www.airchecklab.com\/pt-br\/teste-de-ar-comprimido-iso-8573-1-fabricacao\/suplementos-dieteticos-2\/\"]}]},{\"@type\":\"BreadcrumbList\",\"@id\":\"https:\/\/www.airchecklab.com\/pt-br\/teste-de-ar-comprimido-iso-8573-1-fabricacao\/suplementos-dieteticos-2\/#breadcrumb\",\"itemListElement\":[{\"@type\":\"ListItem\",\"position\":1,\"name\":\"Home\",\"item\":\"https:\/\/www.airchecklab.com\/pt-br\/teste-de-ar-comprimido-trace-analytics\/\"},{\"@type\":\"ListItem\",\"position\":2,\"name\":\"Teste de ar comprimido ISO 8573-1 \/ Fabrica\u00e7\u00e3o\",\"item\":\"https:\/\/www.airchecklab.com\/pt-br\/teste-de-ar-comprimido-iso-8573-1-fabricacao\/\"},{\"@type\":\"ListItem\",\"position\":3,\"name\":\"Suplementos diet\u00e9ticos\"}]},{\"@type\":\"WebSite\",\"@id\":\"\/#website\",\"url\":\"\/\",\"name\":\"Trace Analytics, the AirCheck Lab\",\"description\":\"Compressed Air Testing for ISO 8573, Microbial, SQF, Breathing Air\",\"publisher\":{\"@id\":\"\/#organization\"},\"potentialAction\":[{\"@type\":\"SearchAction\",\"target\":{\"@type\":\"EntryPoint\",\"urlTemplate\":\"\/?s={search_term_string}\"},\"query-input\":\"required name=search_term_string\"}],\"inLanguage\":\"pt-BR\"},{\"@type\":\"Organization\",\"@id\":\"\/#organization\",\"name\":\"Trace Analytics, LLC\",\"url\":\"\/\",\"logo\":{\"@type\":\"ImageObject\",\"inLanguage\":\"pt-BR\",\"@id\":\"\/#\/schema\/logo\/image\/\",\"url\":\"https:\/\/www.airchecklab.com\/wp-content\/uploads\/2018\/01\/logo-blue-with-white.png\",\"contentUrl\":\"https:\/\/www.airchecklab.com\/wp-content\/uploads\/2018\/01\/logo-blue-with-white.png\",\"width\":1600,\"height\":301,\"caption\":\"Trace Analytics, LLC\"},\"image\":{\"@id\":\"\/#\/schema\/logo\/image\/\"}}]}<\/script>\n<!-- \/ Yoast SEO Premium plugin. -->","yoast_head_json":{"title":"Suplementos diet\u00e9ticos - Trace Analytics, the AirCheck Lab","description":"As instala\u00e7\u00f5es de produ\u00e7\u00e3o complementar que buscam a certifica\u00e7\u00e3o SQF precisam testar a pureza do ar comprimido. Voc\u00ea encontrar\u00e1 informa\u00e7\u00f5es sobre os testes de pureza do ar SQF e muito mais em nosso site.","robots":{"index":"index","follow":"follow","max-snippet":"max-snippet:-1","max-image-preview":"max-image-preview:large","max-video-preview":"max-video-preview:-1"},"canonical":"https:\/\/www.airchecklab.com\/pt-br\/teste-de-ar-comprimido-iso-8573-1-fabricacao\/suplementos-dieteticos-2\/","og_locale":"pt_BR","og_type":"article","og_title":"Suplementos diet\u00e9ticos","og_description":"As instala\u00e7\u00f5es de produ\u00e7\u00e3o complementar que buscam a certifica\u00e7\u00e3o SQF precisam testar a pureza do ar comprimido. Voc\u00ea encontrar\u00e1 informa\u00e7\u00f5es sobre os testes de pureza do ar SQF e muito mais em nosso site.","og_url":"https:\/\/www.airchecklab.com\/pt-br\/teste-de-ar-comprimido-iso-8573-1-fabricacao\/suplementos-dieteticos-2\/","og_site_name":"Trace Analytics, the AirCheck Lab","og_image":[{"width":1600,"height":300,"url":"https:\/\/www.airchecklab.com\/wp-content\/uploads\/2018\/02\/banners-dive-01.jpg","type":"image\/jpeg"}],"twitter_card":"summary_large_image","schema":{"@context":"https:\/\/schema.org","@graph":[{"@type":"WebPage","@id":"https:\/\/www.airchecklab.com\/pt-br\/teste-de-ar-comprimido-iso-8573-1-fabricacao\/suplementos-dieteticos-2\/","url":"https:\/\/www.airchecklab.com\/pt-br\/teste-de-ar-comprimido-iso-8573-1-fabricacao\/suplementos-dieteticos-2\/","name":"Suplementos diet\u00e9ticos - Trace Analytics, the AirCheck Lab","isPartOf":{"@id":"\/#website"},"datePublished":"2025-01-09T18:12:04+00:00","dateModified":"2025-01-09T18:12:04+00:00","description":"As instala\u00e7\u00f5es de produ\u00e7\u00e3o complementar que buscam a certifica\u00e7\u00e3o SQF precisam testar a pureza do ar comprimido. Voc\u00ea encontrar\u00e1 informa\u00e7\u00f5es sobre os testes de pureza do ar SQF e muito mais em nosso site.","breadcrumb":{"@id":"https:\/\/www.airchecklab.com\/pt-br\/teste-de-ar-comprimido-iso-8573-1-fabricacao\/suplementos-dieteticos-2\/#breadcrumb"},"inLanguage":"pt-BR","potentialAction":[{"@type":"ReadAction","target":["https:\/\/www.airchecklab.com\/pt-br\/teste-de-ar-comprimido-iso-8573-1-fabricacao\/suplementos-dieteticos-2\/"]}]},{"@type":"BreadcrumbList","@id":"https:\/\/www.airchecklab.com\/pt-br\/teste-de-ar-comprimido-iso-8573-1-fabricacao\/suplementos-dieteticos-2\/#breadcrumb","itemListElement":[{"@type":"ListItem","position":1,"name":"Home","item":"https:\/\/www.airchecklab.com\/pt-br\/teste-de-ar-comprimido-trace-analytics\/"},{"@type":"ListItem","position":2,"name":"Teste de ar comprimido ISO 8573-1 \/ Fabrica\u00e7\u00e3o","item":"https:\/\/www.airchecklab.com\/pt-br\/teste-de-ar-comprimido-iso-8573-1-fabricacao\/"},{"@type":"ListItem","position":3,"name":"Suplementos diet\u00e9ticos"}]},{"@type":"WebSite","@id":"\/#website","url":"\/","name":"Trace Analytics, the AirCheck Lab","description":"Compressed Air Testing for ISO 8573, Microbial, SQF, Breathing Air","publisher":{"@id":"\/#organization"},"potentialAction":[{"@type":"SearchAction","target":{"@type":"EntryPoint","urlTemplate":"\/?s={search_term_string}"},"query-input":"required name=search_term_string"}],"inLanguage":"pt-BR"},{"@type":"Organization","@id":"\/#organization","name":"Trace Analytics, LLC","url":"\/","logo":{"@type":"ImageObject","inLanguage":"pt-BR","@id":"\/#\/schema\/logo\/image\/","url":"https:\/\/www.airchecklab.com\/wp-content\/uploads\/2018\/01\/logo-blue-with-white.png","contentUrl":"https:\/\/www.airchecklab.com\/wp-content\/uploads\/2018\/01\/logo-blue-with-white.png","width":1600,"height":301,"caption":"Trace Analytics, LLC"},"image":{"@id":"\/#\/schema\/logo\/image\/"}}]}},"_links":{"self":[{"href":"https:\/\/www.airchecklab.com\/pt-br\/wp-json\/wp\/v2\/pages\/31452"}],"collection":[{"href":"https:\/\/www.airchecklab.com\/pt-br\/wp-json\/wp\/v2\/pages"}],"about":[{"href":"https:\/\/www.airchecklab.com\/pt-br\/wp-json\/wp\/v2\/types\/page"}],"author":[{"embeddable":true,"href":"https:\/\/www.airchecklab.com\/pt-br\/wp-json\/wp\/v2\/users\/1"}],"replies":[{"embeddable":true,"href":"https:\/\/www.airchecklab.com\/pt-br\/wp-json\/wp\/v2\/comments?post=31452"}],"version-history":[{"count":0,"href":"https:\/\/www.airchecklab.com\/pt-br\/wp-json\/wp\/v2\/pages\/31452\/revisions"}],"up":[{"embeddable":true,"href":"https:\/\/www.airchecklab.com\/pt-br\/wp-json\/wp\/v2\/pages\/31129"}],"wp:featuredmedia":[{"embeddable":true,"href":"https:\/\/www.airchecklab.com\/pt-br\/wp-json\/wp\/v2\/media\/31040"}],"wp:attachment":[{"href":"https:\/\/www.airchecklab.com\/pt-br\/wp-json\/wp\/v2\/media?parent=31452"}],"curies":[{"name":"wp","href":"https:\/\/api.w.org\/{rel}","templated":true}]}}