{"id":31721,"date":"2025-07-02T08:09:08","date_gmt":"2025-07-02T14:09:08","guid":{"rendered":"https:\/\/www.airchecklab.com\/videos-de-solucao-de-problemas\/"},"modified":"2025-07-02T08:09:14","modified_gmt":"2025-07-02T14:09:14","slug":"videos-de-solucao-de-problemas","status":"publish","type":"page","link":"https:\/\/www.airchecklab.com\/pt-br\/videos-de-solucao-de-problemas\/","title":{"rendered":"V\u00eddeos de solu\u00e7\u00e3o de problemas"},"content":{"rendered":"<h2>V\u00eddeos de solu\u00e7\u00e3o de problemas<\/h2>\n<p>Esses v\u00eddeos orientam voc\u00ea na solu\u00e7\u00e3o de problemas.<\/p>\n<p><code><iframe width=\"560\" height=\"315\" src=\"https:\/\/www.youtube.com\/embed\/videoseries?si=cjyKpOsuS9Cbrn_I&amp;list=PLM_anp2YjmaMFaoLyZgYuC_oYy6KjqOxO\" title=\"YouTube video player\" frameborder=\"0\" allow=\"accelerometer; autoplay; clipboard-write; encrypted-media; gyroscope; picture-in-picture; web-share\" referrerpolicy=\"strict-origin-when-cross-origin\" allowfullscreen=\"\"\/><\/code><\/p>\n","protected":false},"excerpt":{"rendered":"<p>V\u00eddeos de solu\u00e7\u00e3o de problemas Esses v\u00eddeos orientam voc\u00ea na solu\u00e7\u00e3o de problemas.<\/p>\n","protected":false},"author":1,"featured_media":0,"parent":0,"menu_order":0,"comment_status":"closed","ping_status":"closed","template":"","meta":{"content-type":""},"yoast_head":"<!-- This site is optimized with the Yoast SEO Premium plugin v20.0 (Yoast SEO v20.0) - https:\/\/yoast.com\/wordpress\/plugins\/seo\/ -->\n<title>V\u00eddeos de solu\u00e7\u00e3o de problemas - Trace Analytics, the AirCheck Lab<\/title>\n<meta name=\"robots\" content=\"index, follow, max-snippet:-1, max-image-preview:large, max-video-preview:-1\" \/>\n<link rel=\"canonical\" href=\"https:\/\/www.airchecklab.com\/pt-br\/videos-de-solucao-de-problemas\/\" \/>\n<meta property=\"og:locale\" content=\"pt_BR\" \/>\n<meta property=\"og:type\" content=\"article\" \/>\n<meta property=\"og:title\" content=\"V\u00eddeos de solu\u00e7\u00e3o de problemas\" \/>\n<meta property=\"og:description\" content=\"V\u00eddeos de solu\u00e7\u00e3o de problemas Esses v\u00eddeos orientam voc\u00ea na solu\u00e7\u00e3o de problemas.\" \/>\n<meta property=\"og:url\" content=\"https:\/\/www.airchecklab.com\/pt-br\/videos-de-solucao-de-problemas\/\" \/>\n<meta property=\"og:site_name\" content=\"Trace Analytics, the AirCheck Lab\" \/>\n<meta property=\"article:modified_time\" content=\"2025-07-02T14:09:14+00:00\" \/>\n<meta name=\"twitter:card\" content=\"summary_large_image\" \/>\n<script type=\"application\/ld+json\" class=\"yoast-schema-graph\">{\"@context\":\"https:\/\/schema.org\",\"@graph\":[{\"@type\":\"WebPage\",\"@id\":\"https:\/\/www.airchecklab.com\/pt-br\/videos-de-solucao-de-problemas\/\",\"url\":\"https:\/\/www.airchecklab.com\/pt-br\/videos-de-solucao-de-problemas\/\",\"name\":\"V\u00eddeos de solu\u00e7\u00e3o de problemas - Trace Analytics, the AirCheck Lab\",\"isPartOf\":{\"@id\":\"\/#website\"},\"datePublished\":\"2025-07-02T14:09:08+00:00\",\"dateModified\":\"2025-07-02T14:09:14+00:00\",\"breadcrumb\":{\"@id\":\"https:\/\/www.airchecklab.com\/pt-br\/videos-de-solucao-de-problemas\/#breadcrumb\"},\"inLanguage\":\"pt-BR\",\"potentialAction\":[{\"@type\":\"ReadAction\",\"target\":[\"https:\/\/www.airchecklab.com\/pt-br\/videos-de-solucao-de-problemas\/\"]}]},{\"@type\":\"BreadcrumbList\",\"@id\":\"https:\/\/www.airchecklab.com\/pt-br\/videos-de-solucao-de-problemas\/#breadcrumb\",\"itemListElement\":[{\"@type\":\"ListItem\",\"position\":1,\"name\":\"Home\",\"item\":\"https:\/\/www.airchecklab.com\/pt-br\/teste-de-ar-comprimido-trace-analytics\/\"},{\"@type\":\"ListItem\",\"position\":2,\"name\":\"V\u00eddeos de solu\u00e7\u00e3o de problemas\"}]},{\"@type\":\"WebSite\",\"@id\":\"\/#website\",\"url\":\"\/\",\"name\":\"Trace Analytics, the AirCheck Lab\",\"description\":\"Compressed Air Testing for ISO 8573, Microbial, SQF, Breathing Air\",\"publisher\":{\"@id\":\"\/#organization\"},\"potentialAction\":[{\"@type\":\"SearchAction\",\"target\":{\"@type\":\"EntryPoint\",\"urlTemplate\":\"\/?s={search_term_string}\"},\"query-input\":\"required name=search_term_string\"}],\"inLanguage\":\"pt-BR\"},{\"@type\":\"Organization\",\"@id\":\"\/#organization\",\"name\":\"Trace Analytics, LLC\",\"url\":\"\/\",\"logo\":{\"@type\":\"ImageObject\",\"inLanguage\":\"pt-BR\",\"@id\":\"\/#\/schema\/logo\/image\/\",\"url\":\"https:\/\/www.airchecklab.com\/wp-content\/uploads\/2018\/01\/logo-blue-with-white.png\",\"contentUrl\":\"https:\/\/www.airchecklab.com\/wp-content\/uploads\/2018\/01\/logo-blue-with-white.png\",\"width\":1600,\"height\":301,\"caption\":\"Trace Analytics, LLC\"},\"image\":{\"@id\":\"\/#\/schema\/logo\/image\/\"}}]}<\/script>\n<!-- \/ Yoast SEO Premium plugin. -->","yoast_head_json":{"title":"V\u00eddeos de solu\u00e7\u00e3o de problemas - Trace Analytics, the AirCheck Lab","robots":{"index":"index","follow":"follow","max-snippet":"max-snippet:-1","max-image-preview":"max-image-preview:large","max-video-preview":"max-video-preview:-1"},"canonical":"https:\/\/www.airchecklab.com\/pt-br\/videos-de-solucao-de-problemas\/","og_locale":"pt_BR","og_type":"article","og_title":"V\u00eddeos de solu\u00e7\u00e3o de problemas","og_description":"V\u00eddeos de solu\u00e7\u00e3o de problemas Esses v\u00eddeos orientam voc\u00ea na solu\u00e7\u00e3o de problemas.","og_url":"https:\/\/www.airchecklab.com\/pt-br\/videos-de-solucao-de-problemas\/","og_site_name":"Trace Analytics, the AirCheck Lab","article_modified_time":"2025-07-02T14:09:14+00:00","twitter_card":"summary_large_image","schema":{"@context":"https:\/\/schema.org","@graph":[{"@type":"WebPage","@id":"https:\/\/www.airchecklab.com\/pt-br\/videos-de-solucao-de-problemas\/","url":"https:\/\/www.airchecklab.com\/pt-br\/videos-de-solucao-de-problemas\/","name":"V\u00eddeos de solu\u00e7\u00e3o de problemas - Trace Analytics, the AirCheck Lab","isPartOf":{"@id":"\/#website"},"datePublished":"2025-07-02T14:09:08+00:00","dateModified":"2025-07-02T14:09:14+00:00","breadcrumb":{"@id":"https:\/\/www.airchecklab.com\/pt-br\/videos-de-solucao-de-problemas\/#breadcrumb"},"inLanguage":"pt-BR","potentialAction":[{"@type":"ReadAction","target":["https:\/\/www.airchecklab.com\/pt-br\/videos-de-solucao-de-problemas\/"]}]},{"@type":"BreadcrumbList","@id":"https:\/\/www.airchecklab.com\/pt-br\/videos-de-solucao-de-problemas\/#breadcrumb","itemListElement":[{"@type":"ListItem","position":1,"name":"Home","item":"https:\/\/www.airchecklab.com\/pt-br\/teste-de-ar-comprimido-trace-analytics\/"},{"@type":"ListItem","position":2,"name":"V\u00eddeos de solu\u00e7\u00e3o de problemas"}]},{"@type":"WebSite","@id":"\/#website","url":"\/","name":"Trace Analytics, the AirCheck Lab","description":"Compressed Air Testing for ISO 8573, Microbial, SQF, Breathing Air","publisher":{"@id":"\/#organization"},"potentialAction":[{"@type":"SearchAction","target":{"@type":"EntryPoint","urlTemplate":"\/?s={search_term_string}"},"query-input":"required name=search_term_string"}],"inLanguage":"pt-BR"},{"@type":"Organization","@id":"\/#organization","name":"Trace Analytics, LLC","url":"\/","logo":{"@type":"ImageObject","inLanguage":"pt-BR","@id":"\/#\/schema\/logo\/image\/","url":"https:\/\/www.airchecklab.com\/wp-content\/uploads\/2018\/01\/logo-blue-with-white.png","contentUrl":"https:\/\/www.airchecklab.com\/wp-content\/uploads\/2018\/01\/logo-blue-with-white.png","width":1600,"height":301,"caption":"Trace Analytics, LLC"},"image":{"@id":"\/#\/schema\/logo\/image\/"}}]}},"_links":{"self":[{"href":"https:\/\/www.airchecklab.com\/pt-br\/wp-json\/wp\/v2\/pages\/31721"}],"collection":[{"href":"https:\/\/www.airchecklab.com\/pt-br\/wp-json\/wp\/v2\/pages"}],"about":[{"href":"https:\/\/www.airchecklab.com\/pt-br\/wp-json\/wp\/v2\/types\/page"}],"author":[{"embeddable":true,"href":"https:\/\/www.airchecklab.com\/pt-br\/wp-json\/wp\/v2\/users\/1"}],"replies":[{"embeddable":true,"href":"https:\/\/www.airchecklab.com\/pt-br\/wp-json\/wp\/v2\/comments?post=31721"}],"version-history":[{"count":1,"href":"https:\/\/www.airchecklab.com\/pt-br\/wp-json\/wp\/v2\/pages\/31721\/revisions"}],"predecessor-version":[{"id":31723,"href":"https:\/\/www.airchecklab.com\/pt-br\/wp-json\/wp\/v2\/pages\/31721\/revisions\/31723"}],"wp:attachment":[{"href":"https:\/\/www.airchecklab.com\/pt-br\/wp-json\/wp\/v2\/media?parent=31721"}],"curies":[{"name":"wp","href":"https:\/\/api.w.org\/{rel}","templated":true}]}}